{"id":5333,"date":"2022-07-24T12:22:41","date_gmt":"2022-07-24T10:22:41","guid":{"rendered":"http:\/\/tst.minijets.org\/?page_id=5333"},"modified":"2022-10-26T11:19:25","modified_gmt":"2022-10-26T09:19:25","slug":"pw-610f","status":"publish","type":"page","link":"https:\/\/minijets.org\/en\/300-500\/pw-610f\/","title":{"rendered":"PW 610F"},"content":{"rendered":"<figure class=\"wp-block-image size-full\"><img loading=\"lazy\" decoding=\"async\" width=\"500\" height=\"248\" src=\"http:\/\/minijets.org\/wp-content\/uploads\/2022\/07\/Pratt__Whitney_Canada_PW610F_-_05.jpg\" alt=\"PW 610F\" class=\"wp-image-5335\" srcset=\"https:\/\/minijets.org\/wp-content\/uploads\/2022\/07\/Pratt__Whitney_Canada_PW610F_-_05.jpg 500w, https:\/\/minijets.org\/wp-content\/uploads\/2022\/07\/Pratt__Whitney_Canada_PW610F_-_05-300x149.jpg 300w, https:\/\/minijets.org\/wp-content\/uploads\/2022\/07\/Pratt__Whitney_Canada_PW610F_-_05-18x9.jpg 18w\" sizes=\"auto, (max-width: 500px) 100vw, 500px\" \/><figcaption>PW 610F dans une nacelle d&#8217;Eclipse 500<\/figcaption><\/figure>\n\n\n\n<div class=\"wp-block-columns is-layout-flex wp-container-core-columns-is-layout-28f84493 wp-block-columns-is-layout-flex\">\n<div class=\"wp-block-column minijets_table is-layout-flow wp-block-column-is-layout-flow\" style=\"flex-basis:40%\">\n<figure class=\"wp-block-image size-full\"><img loading=\"lazy\" decoding=\"async\" width=\"500\" height=\"471\" src=\"http:\/\/minijets.org\/wp-content\/uploads\/2022\/07\/Pratt__Whitney_Canada_PW610F_-_02.jpg\" alt=\"PW 610F\" class=\"wp-image-5334\" srcset=\"https:\/\/minijets.org\/wp-content\/uploads\/2022\/07\/Pratt__Whitney_Canada_PW610F_-_02.jpg 500w, https:\/\/minijets.org\/wp-content\/uploads\/2022\/07\/Pratt__Whitney_Canada_PW610F_-_02-300x283.jpg 300w, https:\/\/minijets.org\/wp-content\/uploads\/2022\/07\/Pratt__Whitney_Canada_PW610F_-_02-13x12.jpg 13w\" sizes=\"auto, (max-width: 500px) 100vw, 500px\" \/><figcaption>PW 610F<\/figcaption><\/figure>\n<\/div>\n\n\n\n<div class=\"wp-block-column is-layout-flow wp-block-column-is-layout-flow\" style=\"flex-basis:60%\">\n<p>Pratt &amp; Whitney Canada (P&amp;WC) created the\u00a0<strong>PW 610F<\/strong>\u00a0engine specifically for the\u00a0<strong>Eclipse 500<\/strong>. The PW610F turbofans are a new generation of high-bypass turbofans, flat rated at 900 pounds of takeoff thrust. PW610Fs are also exceptionally quiet engines that meet current Stage 3 noise requirements, and will easily meet upcoming Stage 4 standards.<\/p>\n\n\n\n<h2 class=\"wp-block-heading\">Test run<\/h2>\n\n\n\n<p>The PW610F achieved its rated takeoff thrust of 900 pounds after only five hours during the test run, which took place&nbsp;May 4, 2004.<\/p>\n\n\n\n<h2 class=\"wp-block-heading\">First Flight<\/h2>\n\n\n\n<p>The first flight of the PW610F engine took place December 16, <strong>2004<\/strong>&nbsp;(on P&amp;WC&#8217;s Boeing 720 flying test bed). During the 6-hour flight, a number of tests were performed, including performance characterization and an altitude re-light. The PW610F had previously completed more than 500 hours of ground testing.<\/p>\n<\/div>\n<\/div>\n\n\n\n<hr class=\"wp-block-separator has-alpha-channel-opacity\"\/>\n\n\n\n<h2 class=\"wp-block-heading\">Utilisation(s)<\/h2>\n\n\n        <div class=\"wp-block-getwid-custom-post-type custom-post-type-page has-layout-list\">\n            <div class=\"wp-block-getwid-custom-post-type__wrapper\">\n                \t\t\t\t\t\t\t\t<div class='wp-block-getwid-custom-post-type__post'>\n\t\t\t\t\t\t\t\t\t\n<div class=\"wp-block-getwid-custom-post-type__post-wrapper\">\n            <div class=\"wp-block-getwid-custom-post-type__post-thumbnail\">\n            <a href=\"https:\/\/minijets.org\/en\/300-500\/pw-610f\/eclipse-concept-jet\/\"><img loading=\"lazy\" decoding=\"async\" width=\"496\" height=\"343\" src=\"https:\/\/minijets.org\/wp-content\/uploads\/2022\/08\/Eclipse_400_02.jpg\" class=\"attachment-post-thumbnail size-post-thumbnail wp-post-image\" alt=\"\" srcset=\"https:\/\/minijets.org\/wp-content\/uploads\/2022\/08\/Eclipse_400_02.jpg 496w, https:\/\/minijets.org\/wp-content\/uploads\/2022\/08\/Eclipse_400_02-300x207.jpg 300w, https:\/\/minijets.org\/wp-content\/uploads\/2022\/08\/Eclipse_400_02-18x12.jpg 18w\" sizes=\"auto, (max-width: 496px) 100vw, 496px\" \/><\/a>\n        <\/div>\n        <div class=\"wp-block-getwid-custom-post-type__content-wrapper\">\n        <div class=\"wp-block-getwid-custom-post-type__post-header\">\n            <h3 class=\"wp-block-getwid-custom-post-type__post-title\"><a href=\"https:\/\/minijets.org\/en\/300-500\/pw-610f\/eclipse-concept-jet\/\">Eclipse Concept Jet<\/a><\/h3>        <\/div>\n        <div class=\"wp-block-getwid-custom-post-type__post-excerpt\"><p>Eclipse 400 prototype Le prototype du quadriplace&nbsp;Eclipse 400&nbsp;a \u00e9t\u00e9 d\u00e9voil\u00e9 le 23 juillet lors du rassemblement AirVenture 2007,&nbsp; sous le nom d&#8217;Eclipse Concept Jet&nbsp;(ECJ). L&#8217;ECJ&nbsp;\u00e9tait \u00e9quip\u00e9 (pour l&#8217;occasion)&nbsp;d\u2019un turbor\u00e9acteur&nbsp;Pratt &amp; Whitney PW615F, d\u00e9tar\u00e9&nbsp;\u00e0&nbsp;500 kg de pouss\u00e9e, mont\u00e9 au-dessus du fuselage et d\u2019un empenage en V. Pour r\u00e9duire le d\u00e9veloppement et la fabrication, le prototype poss\u00e9dait&nbsp;60% [&hellip;]<\/p>\n<\/div>\n    <\/div>\n<\/div>\n\t\t\t\t\t\t\t\t<\/div>\n\t\t\t\t\t\t\t\t\t\t\t\t\t\t\t<div class='wp-block-getwid-custom-post-type__post'>\n\t\t\t\t\t\t\t\t\t\n<div class=\"wp-block-getwid-custom-post-type__post-wrapper\">\n            <div class=\"wp-block-getwid-custom-post-type__post-thumbnail\">\n            <a href=\"https:\/\/minijets.org\/en\/300-500\/pw-610f\/eclipse-500\/\"><img loading=\"lazy\" decoding=\"async\" width=\"245\" height=\"163\" src=\"https:\/\/minijets.org\/wp-content\/uploads\/2022\/07\/Eclipse500.jpg\" class=\"attachment-post-thumbnail size-post-thumbnail wp-post-image\" alt=\"\" srcset=\"https:\/\/minijets.org\/wp-content\/uploads\/2022\/07\/Eclipse500.jpg 245w, https:\/\/minijets.org\/wp-content\/uploads\/2022\/07\/Eclipse500-18x12.jpg 18w\" sizes=\"auto, (max-width: 245px) 100vw, 245px\" \/><\/a>\n        <\/div>\n        <div class=\"wp-block-getwid-custom-post-type__content-wrapper\">\n        <div class=\"wp-block-getwid-custom-post-type__post-header\">\n            <h3 class=\"wp-block-getwid-custom-post-type__post-title\"><a href=\"https:\/\/minijets.org\/en\/300-500\/pw-610f\/eclipse-500\/\">Eclipse 500<\/a><\/h3>        <\/div>\n        <div class=\"wp-block-getwid-custom-post-type__post-excerpt\"><p>Powered by a Pratt &amp; Whitney Canada PW 610F In August 2002 the Eclipse 500 made its first flight using Williams EJ22s, each rated at 770 lbst. However, a few months later Eclipse announced that it was dropping Williams International. There were several accounts of this development, but then-CEO Raburn said the EJ22 did not [&hellip;]<\/p>\n<\/div>\n    <\/div>\n<\/div>\n\t\t\t\t\t\t\t\t<\/div>\n\t\t\t\t\t\t\t            <\/div>\n\n                    <\/div>","protected":false},"excerpt":{"rendered":"<p>Pratt &amp; Whitney Canada (P&amp;WC) created the\u00a0PW 610F\u00a0engine specifically for the\u00a0Eclipse 500. The PW610F turbofans are a new generation of high-bypass turbofans, flat rated at 900 pounds of takeoff thrust. PW610Fs are also exceptionally quiet engines that meet current Stage 3 noise requirements, and will easily meet upcoming Stage 4 standards. Test run The PW610F [&hellip;]<\/p>","protected":false},"author":1,"featured_media":5334,"parent":623,"menu_order":0,"comment_status":"closed","ping_status":"closed","template":"","meta":{"_acf_changed":false,"cybocfi_hide_featured_image":"","footnotes":""},"categories":[15],"tags":[],"planes-000-100":[],"class_list":["post-5333","page","type-page","status-publish","has-post-thumbnail","hentry","category-jet-engine-300-500"],"blocksy_meta":[],"acf":[],"_links":{"self":[{"href":"https:\/\/minijets.org\/en\/wp-json\/wp\/v2\/pages\/5333","targetHints":{"allow":["GET"]}}],"collection":[{"href":"https:\/\/minijets.org\/en\/wp-json\/wp\/v2\/pages"}],"about":[{"href":"https:\/\/minijets.org\/en\/wp-json\/wp\/v2\/types\/page"}],"author":[{"embeddable":true,"href":"https:\/\/minijets.org\/en\/wp-json\/wp\/v2\/users\/1"}],"replies":[{"embeddable":true,"href":"https:\/\/minijets.org\/en\/wp-json\/wp\/v2\/comments?post=5333"}],"version-history":[{"count":0,"href":"https:\/\/minijets.org\/en\/wp-json\/wp\/v2\/pages\/5333\/revisions"}],"up":[{"embeddable":true,"href":"https:\/\/minijets.org\/en\/wp-json\/wp\/v2\/pages\/623"}],"wp:featuredmedia":[{"embeddable":true,"href":"https:\/\/minijets.org\/en\/wp-json\/wp\/v2\/media\/5334"}],"wp:attachment":[{"href":"https:\/\/minijets.org\/en\/wp-json\/wp\/v2\/media?parent=5333"}],"wp:term":[{"taxonomy":"category","embeddable":true,"href":"https:\/\/minijets.org\/en\/wp-json\/wp\/v2\/categories?post=5333"},{"taxonomy":"post_tag","embeddable":true,"href":"https:\/\/minijets.org\/en\/wp-json\/wp\/v2\/tags?post=5333"},{"taxonomy":"planes-000-100","embeddable":true,"href":"https:\/\/minijets.org\/en\/wp-json\/wp\/v2\/planes-000-100?post=5333"}],"curies":[{"name":"wp","href":"https:\/\/api.w.org\/{rel}","templated":true}]}}