{"id":5718,"date":"2022-08-07T15:30:55","date_gmt":"2022-08-07T13:30:55","guid":{"rendered":"http:\/\/tst.minijets.org\/?page_id=5718"},"modified":"2022-10-26T16:13:14","modified_gmt":"2022-10-26T14:13:14","slug":"williams-ej-22","status":"publish","type":"page","link":"https:\/\/minijets.org\/en\/300-500\/williams-ej-22\/","title":{"rendered":"Williams EJ-22"},"content":{"rendered":"<div class=\"wp-block-columns is-layout-flex wp-container-core-columns-is-layout-28f84493 wp-block-columns-is-layout-flex\">\n<div class=\"wp-block-column is-layout-flow wp-block-column-is-layout-flow\">\n<figure class=\"wp-block-image size-full\"><img loading=\"lazy\" decoding=\"async\" width=\"708\" height=\"586\" src=\"http:\/\/minijets.org\/wp-content\/uploads\/2022\/08\/Williams_EJ-22_-_03.jpg\" alt=\"Williams EJ-22\" class=\"wp-image-5716\" srcset=\"https:\/\/minijets.org\/wp-content\/uploads\/2022\/08\/Williams_EJ-22_-_03.jpg 708w, https:\/\/minijets.org\/wp-content\/uploads\/2022\/08\/Williams_EJ-22_-_03-300x248.jpg 300w, https:\/\/minijets.org\/wp-content\/uploads\/2022\/08\/Williams_EJ-22_-_03-14x12.jpg 14w\" sizes=\"auto, (max-width: 708px) 100vw, 708px\" \/><\/figure>\n\n\n\n<figure class=\"wp-block-image size-full\"><img loading=\"lazy\" decoding=\"async\" width=\"459\" height=\"278\" src=\"http:\/\/minijets.org\/wp-content\/uploads\/2022\/08\/Williams_EJ-22_-_04.jpg\" alt=\"Williams EJ-22\" class=\"wp-image-5717\" srcset=\"https:\/\/minijets.org\/wp-content\/uploads\/2022\/08\/Williams_EJ-22_-_04.jpg 459w, https:\/\/minijets.org\/wp-content\/uploads\/2022\/08\/Williams_EJ-22_-_04-300x182.jpg 300w, https:\/\/minijets.org\/wp-content\/uploads\/2022\/08\/Williams_EJ-22_-_04-18x12.jpg 18w\" sizes=\"auto, (max-width: 459px) 100vw, 459px\" \/><\/figure>\n<\/div>\n\n\n\n<div class=\"wp-block-column is-layout-flow wp-block-column-is-layout-flow\">\n<p>In 2000, Williams joined with Eclipse Aviation to develop an FAA-certified version of the FJX-2, designated the\u00a0Williams EJ-22, to be used on the <a href=\"https:\/\/minijets.org\/en\/300-500\/williams-ej-22\/eclipse-500-ej-22\/\" data-type=\"page\" data-id=\"5831\">Eclipse 500<\/a> VLJ due for first flight in June 2002. <\/p>\n\n\n\n<p>This would be an unprecedentedly short period of time to develop a new man-rated turbofan engine. <\/p>\n\n\n\n<p>The new EJ22 powered the Eclipse 500 prototype on its first flight in the Summer of 2002.<\/p>\n\n\n\n<p>Eclipse initially required the engine to produce 770 lbf thrust, exceeding the 700 lbf rating of the FJX-2 by 10%. This was only the first of a large number of continuously changing requirements Eclipse would demand. Ultimately, numerous technical problems with the EJ22, significantly compounded by the frequently changing requirements of Eclipse Aviation, grounded the plane and prompted Eclipse Aviation to terminate its relationship with Williams International in late 2002.<\/p>\n<\/div>\n<\/div>\n\n\n\n<p>Following termination of the contract, development work was halted shortly thereafter and the engine never came close to FAA certification<\/p>\n\n\n\n<h2 class=\"wp-block-heading\">Application<\/h2>\n\n\n        <div class=\"wp-block-getwid-custom-post-type custom-post-type-page has-layout-list\">\n            <div class=\"wp-block-getwid-custom-post-type__wrapper\">\n                \t\t\t\t\t\t\t\t<div class='wp-block-getwid-custom-post-type__post'>\n\t\t\t\t\t\t\t\t\t\n<div class=\"wp-block-getwid-custom-post-type__post-wrapper\">\n            <div class=\"wp-block-getwid-custom-post-type__post-thumbnail\">\n            <a href=\"https:\/\/minijets.org\/en\/300-500\/williams-ej-22\/eclipse-500-ej-22\/\"><img loading=\"lazy\" decoding=\"async\" width=\"500\" height=\"284\" src=\"https:\/\/minijets.org\/wp-content\/uploads\/2022\/08\/Eclipse_500-02.jpg\" class=\"attachment-post-thumbnail size-post-thumbnail wp-post-image\" alt=\"\" srcset=\"https:\/\/minijets.org\/wp-content\/uploads\/2022\/08\/Eclipse_500-02.jpg 500w, https:\/\/minijets.org\/wp-content\/uploads\/2022\/08\/Eclipse_500-02-300x170.jpg 300w, https:\/\/minijets.org\/wp-content\/uploads\/2022\/08\/Eclipse_500-02-18x10.jpg 18w\" sizes=\"auto, (max-width: 500px) 100vw, 500px\" \/><\/a>\n        <\/div>\n        <div class=\"wp-block-getwid-custom-post-type__content-wrapper\">\n        <div class=\"wp-block-getwid-custom-post-type__post-header\">\n            <h3 class=\"wp-block-getwid-custom-post-type__post-title\"><a href=\"https:\/\/minijets.org\/en\/300-500\/williams-ej-22\/eclipse-500-ej-22\/\">Eclipse 500 &#8211; EJ-22<\/a><\/h3>        <\/div>\n        <div class=\"wp-block-getwid-custom-post-type__post-excerpt\"><p>L&#8217;Eclipse 500&nbsp;r\u00e9pondait \u00e0 &nbsp;un projet ambitieux qui \u00e9tait de construire un tr\u00e8s l\u00e9ger, \u00e9conomique, rapide et destin\u00e9 aussi bien \u00e0 une exploitation priv\u00e9e que commerciale.&nbsp; Il devrait \u00eatre capable, du fait de ses performances, de voler \u00e0 &nbsp;partir d&#8217;a\u00e9rodrome jusque l\u00e0 interdit aux Jets. L&#8217;ensemble du projet reposait avant tout sur l&#8217;utilisation du tout nouveau [&hellip;]<\/p>\n<\/div>\n    <\/div>\n<\/div>\n\t\t\t\t\t\t\t\t<\/div>\n\t\t\t\t\t\t\t\t\t\t\t\t\t\t\t<div class='wp-block-getwid-custom-post-type__post'>\n\t\t\t\t\t\t\t\t\t\n<div class=\"wp-block-getwid-custom-post-type__post-wrapper\">\n            <div class=\"wp-block-getwid-custom-post-type__post-thumbnail\">\n            <a href=\"https:\/\/minijets.org\/en\/300-500\/williams-ej-22\/safire-s-26\/\"><img loading=\"lazy\" decoding=\"async\" width=\"1396\" height=\"585\" src=\"https:\/\/minijets.org\/wp-content\/uploads\/2022\/08\/Saphire_S26_02.jpg\" class=\"attachment-post-thumbnail size-post-thumbnail wp-post-image\" alt=\"\" srcset=\"https:\/\/minijets.org\/wp-content\/uploads\/2022\/08\/Saphire_S26_02.jpg 1396w, https:\/\/minijets.org\/wp-content\/uploads\/2022\/08\/Saphire_S26_02-300x126.jpg 300w, https:\/\/minijets.org\/wp-content\/uploads\/2022\/08\/Saphire_S26_02-1024x429.jpg 1024w, https:\/\/minijets.org\/wp-content\/uploads\/2022\/08\/Saphire_S26_02-768x322.jpg 768w, https:\/\/minijets.org\/wp-content\/uploads\/2022\/08\/Saphire_S26_02-18x8.jpg 18w\" sizes=\"auto, (max-width: 1396px) 100vw, 1396px\" \/><\/a>\n        <\/div>\n        <div class=\"wp-block-getwid-custom-post-type__content-wrapper\">\n        <div class=\"wp-block-getwid-custom-post-type__post-header\">\n            <h3 class=\"wp-block-getwid-custom-post-type__post-title\"><a href=\"https:\/\/minijets.org\/en\/300-500\/williams-ej-22\/safire-s-26\/\">Safire S-26<\/a><\/h3>        <\/div>\n        <div class=\"wp-block-getwid-custom-post-type__post-excerpt\"><p>En 1999, Safire Aircraft, une compagnie de Palm Beach en Floride, a lanc\u00e9 cette \u00e9tude pour un bir\u00e9acteur l\u00e9ger \u00e0 r\u00e9action de 6 places. Il devait \u00eatre propuls\u00e9 par des r\u00e9acteurs William FJX-2 (l&#8217;EJ-22 version de production du FJX-2 devait atteindre 350 kgp). Les concepteurs visait une vitesse de croisi\u00e8re de l&#8217;ordre de 350 kt [&hellip;]<\/p>\n<\/div>\n    <\/div>\n<\/div>\n\t\t\t\t\t\t\t\t<\/div>\n\t\t\t\t\t\t\t            <\/div>\n\n                    <\/div>","protected":false},"excerpt":{"rendered":"<p>In 2000, Williams joined with Eclipse Aviation to develop an FAA-certified version of the FJX-2, designated the\u00a0Williams EJ-22, to be used on the Eclipse 500 VLJ due for first flight in June 2002. This would be an unprecedentedly short period of time to develop a new man-rated turbofan engine. The new EJ22 powered the Eclipse [&hellip;]<\/p>","protected":false},"author":1,"featured_media":5716,"parent":623,"menu_order":0,"comment_status":"closed","ping_status":"closed","template":"","meta":{"_acf_changed":false,"cybocfi_hide_featured_image":"","footnotes":""},"categories":[15],"tags":[],"planes-000-100":[],"class_list":["post-5718","page","type-page","status-publish","has-post-thumbnail","hentry","category-jet-engine-300-500"],"blocksy_meta":[],"acf":[],"_links":{"self":[{"href":"https:\/\/minijets.org\/en\/wp-json\/wp\/v2\/pages\/5718","targetHints":{"allow":["GET"]}}],"collection":[{"href":"https:\/\/minijets.org\/en\/wp-json\/wp\/v2\/pages"}],"about":[{"href":"https:\/\/minijets.org\/en\/wp-json\/wp\/v2\/types\/page"}],"author":[{"embeddable":true,"href":"https:\/\/minijets.org\/en\/wp-json\/wp\/v2\/users\/1"}],"replies":[{"embeddable":true,"href":"https:\/\/minijets.org\/en\/wp-json\/wp\/v2\/comments?post=5718"}],"version-history":[{"count":0,"href":"https:\/\/minijets.org\/en\/wp-json\/wp\/v2\/pages\/5718\/revisions"}],"up":[{"embeddable":true,"href":"https:\/\/minijets.org\/en\/wp-json\/wp\/v2\/pages\/623"}],"wp:featuredmedia":[{"embeddable":true,"href":"https:\/\/minijets.org\/en\/wp-json\/wp\/v2\/media\/5716"}],"wp:attachment":[{"href":"https:\/\/minijets.org\/en\/wp-json\/wp\/v2\/media?parent=5718"}],"wp:term":[{"taxonomy":"category","embeddable":true,"href":"https:\/\/minijets.org\/en\/wp-json\/wp\/v2\/categories?post=5718"},{"taxonomy":"post_tag","embeddable":true,"href":"https:\/\/minijets.org\/en\/wp-json\/wp\/v2\/tags?post=5718"},{"taxonomy":"planes-000-100","embeddable":true,"href":"https:\/\/minijets.org\/en\/wp-json\/wp\/v2\/planes-000-100?post=5718"}],"curies":[{"name":"wp","href":"https:\/\/api.w.org\/{rel}","templated":true}]}}