{"id":6352,"date":"2022-08-29T17:39:06","date_gmt":"2022-08-29T15:39:06","guid":{"rendered":"http:\/\/tst.minijets.org\/?page_id=6352"},"modified":"2022-11-09T12:59:13","modified_gmt":"2022-11-09T11:59:13","slug":"wojcicki-pulsejet","status":"publish","type":"page","link":"https:\/\/minijets.org\/en\/pulse-jets\/wojcicki-pulsejet\/","title":{"rendered":"Wojcicki Pulsejet"},"content":{"rendered":"<p>Stanislav Wojcicki a con\u00e7u dans la fin des ann\u00e9es 50 des pulso-r\u00e9acteurs tr\u00e8s similaires \u00e0 l&#8217;Escopette de la SNECMA. Le premier de ceux-ci donnait une pouss\u00e9e d&#8217;environ 10 kg (22 lb.).<\/p>\n\n\n\n<p>Quatre de ces unit\u00e9s ont \u00e9t\u00e9 mont\u00e9s par paire sous les ailes d&#8217;un planeur Bocian qui servit de banc d&#8217;essai. Fort de cette exp\u00e9rience, d&#8217;autres versions plus puissantes, de 40 puis de 70 kg, ont \u00e9t\u00e9 mis au point.&nbsp;<\/p>\n\n\n\n<p>Par la suite des stator\u00e9acteurs de faible pouss\u00e9e seront d\u00e9velopp\u00e9s (Jane&#8217; 1959-60), et essay\u00e9 sur un h\u00e9licopt\u00e8re JK1- Trzmiel.&nbsp;<\/p>\n\n\n\n<figure class=\"wp-block-image size-full\"><img loading=\"lazy\" decoding=\"async\" width=\"690\" height=\"215\" src=\"http:\/\/minijets.org\/wp-content\/uploads\/2022\/08\/Wojcicki_PulseJet_01.jpg\" alt=\"Wojcicki Pulsejet\" class=\"wp-image-6175\" srcset=\"https:\/\/minijets.org\/wp-content\/uploads\/2022\/08\/Wojcicki_PulseJet_01.jpg 690w, https:\/\/minijets.org\/wp-content\/uploads\/2022\/08\/Wojcicki_PulseJet_01-300x93.jpg 300w, https:\/\/minijets.org\/wp-content\/uploads\/2022\/08\/Wojcicki_PulseJet_01-18x6.jpg 18w\" sizes=\"auto, (max-width: 690px) 100vw, 690px\" \/><\/figure>\n\n\n\n<h2 class=\"wp-block-heading\">Application<\/h2>\n\n\n        <div class=\"wp-block-getwid-custom-post-type custom-post-type-page has-layout-list\">\n            <div class=\"wp-block-getwid-custom-post-type__wrapper\">\n                \t\t\t\t\t\t\t\t<div class='wp-block-getwid-custom-post-type__post'>\n\t\t\t\t\t\t\t\t\t\n<div class=\"wp-block-columns is-layout-flex wp-container-core-columns-is-layout-28f84493 wp-block-columns-is-layout-flex\">\n<div class=\"wp-block-column is-layout-flow wp-block-column-is-layout-flow\" style=\"flex-basis:25%\">\n<div class=\"wp-block-getwid-template-post-featured-image\" >\n            <a href=\"https:\/\/minijets.org\/en\/pulse-jets\/wojcicki-pulsejet\/sdz-9-bocian-puls\/\">\n        <img loading=\"lazy\" decoding=\"async\" width=\"600\" height=\"288\" src=\"https:\/\/minijets.org\/wp-content\/uploads\/2022\/08\/mt_10_bocian_puls.jpg\" class=\"attachment-full size-full wp-post-image\" alt=\"SDZ-9 Bocian Puls\" srcset=\"https:\/\/minijets.org\/wp-content\/uploads\/2022\/08\/mt_10_bocian_puls.jpg 600w, https:\/\/minijets.org\/wp-content\/uploads\/2022\/08\/mt_10_bocian_puls-300x144.jpg 300w, https:\/\/minijets.org\/wp-content\/uploads\/2022\/08\/mt_10_bocian_puls-18x9.jpg 18w\" sizes=\"auto, (max-width: 600px) 100vw, 600px\" \/>            <\/a>\n    <\/div>\n<\/div>\n\n\n\n<div class=\"wp-block-column is-layout-flow wp-block-column-is-layout-flow\" style=\"flex-basis:75%\">\n<h3 class=\"wp-block-getwid-template-post-title minijets_custom_title\"><a class=\"wp-block-getwid-template-post-title__link\" href=\"https:\/\/minijets.org\/en\/pulse-jets\/wojcicki-pulsejet\/sdz-9-bocian-puls\/\">SDZ-9 Bocian Puls<\/a><\/h3>\n\n\n<div class=\"wp-block-getwid-template-acf-wysiwyg custom-field-sous-titre\"  style=\"font-weight: bold;font-size: 15px;\">\n    <\/div>\n\n\n\n<div class=\"wp-block-getwid-template-post-content is-excerpt\" ><p>Le Bocian Puls est un planeur Bocian transform\u00e9 en banc d&#8217;essai volant par ajout de 2 groupes de 2 Pulso-r\u00e9acteur Wojcicki. L&#8217;adaptation sur le Bocian a \u00e9t\u00e9 con\u00e7ue par&nbsp;Justin Sandauer Apr\u00e8s que S. W\u00f3jcicki. ait test\u00e9 ses pulsor\u00e9acteurs en atelier, il lui fallait proc\u00e9der \u00e0 des essais sur un banc volant. L\u2019institut d\u2019aviation a mis&hellip;<\/p><\/div>\n\n\n\n<div class=\"wp-block-getwid-template-post-button wp-block-button minijets_custom_button\" >\n    <a href=\"https:\/\/minijets.org\/en\/pulse-jets\/wojcicki-pulsejet\/sdz-9-bocian-puls\/\"  class=\"wp-block-button__link has-background has-white-background-color has-text-color has-vivid-cyan-blue-color\" >\n\t\tRead More\t<\/a>\n<\/div>\n\n\n<\/div>\n<\/div>\n\t\t\t\t\t\t\t\t<\/div>\n\t\t\t\t\t\t\t            <\/div>\n\n                    <\/div>","protected":false},"excerpt":{"rendered":"<p>Stanislav Wojcicki a con\u00e7u dans la fin des ann\u00e9es 50 des pulso-r\u00e9acteurs tr\u00e8s similaires \u00e0 l&#8217;Escopette de la SNECMA. Le premier de ceux-ci donnait une pouss\u00e9e d&#8217;environ 10 kg (22 lb.). Quatre de ces unit\u00e9s ont \u00e9t\u00e9 mont\u00e9s par paire sous les ailes d&#8217;un planeur Bocian qui servit de banc d&#8217;essai. Fort de cette exp\u00e9rience, [&hellip;]<\/p>","protected":false},"author":1,"featured_media":6180,"parent":6181,"menu_order":0,"comment_status":"closed","ping_status":"closed","template":"","meta":{"_acf_changed":false,"cybocfi_hide_featured_image":"","footnotes":""},"categories":[25],"tags":[],"planes-000-100":[],"class_list":["post-6352","page","type-page","status-publish","has-post-thumbnail","hentry","category-pulse-jet"],"blocksy_meta":[],"acf":[],"_links":{"self":[{"href":"https:\/\/minijets.org\/en\/wp-json\/wp\/v2\/pages\/6352","targetHints":{"allow":["GET"]}}],"collection":[{"href":"https:\/\/minijets.org\/en\/wp-json\/wp\/v2\/pages"}],"about":[{"href":"https:\/\/minijets.org\/en\/wp-json\/wp\/v2\/types\/page"}],"author":[{"embeddable":true,"href":"https:\/\/minijets.org\/en\/wp-json\/wp\/v2\/users\/1"}],"replies":[{"embeddable":true,"href":"https:\/\/minijets.org\/en\/wp-json\/wp\/v2\/comments?post=6352"}],"version-history":[{"count":0,"href":"https:\/\/minijets.org\/en\/wp-json\/wp\/v2\/pages\/6352\/revisions"}],"up":[{"embeddable":true,"href":"https:\/\/minijets.org\/en\/wp-json\/wp\/v2\/pages\/6181"}],"wp:featuredmedia":[{"embeddable":true,"href":"https:\/\/minijets.org\/en\/wp-json\/wp\/v2\/media\/6180"}],"wp:attachment":[{"href":"https:\/\/minijets.org\/en\/wp-json\/wp\/v2\/media?parent=6352"}],"wp:term":[{"taxonomy":"category","embeddable":true,"href":"https:\/\/minijets.org\/en\/wp-json\/wp\/v2\/categories?post=6352"},{"taxonomy":"post_tag","embeddable":true,"href":"https:\/\/minijets.org\/en\/wp-json\/wp\/v2\/tags?post=6352"},{"taxonomy":"planes-000-100","embeddable":true,"href":"https:\/\/minijets.org\/en\/wp-json\/wp\/v2\/planes-000-100?post=6352"}],"curies":[{"name":"wp","href":"https:\/\/api.w.org\/{rel}","templated":true}]}}