{"id":8,"date":"2020-12-10T16:46:21","date_gmt":"2020-12-10T15:46:21","guid":{"rendered":"http:\/\/tst.minijets.org\/?page_id=8"},"modified":"2025-01-05T11:05:10","modified_gmt":"2025-01-05T10:05:10","slug":"minijets-jetengine-microjet","status":"publish","type":"page","link":"https:\/\/minijets.org\/en\/","title":{"rendered":"Minijets: The site for light jet aviation enthusiasts"},"content":{"rendered":"<h2 class=\"wp-block-heading\">Welcome on Minijets<\/h2>\n\n\n\n<p>Minijets.org is a website dedicated to documenting and sharing the history of mini jet aircraft. Our primary goal is to provide historical and technical insights into these unique machines, highlighting the key players and innovations that have shaped this aviation adventure. This site is mainly a space for exploration and knowledge-sharing, not a commercial platform. We invite you to browse our content and contribute to enriching this documentation if you wish.<\/p>\n\n\n\n<div class=\"wp-block-columns is-layout-flex wp-container-core-columns-is-layout-28f84493 wp-block-columns-is-layout-flex\">\n<div class=\"wp-block-column is-layout-flow wp-block-column-is-layout-flow\">\n<figure class=\"wp-block-image size-full\"><img loading=\"lazy\" decoding=\"async\" width=\"500\" height=\"333\" src=\"http:\/\/minijets.org\/wp-content\/uploads\/2021\/01\/SIPA_200_minijet_sn7-03.jpg\" alt=\"Minijets\" class=\"wp-image-2801\" srcset=\"https:\/\/minijets.org\/wp-content\/uploads\/2021\/01\/SIPA_200_minijet_sn7-03.jpg 500w, https:\/\/minijets.org\/wp-content\/uploads\/2021\/01\/SIPA_200_minijet_sn7-03-300x200.jpg 300w, https:\/\/minijets.org\/wp-content\/uploads\/2021\/01\/SIPA_200_minijet_sn7-03-18x12.jpg 18w\" sizes=\"auto, (max-width: 500px) 100vw, 500px\" \/><\/figure>\n<\/div>\n\n\n\n<div class=\"wp-block-column is-layout-flow wp-block-column-is-layout-flow\">\n<figure class=\"wp-block-image size-full\"><img loading=\"lazy\" decoding=\"async\" width=\"500\" height=\"333\" src=\"http:\/\/minijets.org\/wp-content\/uploads\/2020\/12\/Bede_BD5J-03.jpg\" alt=\"L'un des minijets les plus connu : le BD-5J\" class=\"wp-image-853\" srcset=\"https:\/\/minijets.org\/wp-content\/uploads\/2020\/12\/Bede_BD5J-03.jpg 500w, https:\/\/minijets.org\/wp-content\/uploads\/2020\/12\/Bede_BD5J-03-300x200.jpg 300w, https:\/\/minijets.org\/wp-content\/uploads\/2020\/12\/Bede_BD5J-03-18x12.jpg 18w\" sizes=\"auto, (max-width: 500px) 100vw, 500px\" \/><\/figure>\n<\/div>\n\n\n\n<div class=\"wp-block-column is-layout-flow wp-block-column-is-layout-flow\">\n<figure class=\"wp-block-image size-full\"><img loading=\"lazy\" decoding=\"async\" width=\"500\" height=\"333\" src=\"http:\/\/minijets.org\/wp-content\/uploads\/2022\/08\/Planche-contact-500.jpg\" alt=\"Minijets\" class=\"wp-image-6001\" srcset=\"https:\/\/minijets.org\/wp-content\/uploads\/2022\/08\/Planche-contact-500.jpg 500w, https:\/\/minijets.org\/wp-content\/uploads\/2022\/08\/Planche-contact-500-300x200.jpg 300w, https:\/\/minijets.org\/wp-content\/uploads\/2022\/08\/Planche-contact-500-18x12.jpg 18w\" sizes=\"auto, (max-width: 500px) 100vw, 500px\" \/><\/figure>\n<\/div>\n<\/div>\n\n\n\n<div class=\"wp-block-columns home-description is-layout-flex wp-container-core-columns-is-layout-28f84493 wp-block-columns-is-layout-flex\">\n<div class=\"wp-block-column is-layout-flow wp-block-column-is-layout-flow\">\n<div class=\"wp-block-columns home-section is-layout-flex wp-container-core-columns-is-layout-28f84493 wp-block-columns-is-layout-flex\">\n<div class=\"wp-block-column is-layout-flow wp-block-column-is-layout-flow\" style=\"flex-basis:20%\">\n<figure class=\"wp-block-image size-full is-resized\"><img loading=\"lazy\" decoding=\"async\" width=\"256\" height=\"256\" src=\"https:\/\/minijets.org\/wp-content\/uploads\/2024\/10\/minijets_genesis.webp\" alt=\"Genesis\" class=\"wp-image-9306\" style=\"object-fit:cover;width:50px;height:50px\" srcset=\"https:\/\/minijets.org\/wp-content\/uploads\/2024\/10\/minijets_genesis.webp 256w, https:\/\/minijets.org\/wp-content\/uploads\/2024\/10\/minijets_genesis-12x12.webp 12w, https:\/\/minijets.org\/wp-content\/uploads\/2024\/10\/minijets_genesis-80x80.webp 80w, https:\/\/minijets.org\/wp-content\/uploads\/2024\/10\/minijets_genesis-150x150.webp 150w\" sizes=\"auto, (max-width: 256px) 100vw, 256px\" \/><\/figure>\n<\/div>\n\n\n\n<div class=\"wp-block-column home-title is-layout-flow wp-block-column-is-layout-flow\" style=\"flex-basis:80%\">\n<h3 class=\"wp-block-heading home-title has-medium-font-size\">Site genesis<\/h3>\n<\/div>\n<\/div>\n\n\n\n<p class=\"translation-block\">Our research began in 1990, and in 2001, we started sharing our discoveries online. The Minijets website was launched in 2003. While it remains a work in progress and may never be fully exhaustive, it has the potential to grow significantly with your help. If you spot any errors or inaccuracies, or if you have additional information, anecdotes, or photos to share, please don't hesitate to  <a href=\"https:\/\/minijets.org\/en\/contact\/\" data-type=\"page\" data-id=\"6578\" target=\"_self\">contact us<\/a>. Together, we can make this project even more complete.<\/p>\n<\/div>\n\n\n\n<div class=\"wp-block-column is-layout-flow wp-block-column-is-layout-flow\">\n<div class=\"wp-block-columns home-section is-layout-flex wp-container-core-columns-is-layout-28f84493 wp-block-columns-is-layout-flex\">\n<div class=\"wp-block-column is-layout-flow wp-block-column-is-layout-flow\" style=\"flex-basis:20%\">\n<figure class=\"wp-block-image size-full is-resized\"><img loading=\"lazy\" decoding=\"async\" width=\"256\" height=\"256\" src=\"https:\/\/minijets.org\/wp-content\/uploads\/2024\/10\/minijets_passion-1.webp\" alt=\"\" class=\"wp-image-9338\" style=\"object-fit:cover;width:50px;height:50px\" srcset=\"https:\/\/minijets.org\/wp-content\/uploads\/2024\/10\/minijets_passion-1.webp 256w, https:\/\/minijets.org\/wp-content\/uploads\/2024\/10\/minijets_passion-1-12x12.webp 12w, https:\/\/minijets.org\/wp-content\/uploads\/2024\/10\/minijets_passion-1-80x80.webp 80w, https:\/\/minijets.org\/wp-content\/uploads\/2024\/10\/minijets_passion-1-150x150.webp 150w\" sizes=\"auto, (max-width: 256px) 100vw, 256px\" \/><\/figure>\n<\/div>\n\n\n\n<div class=\"wp-block-column home-title is-layout-flow wp-block-column-is-layout-flow\" style=\"flex-basis:80%\">\n<h3 class=\"wp-block-heading home-title has-medium-font-size\">A true passion<\/h3>\n<\/div>\n<\/div>\n\n\n\n<p>When you're driven by passion, it often comes with a strong desire to share it. This is exactly how we feel about these mini jet aircraft. After a promising start in 1949, this French innovation, led by Fouga and Turbom\u00e9ca, was gradually overshadowed by the pursuit of profitability. In the 1950s, our predecessors\u2014pilots\u2014dreamed of \"minijets\" in flying clubs. Today, those dreams have shifted more towards ultralight aircraft.<\/p>\n<\/div>\n\n\n\n<div class=\"wp-block-column is-layout-flow wp-block-column-is-layout-flow\">\n<div class=\"wp-block-columns home-section is-layout-flex wp-container-core-columns-is-layout-28f84493 wp-block-columns-is-layout-flex\">\n<div class=\"wp-block-column is-layout-flow wp-block-column-is-layout-flow\" style=\"flex-basis:20%\">\n<figure class=\"wp-block-image size-full is-resized\"><img loading=\"lazy\" decoding=\"async\" width=\"256\" height=\"256\" src=\"https:\/\/minijets.org\/wp-content\/uploads\/2024\/10\/minijets_classif.webp\" alt=\"\" class=\"wp-image-9305\" style=\"object-fit:cover;width:50px;height:50px\" srcset=\"https:\/\/minijets.org\/wp-content\/uploads\/2024\/10\/minijets_classif.webp 256w, https:\/\/minijets.org\/wp-content\/uploads\/2024\/10\/minijets_classif-12x12.webp 12w, https:\/\/minijets.org\/wp-content\/uploads\/2024\/10\/minijets_classif-80x80.webp 80w, https:\/\/minijets.org\/wp-content\/uploads\/2024\/10\/minijets_classif-150x150.webp 150w\" sizes=\"auto, (max-width: 256px) 100vw, 256px\" \/><\/figure>\n<\/div>\n\n\n\n<div class=\"wp-block-column home-title is-layout-flow wp-block-column-is-layout-flow\" style=\"flex-basis:80%\">\n<h3 class=\"wp-block-heading has-medium-font-size\"> Classification<\/h3>\n<\/div>\n<\/div>\n\n\n\n<p class=\"translation-block\">Although the term Minijet was first used in 1950 (to commercially name the <a href=\"https:\/\/minijets.org\/en\/150-300\/turbomeca-palas\/sipa-200-minijet\/\" data-type=\"page\" data-id=\"3165\" target=\"_self\">SIPA 200<\/a>)), our aim when creating this website was to use it to showcase aircraft powered by low-thrust jet engines.<\/p>\n\n\n\n<p>We did not intend to establish a classification based on engine thrust. The one we use here was chosen for simplicity and to suit the website's presentation needs.<\/p>\n<\/div>\n<\/div>","protected":false},"excerpt":{"rendered":"<p>Bienvenue sur Minijets Minijets.org est un site d\u00e9di\u00e9 \u00e0 la documentation et \u00e0 l\u2019histoire des mini-avions \u00e0 r\u00e9action. Notre objectif principal est de partager des informations historiques, techniques, et passionnantes autour de ces appareils uniques, en mettant en lumi\u00e8re les acteurs et les innovations qui ont marqu\u00e9 cette aventure a\u00e9ronautique. Ce site est avant tout [&hellip;]<\/p>","protected":false},"author":1,"featured_media":0,"parent":0,"menu_order":0,"comment_status":"closed","ping_status":"closed","template":"","meta":{"_acf_changed":false,"cybocfi_hide_featured_image":"","footnotes":""},"categories":[],"tags":[],"planes-000-100":[],"class_list":["post-8","page","type-page","status-publish","hentry"],"blocksy_meta":{"page_structure_type":"type-2","styles_descriptor":{"styles":{"desktop":"","tablet":"","mobile":""},"google_fonts":[],"version":6}},"acf":[],"_links":{"self":[{"href":"https:\/\/minijets.org\/en\/wp-json\/wp\/v2\/pages\/8","targetHints":{"allow":["GET"]}}],"collection":[{"href":"https:\/\/minijets.org\/en\/wp-json\/wp\/v2\/pages"}],"about":[{"href":"https:\/\/minijets.org\/en\/wp-json\/wp\/v2\/types\/page"}],"author":[{"embeddable":true,"href":"https:\/\/minijets.org\/en\/wp-json\/wp\/v2\/users\/1"}],"replies":[{"embeddable":true,"href":"https:\/\/minijets.org\/en\/wp-json\/wp\/v2\/comments?post=8"}],"version-history":[{"count":32,"href":"https:\/\/minijets.org\/en\/wp-json\/wp\/v2\/pages\/8\/revisions"}],"predecessor-version":[{"id":9746,"href":"https:\/\/minijets.org\/en\/wp-json\/wp\/v2\/pages\/8\/revisions\/9746"}],"wp:attachment":[{"href":"https:\/\/minijets.org\/en\/wp-json\/wp\/v2\/media?parent=8"}],"wp:term":[{"taxonomy":"category","embeddable":true,"href":"https:\/\/minijets.org\/en\/wp-json\/wp\/v2\/categories?post=8"},{"taxonomy":"post_tag","embeddable":true,"href":"https:\/\/minijets.org\/en\/wp-json\/wp\/v2\/tags?post=8"},{"taxonomy":"planes-000-100","embeddable":true,"href":"https:\/\/minijets.org\/en\/wp-json\/wp\/v2\/planes-000-100?post=8"}],"curies":[{"name":"wp","href":"https:\/\/api.w.org\/{rel}","templated":true}]}}