{"id":81,"date":"2020-12-10T22:17:39","date_gmt":"2020-12-10T21:17:39","guid":{"rendered":"http:\/\/tst.minijets.org\/?page_id=81"},"modified":"2024-11-17T11:44:37","modified_gmt":"2024-11-17T10:44:37","slug":"100-150","status":"publish","type":"page","link":"https:\/\/minijets.org\/en\/100-150\/","title":{"rendered":"Classe 2 : Mini r\u00e9acteurs"},"content":{"rendered":"<h2 class=\"wp-block-heading\">R\u00e9acteurs de la classe des 100 \u00e0 150 Kg de pouss\u00e9e<\/h2>\n\n\n\n<p>Presentation of mini jet engines with a power between 100 and 150 kg of thrust, and having been mounted on an aircraft.<\/p>\n\n\n\n<p>Le pionnier de cette classe des mini r\u00e9acteurs est la soci\u00e9t\u00e9 Fran\u00e7aise Turbom\u00e9ca.<\/p>\n\n\n\n<p>En 1948, Turbomeca, dirig\u00e9e par Joseph Szydlowski, fait tourner \u00e0 Bordes son premier r\u00e9acteur, le TR011, rapidement baptis\u00e9 Pim\u00e9n\u00e9. Avec ses voisins constructeurs de planeurs, Pierre Mauboussin et Robert Castello des \u00e9tablissements Fouga d&#8217;Air sur Adour, il d\u00e9cide d\u2019installer un Pim\u00e9n\u00e9 de 85 kg de pouss\u00e9e sur un planeur Fouga CM8-13. L\u2019avion d&#8217;abord baptis\u00e9 <a href=\"https:\/\/minijets.org\/en\/100-150\/turbomeca-pimene\/fouga-cm8-r13-cyclone\/\" data-type=\"page\" data-id=\"1976\">Cyclone<\/a> sera ensuite renomm\u00e9 Sylphe.<\/p>\n\n\n\n<p>S&#8217;ensuivra une fructueuse collaboration pendant une petite d\u00e9cennie, qui verra Turbomeca produire les turbor\u00e9acteurs Palas,  Aspin et Marbor\u00e9 de toutes versions. Lesquels seront install\u00e9s sur les planeurs ou avions Fouga Cyclone, Sylphe, G\u00e9meaux, Cyclope, Magister et Z\u00e9phir. <\/p>\n\n\n\n<p>Depuis, le march\u00e9 a peu \u00e9volu\u00e9. Le constructeur Tch\u00e8que <a href=\"https:\/\/www.pbsaerospace.com\/turbines\" target=\"_blank\" rel=\"noopener\">PBS Aerospace<\/a>, avec ces r\u00e9acteurs TJ-100, c&#8217;est impos\u00e9 sur un march\u00e9 o\u00f9 sont principalement pr\u00e9sents des avions de construction amateur ou exp\u00e9rimental.<\/p>\n\n\n\n<p><\/p>\n\n\n\n<figure class=\"wp-block-image size-large\"><img loading=\"lazy\" decoding=\"async\" width=\"868\" height=\"736\" src=\"http:\/\/minijets.org\/wp-content\/uploads\/2020\/12\/100-150_kp.jpg\" alt=\"\" class=\"wp-image-628\" srcset=\"https:\/\/minijets.org\/wp-content\/uploads\/2020\/12\/100-150_kp.jpg 868w, https:\/\/minijets.org\/wp-content\/uploads\/2020\/12\/100-150_kp-300x254.jpg 300w, https:\/\/minijets.org\/wp-content\/uploads\/2020\/12\/100-150_kp-768x651.jpg 768w, https:\/\/minijets.org\/wp-content\/uploads\/2020\/12\/100-150_kp-14x12.jpg 14w\" sizes=\"auto, (max-width: 868px) 100vw, 868px\" \/><\/figure>\n\n\n\n<h2 class=\"wp-block-heading\">Liste des Mini-r\u00e9acteurs pr\u00e9sent\u00e9s sur le site<\/h2>\n\n\n\n<div class=\"wp-block-query is-layout-flow wp-block-query-is-layout-flow\"><ul class=\"wp-block-post-template is-layout-flow wp-block-post-template-is-layout-flow\"><li class=\"wp-block-post post-2554 page type-page status-publish has-post-thumbnail hentry category-jet-engine-100-150\">\n\n<div class=\"wp-block-columns alignwide is-layout-flex wp-container-core-columns-is-layout-28f84493 wp-block-columns-is-layout-flex\">\n<div class=\"wp-block-column is-layout-flow wp-block-column-is-layout-flow\" style=\"flex-basis:30%\"><figure class=\"wp-block-post-featured-image\"><a href=\"https:\/\/minijets.org\/en\/100-150\/jetbeetle-h250\/\" target=\"_self\"><img loading=\"lazy\" decoding=\"async\" width=\"906\" height=\"768\" src=\"https:\/\/minijets.org\/wp-content\/uploads\/2022\/11\/JetBeetle_H250A-02.webp\" class=\"attachment-post-thumbnail size-post-thumbnail wp-post-image\" alt=\"JetBeetle Mantis H250\" style=\"object-fit:cover;\" srcset=\"https:\/\/minijets.org\/wp-content\/uploads\/2022\/11\/JetBeetle_H250A-02.webp 906w, https:\/\/minijets.org\/wp-content\/uploads\/2022\/11\/JetBeetle_H250A-02-300x254.webp 300w, https:\/\/minijets.org\/wp-content\/uploads\/2022\/11\/JetBeetle_H250A-02-768x651.webp 768w, https:\/\/minijets.org\/wp-content\/uploads\/2022\/11\/JetBeetle_H250A-02-14x12.webp 14w\" sizes=\"auto, (max-width: 906px) 100vw, 906px\" \/><\/a><\/figure><\/div>\n\n\n\n<div class=\"wp-block-column is-layout-flow wp-block-column-is-layout-flow\" style=\"flex-basis:70%\"><h3 class=\"wp-block-post-title\"><a href=\"https:\/\/minijets.org\/en\/100-150\/jetbeetle-h250\/\" target=\"_self\">JetBeetle Mantis H250<\/a><\/h3>\n\n<div class=\"wp-block-post-excerpt\"><p class=\"wp-block-post-excerpt__excerpt\">Le petit turbor\u00e9acteur JetBeetle Mantis H250 est a \u00e9t\u00e9 con\u00e7u par Horace T.L.Ho de JetBeetle Propulsion Systems, Inc. Cette soci\u00e9t\u00e9 Taiwanaise est sp\u00e9cialis\u00e9e dans la conception et la construction de turbor\u00e9acteur de faible puissance (de 30 \u00e0 125 kp). Les diff\u00e9rentes versions du JetBeetle Mantis H250 3 versions du H250 sont disponibles : H250 A<\/p><p class=\"wp-block-post-excerpt__more-text\"><a class=\"wp-block-post-excerpt__more-link\" href=\"https:\/\/minijets.org\/en\/100-150\/jetbeetle-h250\/\">Lire la suite<\/a><\/p><\/div><\/div>\n<\/div>\n\n<\/li><li class=\"wp-block-post post-2501 page type-page status-publish has-post-thumbnail hentry category-jet-engine-100-150\">\n\n<div class=\"wp-block-columns alignwide is-layout-flex wp-container-core-columns-is-layout-28f84493 wp-block-columns-is-layout-flex\">\n<div class=\"wp-block-column is-layout-flow wp-block-column-is-layout-flow\" style=\"flex-basis:30%\"><figure class=\"wp-block-post-featured-image\"><a href=\"https:\/\/minijets.org\/en\/100-150\/microturbo-cougar\/\" target=\"_self\"><img loading=\"lazy\" decoding=\"async\" width=\"500\" height=\"288\" src=\"https:\/\/minijets.org\/wp-content\/uploads\/2021\/01\/Microturbo_cougar_022_01.jpg\" class=\"attachment-post-thumbnail size-post-thumbnail wp-post-image\" alt=\"Microturbo Cougar 022\" style=\"object-fit:cover;\" srcset=\"https:\/\/minijets.org\/wp-content\/uploads\/2021\/01\/Microturbo_cougar_022_01.jpg 500w, https:\/\/minijets.org\/wp-content\/uploads\/2021\/01\/Microturbo_cougar_022_01-300x173.jpg 300w, https:\/\/minijets.org\/wp-content\/uploads\/2021\/01\/Microturbo_cougar_022_01-18x10.jpg 18w\" sizes=\"auto, (max-width: 500px) 100vw, 500px\" \/><\/a><\/figure><\/div>\n\n\n\n<div class=\"wp-block-column is-layout-flow wp-block-column-is-layout-flow\" style=\"flex-basis:70%\"><h3 class=\"wp-block-post-title\"><a href=\"https:\/\/minijets.org\/en\/100-150\/microturbo-cougar\/\" target=\"_self\">Microturbo Cougar 022<\/a><\/h3>\n\n<div class=\"wp-block-post-excerpt\"><p class=\"wp-block-post-excerpt__excerpt\">Le Cougar de Microturbo, est un turbor\u00e9acteur d\u00e9velopp\u00e9 pour les petits avions et les RPV. La version 022 \u00e9quipe le drone cible australien GAF Turana. Le moteur install\u00e9, qui ne comprend que les \u00e9quipements n\u00e9cessaires au vol, a \u00e9t\u00e9 con\u00e7u pour r\u00e9sister aux fortes contraintes m\u00e9caniques et thermiques engendr\u00e9es par un lancement acc\u00e9l\u00e9r\u00e9, un arr\u00eat<\/p><p class=\"wp-block-post-excerpt__more-text\"><a class=\"wp-block-post-excerpt__more-link\" href=\"https:\/\/minijets.org\/en\/100-150\/microturbo-cougar\/\">Lire la suite<\/a><\/p><\/div><\/div>\n<\/div>\n\n<\/li><li class=\"wp-block-post post-2101 page type-page status-publish has-post-thumbnail hentry category-jet-engine-100-150\">\n\n<div class=\"wp-block-columns alignwide is-layout-flex wp-container-core-columns-is-layout-28f84493 wp-block-columns-is-layout-flex\">\n<div class=\"wp-block-column is-layout-flow wp-block-column-is-layout-flow\" style=\"flex-basis:30%\"><figure class=\"wp-block-post-featured-image\"><a href=\"https:\/\/minijets.org\/en\/100-150\/microturbo-trs-18\/\" target=\"_self\"><img loading=\"lazy\" decoding=\"async\" width=\"320\" height=\"154\" src=\"https:\/\/minijets.org\/wp-content\/uploads\/2021\/01\/trs18.png\" class=\"attachment-post-thumbnail size-post-thumbnail wp-post-image\" alt=\"Microturbo TRS-18\" style=\"object-fit:cover;\" srcset=\"https:\/\/minijets.org\/wp-content\/uploads\/2021\/01\/trs18.png 320w, https:\/\/minijets.org\/wp-content\/uploads\/2021\/01\/trs18-300x144.png 300w, https:\/\/minijets.org\/wp-content\/uploads\/2021\/01\/trs18-18x9.png 18w\" sizes=\"auto, (max-width: 320px) 100vw, 320px\" \/><\/a><\/figure><\/div>\n\n\n\n<div class=\"wp-block-column is-layout-flow wp-block-column-is-layout-flow\" style=\"flex-basis:70%\"><h3 class=\"wp-block-post-title\"><a href=\"https:\/\/minijets.org\/en\/100-150\/microturbo-trs-18\/\" target=\"_self\">Microturbo TRS-18<\/a><\/h3>\n\n<div class=\"wp-block-post-excerpt\"><p class=\"wp-block-post-excerpt__excerpt\">Sermel puis Microturbo (Maintenant Safran Helicopter Engines) Le TRS 18 est un mini turbor\u00e9acteur extr\u00eamement simple et l\u00e9ger qui, avec ses principaux accessoires, tient dans une enveloppe cylindrique de seulement 318 mm (12,5 pouces) de diam\u00e8tre, l&#8217;axe du moteur \u00e9tant l\u00e9g\u00e8rement d\u00e9cal\u00e9 au-dessus du centre de cette enveloppe. Il est adapt\u00e9 \u00e0 la propulsion des<\/p><p class=\"wp-block-post-excerpt__more-text\"><a class=\"wp-block-post-excerpt__more-link\" href=\"https:\/\/minijets.org\/en\/100-150\/microturbo-trs-18\/\">Lire la suite<\/a><\/p><\/div><\/div>\n<\/div>\n\n<\/li><li class=\"wp-block-post post-8569 page type-page status-publish has-post-thumbnail hentry category-jet-engine-100-150\">\n\n<div class=\"wp-block-columns alignwide is-layout-flex wp-container-core-columns-is-layout-28f84493 wp-block-columns-is-layout-flex\">\n<div class=\"wp-block-column is-layout-flow wp-block-column-is-layout-flow\" style=\"flex-basis:30%\"><figure class=\"wp-block-post-featured-image\"><a href=\"https:\/\/minijets.org\/en\/100-150\/microturbo-trs-18-046\/\" target=\"_self\"><img loading=\"lazy\" decoding=\"async\" width=\"800\" height=\"600\" src=\"https:\/\/minijets.org\/wp-content\/uploads\/2024\/11\/Microturbo-TRS-18-046.webp\" class=\"attachment-post-thumbnail size-post-thumbnail wp-post-image\" alt=\"Microturbo TRS-18-046\" style=\"object-fit:cover;\" srcset=\"https:\/\/minijets.org\/wp-content\/uploads\/2024\/11\/Microturbo-TRS-18-046.webp 800w, https:\/\/minijets.org\/wp-content\/uploads\/2024\/11\/Microturbo-TRS-18-046-16x12.webp 16w, https:\/\/minijets.org\/wp-content\/uploads\/2024\/11\/Microturbo-TRS-18-046-300x225.webp 300w, https:\/\/minijets.org\/wp-content\/uploads\/2024\/11\/Microturbo-TRS-18-046-768x576.webp 768w\" sizes=\"auto, (max-width: 800px) 100vw, 800px\" \/><\/a><\/figure><\/div>\n\n\n\n<div class=\"wp-block-column is-layout-flow wp-block-column-is-layout-flow\" style=\"flex-basis:70%\"><h3 class=\"wp-block-post-title\"><a href=\"https:\/\/minijets.org\/en\/100-150\/microturbo-trs-18-046\/\" target=\"_self\">Microturbo TRS-18-046<\/a><\/h3>\n\n<div class=\"wp-block-post-excerpt\"><p class=\"wp-block-post-excerpt__excerpt\">Sermel puis Microturbo (Maintenant Safran Helicopter Engines) Le\u00a0Microturbo TRS 18-046 est une variante du TRS 18 qui est entr\u00e9e en production en 1976, suite \u00e0 la certification obtenue aupr\u00e8s de la\u00a0FAA\u00a0le\u00a025 mai 1976\u00a0(certificat E13CE ). Comme son pr\u00e9d\u00e9cesseur, il est adapt\u00e9 \u00e0 une installation sur planeur, avion l\u00e9ger ou drone. Le moteur est de construction<\/p><p class=\"wp-block-post-excerpt__more-text\"><a class=\"wp-block-post-excerpt__more-link\" href=\"https:\/\/minijets.org\/en\/100-150\/microturbo-trs-18-046\/\">Lire la suite<\/a><\/p><\/div><\/div>\n<\/div>\n\n<\/li><li class=\"wp-block-post post-8552 page type-page status-publish has-post-thumbnail hentry category-jet-engine-100-150\">\n\n<div class=\"wp-block-columns alignwide is-layout-flex wp-container-core-columns-is-layout-28f84493 wp-block-columns-is-layout-flex\">\n<div class=\"wp-block-column is-layout-flow wp-block-column-is-layout-flow\" style=\"flex-basis:30%\"><figure class=\"wp-block-post-featured-image\"><a href=\"https:\/\/minijets.org\/en\/100-150\/microturbo-trs-18-1\/\" target=\"_self\"><img loading=\"lazy\" decoding=\"async\" width=\"320\" height=\"154\" src=\"https:\/\/minijets.org\/wp-content\/uploads\/2021\/01\/trs18.png\" class=\"attachment-post-thumbnail size-post-thumbnail wp-post-image\" alt=\"Microturbo TRS-18-1\" style=\"object-fit:cover;\" srcset=\"https:\/\/minijets.org\/wp-content\/uploads\/2021\/01\/trs18.png 320w, https:\/\/minijets.org\/wp-content\/uploads\/2021\/01\/trs18-300x144.png 300w, https:\/\/minijets.org\/wp-content\/uploads\/2021\/01\/trs18-18x9.png 18w\" sizes=\"auto, (max-width: 320px) 100vw, 320px\" \/><\/a><\/figure><\/div>\n\n\n\n<div class=\"wp-block-column is-layout-flow wp-block-column-is-layout-flow\" style=\"flex-basis:70%\"><h3 class=\"wp-block-post-title\"><a href=\"https:\/\/minijets.org\/en\/100-150\/microturbo-trs-18-1\/\" target=\"_self\">Microturbo TRS-18-1<\/a><\/h3>\n\n<div class=\"wp-block-post-excerpt\"><p class=\"wp-block-post-excerpt__excerpt\">Sermel puis Microturbo (Maintenant Safran Helicopter Engines) Le Microturbo TRS-18 est un r\u00e9acteur de propulsion, de dimensions r\u00e9duites, dont les accessoires essentiels sont int\u00e9gr\u00e9s dans une enveloppe cylindrique, non concentrique avec l&#8217;axe de la machine, constituant un ensemble extr\u00eamement compact. Au fils des ann\u00e9es, d&#8217;abord SERMEL, puis MICROTURBO ont d\u00e9velopp\u00e9 plusieurs versions :&nbsp; La soci\u00e9t\u00e9<\/p><p class=\"wp-block-post-excerpt__more-text\"><a class=\"wp-block-post-excerpt__more-link\" href=\"https:\/\/minijets.org\/en\/100-150\/microturbo-trs-18-1\/\">Lire la suite<\/a><\/p><\/div><\/div>\n<\/div>\n\n<\/li><li class=\"wp-block-post post-2509 page type-page status-publish has-post-thumbnail hentry category-jet-engine-100-150\">\n\n<div class=\"wp-block-columns alignwide is-layout-flex wp-container-core-columns-is-layout-28f84493 wp-block-columns-is-layout-flex\">\n<div class=\"wp-block-column is-layout-flow wp-block-column-is-layout-flow\" style=\"flex-basis:30%\"><figure class=\"wp-block-post-featured-image\"><a href=\"https:\/\/minijets.org\/en\/100-150\/npt-301\/\" target=\"_self\"><img loading=\"lazy\" decoding=\"async\" width=\"500\" height=\"333\" src=\"https:\/\/minijets.org\/wp-content\/uploads\/2021\/01\/noel_penny_NPT_301.jpg\" class=\"attachment-post-thumbnail size-post-thumbnail wp-post-image\" alt=\"Noel Penny NPT 301\" style=\"object-fit:cover;\" srcset=\"https:\/\/minijets.org\/wp-content\/uploads\/2021\/01\/noel_penny_NPT_301.jpg 500w, https:\/\/minijets.org\/wp-content\/uploads\/2021\/01\/noel_penny_NPT_301-300x200.jpg 300w, https:\/\/minijets.org\/wp-content\/uploads\/2021\/01\/noel_penny_NPT_301-18x12.jpg 18w\" sizes=\"auto, (max-width: 500px) 100vw, 500px\" \/><\/a><\/figure><\/div>\n\n\n\n<div class=\"wp-block-column is-layout-flow wp-block-column-is-layout-flow\" style=\"flex-basis:70%\"><h3 class=\"wp-block-post-title\"><a href=\"https:\/\/minijets.org\/en\/100-150\/npt-301\/\" target=\"_self\">Noel Penny NPT 301<\/a><\/h3>\n\n<div class=\"wp-block-post-excerpt\"><p class=\"wp-block-post-excerpt__excerpt\">Con\u00e7ue par Noel Penny, la famille des\u00a0NPT 301\u00a0a \u00e9t\u00e9 d\u00e9velopp\u00e9e pour \u00e9quiper des drones r\u00e9utilisables, et des engins cibles n\u00e9cessitant une puissance de 130 \u00e0 150 Kgp. NPT 301-3\/4 Cette\u00a0version a \u00e9t\u00e9 sp\u00e9cialement d\u00e9velopp\u00e9e pour \u00e9quiper le CMC Leopard qui a fait son premier vol en janvier 1989. Application Notes et r\u00e9f\u00e9rences Noel Penny Noel<\/p><p class=\"wp-block-post-excerpt__more-text\"><a class=\"wp-block-post-excerpt__more-link\" href=\"https:\/\/minijets.org\/en\/100-150\/npt-301\/\">Lire la suite<\/a><\/p><\/div><\/div>\n<\/div>\n\n<\/li><li class=\"wp-block-post post-632 page type-page status-publish has-post-thumbnail hentry category-jet-engine-100-150\">\n\n<div class=\"wp-block-columns alignwide is-layout-flex wp-container-core-columns-is-layout-28f84493 wp-block-columns-is-layout-flex\">\n<div class=\"wp-block-column is-layout-flow wp-block-column-is-layout-flow\" style=\"flex-basis:30%\"><figure class=\"wp-block-post-featured-image\"><a href=\"https:\/\/minijets.org\/en\/100-150\/pbs-tj100\/\" target=\"_self\"><img loading=\"lazy\" decoding=\"async\" width=\"500\" height=\"368\" src=\"https:\/\/minijets.org\/wp-content\/uploads\/2020\/12\/PBS_TJ100_01.jpg\" class=\"attachment-post-thumbnail size-post-thumbnail wp-post-image\" alt=\"PBS TJ-100\" style=\"object-fit:cover;\" srcset=\"https:\/\/minijets.org\/wp-content\/uploads\/2020\/12\/PBS_TJ100_01.jpg 500w, https:\/\/minijets.org\/wp-content\/uploads\/2020\/12\/PBS_TJ100_01-300x221.jpg 300w, https:\/\/minijets.org\/wp-content\/uploads\/2020\/12\/PBS_TJ100_01-16x12.jpg 16w\" sizes=\"auto, (max-width: 500px) 100vw, 500px\" \/><\/a><\/figure><\/div>\n\n\n\n<div class=\"wp-block-column is-layout-flow wp-block-column-is-layout-flow\" style=\"flex-basis:70%\"><h3 class=\"wp-block-post-title\"><a href=\"https:\/\/minijets.org\/en\/100-150\/pbs-tj100\/\" target=\"_self\">PBS TJ-100<\/a><\/h3>\n\n<div class=\"wp-block-post-excerpt\"><p class=\"wp-block-post-excerpt__excerpt\">Les turbor\u00e9acteurs de la s\u00e9rie&nbsp;PBS TJ-100&nbsp;ont \u00e9t\u00e9 con\u00e7u comme unit\u00e9&nbsp;de propulsion pour drones (MAE-UAV*), avions l\u00e9gers ou planeur, par la soci\u00e9t\u00e9 PBS Aerospace Dans le monde de l&#8217;aviation g\u00e9n\u00e9rale, le TJ-100 s&#8217;est fait un nom en \u00e9quipant le BD-5J Microjet et le Subsonex JSX-2. Le d\u00e9veloppement de ce moteur a commenc\u00e9 en 2001, tandis que<\/p><p class=\"wp-block-post-excerpt__more-text\"><a class=\"wp-block-post-excerpt__more-link\" href=\"https:\/\/minijets.org\/en\/100-150\/pbs-tj100\/\">Lire la suite<\/a><\/p><\/div><\/div>\n<\/div>\n\n<\/li><li class=\"wp-block-post post-8531 page type-page status-publish has-post-thumbnail hentry category-jet-engine-100-150\">\n\n<div class=\"wp-block-columns alignwide is-layout-flex wp-container-core-columns-is-layout-28f84493 wp-block-columns-is-layout-flex\">\n<div class=\"wp-block-column is-layout-flow wp-block-column-is-layout-flow\" style=\"flex-basis:30%\"><figure class=\"wp-block-post-featured-image\"><a href=\"https:\/\/minijets.org\/en\/100-150\/turbomeca-pimene\/\" target=\"_self\"><img loading=\"lazy\" decoding=\"async\" width=\"662\" height=\"314\" src=\"https:\/\/minijets.org\/wp-content\/uploads\/2021\/01\/pimene_01.jpg\" class=\"attachment-post-thumbnail size-post-thumbnail wp-post-image\" alt=\"Turbom\u00e9ca Pim\u00e9n\u00e9\" style=\"object-fit:cover;\" srcset=\"https:\/\/minijets.org\/wp-content\/uploads\/2021\/01\/pimene_01.jpg 662w, https:\/\/minijets.org\/wp-content\/uploads\/2021\/01\/pimene_01-300x142.jpg 300w, https:\/\/minijets.org\/wp-content\/uploads\/2021\/01\/pimene_01-18x9.jpg 18w\" sizes=\"auto, (max-width: 662px) 100vw, 662px\" \/><\/a><\/figure><\/div>\n\n\n\n<div class=\"wp-block-column is-layout-flow wp-block-column-is-layout-flow\" style=\"flex-basis:70%\"><h3 class=\"wp-block-post-title\"><a href=\"https:\/\/minijets.org\/en\/100-150\/turbomeca-pimene\/\" target=\"_self\">Turbom\u00e9ca Pim\u00e9n\u00e9<\/a><\/h3>\n\n<div class=\"wp-block-post-excerpt\"><p class=\"wp-block-post-excerpt__excerpt\">Le Pim\u00e9n\u00e9 est un turbor\u00e9acteur de faible puissance, \u00e9tudi\u00e9 et test\u00e9 dans la fin des ann\u00e9es 40. Il est issu du projet TT-011. C&#8217;est le premier turbor\u00e9acteur de l\u2019entreprise Turbomeca a avoir \u00e9t\u00e9 avionn\u00e9. Type Il s\u2019agit d\u2019un turbor\u00e9acteur \u00e0 compresseur centrifuge \u00e0 &nbsp;un \u00e9tage, \u00e0 &nbsp;chambre de combustion annulaire avec une distribution du carburant<\/p><p class=\"wp-block-post-excerpt__more-text\"><a class=\"wp-block-post-excerpt__more-link\" href=\"https:\/\/minijets.org\/en\/100-150\/turbomeca-pimene\/\">Lire la suite<\/a><\/p><\/div><\/div>\n<\/div>\n\n<\/li><\/ul><\/div>","protected":false},"excerpt":{"rendered":"<p>R\u00e9acteurs de la classe des 100 \u00e0 150 Kg de pouss\u00e9e Pr\u00e9sentation des mini r\u00e9acteurs ayant une puissance comprise entre 100 et 150 kg de pouss\u00e9e, et ayant \u00e9t\u00e9 mont\u00e9 sur un avion. Le pionnier de cette classe des mini r\u00e9acteurs est la soci\u00e9t\u00e9 Fran\u00e7aise Turbom\u00e9ca. En 1948, Turbomeca, dirig\u00e9e par Joseph Szydlowski, fait tourner [&hellip;]<\/p>","protected":false},"author":1,"featured_media":0,"parent":0,"menu_order":0,"comment_status":"closed","ping_status":"closed","template":"","meta":{"_acf_changed":false,"cybocfi_hide_featured_image":"","footnotes":""},"categories":[],"tags":[],"planes-000-100":[],"class_list":["post-81","page","type-page","status-publish","hentry"],"blocksy_meta":{"page_structure_type":"type-2","styles_descriptor":{"styles":{"desktop":"","tablet":"","mobile":""},"google_fonts":[],"version":6}},"acf":[],"_links":{"self":[{"href":"https:\/\/minijets.org\/en\/wp-json\/wp\/v2\/pages\/81","targetHints":{"allow":["GET"]}}],"collection":[{"href":"https:\/\/minijets.org\/en\/wp-json\/wp\/v2\/pages"}],"about":[{"href":"https:\/\/minijets.org\/en\/wp-json\/wp\/v2\/types\/page"}],"author":[{"embeddable":true,"href":"https:\/\/minijets.org\/en\/wp-json\/wp\/v2\/users\/1"}],"replies":[{"embeddable":true,"href":"https:\/\/minijets.org\/en\/wp-json\/wp\/v2\/comments?post=81"}],"version-history":[{"count":4,"href":"https:\/\/minijets.org\/en\/wp-json\/wp\/v2\/pages\/81\/revisions"}],"predecessor-version":[{"id":10118,"href":"https:\/\/minijets.org\/en\/wp-json\/wp\/v2\/pages\/81\/revisions\/10118"}],"wp:attachment":[{"href":"https:\/\/minijets.org\/en\/wp-json\/wp\/v2\/media?parent=81"}],"wp:term":[{"taxonomy":"category","embeddable":true,"href":"https:\/\/minijets.org\/en\/wp-json\/wp\/v2\/categories?post=81"},{"taxonomy":"post_tag","embeddable":true,"href":"https:\/\/minijets.org\/en\/wp-json\/wp\/v2\/tags?post=81"},{"taxonomy":"planes-000-100","embeddable":true,"href":"https:\/\/minijets.org\/en\/wp-json\/wp\/v2\/planes-000-100?post=81"}],"curies":[{"name":"wp","href":"https:\/\/api.w.org\/{rel}","templated":true}]}}