{"id":8836,"date":"2024-05-31T20:58:35","date_gmt":"2024-05-31T18:58:35","guid":{"rendered":"https:\/\/minijets.org\/?page_id=8836"},"modified":"2024-10-21T20:45:18","modified_gmt":"2024-10-21T18:45:18","slug":"foxjet","status":"publish","type":"page","link":"https:\/\/minijets.org\/en\/100-150\/pbs-tj100\/foxjet\/","title":{"rendered":"Foxjet"},"content":{"rendered":"<figure class=\"wp-block-image size-full\"><img loading=\"lazy\" decoding=\"async\" width=\"800\" height=\"131\" src=\"https:\/\/minijets.org\/wp-content\/uploads\/2024\/05\/foxjet_top.webp\" alt=\"\" class=\"wp-image-8841\" srcset=\"https:\/\/minijets.org\/wp-content\/uploads\/2024\/05\/foxjet_top.webp 800w, https:\/\/minijets.org\/wp-content\/uploads\/2024\/05\/foxjet_top-18x3.webp 18w, https:\/\/minijets.org\/wp-content\/uploads\/2024\/05\/foxjet_top-300x49.webp 300w, https:\/\/minijets.org\/wp-content\/uploads\/2024\/05\/foxjet_top-768x126.webp 768w\" sizes=\"auto, (max-width: 800px) 100vw, 800px\" \/><\/figure>\n\n\n\n<p>Le Foxjet est une \u00e9volution du MDM-1 Fox, un planeur biplace de voltige construit dans les ann\u00e9es 90 par Marga\u0144ski &amp; Myslowski en mat\u00e9riaux composites. Il est dot\u00e9 d&#8217;un train d&#8217;atterrissage fixe et d&#8217;un empennage cruciforme. Il a \u00e9t\u00e9 \u00e9quip\u00e9 de deux turbor\u00e9acteurs PBS TJ-100 pour offrir plus de puissance, augmenter la vitesse et am\u00e9liorer les capacit\u00e9s de voltige. Cette innovation est l&#8217;\u0153uvre de Bob Carlton et de l&#8217;\u00e9quipe de Desert Aerospace.<\/p>\n\n\n\n<div class=\"wp-block-columns is-layout-flex wp-container-core-columns-is-layout-28f84493 wp-block-columns-is-layout-flex\">\n<div class=\"wp-block-column is-layout-flow wp-block-column-is-layout-flow\">\n<figure class=\"wp-block-image size-full\"><img loading=\"lazy\" decoding=\"async\" width=\"1024\" height=\"683\" src=\"https:\/\/minijets.org\/wp-content\/uploads\/2024\/06\/foxjet_01.webp\" alt=\"Foxjet\" class=\"wp-image-8868\" srcset=\"https:\/\/minijets.org\/wp-content\/uploads\/2024\/06\/foxjet_01.webp 1024w, https:\/\/minijets.org\/wp-content\/uploads\/2024\/06\/foxjet_01-18x12.webp 18w, https:\/\/minijets.org\/wp-content\/uploads\/2024\/06\/foxjet_01-300x200.webp 300w, https:\/\/minijets.org\/wp-content\/uploads\/2024\/06\/foxjet_01-768x512.webp 768w\" sizes=\"auto, (max-width: 1024px) 100vw, 1024px\" \/><figcaption class=\"wp-element-caption\">Sur cette photo du Foxjet, on voit parfaitement l&#8217;implantation des deux TJ-100, avec l&#8217;orientation divergente des flux . Source : Vertigo Airshows\u200b, Photographe : Marc Mocho<\/figcaption><\/figure>\n<\/div>\n\n\n\n<div class=\"wp-block-column is-layout-flow wp-block-column-is-layout-flow\">\n<figure class=\"wp-block-image size-full\"><img loading=\"lazy\" decoding=\"async\" width=\"1024\" height=\"683\" src=\"https:\/\/minijets.org\/wp-content\/uploads\/2024\/06\/foxjet_02.webp\" alt=\"Le Foxjet en vol aux main de Bob Carlton\" class=\"wp-image-8865\" srcset=\"https:\/\/minijets.org\/wp-content\/uploads\/2024\/06\/foxjet_02.webp 1024w, https:\/\/minijets.org\/wp-content\/uploads\/2024\/06\/foxjet_02-18x12.webp 18w, https:\/\/minijets.org\/wp-content\/uploads\/2024\/06\/foxjet_02-300x200.webp 300w, https:\/\/minijets.org\/wp-content\/uploads\/2024\/06\/foxjet_02-768x512.webp 768w\" sizes=\"auto, (max-width: 1024px) 100vw, 1024px\" \/><figcaption class=\"wp-element-caption\">Le Foxjet en vol aux main de Bob Carlton. Source : Vertigo Airshows\u200b, Photographe : Marc Mocho<\/figcaption><\/figure>\n<\/div>\n<\/div>\n\n\n\n<div class=\"wp-block-columns is-layout-flex wp-container-core-columns-is-layout-28f84493 wp-block-columns-is-layout-flex\">\n<div class=\"wp-block-column is-layout-flow wp-block-column-is-layout-flow\">\n<figure class=\"wp-block-image size-full\"><img loading=\"lazy\" decoding=\"async\" width=\"1024\" height=\"683\" src=\"https:\/\/minijets.org\/wp-content\/uploads\/2024\/06\/foxjet_03.webp\" alt=\"Bob Carlton devant le Foxjet\" class=\"wp-image-8871\" srcset=\"https:\/\/minijets.org\/wp-content\/uploads\/2024\/06\/foxjet_03.webp 1024w, https:\/\/minijets.org\/wp-content\/uploads\/2024\/06\/foxjet_03-18x12.webp 18w, https:\/\/minijets.org\/wp-content\/uploads\/2024\/06\/foxjet_03-300x200.webp 300w, https:\/\/minijets.org\/wp-content\/uploads\/2024\/06\/foxjet_03-768x512.webp 768w\" sizes=\"auto, (max-width: 1024px) 100vw, 1024px\" \/><figcaption class=\"wp-element-caption\">Bob Carlton devant le Foxjet, pr\u00eat pour une nouvelle saison avec Vertigo Airshows<\/figcaption><\/figure>\n<\/div>\n\n\n\n<div class=\"wp-block-column is-layout-flow wp-block-column-is-layout-flow\">\n<figure class=\"wp-block-image size-full\"><img loading=\"lazy\" decoding=\"async\" width=\"1024\" height=\"683\" src=\"https:\/\/minijets.org\/wp-content\/uploads\/2024\/06\/foxjet_04.webp\" alt=\"Foxjet avec ses r\u00e9acteurs PBS TJ-100\" class=\"wp-image-8872\" srcset=\"https:\/\/minijets.org\/wp-content\/uploads\/2024\/06\/foxjet_04.webp 1024w, https:\/\/minijets.org\/wp-content\/uploads\/2024\/06\/foxjet_04-18x12.webp 18w, https:\/\/minijets.org\/wp-content\/uploads\/2024\/06\/foxjet_04-300x200.webp 300w, https:\/\/minijets.org\/wp-content\/uploads\/2024\/06\/foxjet_04-768x512.webp 768w\" sizes=\"auto, (max-width: 1024px) 100vw, 1024px\" \/><figcaption class=\"wp-element-caption\">Foxjet avec ses r\u00e9acteurs PBS TJ-100<\/figcaption><\/figure>\n<\/div>\n<\/div>","protected":false},"excerpt":{"rendered":"<p>Le Foxjet est une \u00e9volution du MDM-1 Fox, un planeur biplace de voltige construit dans les ann\u00e9es 90 par Marga\u0144ski &amp; Myslowski en mat\u00e9riaux composites. Il est dot\u00e9 d&#8217;un train d&#8217;atterrissage fixe et d&#8217;un empennage cruciforme. Il a \u00e9t\u00e9 \u00e9quip\u00e9 de deux turbor\u00e9acteurs PBS TJ-100 pour offrir plus de puissance, augmenter la vitesse et am\u00e9liorer [&hellip;]<\/p>","protected":false},"author":1,"featured_media":8865,"parent":632,"menu_order":0,"comment_status":"closed","ping_status":"closed","template":"","meta":{"_acf_changed":false,"cybocfi_hide_featured_image":"yes","footnotes":""},"categories":[18],"tags":[],"planes-000-100":[],"class_list":["post-8836","page","type-page","status-publish","has-post-thumbnail","hentry","category-plane-100-150"],"blocksy_meta":[],"acf":[],"_links":{"self":[{"href":"https:\/\/minijets.org\/en\/wp-json\/wp\/v2\/pages\/8836","targetHints":{"allow":["GET"]}}],"collection":[{"href":"https:\/\/minijets.org\/en\/wp-json\/wp\/v2\/pages"}],"about":[{"href":"https:\/\/minijets.org\/en\/wp-json\/wp\/v2\/types\/page"}],"author":[{"embeddable":true,"href":"https:\/\/minijets.org\/en\/wp-json\/wp\/v2\/users\/1"}],"replies":[{"embeddable":true,"href":"https:\/\/minijets.org\/en\/wp-json\/wp\/v2\/comments?post=8836"}],"version-history":[{"count":16,"href":"https:\/\/minijets.org\/en\/wp-json\/wp\/v2\/pages\/8836\/revisions"}],"predecessor-version":[{"id":9539,"href":"https:\/\/minijets.org\/en\/wp-json\/wp\/v2\/pages\/8836\/revisions\/9539"}],"up":[{"embeddable":true,"href":"https:\/\/minijets.org\/en\/wp-json\/wp\/v2\/pages\/632"}],"wp:featuredmedia":[{"embeddable":true,"href":"https:\/\/minijets.org\/en\/wp-json\/wp\/v2\/media\/8865"}],"wp:attachment":[{"href":"https:\/\/minijets.org\/en\/wp-json\/wp\/v2\/media?parent=8836"}],"wp:term":[{"taxonomy":"category","embeddable":true,"href":"https:\/\/minijets.org\/en\/wp-json\/wp\/v2\/categories?post=8836"},{"taxonomy":"post_tag","embeddable":true,"href":"https:\/\/minijets.org\/en\/wp-json\/wp\/v2\/tags?post=8836"},{"taxonomy":"planes-000-100","embeddable":true,"href":"https:\/\/minijets.org\/en\/wp-json\/wp\/v2\/planes-000-100?post=8836"}],"curies":[{"name":"wp","href":"https:\/\/api.w.org\/{rel}","templated":true}]}}