{"id":989,"date":"2020-12-20T22:01:30","date_gmt":"2020-12-20T21:01:30","guid":{"rendered":"http:\/\/tst.minijets.org\/?page_id=989"},"modified":"2022-11-16T15:45:40","modified_gmt":"2022-11-16T14:45:40","slug":"pbs-tj20a","status":"publish","type":"page","link":"https:\/\/minijets.org\/en\/0-100\/pbs-tj20a\/","title":{"rendered":"PBS TJ-20A"},"content":{"rendered":"<div class=\"wp-block-columns is-layout-flex wp-container-core-columns-is-layout-28f84493 wp-block-columns-is-layout-flex\">\n<div class=\"wp-block-column is-layout-flow wp-block-column-is-layout-flow\" style=\"flex-basis:50%\">\n<figure class=\"wp-block-image size-large\"><img loading=\"lazy\" decoding=\"async\" width=\"500\" height=\"334\" src=\"http:\/\/minijets.org\/wp-content\/uploads\/2020\/12\/PBS_TJ20_01.jpg\" alt=\"PBS TJ-20a\" class=\"wp-image-469\" srcset=\"https:\/\/minijets.org\/wp-content\/uploads\/2020\/12\/PBS_TJ20_01.jpg 500w, https:\/\/minijets.org\/wp-content\/uploads\/2020\/12\/PBS_TJ20_01-300x200.jpg 300w, https:\/\/minijets.org\/wp-content\/uploads\/2020\/12\/PBS_TJ20_01-18x12.jpg 18w\" sizes=\"auto, (max-width: 500px) 100vw, 500px\" \/><figcaption class=\"wp-element-caption\">PSB TJ20, avec la courtoisie de PBS<\/figcaption><\/figure>\n\n\n\n<figure class=\"wp-block-image size-large\"><img loading=\"lazy\" decoding=\"async\" width=\"500\" height=\"334\" src=\"http:\/\/minijets.org\/wp-content\/uploads\/2020\/12\/PBS_TJ20_02.jpg\" alt=\"PBS TJ-20a\" class=\"wp-image-480\" srcset=\"https:\/\/minijets.org\/wp-content\/uploads\/2020\/12\/PBS_TJ20_02.jpg 500w, https:\/\/minijets.org\/wp-content\/uploads\/2020\/12\/PBS_TJ20_02-300x200.jpg 300w, https:\/\/minijets.org\/wp-content\/uploads\/2020\/12\/PBS_TJ20_02-18x12.jpg 18w\" sizes=\"auto, (max-width: 500px) 100vw, 500px\" \/><figcaption class=\"wp-element-caption\">PSB TJ20, avec la courtoisie de PBS<\/figcaption><\/figure>\n<\/div>\n\n\n\n<div class=\"wp-block-column is-layout-flow wp-block-column-is-layout-flow\" style=\"flex-basis:50%\">\n<p>The<strong>\u00a0PBS TJ-20a<\/strong>\u00a0appartient \u00e0 une s\u00e9rie de petits turbor\u00e9acteurs qui b\u00e9n\u00e9ficient des derni\u00e8res technologies d\u00e9velopp\u00e9es pour des moteurs plus puissant. Il est architectur\u00e9 autour d&#8217;un compresseur centrifuge \u00e0 un \u00e9tage, d&#8217;un diffuseur centrifuge et axial, d&#8217;une chambre de combustion annulaire et d&#8217;une turbine axiale \u00e0 un \u00e9tage. il a \u00e9t\u00e9 pr\u00e9sent\u00e9 au Meeting du Bourget en 2013. <\/p>\n\n\n\n<p>Il a \u00e9t\u00e9 depuis remplac\u00e9 par le\u00a0<a href=\"https:\/\/www.pbs.cz\/en\/our-business\/aerospace\/aircraftgines\/jetgine-pbs-tj23u\" target=\"_blank\" rel=\"noreferrer noopener\">TJ-23U\u00a0<\/a><\/p>\n\n\n\n<p>Il est annonc\u00e9 avec une puissance maximum de\u00a0<strong>210\u00a0N<\/strong>\u00a0pour un poids inf\u00e9rieur \u00e0\u00a0<strong>2,1 kg<\/strong>. Les roulements\u00a0sont lubrifi\u00e9s\u00a0par\u00a0le carburant m\u00e9lang\u00e9 \u00e0 3% d&#8217;huile.\u00a0Il est\u00a0pilot\u00e9 par un syst\u00e8me de contr\u00f4le num\u00e9rique,\u00a0int\u00e9gr\u00e9 dans le moteur, commandant\u00a0la pompe \u00e0 carburant et deux valves \u00e9lectromagn\u00e9tiques. <\/p>\n\n\n\n<p>Le d\u00e9marrage est \u00e9lectrique. La bougie est int\u00e9gr\u00e9e \u00e0 l&#8217;enveloppe de la\u00a0chambre de combustion. <\/p>\n\n\n\n<p>Le syst\u00e8me de fixation\u00a0moteur\u00a0comme l&#8217;\u00e9cran de contr\u00f4le sont des accessoires qui\u00a0peuvent \u00eatre command\u00e9s \u00e0 part.<\/p>\n<\/div>\n<\/div>\n\n\n\n<div class=\"wp-block-columns is-layout-flex wp-container-core-columns-is-layout-28f84493 wp-block-columns-is-layout-flex\">\n<div class=\"wp-block-column is-layout-flow wp-block-column-is-layout-flow\">\n<figure class=\"wp-block-image size-large\"><img loading=\"lazy\" decoding=\"async\" width=\"500\" height=\"375\" src=\"http:\/\/minijets.org\/wp-content\/uploads\/2020\/12\/PBS_TJ20_03.jpg\" alt=\"\" class=\"wp-image-473\" srcset=\"https:\/\/minijets.org\/wp-content\/uploads\/2020\/12\/PBS_TJ20_03.jpg 500w, https:\/\/minijets.org\/wp-content\/uploads\/2020\/12\/PBS_TJ20_03-300x225.jpg 300w, https:\/\/minijets.org\/wp-content\/uploads\/2020\/12\/PBS_TJ20_03-16x12.jpg 16w\" sizes=\"auto, (max-width: 500px) 100vw, 500px\" \/><figcaption class=\"wp-element-caption\">Paris Air Show, le Bourget, 06.2013, Photo : Philippe BEZARD<\/figcaption><\/figure>\n\n\n\n<figure class=\"wp-block-image size-large\"><img loading=\"lazy\" decoding=\"async\" width=\"500\" height=\"375\" src=\"http:\/\/minijets.org\/wp-content\/uploads\/2020\/12\/PBS_TJ20_05.jpg\" alt=\"\" class=\"wp-image-472\" srcset=\"https:\/\/minijets.org\/wp-content\/uploads\/2020\/12\/PBS_TJ20_05.jpg 500w, https:\/\/minijets.org\/wp-content\/uploads\/2020\/12\/PBS_TJ20_05-300x225.jpg 300w, https:\/\/minijets.org\/wp-content\/uploads\/2020\/12\/PBS_TJ20_05-16x12.jpg 16w\" sizes=\"auto, (max-width: 500px) 100vw, 500px\" \/><figcaption class=\"wp-element-caption\">Paris Air Show, le Bourget, 06.2013, Photo : Philippe BEZARD<\/figcaption><\/figure>\n<\/div>\n\n\n\n<div class=\"wp-block-column is-layout-flow wp-block-column-is-layout-flow\">\n<figure class=\"wp-block-image size-large\"><img loading=\"lazy\" decoding=\"async\" width=\"500\" height=\"375\" src=\"http:\/\/minijets.org\/wp-content\/uploads\/2020\/12\/PBS_TJ20_04.jpg\" alt=\"\" class=\"wp-image-478\" srcset=\"https:\/\/minijets.org\/wp-content\/uploads\/2020\/12\/PBS_TJ20_04.jpg 500w, https:\/\/minijets.org\/wp-content\/uploads\/2020\/12\/PBS_TJ20_04-300x225.jpg 300w, https:\/\/minijets.org\/wp-content\/uploads\/2020\/12\/PBS_TJ20_04-16x12.jpg 16w\" sizes=\"auto, (max-width: 500px) 100vw, 500px\" \/><figcaption class=\"wp-element-caption\">Paris Air Show, le Bourget, 06.2013, Photo : Philippe BEZARD<\/figcaption><\/figure>\n\n\n\n<figure class=\"wp-block-image size-large\"><img loading=\"lazy\" decoding=\"async\" width=\"500\" height=\"375\" src=\"http:\/\/minijets.org\/wp-content\/uploads\/2020\/12\/PBS_TJ20_06.jpg\" alt=\"\" class=\"wp-image-470\" srcset=\"https:\/\/minijets.org\/wp-content\/uploads\/2020\/12\/PBS_TJ20_06.jpg 500w, https:\/\/minijets.org\/wp-content\/uploads\/2020\/12\/PBS_TJ20_06-300x225.jpg 300w, https:\/\/minijets.org\/wp-content\/uploads\/2020\/12\/PBS_TJ20_06-16x12.jpg 16w\" sizes=\"auto, (max-width: 500px) 100vw, 500px\" \/><figcaption class=\"wp-element-caption\">Paris Air Show, le Bourget, 06.2013, Photo : Philippe BEZARD<\/figcaption><\/figure>\n<\/div>\n<\/div>\n\n\n\n<h2 class=\"wp-block-heading\">Application<\/h2>\n\n\n        <div class=\"wp-block-getwid-custom-post-type custom-post-type-page has-layout-list\">\n            <div class=\"wp-block-getwid-custom-post-type__wrapper\">\n                \t\t\t\t\t\t\t\t<div class='wp-block-getwid-custom-post-type__post'>\n\t\t\t\t\t\t\t\t\t\n<div class=\"wp-block-getwid-custom-post-type__post-wrapper\">\n            <div class=\"wp-block-getwid-custom-post-type__post-thumbnail\">\n            <a href=\"https:\/\/minijets.org\/en\/0-100\/pbs-tj20a\/mc15j\/\"><img loading=\"lazy\" decoding=\"async\" width=\"600\" height=\"345\" src=\"https:\/\/minijets.org\/wp-content\/uploads\/2020\/12\/Cricri_Jet_VH-ZSE_03.jpg\" class=\"attachment-post-thumbnail size-post-thumbnail wp-post-image\" alt=\"\" srcset=\"https:\/\/minijets.org\/wp-content\/uploads\/2020\/12\/Cricri_Jet_VH-ZSE_03.jpg 600w, https:\/\/minijets.org\/wp-content\/uploads\/2020\/12\/Cricri_Jet_VH-ZSE_03-300x173.jpg 300w, https:\/\/minijets.org\/wp-content\/uploads\/2020\/12\/Cricri_Jet_VH-ZSE_03-18x10.jpg 18w\" sizes=\"auto, (max-width: 600px) 100vw, 600px\" \/><\/a>\n        <\/div>\n        <div class=\"wp-block-getwid-custom-post-type__content-wrapper\">\n        <div class=\"wp-block-getwid-custom-post-type__post-header\">\n            <h3 class=\"wp-block-getwid-custom-post-type__post-title\"><a href=\"https:\/\/minijets.org\/en\/0-100\/pbs-tj20a\/mc15j\/\">MC-15J Cricri Jet<\/a><\/h3>        <\/div>\n        <div class=\"wp-block-getwid-custom-post-type__post-excerpt\"><p>Cricri Jet by Sakkie Van Heerden and Davies Botes. Ce&nbsp;MC-15J cricri jet&nbsp;a \u00e9t\u00e9 construit par&nbsp;Sakkie van Heerden&nbsp;and&nbsp;Dawie Botes, deux ing\u00e9nieurs Sud-africains vivant \u00e0 Perth en Australie.&nbsp;Le premier vol a eu lieu&nbsp;le 22 septembre 2015. Il est \u00e9quip\u00e9 de deux turbor\u00e9acteurs PBS TJ-20A de 210 N de pouss\u00e9e unitaire. Pr\u00e9sentation g\u00e9n\u00e9rale R\u00e9servoirs de carburant Train d&#8217;atterrissage [&hellip;]<\/p>\n<\/div>\n    <\/div>\n<\/div>\n\t\t\t\t\t\t\t\t<\/div>\n\t\t\t\t\t\t\t            <\/div>\n\n                    <\/div>","protected":false},"excerpt":{"rendered":"<p>Le\u00a0PBS TJ-20a\u00a0appartient \u00e0 une s\u00e9rie de petits turbor\u00e9acteurs qui b\u00e9n\u00e9ficient des derni\u00e8res technologies d\u00e9velopp\u00e9es pour des moteurs plus puissant. Il est architectur\u00e9 autour d&#8217;un compresseur centrifuge \u00e0 un \u00e9tage, d&#8217;un diffuseur centrifuge et axial, d&#8217;une chambre de combustion annulaire et d&#8217;une turbine axiale \u00e0 un \u00e9tage. il a \u00e9t\u00e9 pr\u00e9sent\u00e9 au Meeting du Bourget en [&hellip;]<\/p>","protected":false},"author":1,"featured_media":469,"parent":15,"menu_order":0,"comment_status":"closed","ping_status":"closed","template":"","meta":{"_acf_changed":false,"cybocfi_hide_featured_image":"","footnotes":""},"categories":[12],"tags":[],"planes-000-100":[],"class_list":["post-989","page","type-page","status-publish","has-post-thumbnail","hentry","category-jet-engine-000-100"],"blocksy_meta":[],"acf":[],"_links":{"self":[{"href":"https:\/\/minijets.org\/en\/wp-json\/wp\/v2\/pages\/989","targetHints":{"allow":["GET"]}}],"collection":[{"href":"https:\/\/minijets.org\/en\/wp-json\/wp\/v2\/pages"}],"about":[{"href":"https:\/\/minijets.org\/en\/wp-json\/wp\/v2\/types\/page"}],"author":[{"embeddable":true,"href":"https:\/\/minijets.org\/en\/wp-json\/wp\/v2\/users\/1"}],"replies":[{"embeddable":true,"href":"https:\/\/minijets.org\/en\/wp-json\/wp\/v2\/comments?post=989"}],"version-history":[{"count":0,"href":"https:\/\/minijets.org\/en\/wp-json\/wp\/v2\/pages\/989\/revisions"}],"up":[{"embeddable":true,"href":"https:\/\/minijets.org\/en\/wp-json\/wp\/v2\/pages\/15"}],"wp:featuredmedia":[{"embeddable":true,"href":"https:\/\/minijets.org\/en\/wp-json\/wp\/v2\/media\/469"}],"wp:attachment":[{"href":"https:\/\/minijets.org\/en\/wp-json\/wp\/v2\/media?parent=989"}],"wp:term":[{"taxonomy":"category","embeddable":true,"href":"https:\/\/minijets.org\/en\/wp-json\/wp\/v2\/categories?post=989"},{"taxonomy":"post_tag","embeddable":true,"href":"https:\/\/minijets.org\/en\/wp-json\/wp\/v2\/tags?post=989"},{"taxonomy":"planes-000-100","embeddable":true,"href":"https:\/\/minijets.org\/en\/wp-json\/wp\/v2\/planes-000-100?post=989"}],"curies":[{"name":"wp","href":"https:\/\/api.w.org\/{rel}","templated":true}]}}