{"id":1000,"date":"2020-12-27T18:10:24","date_gmt":"2020-12-27T17:10:24","guid":{"rendered":"http:\/\/tst.minijets.org\/?page_id=1000"},"modified":"2022-11-14T20:39:21","modified_gmt":"2022-11-14T19:39:21","slug":"lyulka-ts-31m","status":"publish","type":"page","link":"https:\/\/minijets.org\/fr\/0-100\/lyulka-ts-31m\/","title":{"rendered":"Lyulka TS-31M"},"content":{"rendered":"\n<div class=\"wp-block-columns is-layout-flex wp-container-core-columns-is-layout-28f84493 wp-block-columns-is-layout-flex\">\n<div class=\"wp-block-column is-layout-flow wp-block-column-is-layout-flow\">\n<figure class=\"wp-block-image size-large\"><img loading=\"lazy\" decoding=\"async\" width=\"500\" height=\"283\" src=\"http:\/\/minijets.org\/wp-content\/uploads\/2020\/12\/Luylka-TS31-M.png\" alt=\"Lyulka TS-31M\" class=\"wp-image-1001\" srcset=\"https:\/\/minijets.org\/wp-content\/uploads\/2020\/12\/Luylka-TS31-M.png 500w, https:\/\/minijets.org\/wp-content\/uploads\/2020\/12\/Luylka-TS31-M-300x170.png 300w, https:\/\/minijets.org\/wp-content\/uploads\/2020\/12\/Luylka-TS31-M-18x10.png 18w\" sizes=\"auto, (max-width: 500px) 100vw, 500px\" \/><figcaption class=\"wp-element-caption\">Turbor\u00e9acteur Lyulka TS-31M<\/figcaption><\/figure>\n<\/div>\n\n\n\n<div class=\"wp-block-column is-layout-flow wp-block-column-is-layout-flow\">\n<p>En marge de ses activit\u00e9s militaires,&nbsp;<strong>Lyulka<\/strong>&nbsp;a produit le petit turbor\u00e9acteur&nbsp;<strong>TS-31<\/strong>, qui pour un poids de 23 kg offrait une puissance de 55 kgp. Il ne fut utilis\u00e9 que sur le moto-planeur Antonov A-13.<\/p>\n\n\n\n<p><\/p>\n<\/div>\n<\/div>\n\n\n\n<h2 class=\"wp-block-heading\">Application<\/h2>\n\n\n        <div class=\"wp-block-getwid-custom-post-type custom-post-type-page has-layout-list\">\n            <div class=\"wp-block-getwid-custom-post-type__wrapper\">\n                \t\t\t\t\t\t\t\t<div class='wp-block-getwid-custom-post-type__post'>\n\t\t\t\t\t\t\t\t\t\n<div class=\"wp-block-columns is-layout-flex wp-container-core-columns-is-layout-28f84493 wp-block-columns-is-layout-flex\">\n<div class=\"wp-block-column is-layout-flow wp-block-column-is-layout-flow\" style=\"flex-basis:25%\">\n<div class=\"wp-block-getwid-template-post-featured-image\" >\n            <a href=\"https:\/\/minijets.org\/fr\/0-100\/lyulka-ts-31m\/antonov-a-13m\/\">\n        <img loading=\"lazy\" decoding=\"async\" width=\"500\" height=\"300\" src=\"https:\/\/minijets.org\/wp-content\/uploads\/2020\/12\/Antonov-A13-M_03.jpg\" class=\"attachment-full size-full wp-post-image\" alt=\"Antonov A-13M\" srcset=\"https:\/\/minijets.org\/wp-content\/uploads\/2020\/12\/Antonov-A13-M_03.jpg 500w, https:\/\/minijets.org\/wp-content\/uploads\/2020\/12\/Antonov-A13-M_03-300x180.jpg 300w, https:\/\/minijets.org\/wp-content\/uploads\/2020\/12\/Antonov-A13-M_03-18x12.jpg 18w\" sizes=\"auto, (max-width: 500px) 100vw, 500px\" \/>            <\/a>\n    <\/div>\n<\/div>\n\n\n\n<div class=\"wp-block-column is-layout-flow wp-block-column-is-layout-flow\" style=\"flex-basis:75%\">\n<h3 class=\"wp-block-getwid-template-post-title minijets_custom_title\"><a class=\"wp-block-getwid-template-post-title__link\" href=\"https:\/\/minijets.org\/fr\/0-100\/lyulka-ts-31m\/antonov-a-13m\/\">Antonov A-13M<\/a><\/h3>\n\n\n<div class=\"wp-block-getwid-template-acf-wysiwyg custom-field-sous-titre\"  style=\"font-weight: bold;font-size: 15px;\">\n    <\/div>\n\n\n\n<div class=\"wp-block-getwid-template-post-content is-excerpt\" ><p>Le motoplaneur \u00e0 r\u00e9action Antonov A-13M est issu de la conversion d&#8217;un planeur A-13, r\u00e9alis\u00e9e dans les ann\u00e9es 1958-1959, par l&#8217;OKB Antonov, sous la direction de l&#8217;ing\u00e9nieur RA Izmailov. Le r\u00e9acteur, un Lyulka TS-31M d&#8217;une puissance d&#8217;environ 60 Kg de pouss\u00e9e, a \u00e9t\u00e9 install\u00e9 sur un pilonne positionn\u00e9 sur le dos du fuselage, imm\u00e9diatement derri\u00e8re\u2026<\/p><\/div>\n\n\n\n<div class=\"wp-block-getwid-template-post-button wp-block-button minijets_custom_button\" >\n    <a href=\"https:\/\/minijets.org\/fr\/0-100\/lyulka-ts-31m\/antonov-a-13m\/\" class=\"wp-block-button__link has-background has-white-background-color has-text-color has-vivid-cyan-blue-color\">\n\t\tLire la suite\t<\/a>\n<\/div>\n\n\n<\/div>\n<\/div>\n\t\t\t\t\t\t\t\t<\/div>\n\t\t\t\t\t\t\t            <\/div>\n\n                    <\/div>\n        ","protected":false},"excerpt":{"rendered":"<p>En marge de ses activit\u00e9s militaires,&nbsp;Lyulka&nbsp;a produit le petit turbor\u00e9acteur&nbsp;TS-31, qui pour un poids de 23 kg offrait une puissance de 55 kgp. Il ne fut utilis\u00e9 que sur le moto-planeur Antonov A-13. Application<\/p>\n","protected":false},"author":1,"featured_media":1001,"parent":15,"menu_order":0,"comment_status":"closed","ping_status":"closed","template":"","meta":{"_acf_changed":false,"cybocfi_hide_featured_image":"","footnotes":""},"categories":[12],"tags":[],"planes-000-100":[],"class_list":["post-1000","page","type-page","status-publish","has-post-thumbnail","hentry","category-jet-engine-000-100"],"blocksy_meta":[],"acf":[],"_links":{"self":[{"href":"https:\/\/minijets.org\/fr\/wp-json\/wp\/v2\/pages\/1000","targetHints":{"allow":["GET"]}}],"collection":[{"href":"https:\/\/minijets.org\/fr\/wp-json\/wp\/v2\/pages"}],"about":[{"href":"https:\/\/minijets.org\/fr\/wp-json\/wp\/v2\/types\/page"}],"author":[{"embeddable":true,"href":"https:\/\/minijets.org\/fr\/wp-json\/wp\/v2\/users\/1"}],"replies":[{"embeddable":true,"href":"https:\/\/minijets.org\/fr\/wp-json\/wp\/v2\/comments?post=1000"}],"version-history":[{"count":0,"href":"https:\/\/minijets.org\/fr\/wp-json\/wp\/v2\/pages\/1000\/revisions"}],"up":[{"embeddable":true,"href":"https:\/\/minijets.org\/fr\/wp-json\/wp\/v2\/pages\/15"}],"wp:featuredmedia":[{"embeddable":true,"href":"https:\/\/minijets.org\/fr\/wp-json\/wp\/v2\/media\/1001"}],"wp:attachment":[{"href":"https:\/\/minijets.org\/fr\/wp-json\/wp\/v2\/media?parent=1000"}],"wp:term":[{"taxonomy":"category","embeddable":true,"href":"https:\/\/minijets.org\/fr\/wp-json\/wp\/v2\/categories?post=1000"},{"taxonomy":"post_tag","embeddable":true,"href":"https:\/\/minijets.org\/fr\/wp-json\/wp\/v2\/tags?post=1000"},{"taxonomy":"planes-000-100","embeddable":true,"href":"https:\/\/minijets.org\/fr\/wp-json\/wp\/v2\/planes-000-100?post=1000"}],"curies":[{"name":"wp","href":"https:\/\/api.w.org\/{rel}","templated":true}]}}