{"id":1038,"date":"2020-12-27T18:34:56","date_gmt":"2020-12-27T17:34:56","guid":{"rendered":"http:\/\/tst.minijets.org\/?page_id=1038"},"modified":"2022-11-26T12:38:44","modified_gmt":"2022-11-26T11:38:44","slug":"kingtech-k310g","status":"publish","type":"page","link":"https:\/\/minijets.org\/fr\/0-100\/kingtech-k310g\/","title":{"rendered":"Kingtech K310G"},"content":{"rendered":"\n<div class=\"wp-block-columns is-layout-flex wp-container-core-columns-is-layout-28f84493 wp-block-columns-is-layout-flex\">\n<div class=\"wp-block-column minijets_table is-layout-flow wp-block-column-is-layout-flow\" style=\"flex-basis:50%\">\n<figure class=\"wp-block-image size-large\"><img loading=\"lazy\" decoding=\"async\" width=\"1024\" height=\"610\" src=\"http:\/\/minijets.org\/wp-content\/uploads\/2020\/12\/KingTech_K310G_01-1024x610.jpg\" alt=\"Kingtech K310G\" class=\"wp-image-1046\" srcset=\"https:\/\/minijets.org\/wp-content\/uploads\/2020\/12\/KingTech_K310G_01-1024x610.jpg 1024w, https:\/\/minijets.org\/wp-content\/uploads\/2020\/12\/KingTech_K310G_01-300x179.jpg 300w, https:\/\/minijets.org\/wp-content\/uploads\/2020\/12\/KingTech_K310G_01-768x457.jpg 768w, https:\/\/minijets.org\/wp-content\/uploads\/2020\/12\/KingTech_K310G_01-1536x915.jpg 1536w, https:\/\/minijets.org\/wp-content\/uploads\/2020\/12\/KingTech_K310G_01-18x12.jpg 18w, https:\/\/minijets.org\/wp-content\/uploads\/2020\/12\/KingTech_K310G_01.jpg 1829w\" sizes=\"auto, (max-width: 1024px) 100vw, 1024px\" \/><figcaption class=\"wp-element-caption\">Turbor\u00e9acteur Kingtech K310G<\/figcaption><\/figure>\n<\/div>\n\n\n\n<div class=\"wp-block-column is-layout-flow wp-block-column-is-layout-flow\" style=\"flex-basis:50%\">\n<p>Kingtech est un fabricant de petits r\u00e9acteurs \u00e0 turbine, qui produit des moteurs pour des mod\u00e8les d&#8217;avions t\u00e9l\u00e9command\u00e9s haut de gamme et des syst\u00e8mes a\u00e9riens sans pilote.<\/p>\n\n\n\n<p>Kingtech a fait son entr\u00e9e sur le march\u00e9 en 2009 apr\u00e8s quatre ans de processus de d\u00e9veloppement. Gr\u00e2ce \u00e0 l&#8217;exp\u00e9rience accumul\u00e9e au fil des ans, Kingtech est en mesure de d\u00e9velopper, de fabriquer, de vendre et de fournir des services pour ses produits de mani\u00e8re ind\u00e9pendante, avec une propri\u00e9t\u00e9 intellectuelle et technologique compl\u00e8te.<\/p>\n<\/div>\n<\/div>\n\n\n\n<h2 class=\"wp-block-heading\">Application<\/h2>\n\n\n        <div class=\"wp-block-getwid-custom-post-type custom-post-type-page has-layout-list\">\n            <div class=\"wp-block-getwid-custom-post-type__wrapper\">\n                \t\t\t\t\t\t\t\t<div class='wp-block-getwid-custom-post-type__post'>\n\t\t\t\t\t\t\t\t\t\n<div class=\"wp-block-columns is-layout-flex wp-container-core-columns-is-layout-28f84493 wp-block-columns-is-layout-flex\">\n<div class=\"wp-block-column is-layout-flow wp-block-column-is-layout-flow\" style=\"flex-basis:25%\">\n<div class=\"wp-block-getwid-template-post-featured-image\" >\n            <a href=\"https:\/\/minijets.org\/fr\/0-100\/kingtech-k310g\/as-k8-jet\/\">\n        <img loading=\"lazy\" decoding=\"async\" width=\"800\" height=\"600\" src=\"https:\/\/minijets.org\/wp-content\/uploads\/2024\/10\/K8b_Jet_08.webp\" class=\"attachment-full size-full wp-post-image\" alt=\"AS K8 Jet\" srcset=\"https:\/\/minijets.org\/wp-content\/uploads\/2024\/10\/K8b_Jet_08.webp 800w, https:\/\/minijets.org\/wp-content\/uploads\/2024\/10\/K8b_Jet_08-16x12.webp 16w, https:\/\/minijets.org\/wp-content\/uploads\/2024\/10\/K8b_Jet_08-300x225.webp 300w, https:\/\/minijets.org\/wp-content\/uploads\/2024\/10\/K8b_Jet_08-768x576.webp 768w\" sizes=\"auto, (max-width: 800px) 100vw, 800px\" \/>            <\/a>\n    <\/div>\n<\/div>\n\n\n\n<div class=\"wp-block-column is-layout-flow wp-block-column-is-layout-flow\" style=\"flex-basis:75%\">\n<h3 class=\"wp-block-getwid-template-post-title minijets_custom_title\"><a class=\"wp-block-getwid-template-post-title__link\" href=\"https:\/\/minijets.org\/fr\/0-100\/kingtech-k310g\/as-k8-jet\/\">AS K8 Jet<\/a><\/h3>\n\n\n<div class=\"wp-block-getwid-template-acf-wysiwyg custom-field-sous-titre\"  style=\"font-weight: bold;font-size: 15px;\">\n    <\/div>\n\n\n\n<div class=\"wp-block-getwid-template-post-content is-excerpt\" ><p>L&#8217;AS K8 Jet est une conversion en jet d&#8217;un&nbsp;Schleicher Ka-8B. Il devait-\u00eatre enregistr\u00e9 en tant qu&#8217;ULM classe 3.&nbsp;&nbsp;La cellule provient d&#8217;un Ka8 sur laquelle a \u00e9t\u00e9 mont\u00e9 un r\u00e9acteur KingTech K310 d\u00e9veloppant 310N de pouss\u00e9e au r\u00e9gime maximal. Il a effectu\u00e9 son premier vol le&nbsp;1er d\u00e9cembre 2018, sur l&#8217;a\u00e9rodrome de&nbsp;Pontarlier,&nbsp;aux mains de&nbsp;Rafael ANGEL&nbsp;concepteur du Projet.\u2026<\/p><\/div>\n\n\n\n<div class=\"wp-block-getwid-template-post-button wp-block-button minijets_custom_button\" >\n    <a href=\"https:\/\/minijets.org\/fr\/0-100\/kingtech-k310g\/as-k8-jet\/\" class=\"wp-block-button__link has-background has-white-background-color has-text-color has-vivid-cyan-blue-color\">\n\t\tLire la suite\t<\/a>\n<\/div>\n\n\n<\/div>\n<\/div>\n\t\t\t\t\t\t\t\t<\/div>\n\t\t\t\t\t\t\t            <\/div>\n\n                    <\/div>\n        ","protected":false},"excerpt":{"rendered":"<p>Kingtech est un fabricant de petits r\u00e9acteurs \u00e0 turbine, qui produit des moteurs pour des mod\u00e8les d&#8217;avions t\u00e9l\u00e9command\u00e9s haut de gamme et des syst\u00e8mes a\u00e9riens sans pilote. Kingtech a fait son entr\u00e9e sur le march\u00e9 en 2009 apr\u00e8s quatre ans de processus de d\u00e9veloppement. Gr\u00e2ce \u00e0 l&#8217;exp\u00e9rience accumul\u00e9e au fil des ans, Kingtech est en [&hellip;]<\/p>\n","protected":false},"author":1,"featured_media":1046,"parent":15,"menu_order":0,"comment_status":"closed","ping_status":"closed","template":"","meta":{"_acf_changed":false,"cybocfi_hide_featured_image":"","footnotes":""},"categories":[12],"tags":[],"planes-000-100":[],"class_list":["post-1038","page","type-page","status-publish","has-post-thumbnail","hentry","category-jet-engine-000-100"],"blocksy_meta":[],"acf":[],"_links":{"self":[{"href":"https:\/\/minijets.org\/fr\/wp-json\/wp\/v2\/pages\/1038","targetHints":{"allow":["GET"]}}],"collection":[{"href":"https:\/\/minijets.org\/fr\/wp-json\/wp\/v2\/pages"}],"about":[{"href":"https:\/\/minijets.org\/fr\/wp-json\/wp\/v2\/types\/page"}],"author":[{"embeddable":true,"href":"https:\/\/minijets.org\/fr\/wp-json\/wp\/v2\/users\/1"}],"replies":[{"embeddable":true,"href":"https:\/\/minijets.org\/fr\/wp-json\/wp\/v2\/comments?post=1038"}],"version-history":[{"count":0,"href":"https:\/\/minijets.org\/fr\/wp-json\/wp\/v2\/pages\/1038\/revisions"}],"up":[{"embeddable":true,"href":"https:\/\/minijets.org\/fr\/wp-json\/wp\/v2\/pages\/15"}],"wp:featuredmedia":[{"embeddable":true,"href":"https:\/\/minijets.org\/fr\/wp-json\/wp\/v2\/media\/1046"}],"wp:attachment":[{"href":"https:\/\/minijets.org\/fr\/wp-json\/wp\/v2\/media?parent=1038"}],"wp:term":[{"taxonomy":"category","embeddable":true,"href":"https:\/\/minijets.org\/fr\/wp-json\/wp\/v2\/categories?post=1038"},{"taxonomy":"post_tag","embeddable":true,"href":"https:\/\/minijets.org\/fr\/wp-json\/wp\/v2\/tags?post=1038"},{"taxonomy":"planes-000-100","embeddable":true,"href":"https:\/\/minijets.org\/fr\/wp-json\/wp\/v2\/planes-000-100?post=1038"}],"curies":[{"name":"wp","href":"https:\/\/api.w.org\/{rel}","templated":true}]}}