{"id":1092,"date":"2020-12-28T13:42:42","date_gmt":"2020-12-28T12:42:42","guid":{"rendered":"http:\/\/tst.minijets.org\/?page_id=1092"},"modified":"2024-05-23T20:40:37","modified_gmt":"2024-05-23T18:40:37","slug":"mc15j","status":"publish","type":"page","link":"https:\/\/minijets.org\/fr\/0-100\/amt-olympus\/mc15j\/","title":{"rendered":"MC-15J Cricri Jet"},"content":{"rendered":"\n<p>Ce MC-15J Cricri jet a \u00e9t\u00e9 construit par <strong>Nicolas Charmon<\/strong>t. Les moteurs \u00e0 explosion du <a href=\"https:\/\/en.wikipedia.org\/wiki\/Colomban_Cri-cri\" data-type=\"URL\" data-id=\"https:\/\/en.wikipedia.org\/wiki\/Colomban_Cri-cri\" target=\"_blank\" rel=\"noopener\">MC-15<\/a> ont \u00e9t\u00e9 remplac\u00e9s par des turbor\u00e9acteurs <a href=\"https:\/\/minijets.org\/0-100\/amt-olympus\/\" data-type=\"page\" data-id=\"906\">AMT Olympus<\/a>. Il a effectu\u00e9 son premier vol au mains de son constructeur en 1998.<\/p>\n\n\n\n<p>Le Cricri a \u00e9t\u00e9 con\u00e7u par&nbsp;<strong>Michel COLOMBAN<\/strong>. Le prototype a vol\u00e9 pour la premi\u00e8re fois, aux mains de&nbsp;<strong>Robert BUISSON<\/strong>, sur l&#8217;<a href=\"https:\/\/fr.wikipedia.org\/wiki\/A%C3%A9rodrome_de_Guyancourt\" data-type=\"URL\" data-id=\"https:\/\/fr.wikipedia.org\/wiki\/A%C3%A9rodrome_de_Guyancourt\" target=\"_blank\" rel=\"noopener\">a\u00e9rodrome de Guyancourt<\/a>, le 19 juillet 1973. C&#8217;est un avion dont la construction s&#8217;effectue uniquement selon les plans distribu\u00e9s par son concepteur et dans le cadre de la construction amateur.<\/p>\n\n\n\n<div class=\"wp-block-columns is-layout-flex wp-container-core-columns-is-layout-28f84493 wp-block-columns-is-layout-flex\">\n<div class=\"wp-block-column is-layout-flow wp-block-column-is-layout-flow\" style=\"flex-basis:50%\">\n<p>Monoplace, \u00e9quip\u00e9 \u00e0 &nbsp;l&#8217;origine avec 2 moteurs de 15 CV, c&#8217;est le plus petit bimoteur du monde. Il vole \u00e0 &nbsp;plus de 200 km\/h pour une consommation d&#8217;environ 10 l\/h.&nbsp;Il a subit diff\u00e9rentes \u00e9volutions quant \u00e0 &nbsp;sa motorisation, et en particulier, celle qui nous int\u00e9resse, avec des turbines.<\/p>\n\n\n\n<p>Il y a eu au moins 4 Cri-cri MC15J motoris\u00e9s par r\u00e9acteurs:<\/p>\n\n\n\n<ul class=\"wp-block-list\">\n<li>Le&nbsp;premier fut celui de&nbsp;<strong>Yves Duva<\/strong>l&nbsp;motoris\u00e9 avec des JET Cobra<\/li>\n\n\n\n<li>Le second celui de&nbsp;<strong>Nicolas Charmont<\/strong>, motoris\u00e9 avec des AMT Olympus<\/li>\n\n\n\n<li>Le troisi\u00e8me celui de&nbsp;<strong>Dominique Bonnaire<\/strong>&nbsp;motoris\u00e9 avec des Jetcat P200 SX.<\/li>\n\n\n\n<li>Le quatri\u00e8me celui de&nbsp;<strong>Sakkie van Heerden<\/strong>&nbsp;motoris\u00e9 avec des PBS J20A<\/li>\n<\/ul>\n\n\n\n<p>Les performances de cette machine sont de 240 km\/h (160 km\/h sur un seul moteur)<\/p>\n<\/div>\n\n\n\n<div class=\"wp-block-column minijets_table is-layout-flow wp-block-column-is-layout-flow\" style=\"flex-basis:50%\">\n<figure class=\"wp-block-image size-large\"><img loading=\"lazy\" decoding=\"async\" width=\"454\" height=\"270\" src=\"http:\/\/minijets.org\/wp-content\/uploads\/2020\/12\/cri_cri_10_gallery.jpg\" alt=\"\" class=\"wp-image-57\" srcset=\"https:\/\/minijets.org\/wp-content\/uploads\/2020\/12\/cri_cri_10_gallery.jpg 454w, https:\/\/minijets.org\/wp-content\/uploads\/2020\/12\/cri_cri_10_gallery-300x178.jpg 300w, https:\/\/minijets.org\/wp-content\/uploads\/2020\/12\/cri_cri_10_gallery-18x12.jpg 18w\" sizes=\"auto, (max-width: 454px) 100vw, 454px\" \/><figcaption class=\"wp-element-caption\">Nicolas Charmont et son Cricri Jet \u00e9quip\u00e9 d&#8217;AMT Olympus<\/figcaption><\/figure>\n\n\n\n<figure class=\"wp-block-image size-large\"><img loading=\"lazy\" decoding=\"async\" width=\"454\" height=\"242\" src=\"http:\/\/minijets.org\/wp-content\/uploads\/2020\/12\/cri_cri_11_gallery.jpg\" alt=\"MC-15J Cricri Jet\" class=\"wp-image-58\" srcset=\"https:\/\/minijets.org\/wp-content\/uploads\/2020\/12\/cri_cri_11_gallery.jpg 454w, https:\/\/minijets.org\/wp-content\/uploads\/2020\/12\/cri_cri_11_gallery-300x160.jpg 300w, https:\/\/minijets.org\/wp-content\/uploads\/2020\/12\/cri_cri_11_gallery-18x10.jpg 18w\" sizes=\"auto, (max-width: 454px) 100vw, 454px\" \/><figcaption class=\"wp-element-caption\">Nicolas Charmont photo prise lors de la s\u00e9quence de d\u00e9marrage des moteurs<\/figcaption><\/figure>\n<\/div>\n<\/div>\n\n\n\n<div class=\"wp-block-columns is-layout-flex wp-container-core-columns-is-layout-28f84493 wp-block-columns-is-layout-flex\">\n<div class=\"wp-block-column is-layout-flow wp-block-column-is-layout-flow\">\n<figure class=\"wp-block-image size-large\"><img loading=\"lazy\" decoding=\"async\" width=\"454\" height=\"278\" src=\"http:\/\/minijets.org\/wp-content\/uploads\/2020\/12\/cri_cri_5_gallery.jpg\" alt=\"\" class=\"wp-image-61\" srcset=\"https:\/\/minijets.org\/wp-content\/uploads\/2020\/12\/cri_cri_5_gallery.jpg 454w, https:\/\/minijets.org\/wp-content\/uploads\/2020\/12\/cri_cri_5_gallery-300x184.jpg 300w, https:\/\/minijets.org\/wp-content\/uploads\/2020\/12\/cri_cri_5_gallery-18x12.jpg 18w\" sizes=\"auto, (max-width: 454px) 100vw, 454px\" \/><\/figure>\n\n\n\n<figure class=\"wp-block-image size-large\"><img loading=\"lazy\" decoding=\"async\" width=\"455\" height=\"201\" src=\"http:\/\/minijets.org\/wp-content\/uploads\/2020\/12\/CrICri-Jet-AMT-Olympus-04-e1609169196117.jpg\" alt=\"\" class=\"wp-image-1108\" srcset=\"https:\/\/minijets.org\/wp-content\/uploads\/2020\/12\/CrICri-Jet-AMT-Olympus-04-e1609169196117.jpg 455w, https:\/\/minijets.org\/wp-content\/uploads\/2020\/12\/CrICri-Jet-AMT-Olympus-04-e1609169196117-300x133.jpg 300w, https:\/\/minijets.org\/wp-content\/uploads\/2020\/12\/CrICri-Jet-AMT-Olympus-04-e1609169196117-18x8.jpg 18w\" sizes=\"auto, (max-width: 455px) 100vw, 455px\" \/><\/figure>\n<\/div>\n\n\n\n<div class=\"wp-block-column is-layout-flow wp-block-column-is-layout-flow\">\n<figure class=\"wp-block-image size-large\"><img loading=\"lazy\" decoding=\"async\" width=\"454\" height=\"254\" src=\"http:\/\/minijets.org\/wp-content\/uploads\/2020\/12\/cri_cri_8_gallery.jpg\" alt=\"\" class=\"wp-image-62\" srcset=\"https:\/\/minijets.org\/wp-content\/uploads\/2020\/12\/cri_cri_8_gallery.jpg 454w, https:\/\/minijets.org\/wp-content\/uploads\/2020\/12\/cri_cri_8_gallery-300x168.jpg 300w, https:\/\/minijets.org\/wp-content\/uploads\/2020\/12\/cri_cri_8_gallery-18x10.jpg 18w\" sizes=\"auto, (max-width: 454px) 100vw, 454px\" \/><\/figure>\n\n\n\n<figure class=\"wp-block-image size-large\"><img loading=\"lazy\" decoding=\"async\" width=\"454\" height=\"200\" src=\"http:\/\/minijets.org\/wp-content\/uploads\/2020\/12\/cri_cri_6_gallery.jpg\" alt=\"\" class=\"wp-image-64\" srcset=\"https:\/\/minijets.org\/wp-content\/uploads\/2020\/12\/cri_cri_6_gallery.jpg 454w, https:\/\/minijets.org\/wp-content\/uploads\/2020\/12\/cri_cri_6_gallery-300x132.jpg 300w, https:\/\/minijets.org\/wp-content\/uploads\/2020\/12\/cri_cri_6_gallery-18x8.jpg 18w\" sizes=\"auto, (max-width: 454px) 100vw, 454px\" \/><\/figure>\n<\/div>\n<\/div>\n\n\n\n<h2 class=\"wp-block-heading\">Notes et R\u00e9f\u00e9rences<\/h2>\n\n\n\n<h3 class=\"wp-block-heading\">Les MC-15J Cricri Jet connus<\/h3>\n\n\n        <div class=\"wp-block-getwid-custom-post-type custom-post-type-page has-layout-list\">\n            <div class=\"wp-block-getwid-custom-post-type__wrapper\">\n                \t\t\t\t\t\t\t\t<div class='wp-block-getwid-custom-post-type__post'>\n\t\t\t\t\t\t\t\t\t\n<div class=\"wp-block-columns is-layout-flex wp-container-core-columns-is-layout-28f84493 wp-block-columns-is-layout-flex\">\n<div class=\"wp-block-column is-layout-flow wp-block-column-is-layout-flow\" style=\"flex-basis:25%\">\n<div class=\"wp-block-getwid-template-post-featured-image\" >\n            <a href=\"https:\/\/minijets.org\/fr\/0-100\/pbs-tj20a\/mc15j\/\">\n        <img loading=\"lazy\" decoding=\"async\" width=\"600\" height=\"345\" src=\"https:\/\/minijets.org\/wp-content\/uploads\/2020\/12\/Cricri_Jet_VH-ZSE_03.jpg\" class=\"attachment-full size-full wp-post-image\" alt=\"MC-15J Cricri Jet\" srcset=\"https:\/\/minijets.org\/wp-content\/uploads\/2020\/12\/Cricri_Jet_VH-ZSE_03.jpg 600w, https:\/\/minijets.org\/wp-content\/uploads\/2020\/12\/Cricri_Jet_VH-ZSE_03-300x173.jpg 300w, https:\/\/minijets.org\/wp-content\/uploads\/2020\/12\/Cricri_Jet_VH-ZSE_03-18x10.jpg 18w\" sizes=\"auto, (max-width: 600px) 100vw, 600px\" \/>            <\/a>\n    <\/div>\n<\/div>\n\n\n\n<div class=\"wp-block-column is-layout-flow wp-block-column-is-layout-flow\" style=\"flex-basis:75%\">\n<h3 class=\"wp-block-getwid-template-post-title minijets_custom_title\"><a class=\"wp-block-getwid-template-post-title__link\" href=\"https:\/\/minijets.org\/fr\/0-100\/pbs-tj20a\/mc15j\/\">MC-15J Cricri Jet<\/a><\/h3>\n\n\n<div class=\"wp-block-getwid-template-acf-wysiwyg custom-field-sous-titre\"  style=\"font-weight: bold;font-size: 15px;\">\n    <\/div>\n\n\n\n<div class=\"wp-block-getwid-template-post-content is-excerpt\" ><p>Cricri Jet by Sakkie Van Heerden and Davies Botes. Ce&nbsp;MC-15J cricri jet&nbsp;a \u00e9t\u00e9 construit par&nbsp;Sakkie van Heerden&nbsp;and&nbsp;Dawie Botes, deux ing\u00e9nieurs Sud-africains vivant \u00e0 Perth en Australie.&nbsp;Le premier vol a eu lieu&nbsp;le 22 septembre 2015. Il est \u00e9quip\u00e9 de deux turbor\u00e9acteurs PBS TJ-20A de 210 N de pouss\u00e9e unitaire. Pr\u00e9sentation g\u00e9n\u00e9rale R\u00e9servoirs de carburant Train d&#8217;atterrissage\u2026<\/p><\/div>\n\n\n\n<div class=\"wp-block-getwid-template-post-button wp-block-button minijets_custom_button\" >\n    <a href=\"https:\/\/minijets.org\/fr\/0-100\/pbs-tj20a\/mc15j\/\" class=\"wp-block-button__link has-background has-white-background-color has-text-color has-vivid-cyan-blue-color\">\n\t\tLire la suite\t<\/a>\n<\/div>\n\n\n<\/div>\n<\/div>\n\t\t\t\t\t\t\t\t<\/div>\n\t\t\t\t\t\t\t\t\t\t\t\t\t\t\t<div class='wp-block-getwid-custom-post-type__post'>\n\t\t\t\t\t\t\t\t\t\n<div class=\"wp-block-columns is-layout-flex wp-container-core-columns-is-layout-28f84493 wp-block-columns-is-layout-flex\">\n<div class=\"wp-block-column is-layout-flow wp-block-column-is-layout-flow\" style=\"flex-basis:25%\">\n<div class=\"wp-block-getwid-template-post-featured-image\" >\n            <a href=\"https:\/\/minijets.org\/fr\/0-100\/jetcat-p200\/mc15j\/\">\n        <img loading=\"lazy\" decoding=\"async\" width=\"500\" height=\"464\" src=\"https:\/\/minijets.org\/wp-content\/uploads\/2020\/12\/Cricri_Jet-Jetcat-P200SX_F-PCLF-06.jpg\" class=\"attachment-full size-full wp-post-image\" alt=\"MC-15J Cricri Jet\" srcset=\"https:\/\/minijets.org\/wp-content\/uploads\/2020\/12\/Cricri_Jet-Jetcat-P200SX_F-PCLF-06.jpg 500w, https:\/\/minijets.org\/wp-content\/uploads\/2020\/12\/Cricri_Jet-Jetcat-P200SX_F-PCLF-06-300x278.jpg 300w, https:\/\/minijets.org\/wp-content\/uploads\/2020\/12\/Cricri_Jet-Jetcat-P200SX_F-PCLF-06-13x12.jpg 13w\" sizes=\"auto, (max-width: 500px) 100vw, 500px\" \/>            <\/a>\n    <\/div>\n<\/div>\n\n\n\n<div class=\"wp-block-column is-layout-flow wp-block-column-is-layout-flow\" style=\"flex-basis:75%\">\n<h3 class=\"wp-block-getwid-template-post-title minijets_custom_title\"><a class=\"wp-block-getwid-template-post-title__link\" href=\"https:\/\/minijets.org\/fr\/0-100\/jetcat-p200\/mc15j\/\">MC-15J Cricri Jet<\/a><\/h3>\n\n\n<div class=\"wp-block-getwid-template-acf-wysiwyg custom-field-sous-titre\"  style=\"font-weight: bold;font-size: 15px;\">\n    <\/div>\n\n\n\n<div class=\"wp-block-getwid-template-post-content is-excerpt\" ><p>Apr\u00e8s ceux d&#8217;Yves DUVAL et de Nicolas CHARMONT, un troisi\u00e8me MC-15J Cricri Jet \u00e0 r\u00e9action a vol\u00e9 en France. C&#8217;est celui de&nbsp;Dominique BONNAIRE. Il lui a fait faire son premier vol dans cette configuration le&nbsp;5 mai 2011. La motorisation retenue diff\u00e8re des pr\u00e9c\u00e9dentes puisque cette fois c&#8217;est Jetcat qui a \u00e9t\u00e9 choisi avec&nbsp;2 r\u00e9acteurs Jetcat\u2026<\/p><\/div>\n\n\n\n<div class=\"wp-block-getwid-template-post-button wp-block-button minijets_custom_button\" >\n    <a href=\"https:\/\/minijets.org\/fr\/0-100\/jetcat-p200\/mc15j\/\" class=\"wp-block-button__link has-background has-white-background-color has-text-color has-vivid-cyan-blue-color\">\n\t\tLire la suite\t<\/a>\n<\/div>\n\n\n<\/div>\n<\/div>\n\t\t\t\t\t\t\t\t<\/div>\n\t\t\t\t\t\t\t\t\t\t\t\t\t\t\t<div class='wp-block-getwid-custom-post-type__post'>\n\t\t\t\t\t\t\t\t\t\n<div class=\"wp-block-columns is-layout-flex wp-container-core-columns-is-layout-28f84493 wp-block-columns-is-layout-flex\">\n<div class=\"wp-block-column is-layout-flow wp-block-column-is-layout-flow\" style=\"flex-basis:25%\">\n<div class=\"wp-block-getwid-template-post-featured-image\" >\n            <a href=\"https:\/\/minijets.org\/fr\/0-100\/amt-olympus\/mc15j\/\">\n        <img loading=\"lazy\" decoding=\"async\" width=\"550\" height=\"300\" src=\"https:\/\/minijets.org\/wp-content\/uploads\/2020\/12\/cricri-jet12203541.jpg\" class=\"attachment-full size-full wp-post-image\" alt=\"MC-15J Cricri Jet\" srcset=\"https:\/\/minijets.org\/wp-content\/uploads\/2020\/12\/cricri-jet12203541.jpg 550w, https:\/\/minijets.org\/wp-content\/uploads\/2020\/12\/cricri-jet12203541-300x164.jpg 300w, https:\/\/minijets.org\/wp-content\/uploads\/2020\/12\/cricri-jet12203541-18x10.jpg 18w\" sizes=\"auto, (max-width: 550px) 100vw, 550px\" \/>            <\/a>\n    <\/div>\n<\/div>\n\n\n\n<div class=\"wp-block-column is-layout-flow wp-block-column-is-layout-flow\" style=\"flex-basis:75%\">\n<h3 class=\"wp-block-getwid-template-post-title minijets_custom_title\"><a class=\"wp-block-getwid-template-post-title__link\" href=\"https:\/\/minijets.org\/fr\/0-100\/amt-olympus\/mc15j\/\">MC-15J Cricri Jet<\/a><\/h3>\n\n\n<div class=\"wp-block-getwid-template-acf-wysiwyg custom-field-sous-titre\"  style=\"font-weight: bold;font-size: 15px;\">\n    <\/div>\n\n\n\n<div class=\"wp-block-getwid-template-post-content is-excerpt\" ><p>Ce MC-15J Cricri jet a \u00e9t\u00e9 construit par Nicolas Charmont. Les moteurs \u00e0 explosion du MC-15 ont \u00e9t\u00e9 remplac\u00e9s par des turbor\u00e9acteurs AMT Olympus. Il a effectu\u00e9 son premier vol au mains de son constructeur en 1998. Le Cricri a \u00e9t\u00e9 con\u00e7u par&nbsp;Michel COLOMBAN. Le prototype a vol\u00e9 pour la premi\u00e8re fois, aux mains de&nbsp;Robert\u2026<\/p><\/div>\n\n\n\n<div class=\"wp-block-getwid-template-post-button wp-block-button minijets_custom_button\" >\n    <a href=\"https:\/\/minijets.org\/fr\/0-100\/amt-olympus\/mc15j\/\" class=\"wp-block-button__link has-background has-white-background-color has-text-color has-vivid-cyan-blue-color\">\n\t\tLire la suite\t<\/a>\n<\/div>\n\n\n<\/div>\n<\/div>\n\t\t\t\t\t\t\t\t<\/div>\n\t\t\t\t\t\t\t\t\t\t\t\t\t\t\t<div class='wp-block-getwid-custom-post-type__post'>\n\t\t\t\t\t\t\t\t\t\n<div class=\"wp-block-columns is-layout-flex wp-container-core-columns-is-layout-28f84493 wp-block-columns-is-layout-flex\">\n<div class=\"wp-block-column is-layout-flow wp-block-column-is-layout-flow\" style=\"flex-basis:25%\">\n<div class=\"wp-block-getwid-template-post-featured-image\" >\n            <a href=\"https:\/\/minijets.org\/fr\/0-100\/jet-cobra\/mc15j\/\">\n        <img loading=\"lazy\" decoding=\"async\" width=\"360\" height=\"280\" src=\"https:\/\/minijets.org\/wp-content\/uploads\/2020\/12\/Cricri-jet-Yves-Duval-01.jpg\" class=\"attachment-full size-full wp-post-image\" alt=\"MC-15J &#8211; Cricri Jet\" srcset=\"https:\/\/minijets.org\/wp-content\/uploads\/2020\/12\/Cricri-jet-Yves-Duval-01.jpg 360w, https:\/\/minijets.org\/wp-content\/uploads\/2020\/12\/Cricri-jet-Yves-Duval-01-300x233.jpg 300w, https:\/\/minijets.org\/wp-content\/uploads\/2020\/12\/Cricri-jet-Yves-Duval-01-15x12.jpg 15w\" sizes=\"auto, (max-width: 360px) 100vw, 360px\" \/>            <\/a>\n    <\/div>\n<\/div>\n\n\n\n<div class=\"wp-block-column is-layout-flow wp-block-column-is-layout-flow\" style=\"flex-basis:75%\">\n<h3 class=\"wp-block-getwid-template-post-title minijets_custom_title\"><a class=\"wp-block-getwid-template-post-title__link\" href=\"https:\/\/minijets.org\/fr\/0-100\/jet-cobra\/mc15j\/\">MC-15J &#8211; Cricri Jet<\/a><\/h3>\n\n\n<div class=\"wp-block-getwid-template-acf-wysiwyg custom-field-sous-titre\"  style=\"font-weight: bold;font-size: 15px;\">\n    <\/div>\n\n\n\n<div class=\"wp-block-getwid-template-post-content is-excerpt\" ><p>Apr\u00e8s 3 ann\u00e9es d&#8217;efforts, c&#8217;est sur l&#8217;a\u00e9roport de\u00a0Rennes Saint-Jacques\u00a0(LFRN) et aux mains d&#8217;Yves DUVAL\u00a0que le\u00a0MC-15J, Cricri Jet, a fait son premier vol le\u00a0jeudi 31 juillet 1997.\u00a0 Monoplace, \u00e9quip\u00e9 \u00e0 l&#8217;origine avec 2 moteurs de 15 CV, c&#8217;est le plus petit bimoteur du monde. Il vole \u00e0 plus de 200 km\/h pour une consommation d&#8217;environ 10\u2026<\/p><\/div>\n\n\n\n<div class=\"wp-block-getwid-template-post-button wp-block-button minijets_custom_button\" >\n    <a href=\"https:\/\/minijets.org\/fr\/0-100\/jet-cobra\/mc15j\/\" class=\"wp-block-button__link has-background has-white-background-color has-text-color has-vivid-cyan-blue-color\">\n\t\tLire la suite\t<\/a>\n<\/div>\n\n\n<\/div>\n<\/div>\n\t\t\t\t\t\t\t\t<\/div>\n\t\t\t\t\t\t\t            <\/div>\n\n                    <\/div>\n        ","protected":false},"excerpt":{"rendered":"<p>Ce MC-15J Cricri jet a \u00e9t\u00e9 construit par Nicolas Charmont. Les moteurs \u00e0 explosion du MC-15 ont \u00e9t\u00e9 remplac\u00e9s par des turbor\u00e9acteurs AMT Olympus. Il a effectu\u00e9 son premier vol au mains de son constructeur en 1998. Le Cricri a \u00e9t\u00e9 con\u00e7u par&nbsp;Michel COLOMBAN. Le prototype a vol\u00e9 pour la premi\u00e8re fois, aux mains de&nbsp;Robert [&hellip;]<\/p>\n","protected":false},"author":1,"featured_media":405,"parent":906,"menu_order":0,"comment_status":"closed","ping_status":"closed","template":"","meta":{"_acf_changed":false,"cybocfi_hide_featured_image":"","footnotes":""},"categories":[17],"tags":[],"planes-000-100":[],"class_list":["post-1092","page","type-page","status-publish","has-post-thumbnail","hentry","category-plane-000-100"],"blocksy_meta":[],"acf":[],"_links":{"self":[{"href":"https:\/\/minijets.org\/fr\/wp-json\/wp\/v2\/pages\/1092","targetHints":{"allow":["GET"]}}],"collection":[{"href":"https:\/\/minijets.org\/fr\/wp-json\/wp\/v2\/pages"}],"about":[{"href":"https:\/\/minijets.org\/fr\/wp-json\/wp\/v2\/types\/page"}],"author":[{"embeddable":true,"href":"https:\/\/minijets.org\/fr\/wp-json\/wp\/v2\/users\/1"}],"replies":[{"embeddable":true,"href":"https:\/\/minijets.org\/fr\/wp-json\/wp\/v2\/comments?post=1092"}],"version-history":[{"count":1,"href":"https:\/\/minijets.org\/fr\/wp-json\/wp\/v2\/pages\/1092\/revisions"}],"predecessor-version":[{"id":8716,"href":"https:\/\/minijets.org\/fr\/wp-json\/wp\/v2\/pages\/1092\/revisions\/8716"}],"up":[{"embeddable":true,"href":"https:\/\/minijets.org\/fr\/wp-json\/wp\/v2\/pages\/906"}],"wp:featuredmedia":[{"embeddable":true,"href":"https:\/\/minijets.org\/fr\/wp-json\/wp\/v2\/media\/405"}],"wp:attachment":[{"href":"https:\/\/minijets.org\/fr\/wp-json\/wp\/v2\/media?parent=1092"}],"wp:term":[{"taxonomy":"category","embeddable":true,"href":"https:\/\/minijets.org\/fr\/wp-json\/wp\/v2\/categories?post=1092"},{"taxonomy":"post_tag","embeddable":true,"href":"https:\/\/minijets.org\/fr\/wp-json\/wp\/v2\/tags?post=1092"},{"taxonomy":"planes-000-100","embeddable":true,"href":"https:\/\/minijets.org\/fr\/wp-json\/wp\/v2\/planes-000-100?post=1092"}],"curies":[{"name":"wp","href":"https:\/\/api.w.org\/{rel}","templated":true}]}}