{"id":1204,"date":"2021-01-01T13:54:30","date_gmt":"2021-01-01T12:54:30","guid":{"rendered":"http:\/\/tst.minijets.org\/?page_id=1204"},"modified":"2022-11-12T10:35:16","modified_gmt":"2022-11-12T09:35:16","slug":"blanik-jet","status":"publish","type":"page","link":"https:\/\/minijets.org\/fr\/0-100\/jetcat-p200\/blanik-jet\/","title":{"rendered":"Blanik Jet"},"content":{"rendered":"\n<p>Le projet\u00a0<strong>Jetarna<\/strong>\u00a0(Blanik jet) a \u00e9t\u00e9 men\u00e9 par des membres du Club de vol \u00e0 voile su\u00e9dois d&#8217;H\u00f6gan\u00e4s, qui pensaient qu&#8217;un planeur propuls\u00e9 par un r\u00e9acteur pouvait \u00eatre une alternative int\u00e9ressante \u00e0\u00a0l&#8217;absence de thermique pendant la saison d&#8217;hiver.<\/p>\n\n\n\n<div class=\"wp-block-columns is-layout-flex wp-container-core-columns-is-layout-28f84493 wp-block-columns-is-layout-flex\">\n<div class=\"wp-block-column is-layout-flow wp-block-column-is-layout-flow\">\n<h2 class=\"wp-block-heading\">Le Blanik jet, un planeur \u00e9quip\u00e9 de 2 r\u00e9acteurs Jetcat P200<\/h2>\n\n\n\n<p>Le club disposant d&#8217;un Blanik, l&#8217;id\u00e9e a \u00e9t\u00e9 de l&#8217;\u00e9quiper de 2 turbor\u00e9acteur de faible puissance. Les premiers essai ont \u00e9t\u00e9 men\u00e9 avec des Jetcat P160, qui ont \u00e9t\u00e9 rapidement chang\u00e9s par des <a href=\"https:\/\/minijets.org\/0-100\/jetcat-p200\/\" data-type=\"page\" data-id=\"279\">Jetcat P200<\/a>, ces derniers donnant une puissance suffisante. Les essais on pu \u00eatre men\u00e9 facilement\u00a0car la piste\u00a0utilis\u00e9e \u00e9tait longue de 2200 m.\u00a0<\/p>\n\n\n\n<p>Le premier vol a eu lieu avec succ\u00e8s le&nbsp;<strong>9 novembre 2003<\/strong>. Il \u00e9tait pilot\u00e9 par&nbsp;<strong>Peter HOLM<\/strong>, accompagn\u00e9 de&nbsp;<strong>Gert Acketoft<\/strong>&nbsp;pour surveiller les 2 r\u00e9acteurs et leur syst\u00e8me de r\u00e9gulation. Le Blanik a roul\u00e9 sur 400 m avant de d\u00e9coller, puis de monter jusqu&#8217;\u00e0 700 m d&#8217;altitude.<\/p>\n\n\n\n<p>L&#8217;exp\u00e9rience ne s&#8217;est pas limit\u00e9e \u00e0 ce premier vol. Au fil du temps, le syst\u00e8me de propulsion a \u00e9t\u00e9 am\u00e9lior\u00e9 : le d\u00e9marrage sur propane a \u00e9t\u00e9 supprim\u00e9&nbsp;pour laisser la place&nbsp;\u00e0 du Jet-A1.&nbsp;<\/p>\n\n\n\n<p>Les points les plus importants \u00e0 r\u00e9soudre restaient&nbsp;celui du&nbsp;red\u00e9marrage en vol, en particulier par temps froid et celui de la fiabilit\u00e9 du syst\u00e8me contr\u00f4le \u00e9lectronique au del\u00e0 de 5 minutes de fonctionnement.<\/p>\n\n\n\n<p>Toute la partie exp\u00e9rimentale du projet a \u00e9t\u00e9 faite sous couvert d&#8217;une autorisation donn\u00e9e par L&#8217;EAA. Les premiers progr\u00e8s fait dans sur la partie \u00e9lectronique du control de r\u00e9gulation des deux r\u00e9acteurs ont permit de gagner en puissance. Lors d&#8217;un meeting en 2007, Gert a pu enregistrer une vitesse de 175 Km\/h avec un taux de mont\u00e9e de 2m\/s.<\/p>\n\n\n\n<p>Il faut noter que les am\u00e9liorations concernant les moteurs ont toutes \u00e9t\u00e9 prises en charge par JETCAP, et que l&#8217;\u00e9quipe souligne le s\u00e9rieux et l&#8217;excellente collaboration qu&#8217;ils ont eu avec le constructeur Allemand.<\/p>\n<\/div>\n\n\n\n<div class=\"wp-block-column is-layout-flow wp-block-column-is-layout-flow\">\n<figure class=\"wp-block-image size-large\"><img loading=\"lazy\" decoding=\"async\" width=\"500\" height=\"376\" src=\"http:\/\/minijets.org\/wp-content\/uploads\/2020\/12\/Blanik_Jetarna_08.jpg\" alt=\"Blanik Jet\" class=\"wp-image-298\" srcset=\"https:\/\/minijets.org\/wp-content\/uploads\/2020\/12\/Blanik_Jetarna_08.jpg 500w, https:\/\/minijets.org\/wp-content\/uploads\/2020\/12\/Blanik_Jetarna_08-300x226.jpg 300w, https:\/\/minijets.org\/wp-content\/uploads\/2020\/12\/Blanik_Jetarna_08-16x12.jpg 16w\" sizes=\"auto, (max-width: 500px) 100vw, 500px\" \/><figcaption class=\"wp-element-caption\"><em>D\u00e9part pour un vol d&#8217;essai<\/em><\/figcaption><\/figure>\n\n\n\n<figure class=\"wp-block-image size-large\"><img loading=\"lazy\" decoding=\"async\" width=\"500\" height=\"375\" src=\"http:\/\/minijets.org\/wp-content\/uploads\/2020\/12\/Blanik_Jetarna_05.jpg\" alt=\"\" class=\"wp-image-294\" srcset=\"https:\/\/minijets.org\/wp-content\/uploads\/2020\/12\/Blanik_Jetarna_05.jpg 500w, https:\/\/minijets.org\/wp-content\/uploads\/2020\/12\/Blanik_Jetarna_05-300x225.jpg 300w, https:\/\/minijets.org\/wp-content\/uploads\/2020\/12\/Blanik_Jetarna_05-16x12.jpg 16w\" sizes=\"auto, (max-width: 500px) 100vw, 500px\" \/><\/figure>\n\n\n\n<figure class=\"wp-block-image size-large\"><img loading=\"lazy\" decoding=\"async\" width=\"500\" height=\"317\" src=\"http:\/\/minijets.org\/wp-content\/uploads\/2020\/12\/Blanik_Jetarna_06.jpg\" alt=\"\" class=\"wp-image-289\" srcset=\"https:\/\/minijets.org\/wp-content\/uploads\/2020\/12\/Blanik_Jetarna_06.jpg 500w, https:\/\/minijets.org\/wp-content\/uploads\/2020\/12\/Blanik_Jetarna_06-300x190.jpg 300w, https:\/\/minijets.org\/wp-content\/uploads\/2020\/12\/Blanik_Jetarna_06-18x12.jpg 18w\" sizes=\"auto, (max-width: 500px) 100vw, 500px\" \/><\/figure>\n<\/div>\n\n\n\n<div class=\"wp-block-column is-layout-flow wp-block-column-is-layout-flow\">\n<figure class=\"wp-block-image size-large\"><img loading=\"lazy\" decoding=\"async\" width=\"500\" height=\"376\" src=\"http:\/\/minijets.org\/wp-content\/uploads\/2020\/12\/Blanik_Jetarna_02.jpg\" alt=\"\" class=\"wp-image-282\" srcset=\"https:\/\/minijets.org\/wp-content\/uploads\/2020\/12\/Blanik_Jetarna_02.jpg 500w, https:\/\/minijets.org\/wp-content\/uploads\/2020\/12\/Blanik_Jetarna_02-300x226.jpg 300w, https:\/\/minijets.org\/wp-content\/uploads\/2020\/12\/Blanik_Jetarna_02-16x12.jpg 16w\" sizes=\"auto, (max-width: 500px) 100vw, 500px\" \/><\/figure>\n\n\n\n<figure class=\"wp-block-image size-large\"><img loading=\"lazy\" decoding=\"async\" width=\"500\" height=\"376\" src=\"http:\/\/minijets.org\/wp-content\/uploads\/2020\/12\/Blanik_Jetarna_04.jpg\" alt=\"\" class=\"wp-image-285\" srcset=\"https:\/\/minijets.org\/wp-content\/uploads\/2020\/12\/Blanik_Jetarna_04.jpg 500w, https:\/\/minijets.org\/wp-content\/uploads\/2020\/12\/Blanik_Jetarna_04-300x226.jpg 300w, https:\/\/minijets.org\/wp-content\/uploads\/2020\/12\/Blanik_Jetarna_04-16x12.jpg 16w\" sizes=\"auto, (max-width: 500px) 100vw, 500px\" \/><\/figure>\n<\/div>\n<\/div>\n","protected":false},"excerpt":{"rendered":"<p>Le projet\u00a0Jetarna\u00a0(Blanik jet) a \u00e9t\u00e9 men\u00e9 par des membres du Club de vol \u00e0 voile su\u00e9dois d&#8217;H\u00f6gan\u00e4s, qui pensaient qu&#8217;un planeur propuls\u00e9 par un r\u00e9acteur pouvait \u00eatre une alternative int\u00e9ressante \u00e0\u00a0l&#8217;absence de thermique pendant la saison d&#8217;hiver. Le Blanik jet, un planeur \u00e9quip\u00e9 de 2 r\u00e9acteurs Jetcat P200 Le club disposant d&#8217;un Blanik, l&#8217;id\u00e9e a [&hellip;]<\/p>\n","protected":false},"author":1,"featured_media":298,"parent":279,"menu_order":0,"comment_status":"closed","ping_status":"closed","template":"","meta":{"_acf_changed":false,"cybocfi_hide_featured_image":"","footnotes":""},"categories":[17],"tags":[],"planes-000-100":[],"class_list":["post-1204","page","type-page","status-publish","has-post-thumbnail","hentry","category-plane-000-100"],"blocksy_meta":[],"acf":[],"_links":{"self":[{"href":"https:\/\/minijets.org\/fr\/wp-json\/wp\/v2\/pages\/1204","targetHints":{"allow":["GET"]}}],"collection":[{"href":"https:\/\/minijets.org\/fr\/wp-json\/wp\/v2\/pages"}],"about":[{"href":"https:\/\/minijets.org\/fr\/wp-json\/wp\/v2\/types\/page"}],"author":[{"embeddable":true,"href":"https:\/\/minijets.org\/fr\/wp-json\/wp\/v2\/users\/1"}],"replies":[{"embeddable":true,"href":"https:\/\/minijets.org\/fr\/wp-json\/wp\/v2\/comments?post=1204"}],"version-history":[{"count":0,"href":"https:\/\/minijets.org\/fr\/wp-json\/wp\/v2\/pages\/1204\/revisions"}],"up":[{"embeddable":true,"href":"https:\/\/minijets.org\/fr\/wp-json\/wp\/v2\/pages\/279"}],"wp:featuredmedia":[{"embeddable":true,"href":"https:\/\/minijets.org\/fr\/wp-json\/wp\/v2\/media\/298"}],"wp:attachment":[{"href":"https:\/\/minijets.org\/fr\/wp-json\/wp\/v2\/media?parent=1204"}],"wp:term":[{"taxonomy":"category","embeddable":true,"href":"https:\/\/minijets.org\/fr\/wp-json\/wp\/v2\/categories?post=1204"},{"taxonomy":"post_tag","embeddable":true,"href":"https:\/\/minijets.org\/fr\/wp-json\/wp\/v2\/tags?post=1204"},{"taxonomy":"planes-000-100","embeddable":true,"href":"https:\/\/minijets.org\/fr\/wp-json\/wp\/v2\/planes-000-100?post=1204"}],"curies":[{"name":"wp","href":"https:\/\/api.w.org\/{rel}","templated":true}]}}