{"id":1227,"date":"2021-01-03T10:34:39","date_gmt":"2021-01-03T09:34:39","guid":{"rendered":"http:\/\/tst.minijets.org\/?page_id=1227"},"modified":"2024-10-21T14:18:23","modified_gmt":"2024-10-21T12:18:23","slug":"apisjet","status":"publish","type":"page","link":"https:\/\/minijets.org\/fr\/0-100\/jetcat-p200\/apisjet\/","title":{"rendered":"Apisjet"},"content":{"rendered":"\n<h2 class=\"wp-block-heading\">Hochschule Esslingen (DE)<\/h2>\n\n\n\n<figure class=\"wp-block-image size-large\"><img loading=\"lazy\" decoding=\"async\" width=\"1024\" height=\"244\" src=\"http:\/\/minijets.org\/wp-content\/uploads\/2020\/12\/Apisjet_01-1024x244.jpg\" alt=\"Apisjet\" class=\"wp-image-293\" srcset=\"https:\/\/minijets.org\/wp-content\/uploads\/2020\/12\/Apisjet_01-1024x244.jpg 1024w, https:\/\/minijets.org\/wp-content\/uploads\/2020\/12\/Apisjet_01-300x71.jpg 300w, https:\/\/minijets.org\/wp-content\/uploads\/2020\/12\/Apisjet_01-768x183.jpg 768w, https:\/\/minijets.org\/wp-content\/uploads\/2020\/12\/Apisjet_01-1536x365.jpg 1536w, https:\/\/minijets.org\/wp-content\/uploads\/2020\/12\/Apisjet_01-18x4.jpg 18w, https:\/\/minijets.org\/wp-content\/uploads\/2020\/12\/Apisjet_01.jpg 1900w\" sizes=\"auto, (max-width: 1024px) 100vw, 1024px\" \/><figcaption class=\"wp-element-caption\">Apisjet, photo d&#8217;apr\u00e8s une video post\u00e9e sur Vimeo par Hanna Mai<\/figcaption><\/figure>\n\n\n\n<p>L&#8217;Apisjet est issu d&#8217;une transformation d&#8217;un motoplaneur\u00a0<strong>Apis 2<\/strong>, con\u00e7u et produit par Wezel Flugzeugtechnik (dont la production a d\u00e9finitivement cess\u00e9e en 2012, les droits ayant \u00e9t\u00e9 au pr\u00e9alable vendus \u00e0 Yuneec international of China qui avait l&#8217;intention d&#8217;en commercialiser une version \u00e9lectrique).<\/p>\n\n\n\n<p>Cette transformation, dont l&#8217;\u00e9tude et la r\u00e9alisation ont dur\u00e9 une dizaine d&#8217;ann\u00e9e, est l&#8217;oeuvre d&#8217;une \u00e9quipe de professeurs et d&#8217;\u00e9tudiant de l&#8217;<a href=\"https:\/\/www.hs-esslingen.de\/maschinen-und-systeme\/forschung-labore\/labore\/labor-fuer-waerme-und-stroemungstechnik-lws\/forschung-und-transfer\/\" data-type=\"URL\" data-id=\"https:\/\/www.hs-esslingen.de\/maschinen-und-systeme\/forschung-labore\/labore\/labor-fuer-waerme-und-stroemungstechnik-lws\/forschung-und-transfer\/\" target=\"_blank\" rel=\"noopener\">universit\u00e9 des sciences appliqu\u00e9es d&#8217;Esslingen<\/a> (<strong>Institut f\u00fcr Angewandte Forschung, IAF<\/strong>)<\/p>\n\n\n\n<div class=\"wp-block-columns is-layout-flex wp-container-core-columns-is-layout-28f84493 wp-block-columns-is-layout-flex\">\n<div class=\"wp-block-column is-layout-flow wp-block-column-is-layout-flow\" style=\"flex-basis:60%\">\n<p>L&#8217;Apis 2 est homologu\u00e9 en tant qu&#8217;ULM. Il est \u00e9quip\u00e9 d&#8217;un moteur thermique qui se r\u00e9tracte dans le fuselage.<\/p>\n\n\n\n<h3 class=\"wp-block-heading\">L&#8217;ApisJet\u00a0<\/h3>\n\n\n\n<p>Le moteur thermique a \u00e9t\u00e9 enlev\u00e9. Il a \u00e9t\u00e9 remplac\u00e9 par un r\u00e9acteur <a href=\"https:\/\/minijets.org\/0-100\/jetcat-p200\/\" data-type=\"page\" data-id=\"279\">JetCat P200<\/a>. Celui est fix\u00e9 \u00e0 l&#8217;int\u00e9rieur du fuselage.<\/p>\n\n\n\n<p>L&#8217;alimentation en air&nbsp; du r\u00e9acteur s&#8217;effectue par l&#8217;interm\u00e9diaire de deux prises d&#8217;air de type NACA, se trouvant sur chaque flanc du fuselage, \u00e0 l&#8217;aplomb de la cabine de&nbsp;pilotage. Elles ne sont ouvertes que lorsque le r\u00e9acteur est en etat de fonctionner.&nbsp;<\/p>\n\n\n\n<p>L&#8217;\u00e9jection des gaz ce fait sous le dessous du fuselage. Un syst\u00e8me permet \u00e0 la fois l&#8217;ouverture d&#8217;une trappe et la sortie de la tuy\u00e8re, qui s&#8217;incline l\u00e9g\u00e8rement vers le bas.<\/p>\n\n\n\n<p>L&#8217;equipe dirig\u00e9e par le&nbsp;Prof. Dr.-Ing. Ulrich G\u00e4rtner ont travaill\u00e9 de concert avec le&nbsp;Luftfahrtbundesamt (Office f\u00e9d\u00e9ral de l&#8217;aviation) pour obtenir une&nbsp;autorisation de faire voler l&#8217;Apis Jet en tant que&nbsp;planeur \u00e0 r\u00e9action,&nbsp;sans<br>capacit\u00e9 de d\u00e9collage autonome.<\/p>\n<\/div>\n\n\n\n<div class=\"wp-block-column minijets_table is-layout-flow wp-block-column-is-layout-flow\" style=\"flex-basis:40%\">\n<h3 class=\"wp-block-heading\">Caract\u00e9ristiques de l&#8217;ApisJet<\/h3>\n\n\n\n<figure class=\"wp-block-table minijets_tab_top\"><table><tbody><tr><td>Constructeur<\/td><td>Wezel Flugzeugtechnik<\/td><\/tr><tr><td>Transformation<\/td><td>Hochschul Esslingen<\/td><\/tr><tr><td>Type<\/td><td>Planeur motoris\u00e9<\/td><\/tr><tr><td>1er vol&nbsp;<\/td><td>2011<\/td><\/tr><tr><td>Nb. construits<\/td><td>1<\/td><\/tr><tr><td>Equipage<\/td><td>1<\/td><\/tr><\/tbody><\/table><\/figure>\n\n\n\n<h4 class=\"wp-block-heading\">Mororisation<\/h4>\n\n\n\n<figure class=\"wp-block-table\"><table><tbody><tr><td>Moteur<\/td><td>Jetcat<\/td><td>P200<\/td><\/tr><tr><td>Nombre<\/td><td>1<\/td><td>&nbsp;<\/td><\/tr><tr><td>Type<\/td><td>Turbor\u00e9acteur<\/td><td>&nbsp;<\/td><\/tr><tr><td>Pouss\u00e9e unitaire&nbsp;<\/td><td>210 N<\/td><td>lbs<\/td><\/tr><\/tbody><\/table><\/figure>\n\n\n\n<h4 class=\"wp-block-heading\">Dimensions<\/h4>\n\n\n\n<figure class=\"wp-block-table\"><table><tbody><tr><td>Envergure<\/td><td>14,85 m<\/td><td>48.7 ft<\/td><\/tr><tr><td>Longueur<\/td><td>6,30 m<\/td><td>20.7 ft<\/td><\/tr><tr><td>Hauteur<\/td><td>m<\/td><td>&nbsp;ft<\/td><\/tr><tr><td>Surface alaire<\/td><td>12,4 m\u00b2<\/td><td>133.5 ft\u00b2<\/td><\/tr><\/tbody><\/table><\/figure>\n\n\n\n<h4 class=\"wp-block-heading\">Masses (estim\u00e9es)<\/h4>\n\n\n\n<figure class=\"wp-block-table\"><table><tbody><tr><td>A vide<\/td><td>kg<\/td><td>&nbsp;lb<\/td><\/tr><tr><td>Equipage<\/td><td>kg<\/td><td>lb<\/td><\/tr><tr><td>Carburant &amp; huile<\/td><td>30 l<\/td><td>&nbsp;<\/td><\/tr><tr><td>Waterballast<\/td><td>Kg<\/td><td>lb<\/td><\/tr><tr><td>Maximale<\/td><td>300 kg<\/td><td>661 lb<\/td><\/tr><\/tbody><\/table><\/figure>\n\n\n\n<h4 class=\"wp-block-heading\">Performances (estim\u00e9es)<\/h4>\n\n\n\n<figure class=\"wp-block-table\"><table><tbody><tr><td>Vne &#8211; Vitesse maximum<\/td><td>200 km\/h<\/td><td>124.3 mph<\/td><\/tr><tr><td>Vno &#8211; Vitesse de croisi\u00e8re&nbsp;<\/td><td>km\/h<\/td><td>mph<\/td><\/tr><tr><td>Vs &#8211; Vitesse de d\u00e9crochage<\/td><td>65 km\/h<\/td><td>40.4 mph<\/td><\/tr><tr><td>Taux de mont\u00e9e max.<\/td><td>m\/min<\/td><td>ft\/min<\/td><\/tr><tr><td>Taux de mont\u00e9e min.<\/td><td>m\/sec<\/td><td>&nbsp;ft\/sec<\/td><\/tr><tr><td>Plafond pratique<\/td><td>m<\/td><td>&nbsp;ft<\/td><\/tr><tr><td>Autonomie<\/td><td>&gt; 30 mn<\/td><td>s<\/td><\/tr><tr><td>Finesse<\/td><td>39<\/td><\/tr><\/tbody><\/table><\/figure>\n<\/div>\n<\/div>\n","protected":false},"excerpt":{"rendered":"<p>Hochschule Esslingen (DE) L&#8217;Apisjet est issu d&#8217;une transformation d&#8217;un motoplaneur\u00a0Apis 2, con\u00e7u et produit par Wezel Flugzeugtechnik (dont la production a d\u00e9finitivement cess\u00e9e en 2012, les droits ayant \u00e9t\u00e9 au pr\u00e9alable vendus \u00e0 Yuneec international of China qui avait l&#8217;intention d&#8217;en commercialiser une version \u00e9lectrique). Cette transformation, dont l&#8217;\u00e9tude et la r\u00e9alisation ont dur\u00e9 une [&hellip;]<\/p>\n","protected":false},"author":1,"featured_media":9518,"parent":279,"menu_order":0,"comment_status":"closed","ping_status":"closed","template":"","meta":{"_acf_changed":false,"cybocfi_hide_featured_image":"","footnotes":""},"categories":[17],"tags":[],"planes-000-100":[],"class_list":["post-1227","page","type-page","status-publish","has-post-thumbnail","hentry","category-plane-000-100"],"blocksy_meta":[],"acf":[],"_links":{"self":[{"href":"https:\/\/minijets.org\/fr\/wp-json\/wp\/v2\/pages\/1227","targetHints":{"allow":["GET"]}}],"collection":[{"href":"https:\/\/minijets.org\/fr\/wp-json\/wp\/v2\/pages"}],"about":[{"href":"https:\/\/minijets.org\/fr\/wp-json\/wp\/v2\/types\/page"}],"author":[{"embeddable":true,"href":"https:\/\/minijets.org\/fr\/wp-json\/wp\/v2\/users\/1"}],"replies":[{"embeddable":true,"href":"https:\/\/minijets.org\/fr\/wp-json\/wp\/v2\/comments?post=1227"}],"version-history":[{"count":1,"href":"https:\/\/minijets.org\/fr\/wp-json\/wp\/v2\/pages\/1227\/revisions"}],"predecessor-version":[{"id":9519,"href":"https:\/\/minijets.org\/fr\/wp-json\/wp\/v2\/pages\/1227\/revisions\/9519"}],"up":[{"embeddable":true,"href":"https:\/\/minijets.org\/fr\/wp-json\/wp\/v2\/pages\/279"}],"wp:featuredmedia":[{"embeddable":true,"href":"https:\/\/minijets.org\/fr\/wp-json\/wp\/v2\/media\/9518"}],"wp:attachment":[{"href":"https:\/\/minijets.org\/fr\/wp-json\/wp\/v2\/media?parent=1227"}],"wp:term":[{"taxonomy":"category","embeddable":true,"href":"https:\/\/minijets.org\/fr\/wp-json\/wp\/v2\/categories?post=1227"},{"taxonomy":"post_tag","embeddable":true,"href":"https:\/\/minijets.org\/fr\/wp-json\/wp\/v2\/tags?post=1227"},{"taxonomy":"planes-000-100","embeddable":true,"href":"https:\/\/minijets.org\/fr\/wp-json\/wp\/v2\/planes-000-100?post=1227"}],"curies":[{"name":"wp","href":"https:\/\/api.w.org\/{rel}","templated":true}]}}