{"id":1387,"date":"2021-01-04T13:23:32","date_gmt":"2021-01-04T12:23:32","guid":{"rendered":"http:\/\/tst.minijets.org\/?page_id=1387"},"modified":"2024-10-27T15:11:22","modified_gmt":"2024-10-27T14:11:22","slug":"asw-20-cl-j","status":"publish","type":"page","link":"https:\/\/minijets.org\/fr\/0-100\/amt-olympus\/asw-20-cl-j\/","title":{"rendered":"ASW 20 CL-J"},"content":{"rendered":"\n<figure class=\"wp-block-image aligncenter size-large\"><img loading=\"lazy\" decoding=\"async\" width=\"1002\" height=\"226\" src=\"http:\/\/minijets.org\/wp-content\/uploads\/2020\/12\/ASW_20_CL-J_-_04.jpg\" alt=\"ASW 20 CL-J\" class=\"wp-image-386\" srcset=\"https:\/\/minijets.org\/wp-content\/uploads\/2020\/12\/ASW_20_CL-J_-_04.jpg 1002w, https:\/\/minijets.org\/wp-content\/uploads\/2020\/12\/ASW_20_CL-J_-_04-300x68.jpg 300w, https:\/\/minijets.org\/wp-content\/uploads\/2020\/12\/ASW_20_CL-J_-_04-768x173.jpg 768w, https:\/\/minijets.org\/wp-content\/uploads\/2020\/12\/ASW_20_CL-J_-_04-18x4.jpg 18w\" sizes=\"auto, (max-width: 1002px) 100vw, 1002px\" \/><\/figure>\n\n\n\n<p>Le <strong>21 mai 2006<\/strong>, <strong>Klaus Meintzer<\/strong>, membre du <strong>SFV Hoya<\/strong> dans le nord de l&#8217;Allemagne, a r\u00e9alis\u00e9 un vol d\u2019essai avec l\u2019<strong>ASW 20 CL-J<\/strong>, une version modifi\u00e9e de l\u2019<a href=\"https:\/\/fr.wikipedia.org\/wiki\/Alexander_Schleicher_ASW_20\" target=\"_blank\" rel=\"noopener\">ASW-20 CL<\/a>. Cet appareil \u00e9tait \u00e9quip\u00e9 d\u2019un r\u00e9acteur <a href=\"https:\/\/minijets.org\/0-100\/amt-olympus\/\" data-type=\"page\" data-id=\"906\">AMT Olympus<\/a>, identique \u00e0 celui utilis\u00e9 par <strong>Martin K\u00e4ppeler<\/strong> sur son Ventus. Cette modification avait pour but de tester l\u2019int\u00e9gration d\u2019un <strong>r\u00e9acteur d\u2019appoint<\/strong>, un micro-r\u00e9acteur g\u00e9n\u00e9ralement destin\u00e9 aux mod\u00e8les r\u00e9duits. Bien qu\u2019il ne permette pas un d\u00e9collage autonome, ce r\u00e9acteur fournit une pouss\u00e9e suppl\u00e9mentaire pour prolonger le vol et soutenir le maintien en altitude en l\u2019absence de courants ascendants.<\/p>\n\n\n\n<div class=\"wp-block-columns is-layout-flex wp-container-core-columns-is-layout-28f84493 wp-block-columns-is-layout-flex\">\n<div class=\"wp-block-column is-layout-flow wp-block-column-is-layout-flow\" style=\"flex-basis:50%\">\n<figure class=\"wp-block-image size-large\"><img loading=\"lazy\" decoding=\"async\" width=\"352\" height=\"265\" src=\"http:\/\/minijets.org\/wp-content\/uploads\/2020\/12\/ASW_20_CL-J_-_10.jpg\" alt=\"ASW 20 CL-J\" class=\"wp-image-387\" srcset=\"https:\/\/minijets.org\/wp-content\/uploads\/2020\/12\/ASW_20_CL-J_-_10.jpg 352w, https:\/\/minijets.org\/wp-content\/uploads\/2020\/12\/ASW_20_CL-J_-_10-300x226.jpg 300w, https:\/\/minijets.org\/wp-content\/uploads\/2020\/12\/ASW_20_CL-J_-_10-16x12.jpg 16w\" sizes=\"auto, (max-width: 352px) 100vw, 352px\" \/><figcaption class=\"wp-element-caption\">Klaus MEITNZER devant sont ASW 20 CL-J. Source : Avec la courtoisie de Klaus MEITZNER<\/figcaption><\/figure>\n\n\n\n<figure class=\"wp-block-image size-full\"><img loading=\"lazy\" decoding=\"async\" width=\"800\" height=\"600\" src=\"https:\/\/minijets.org\/wp-content\/uploads\/2024\/10\/ASW-20-CL-J-08.webp\" alt=\"Klaus Meintzer dans son ASW 20 CL-J\" class=\"wp-image-9639\" srcset=\"https:\/\/minijets.org\/wp-content\/uploads\/2024\/10\/ASW-20-CL-J-08.webp 800w, https:\/\/minijets.org\/wp-content\/uploads\/2024\/10\/ASW-20-CL-J-08-16x12.webp 16w, https:\/\/minijets.org\/wp-content\/uploads\/2024\/10\/ASW-20-CL-J-08-300x225.webp 300w, https:\/\/minijets.org\/wp-content\/uploads\/2024\/10\/ASW-20-CL-J-08-768x576.webp 768w\" sizes=\"auto, (max-width: 800px) 100vw, 800px\" \/><figcaption class=\"wp-element-caption\">Klaus Meintzer dans son ASW 20 CL-J. Source : Avec la courtoisie de Klaus MEITZNER<\/figcaption><\/figure>\n<\/div>\n\n\n\n<div class=\"wp-block-column is-layout-flow wp-block-column-is-layout-flow\" style=\"flex-basis:50%\">\n<p>Avant de se lancer dans son projet, Klaus a proc\u00e9d\u00e9 une \u00e9valuation des avantages li\u00e9s \u00e0 l&#8217;utilisation d&#8217;une turbine comme aide \u00e0 la propulsion pour son planeur. Les raisons qui lui ont fait faire son choix sont les suivantes :<\/p>\n\n\n\n<ul class=\"wp-block-list\">\n<li>Le faible poids de l&#8221;installation, les b\u00e2tis, les r\u00e9servoirs, la batterie et la turbine, p\u00e8se 12kg.&nbsp;<\/li>\n\n\n\n<li>Faible volume d&#8217;installation : la turbine n&#8217;occupe qu&#8217;1\/3 du rayon du fuselage.<\/li>\n\n\n\n<li>Les r\u00e9servoirs d&#8217;essence flexibles sont h\u00e9berg\u00e9s dans les surfaces d&#8217;appui.<\/li>\n\n\n\n<li>Commande simple : La r\u00e9gulation est command\u00e9e m\u00e9caniquement ou \u00e9lectriquement.&nbsp;<\/li>\n\n\n\n<li>Une s\u00e9quence \u00e9lectronique pilote le processus de d\u00e9marrage.&nbsp;<\/li>\n\n\n\n<li>Apr\u00e8s 20 seconde le moteur livre sa pleine pouss\u00e9e.&nbsp;<\/li>\n\n\n\n<li>Faible r\u00e9sistance \u00e0 l&#8217;air de l&#8217;ensemble b\u00e2ti et r\u00e9acteur.&nbsp;<\/li>\n\n\n\n<li>Autonomie adaptable : 16 kg de Jet A1 pour 120 km, 32 kg de Jet A1 pour 240 km&nbsp;<\/li>\n\n\n\n<li>Faible risque environnemental.<\/li>\n<\/ul>\n\n\n\n<p>L&#8217;EASA a jug\u00e9 positivement les r\u00e9sultats pr\u00e9sent\u00e9s, de sorte que l&#8217;Office f\u00e9d\u00e9ral de navigation a\u00e9rienne a donn\u00e9 son accord pour un certificat de navigabilit\u00e9 limit\u00e9 \u00e0 3 mois \u00e0 compt\u00e9 du 18.05.06.<\/p>\n\n\n\n<p>Les essais en vol pouvaient commencer !<\/p>\n\n\n\n<p>Vous pouvez trouver les derniers renseignements du travail de Klaus sur le Site du SFV HOYA :www.motorsegelfliegen.de<\/p>\n<\/div>\n<\/div>\n\n\n\n<div class=\"wp-block-columns is-layout-flex wp-container-core-columns-is-layout-28f84493 wp-block-columns-is-layout-flex\">\n<div class=\"wp-block-column is-layout-flow wp-block-column-is-layout-flow\">\n<figure class=\"wp-block-image size-large\"><img loading=\"lazy\" decoding=\"async\" width=\"500\" height=\"333\" src=\"http:\/\/minijets.org\/wp-content\/uploads\/2020\/12\/ASW_20_CL-J_-_12.jpg\" alt=\"ASW 20 CL-J\" class=\"wp-image-398\" srcset=\"https:\/\/minijets.org\/wp-content\/uploads\/2020\/12\/ASW_20_CL-J_-_12.jpg 500w, https:\/\/minijets.org\/wp-content\/uploads\/2020\/12\/ASW_20_CL-J_-_12-300x200.jpg 300w, https:\/\/minijets.org\/wp-content\/uploads\/2020\/12\/ASW_20_CL-J_-_12-18x12.jpg 18w\" sizes=\"auto, (max-width: 500px) 100vw, 500px\" \/><figcaption class=\"wp-element-caption\">Source: Aerokurier &#8211; Juillet 2009<\/figcaption><\/figure>\n<\/div>\n\n\n\n<div class=\"wp-block-column is-layout-flow wp-block-column-is-layout-flow\">\n<figure class=\"wp-block-image size-large\"><img loading=\"lazy\" decoding=\"async\" width=\"352\" height=\"265\" src=\"http:\/\/minijets.org\/wp-content\/uploads\/2020\/12\/ASW_20_CL-J_-_06.jpg\" alt=\"ASW 20 CL-J\" class=\"wp-image-415\" srcset=\"https:\/\/minijets.org\/wp-content\/uploads\/2020\/12\/ASW_20_CL-J_-_06.jpg 352w, https:\/\/minijets.org\/wp-content\/uploads\/2020\/12\/ASW_20_CL-J_-_06-300x226.jpg 300w, https:\/\/minijets.org\/wp-content\/uploads\/2020\/12\/ASW_20_CL-J_-_06-16x12.jpg 16w\" sizes=\"auto, (max-width: 352px) 100vw, 352px\" \/><figcaption class=\"wp-element-caption\">Source : Avec la courtoisie de Klaus MEITZNER<\/figcaption><\/figure>\n<\/div>\n<\/div>\n\n\n\n<h2 class=\"wp-block-heading\">Le premier vol de l&#8217;ASW 20 CL-J<\/h2>\n\n\n\n<p>Comme il l&#8217;a souvent fait, Klaus va effectuer son premier vol au treuil. Avec une certaine diff\u00e9rence toutefois, puisqu&#8217;il lui faut tenir le manche de la main gauche et la manette des gaz de la main droite.&nbsp;<\/p>\n\n\n\n<p>Un system de LDED permet de contr\u00f4ler le processus de lancement. Elles sont connect\u00e9es \u00e0 un ordinateur lui m\u00eame aliment\u00e9, comme le d\u00e9marreur, par une batterie.<\/p>\n\n\n\n<p>La mannette des gaz est mise en position d\u00e9marrage, le d\u00e9marreur lance la turbine.<\/p>\n\n\n\n<p>Avec un bruit typique, une bougie allume le m\u00e9lange de propane utilis\u00e9 pour le d\u00e9marrage.&nbsp;<\/p>\n\n\n\n<p>D\u00e9s que l&#8217;on a atteint une temp\u00e9rature des gaz d&#8217;\u00e9chappement suffisante, on ouvre la valve de k\u00e9ros\u00e8ne et le k\u00e9ros\u00e8ne pr\u00e9chauff\u00e9 par la pompe entre dans la chambre de combustion.<\/p>\n\n\n\n<p>Pour Klaus, c&#8217;est une nouveaut\u00e9 que d&#8217;entendre ce bruit impressionnant, identique \u00e0 &nbsp;celui des autres Jets.<\/p>\n\n\n\n<p>Apr\u00e8s une courte phase de calibrage la phase de d\u00e9marrage se termine et on peut arriver en un rien de temps \u00e0 &nbsp;108.000 t\/mn, la pleine puissance est atteinte.<\/p>\n\n\n\n<p>Le bruit est d\u00e9j\u00e0 \u00a0important, mais dans la cabine on peut encore se permettre d&#8217;effectuer les annonces radios sans \u00e9couteurs.<\/p>\n\n\n\n<p>L&#8217;acc\u00e9l\u00e9ration, de l&#8217;ordre de 0,1 m\/s2, est peu sensible. La vitesse en palier est d&#8217;environ 150 km\/h. Avec une vitesse de 110 km\/h on peut atteindre une vitesse ascensionnelle jusqu&#8217;\u00e0 \u00a01m\/s.\u00a0<\/p>\n\n\n\n<p>Au cours de ce premier vol, tout a fonctionn\u00e9 convenablement, \u00e0 &nbsp;la grande satisfaction de Klaus.<\/p>\n","protected":false},"excerpt":{"rendered":"<p>Le 21 mai 2006, Klaus Meintzer, membre du SFV Hoya dans le nord de l&#8217;Allemagne, a r\u00e9alis\u00e9 un vol d\u2019essai avec l\u2019ASW 20 CL-J, une version modifi\u00e9e de l\u2019ASW-20 CL. Cet appareil \u00e9tait \u00e9quip\u00e9 d\u2019un r\u00e9acteur AMT Olympus, identique \u00e0 celui utilis\u00e9 par Martin K\u00e4ppeler sur son Ventus. Cette modification avait pour but de tester [&hellip;]<\/p>\n","protected":false},"author":1,"featured_media":404,"parent":906,"menu_order":0,"comment_status":"closed","ping_status":"closed","template":"","meta":{"_acf_changed":false,"cybocfi_hide_featured_image":"","footnotes":""},"categories":[17],"tags":[],"planes-000-100":[],"class_list":["post-1387","page","type-page","status-publish","has-post-thumbnail","hentry","category-plane-000-100"],"blocksy_meta":[],"acf":[],"_links":{"self":[{"href":"https:\/\/minijets.org\/fr\/wp-json\/wp\/v2\/pages\/1387","targetHints":{"allow":["GET"]}}],"collection":[{"href":"https:\/\/minijets.org\/fr\/wp-json\/wp\/v2\/pages"}],"about":[{"href":"https:\/\/minijets.org\/fr\/wp-json\/wp\/v2\/types\/page"}],"author":[{"embeddable":true,"href":"https:\/\/minijets.org\/fr\/wp-json\/wp\/v2\/users\/1"}],"replies":[{"embeddable":true,"href":"https:\/\/minijets.org\/fr\/wp-json\/wp\/v2\/comments?post=1387"}],"version-history":[{"count":6,"href":"https:\/\/minijets.org\/fr\/wp-json\/wp\/v2\/pages\/1387\/revisions"}],"predecessor-version":[{"id":9644,"href":"https:\/\/minijets.org\/fr\/wp-json\/wp\/v2\/pages\/1387\/revisions\/9644"}],"up":[{"embeddable":true,"href":"https:\/\/minijets.org\/fr\/wp-json\/wp\/v2\/pages\/906"}],"wp:featuredmedia":[{"embeddable":true,"href":"https:\/\/minijets.org\/fr\/wp-json\/wp\/v2\/media\/404"}],"wp:attachment":[{"href":"https:\/\/minijets.org\/fr\/wp-json\/wp\/v2\/media?parent=1387"}],"wp:term":[{"taxonomy":"category","embeddable":true,"href":"https:\/\/minijets.org\/fr\/wp-json\/wp\/v2\/categories?post=1387"},{"taxonomy":"post_tag","embeddable":true,"href":"https:\/\/minijets.org\/fr\/wp-json\/wp\/v2\/tags?post=1387"},{"taxonomy":"planes-000-100","embeddable":true,"href":"https:\/\/minijets.org\/fr\/wp-json\/wp\/v2\/planes-000-100?post=1387"}],"curies":[{"name":"wp","href":"https:\/\/api.w.org\/{rel}","templated":true}]}}