{"id":1544,"date":"2021-01-05T13:14:44","date_gmt":"2021-01-05T12:14:44","guid":{"rendered":"http:\/\/tst.minijets.org\/?page_id=1544"},"modified":"2024-05-28T22:28:44","modified_gmt":"2024-05-28T20:28:44","slug":"fauvel-av45-01r","status":"publish","type":"page","link":"https:\/\/minijets.org\/fr\/0-100\/microturbo-eclair\/fauvel-av45-01r\/","title":{"rendered":"Fauvel AV45-01R"},"content":{"rendered":"\n<p>Le r\u00e9acteur Microturbo Eclair est n\u00e9 de la transformation d&#8217;une turbine Emeraude de mise en route des r\u00e9acteurs Olympus du Concorde. La soci\u00e9t\u00e9 Microturbo d\u00e9sireuse de monter ce petit turbo-r\u00e9acteur de 78 Kp sur un planeur, ce sont les Services Officiels qui mettront \u00e0 &nbsp;la disposition de cette soci\u00e9t\u00e9 le moto-planeur&nbsp;<strong>Fauvel AV45 N\u00b01.<\/strong><\/p>\n\n\n\n<div class=\"wp-block-columns is-layout-flex wp-container-core-columns-is-layout-28f84493 wp-block-columns-is-layout-flex\">\n<div class=\"wp-block-column is-layout-flow wp-block-column-is-layout-flow\" style=\"flex-basis:50%\">\n<p>L&#8217;AV45 est un motoplaneur sans queue, qui a vol\u00e9 pour la premi\u00e8re fois le 4 mai 1960 \u00e9quip\u00e9 d&#8217;un moteur Nelson de 35 CV.&nbsp;<\/p>\n\n\n\n<p><strong>En 1967<\/strong>, le moteur Nelson H 59 A a ainsi \u00e9t\u00e9 remplac\u00e9 par un r\u00e9acteur&nbsp;<strong><a href=\"https:\/\/minijets.org\/0-100\/microturbo-eclair\/\" data-type=\"page\" data-id=\"1010\">Microturbo Eclair<\/a><\/strong>&nbsp;de 68 Kg de pouss\u00e9e. Il \u00e9tait \u00e9quip\u00e9 d&#8217;un d\u00e9marreur \u00e9lectrique, ainsi que de batterie (9,5 kg NiCd) lui permettant un d\u00e9marrage autonome (tant en au sol qu&#8217;en l&#8217;air).&nbsp;<\/p>\n\n\n\n<p>Cette installation se caract\u00e9risait surtout par la n\u00e9cessit\u00e9 d&#8217;avoir une tr\u00e8s longue tuy\u00e8re afin de permettre un ejection des gaz le plus en arri\u00e8re possible du fuselage.&nbsp;<\/p>\n\n\n\n<p>Le premier vol sera r\u00e9alis\u00e9 par&nbsp;<strong>Charles Fauvel<\/strong>&nbsp;lui-m\u00eame, ainsi que le deuxi\u00e8me au cours duquel il sera accompagn\u00e9 de Jacques Hemet sur un Stampe ayant pour passager un photographe filmant la sc\u00e8ne.<\/p>\n<\/div>\n\n\n\n<div class=\"wp-block-column minijets_table is-layout-flow wp-block-column-is-layout-flow\" style=\"flex-basis:50%\">\n<figure class=\"wp-block-image size-large\"><img loading=\"lazy\" decoding=\"async\" width=\"500\" height=\"460\" src=\"http:\/\/minijets.org\/wp-content\/uploads\/2020\/12\/Fauvel_AV-45_-_10.jpg\" alt=\"Fauvel AV45-01R\" class=\"wp-image-1032\" srcset=\"https:\/\/minijets.org\/wp-content\/uploads\/2020\/12\/Fauvel_AV-45_-_10.jpg 500w, https:\/\/minijets.org\/wp-content\/uploads\/2020\/12\/Fauvel_AV-45_-_10-300x276.jpg 300w, https:\/\/minijets.org\/wp-content\/uploads\/2020\/12\/Fauvel_AV-45_-_10-13x12.jpg 13w\" sizes=\"auto, (max-width: 500px) 100vw, 500px\" \/><figcaption class=\"wp-element-caption\">Excellente photo d&#8217;\u00e9poque, confi\u00e9e par Jacques Hemet qui montre les pr\u00e9paratif d&#8217;un essai sur l&#8217;AV-45 01R<\/figcaption><\/figure>\n<\/div>\n<\/div>\n\n\n\n<div class=\"wp-block-columns is-layout-flex wp-container-core-columns-is-layout-28f84493 wp-block-columns-is-layout-flex\">\n<div class=\"wp-block-column is-layout-flow wp-block-column-is-layout-flow\" style=\"flex-basis:50%\">\n<figure class=\"wp-block-image size-large\"><img loading=\"lazy\" decoding=\"async\" width=\"500\" height=\"332\" src=\"http:\/\/minijets.org\/wp-content\/uploads\/2020\/12\/Fauvel_AV-45_-_01.jpg\" alt=\"\" class=\"wp-image-1025\" srcset=\"https:\/\/minijets.org\/wp-content\/uploads\/2020\/12\/Fauvel_AV-45_-_01.jpg 500w, https:\/\/minijets.org\/wp-content\/uploads\/2020\/12\/Fauvel_AV-45_-_01-300x199.jpg 300w, https:\/\/minijets.org\/wp-content\/uploads\/2020\/12\/Fauvel_AV-45_-_01-18x12.jpg 18w\" sizes=\"auto, (max-width: 500px) 100vw, 500px\" \/><figcaption class=\"wp-element-caption\">Vue sur l&#8217;installtation du r\u00e9acteur Microturbo Eclair sur le prototype AV-45-01R. Source : Jane&#8217;s all the world&#8217;s aircraft.<\/figcaption><\/figure>\n<\/div>\n\n\n\n<div class=\"wp-block-column is-layout-flow wp-block-column-is-layout-flow\" style=\"flex-basis:50%\">\n<figure class=\"wp-block-image size-large\"><img loading=\"lazy\" decoding=\"async\" width=\"696\" height=\"481\" src=\"http:\/\/minijets.org\/wp-content\/uploads\/2020\/12\/Fauvel_AV-45_-_08.jpg\" alt=\"\" class=\"wp-image-1013\" srcset=\"https:\/\/minijets.org\/wp-content\/uploads\/2020\/12\/Fauvel_AV-45_-_08.jpg 696w, https:\/\/minijets.org\/wp-content\/uploads\/2020\/12\/Fauvel_AV-45_-_08-300x207.jpg 300w, https:\/\/minijets.org\/wp-content\/uploads\/2020\/12\/Fauvel_AV-45_-_08-18x12.jpg 18w\" sizes=\"auto, (max-width: 696px) 100vw, 696px\" \/><figcaption class=\"wp-element-caption\">Deuxi\u00e8me photo confi\u00e9e par Jacques Hemet, montrant les pr\u00e9raratifs d&#8217;essai de l&#8217;AV45 01R \u00e0 Lasbordes<\/figcaption><\/figure>\n<\/div>\n<\/div>\n\n\n\n<div class=\"wp-block-columns is-layout-flex wp-container-core-columns-is-layout-28f84493 wp-block-columns-is-layout-flex\">\n<div class=\"wp-block-column is-layout-flow wp-block-column-is-layout-flow\" style=\"flex-basis:50%\">\n<figure class=\"wp-block-image size-large\"><img loading=\"lazy\" decoding=\"async\" width=\"700\" height=\"445\" src=\"http:\/\/minijets.org\/wp-content\/uploads\/2020\/12\/Fauvel_AV-45_-_11.jpg\" alt=\"\" class=\"wp-image-1016\" srcset=\"https:\/\/minijets.org\/wp-content\/uploads\/2020\/12\/Fauvel_AV-45_-_11.jpg 700w, https:\/\/minijets.org\/wp-content\/uploads\/2020\/12\/Fauvel_AV-45_-_11-300x191.jpg 300w, https:\/\/minijets.org\/wp-content\/uploads\/2020\/12\/Fauvel_AV-45_-_11-18x12.jpg 18w\" sizes=\"auto, (max-width: 700px) 100vw, 700px\" \/><figcaption class=\"wp-element-caption\">Cannes 1968. Vue arri\u00e8re de l&#8217;AV-45 permettant de voir la sortie r\u00e9acteur entre les deux d\u00e9rives. Source : Aviation Week, 22 juillet 1968<\/figcaption><\/figure>\n<\/div>\n\n\n\n<div class=\"wp-block-column is-layout-flow wp-block-column-is-layout-flow\" style=\"flex-basis:50%\">\n<figure class=\"wp-block-image size-large\"><img loading=\"lazy\" decoding=\"async\" width=\"700\" height=\"444\" src=\"http:\/\/minijets.org\/wp-content\/uploads\/2020\/12\/Fauvel_AV-45_-_12.jpg\" alt=\"\" class=\"wp-image-1028\" srcset=\"https:\/\/minijets.org\/wp-content\/uploads\/2020\/12\/Fauvel_AV-45_-_12.jpg 700w, https:\/\/minijets.org\/wp-content\/uploads\/2020\/12\/Fauvel_AV-45_-_12-300x190.jpg 300w, https:\/\/minijets.org\/wp-content\/uploads\/2020\/12\/Fauvel_AV-45_-_12-18x12.jpg 18w, https:\/\/minijets.org\/wp-content\/uploads\/2020\/12\/Fauvel_AV-45_-_12-16x10.jpg 16w\" sizes=\"auto, (max-width: 700px) 100vw, 700px\" \/><figcaption class=\"wp-element-caption\">annes 1968, pr\u00e9sentation de de l&#8217;AV-45. On notera les petites \u00e9copes, faisant office d&#8217;entr\u00e9es d&#8217;air, situ\u00e9es apr\u00e8s le cockpit sur le dos du fuselage.<\/figcaption><\/figure>\n<\/div>\n<\/div>\n\n\n\n<div class=\"wp-block-columns is-layout-flex wp-container-core-columns-is-layout-28f84493 wp-block-columns-is-layout-flex\">\n<div class=\"wp-block-column is-layout-flow wp-block-column-is-layout-flow\" style=\"flex-basis:30%\">\n<figure class=\"wp-block-image size-large\"><img loading=\"lazy\" decoding=\"async\" width=\"674\" height=\"1024\" src=\"http:\/\/minijets.org\/wp-content\/uploads\/2020\/12\/Fauvel_AV-45_-_03-674x1024.jpg\" alt=\"\" class=\"wp-image-1019\" srcset=\"https:\/\/minijets.org\/wp-content\/uploads\/2020\/12\/Fauvel_AV-45_-_03-674x1024.jpg 674w, https:\/\/minijets.org\/wp-content\/uploads\/2020\/12\/Fauvel_AV-45_-_03-198x300.jpg 198w, https:\/\/minijets.org\/wp-content\/uploads\/2020\/12\/Fauvel_AV-45_-_03-8x12.jpg 8w, https:\/\/minijets.org\/wp-content\/uploads\/2020\/12\/Fauvel_AV-45_-_03.jpg 700w\" sizes=\"auto, (max-width: 674px) 100vw, 674px\" \/><figcaption class=\"wp-element-caption\">\nFauvel AV-45-01R, une vue de l&#8217;arri\u00e8re qui montre l&#8217;excellent travaille effectu\u00e9 sur le capot du r\u00e9acteur.<\/figcaption><\/figure>\n<\/div>\n\n\n\n<div class=\"wp-block-column is-layout-flow wp-block-column-is-layout-flow\" style=\"flex-basis:70%\">\n<div class=\"wp-block-columns is-layout-flex wp-container-core-columns-is-layout-28f84493 wp-block-columns-is-layout-flex\">\n<div class=\"wp-block-column is-layout-flow wp-block-column-is-layout-flow\">\n<figure class=\"wp-block-image size-large\"><img loading=\"lazy\" decoding=\"async\" width=\"600\" height=\"381\" src=\"http:\/\/minijets.org\/wp-content\/uploads\/2020\/12\/Microturbo_Eclair_-_01.jpg\" alt=\"\" class=\"wp-image-1033\" srcset=\"https:\/\/minijets.org\/wp-content\/uploads\/2020\/12\/Microturbo_Eclair_-_01.jpg 600w, https:\/\/minijets.org\/wp-content\/uploads\/2020\/12\/Microturbo_Eclair_-_01-300x191.jpg 300w, https:\/\/minijets.org\/wp-content\/uploads\/2020\/12\/Microturbo_Eclair_-_01-18x12.jpg 18w\" sizes=\"auto, (max-width: 600px) 100vw, 600px\" \/><figcaption class=\"wp-element-caption\">Turbo r\u00e9acteur Eclair sur Fauvel AV-45. Source : Aviation Magazine, 1967<\/figcaption><\/figure>\n<\/div>\n\n\n\n<div class=\"wp-block-column is-layout-flow wp-block-column-is-layout-flow\">\n<figure class=\"wp-block-image size-large\"><img loading=\"lazy\" decoding=\"async\" width=\"500\" height=\"323\" src=\"http:\/\/minijets.org\/wp-content\/uploads\/2020\/12\/Fauvel_AV-45_-_09.jpg\" alt=\"\" class=\"wp-image-1027\" srcset=\"https:\/\/minijets.org\/wp-content\/uploads\/2020\/12\/Fauvel_AV-45_-_09.jpg 500w, https:\/\/minijets.org\/wp-content\/uploads\/2020\/12\/Fauvel_AV-45_-_09-300x194.jpg 300w, https:\/\/minijets.org\/wp-content\/uploads\/2020\/12\/Fauvel_AV-45_-_09-18x12.jpg 18w\" sizes=\"auto, (max-width: 500px) 100vw, 500px\" \/><\/figure>\n<\/div>\n<\/div>\n\n\n\n<div class=\"wp-block-columns is-layout-flex wp-container-core-columns-is-layout-28f84493 wp-block-columns-is-layout-flex\">\n<div class=\"wp-block-column is-layout-flow wp-block-column-is-layout-flow\">\n<figure class=\"wp-block-image size-large\"><img loading=\"lazy\" decoding=\"async\" width=\"500\" height=\"493\" src=\"http:\/\/minijets.org\/wp-content\/uploads\/2020\/12\/Fauvel_AV-45_-_06.jpg\" alt=\"\" class=\"wp-image-1023\" srcset=\"https:\/\/minijets.org\/wp-content\/uploads\/2020\/12\/Fauvel_AV-45_-_06.jpg 500w, https:\/\/minijets.org\/wp-content\/uploads\/2020\/12\/Fauvel_AV-45_-_06-300x296.jpg 300w, https:\/\/minijets.org\/wp-content\/uploads\/2020\/12\/Fauvel_AV-45_-_06-12x12.jpg 12w, https:\/\/minijets.org\/wp-content\/uploads\/2020\/12\/Fauvel_AV-45_-_06-80x80.jpg 80w\" sizes=\"auto, (max-width: 500px) 100vw, 500px\" \/><\/figure>\n<\/div>\n\n\n\n<div class=\"wp-block-column is-layout-flow wp-block-column-is-layout-flow\">\n<figure class=\"wp-block-image size-large\"><img loading=\"lazy\" decoding=\"async\" width=\"500\" height=\"493\" src=\"http:\/\/minijets.org\/wp-content\/uploads\/2020\/12\/Fauvel_AV-45_-_07.jpg\" alt=\"\" class=\"wp-image-1015\" srcset=\"https:\/\/minijets.org\/wp-content\/uploads\/2020\/12\/Fauvel_AV-45_-_07.jpg 500w, https:\/\/minijets.org\/wp-content\/uploads\/2020\/12\/Fauvel_AV-45_-_07-300x296.jpg 300w, https:\/\/minijets.org\/wp-content\/uploads\/2020\/12\/Fauvel_AV-45_-_07-12x12.jpg 12w, https:\/\/minijets.org\/wp-content\/uploads\/2020\/12\/Fauvel_AV-45_-_07-80x80.jpg 80w\" sizes=\"auto, (max-width: 500px) 100vw, 500px\" \/><\/figure>\n<\/div>\n<\/div>\n<\/div>\n<\/div>\n\n\n\n<h2 class=\"wp-block-heading\">Notes et R\u00e9f\u00e9rences<\/h2>\n\n\n\n<div class=\"wp-block-columns is-layout-flex wp-container-core-columns-is-layout-28f84493 wp-block-columns-is-layout-flex\">\n<div class=\"wp-block-column is-layout-flow wp-block-column-is-layout-flow\" style=\"flex-basis:25%\">\n<h3 class=\"wp-block-heading\">Charles Fauvel<\/h3>\n\n\n\n<p>\u00a0(1904-1979)<\/p>\n\n\n\n<figure class=\"wp-block-image size-large\"><img loading=\"lazy\" decoding=\"async\" width=\"300\" height=\"439\" src=\"http:\/\/minijets.org\/wp-content\/uploads\/2020\/12\/Charles_Fauvel.jpg\" alt=\"\" class=\"wp-image-1018\" srcset=\"https:\/\/minijets.org\/wp-content\/uploads\/2020\/12\/Charles_Fauvel.jpg 300w, https:\/\/minijets.org\/wp-content\/uploads\/2020\/12\/Charles_Fauvel-205x300.jpg 205w, https:\/\/minijets.org\/wp-content\/uploads\/2020\/12\/Charles_Fauvel-8x12.jpg 8w\" sizes=\"auto, (max-width: 300px) 100vw, 300px\" \/><\/figure>\n<\/div>\n\n\n\n<div class=\"wp-block-column is-layout-flow wp-block-column-is-layout-flow\"><\/div>\n<\/div>\n","protected":false},"excerpt":{"rendered":"<p>Le r\u00e9acteur Microturbo Eclair est n\u00e9 de la transformation d&#8217;une turbine Emeraude de mise en route des r\u00e9acteurs Olympus du Concorde. La soci\u00e9t\u00e9 Microturbo d\u00e9sireuse de monter ce petit turbo-r\u00e9acteur de 78 Kp sur un planeur, ce sont les Services Officiels qui mettront \u00e0 &nbsp;la disposition de cette soci\u00e9t\u00e9 le moto-planeur&nbsp;Fauvel AV45 N\u00b01. L&#8217;AV45 est [&hellip;]<\/p>\n","protected":false},"author":1,"featured_media":1016,"parent":1010,"menu_order":0,"comment_status":"closed","ping_status":"closed","template":"","meta":{"_acf_changed":false,"cybocfi_hide_featured_image":"","footnotes":""},"categories":[17],"tags":[],"planes-000-100":[],"class_list":["post-1544","page","type-page","status-publish","has-post-thumbnail","hentry","category-plane-000-100"],"blocksy_meta":[],"acf":[],"_links":{"self":[{"href":"https:\/\/minijets.org\/fr\/wp-json\/wp\/v2\/pages\/1544","targetHints":{"allow":["GET"]}}],"collection":[{"href":"https:\/\/minijets.org\/fr\/wp-json\/wp\/v2\/pages"}],"about":[{"href":"https:\/\/minijets.org\/fr\/wp-json\/wp\/v2\/types\/page"}],"author":[{"embeddable":true,"href":"https:\/\/minijets.org\/fr\/wp-json\/wp\/v2\/users\/1"}],"replies":[{"embeddable":true,"href":"https:\/\/minijets.org\/fr\/wp-json\/wp\/v2\/comments?post=1544"}],"version-history":[{"count":6,"href":"https:\/\/minijets.org\/fr\/wp-json\/wp\/v2\/pages\/1544\/revisions"}],"predecessor-version":[{"id":8800,"href":"https:\/\/minijets.org\/fr\/wp-json\/wp\/v2\/pages\/1544\/revisions\/8800"}],"up":[{"embeddable":true,"href":"https:\/\/minijets.org\/fr\/wp-json\/wp\/v2\/pages\/1010"}],"wp:featuredmedia":[{"embeddable":true,"href":"https:\/\/minijets.org\/fr\/wp-json\/wp\/v2\/media\/1016"}],"wp:attachment":[{"href":"https:\/\/minijets.org\/fr\/wp-json\/wp\/v2\/media?parent=1544"}],"wp:term":[{"taxonomy":"category","embeddable":true,"href":"https:\/\/minijets.org\/fr\/wp-json\/wp\/v2\/categories?post=1544"},{"taxonomy":"post_tag","embeddable":true,"href":"https:\/\/minijets.org\/fr\/wp-json\/wp\/v2\/tags?post=1544"},{"taxonomy":"planes-000-100","embeddable":true,"href":"https:\/\/minijets.org\/fr\/wp-json\/wp\/v2\/planes-000-100?post=1544"}],"curies":[{"name":"wp","href":"https:\/\/api.w.org\/{rel}","templated":true}]}}