{"id":1814,"date":"2021-01-08T18:31:19","date_gmt":"2021-01-08T17:31:19","guid":{"rendered":"http:\/\/tst.minijets.org\/?page_id=1814"},"modified":"2024-10-07T17:41:44","modified_gmt":"2024-10-07T15:41:44","slug":"subsonex-jsx-2","status":"publish","type":"page","link":"https:\/\/minijets.org\/fr\/100-150\/pbs-tj100\/subsonex-jsx-2\/","title":{"rendered":"Subsonex JSX-2"},"content":{"rendered":"\n<h2 class=\"wp-block-heading\">The&nbsp;SubSonex JSX-2&nbsp;Personal Jet<\/h2>\n\n\n\n<p>Le 10 juillet 2014, Sonex Aircraft a effectu\u00e9 le premier vol de son petit monoplace depuis son si\u00e8ge \u00e0 Oshkosh, dans le Wisconsin.<\/p>\n\n\n\n<figure class=\"wp-block-image size-large\"><img loading=\"lazy\" decoding=\"async\" width=\"950\" height=\"277\" src=\"http:\/\/minijets.org\/wp-content\/uploads\/2020\/12\/Subsonex_JSX-2_-_01.jpg\" alt=\"\" class=\"wp-image-721\" srcset=\"https:\/\/minijets.org\/wp-content\/uploads\/2020\/12\/Subsonex_JSX-2_-_01.jpg 950w, https:\/\/minijets.org\/wp-content\/uploads\/2020\/12\/Subsonex_JSX-2_-_01-300x87.jpg 300w, https:\/\/minijets.org\/wp-content\/uploads\/2020\/12\/Subsonex_JSX-2_-_01-768x224.jpg 768w, https:\/\/minijets.org\/wp-content\/uploads\/2020\/12\/Subsonex_JSX-2_-_01-18x5.jpg 18w\" sizes=\"auto, (max-width: 950px) 100vw, 950px\" \/><figcaption class=\"wp-element-caption\">Subsonex, JSX-2, with courtesy of Sonex aircraft<\/figcaption><\/figure>\n\n\n\n<p>La deuxi\u00e8me g\u00e9n\u00e9ration du Jet de <a href=\"https:\/\/www.sonexaircraft.com\/\" data-type=\"URL\" data-id=\"https:\/\/www.sonexaircraft.com\/\" target=\"_blank\" rel=\"noopener\">Sonex<\/a>, le Subsonex JSX-2, est la version destin\u00e9e aux clients. Con\u00e7u pour \u00eatre \u00e0 la fois abordable, pratique et facile \u00e0 piloter, cet avion \u00e0 r\u00e9action est vendu sous forme de kit. Bien qu\u2019il soit toujours propuls\u00e9 par le turbor\u00e9acteur <a href=\"https:\/\/minijets.org\/100-150\/pbs-tj100\/\" data-type=\"page\" data-id=\"632\">PBS TJ-100<\/a>, il se distingue du d\u00e9monstrateur <a href=\"https:\/\/minijets.org\/100-150\/pbs-tj100\/subsonex-jsx-1\/\" data-type=\"page\" data-id=\"1806\">JSX-1<\/a> par l\u2019int\u00e9gration de nombreuses nouvelles fonctionnalit\u00e9s et am\u00e9liorations.<\/p>\n\n\n\n<p>Cette version de production se distingue par un cockpit et un tableau de bord plus spacieux, un train d&#8217;atterrissage r\u00e9tractable, un syst\u00e8me de r\u00e9cup\u00e9ration d&#8217;urgence par parachute BRS, une capacit\u00e9 de carburant accrue et des ailes amovibles.<\/p>\n\n\n\n<div class=\"wp-block-columns is-layout-flex wp-container-core-columns-is-layout-28f84493 wp-block-columns-is-layout-flex\">\n<div class=\"wp-block-column is-layout-flow wp-block-column-is-layout-flow\" style=\"flex-basis:50%\">\n<figure class=\"wp-block-image size-large\"><img loading=\"lazy\" decoding=\"async\" width=\"500\" height=\"248\" src=\"http:\/\/minijets.org\/wp-content\/uploads\/2020\/12\/Subsonex_JSX-2_-_02.jpg\" alt=\"\" class=\"wp-image-636\" srcset=\"https:\/\/minijets.org\/wp-content\/uploads\/2020\/12\/Subsonex_JSX-2_-_02.jpg 500w, https:\/\/minijets.org\/wp-content\/uploads\/2020\/12\/Subsonex_JSX-2_-_02-300x149.jpg 300w, https:\/\/minijets.org\/wp-content\/uploads\/2020\/12\/Subsonex_JSX-2_-_02-18x9.jpg 18w\" sizes=\"auto, (max-width: 500px) 100vw, 500px\" \/><\/figure>\n<\/div>\n\n\n\n<div class=\"wp-block-column is-layout-flow wp-block-column-is-layout-flow\" style=\"flex-basis:50%\">\n<h5 class=\"wp-block-heading\">Habitacle plus large<\/h5>\n\n\n\n<p>Par rapport au d\u00e9monstrateur JSX-1, le SubSonex JSX-2 pr\u00e9sente un cockpit plus grand (d&#8217;une longueur de 1,50 m), ainsi que des lignes esth\u00e9tiques consid\u00e9rablement am\u00e9lior\u00e9es.<\/p>\n<\/div>\n<\/div>\n\n\n\n<div class=\"wp-block-columns is-layout-flex wp-container-core-columns-is-layout-28f84493 wp-block-columns-is-layout-flex\">\n<div class=\"wp-block-column is-layout-flow wp-block-column-is-layout-flow\">\n<figure class=\"wp-block-image size-large\"><img loading=\"lazy\" decoding=\"async\" width=\"500\" height=\"241\" src=\"http:\/\/minijets.org\/wp-content\/uploads\/2020\/12\/Subsonex_JSX-2_-_03.jpg\" alt=\"\" class=\"wp-image-676\" srcset=\"https:\/\/minijets.org\/wp-content\/uploads\/2020\/12\/Subsonex_JSX-2_-_03.jpg 500w, https:\/\/minijets.org\/wp-content\/uploads\/2020\/12\/Subsonex_JSX-2_-_03-300x145.jpg 300w, https:\/\/minijets.org\/wp-content\/uploads\/2020\/12\/Subsonex_JSX-2_-_03-18x9.jpg 18w\" sizes=\"auto, (max-width: 500px) 100vw, 500px\" \/><\/figure>\n<\/div>\n\n\n\n<div class=\"wp-block-column is-layout-flow wp-block-column-is-layout-flow\">\n<h5 class=\"wp-block-heading\">Train d&#8217;atterrissage rentrant<\/h5>\n\n\n\n<p>Le kit SubSonex comprend un train rentrant, une roulette avant conjugu\u00e9e et des freins hydrauliques.<\/p>\n\n\n\n<p>La r\u00e9traction du train principal est assur\u00e9e par des v\u00e9rins pneumatiques, aliment\u00e9s par des pompes \u00e0 air et un r\u00e9servoir de stockage. Ce dispositif est compl\u00e9t\u00e9 par un syst\u00e8me de verrouillage du train d&#8217;atterrissage<\/p>\n<\/div>\n<\/div>\n\n\n\n<h2 class=\"wp-block-heading\">Liste des Subsonex connus<\/h2>\n\n\n\n<div class=\"wp-block-columns is-layout-flex wp-container-core-columns-is-layout-28f84493 wp-block-columns-is-layout-flex\">\n<div class=\"wp-block-column is-layout-flow wp-block-column-is-layout-flow\">\n<h3 class=\"wp-block-heading\">SubSonex SN JSX0001 &#8211; N141SJ<\/h3>\n\n\n\n<p>Bob Carlton, pilote d&#8217;essai pour Sonex Aircraft, a termin\u00e9 la premi\u00e8re s\u00e9rie d&#8217;essais en vol du jet personnel SubSonex JSX-2. Le premier vol du minuscule monoplace a eu lieu le&nbsp;<strong>10 juillet 20014<\/strong>, depuis le si\u00e8ge de Sonex, \u00e0 Oshkosh, dans le Wisconsin.<\/p>\n\n\n\n<p>L\u2019objectif initial du programme des tests en vol \u00e9tait d\u2019\u00e9valuer les syst\u00e8mes, les commandes de vol, le train d&#8217;atterrissage,&nbsp;la g\u00e9om\u00e9trie g\u00e9n\u00e9rale de l\u2019avion, ainsi que la tenue aux basses vitesses, qui ont tous \u00e9t\u00e9 accomplis au cours de trois vols.<\/p>\n<\/div>\n\n\n\n<div class=\"wp-block-column is-layout-flow wp-block-column-is-layout-flow\">\n<figure class=\"wp-block-image size-large\"><img loading=\"lazy\" decoding=\"async\" width=\"800\" height=\"531\" src=\"http:\/\/minijets.org\/wp-content\/uploads\/2020\/12\/Subsonex_JSX-2_N141SJ.jpg\" alt=\"\" class=\"wp-image-751\" srcset=\"https:\/\/minijets.org\/wp-content\/uploads\/2020\/12\/Subsonex_JSX-2_N141SJ.jpg 800w, https:\/\/minijets.org\/wp-content\/uploads\/2020\/12\/Subsonex_JSX-2_N141SJ-300x199.jpg 300w, https:\/\/minijets.org\/wp-content\/uploads\/2020\/12\/Subsonex_JSX-2_N141SJ-768x510.jpg 768w, https:\/\/minijets.org\/wp-content\/uploads\/2020\/12\/Subsonex_JSX-2_N141SJ-18x12.jpg 18w\" sizes=\"auto, (max-width: 800px) 100vw, 800px\" \/><figcaption class=\"wp-element-caption\">SubSonex Prototype #1, N141SJ, operated by Bob Carlton<\/figcaption><\/figure>\n<\/div>\n<\/div>\n\n\n\n<div class=\"wp-block-columns is-layout-flex wp-container-core-columns-is-layout-28f84493 wp-block-columns-is-layout-flex\">\n<div class=\"wp-block-column is-layout-flow wp-block-column-is-layout-flow\">\n<h3 class=\"wp-block-heading\">SubSonex SN JSX0002 &#8211; N241SJ<\/h3>\n\n\n\n<p>L&#8217;apr\u00e8s-midi du&nbsp;<strong>7 octobre 2015<\/strong>, le ciel d&#8217;Oshkosh s&#8217;est \u00e0 nouveau rempli d&#8217;un bruit d&#8217;un minuscule jet.&nbsp;John&nbsp;Monnett s&#8217;est install\u00e9 dans le&nbsp;jumeau du prototype du N\u00b01 N141SJ, pour effectuer un vol court, qui s&#8217;est d\u00e9roul\u00e9 avec succ\u00e8s.<\/p>\n\n\n\n<p>Avec ce premier vol du SubSonex N241SJ, la flotte mondiale de JSX-2 a doubl\u00e9.<\/p>\n\n\n\n<p>Ce JSX-2 N\u00b02 est destin\u00e9 \u00e0 servir de d\u00e9monstrateur pour l&#8217;usine de Sonex aircraft bas\u00e9e \u00e0 Oshkosh. Il int\u00e8gre toutes les derni\u00e8res modifications apport\u00e9es \u00e0 la conception du SubSonex, et pr\u00e9figure les appareils qui seront livr\u00e9s aux futurs clients.<\/p>\n<\/div>\n\n\n\n<div class=\"wp-block-column is-layout-flow wp-block-column-is-layout-flow\">\n<figure class=\"wp-block-image size-large\"><img loading=\"lazy\" decoding=\"async\" width=\"400\" height=\"250\" src=\"http:\/\/minijets.org\/wp-content\/uploads\/2020\/12\/SubSonex_JSX-02.jpg\" alt=\"\" class=\"wp-image-750\" srcset=\"https:\/\/minijets.org\/wp-content\/uploads\/2020\/12\/SubSonex_JSX-02.jpg 400w, https:\/\/minijets.org\/wp-content\/uploads\/2020\/12\/SubSonex_JSX-02-300x188.jpg 300w, https:\/\/minijets.org\/wp-content\/uploads\/2020\/12\/SubSonex_JSX-02-18x12.jpg 18w\" sizes=\"auto, (max-width: 400px) 100vw, 400px\" \/><figcaption class=\"wp-element-caption\">SubSonex Factory Prototype #2<\/figcaption><\/figure>\n<\/div>\n<\/div>\n\n\n\n<div class=\"wp-block-columns is-layout-flex wp-container-core-columns-is-layout-28f84493 wp-block-columns-is-layout-flex\">\n<div class=\"wp-block-column is-layout-flow wp-block-column-is-layout-flow\">\n<h3 class=\"wp-block-heading\">SubSonex SN JSX0003 &#8211; N798LL<\/h3>\n\n\n\n<p>Redge Greenberg de Durango (CO), a fait le premier vol de son SubSonex SN&nbsp;JSX0003 le&nbsp;<strong>15 octobre 2015<\/strong>. Il \u00e9tait alors immatricul\u00e9 N346RG.<\/p>\n\n\n\n<p>Ce subsonnex \u00e9tait le premier kit client assembl\u00e9 \u00e0 voler. Il faut vendu plutard \u00e0 Tom Larkin (Brighton, CO) et immatricul\u00e9 N798LL.<\/p>\n\n\n\n<p>Le JSX0003 a \u00e9t\u00e9 modifi\u00e9 to permettre de passer la voltige, et repeint pour \u00eatre pr\u00e9sent\u00e9 par Tom comme la&nbsp;&#8220;star&#8221; de&nbsp;MINI JET AIRSHOWS.<\/p>\n\n\n\n<div class=\"wp-block-buttons is-layout-flex wp-block-buttons-is-layout-flex\">\n<div class=\"wp-block-button is-style-fill\"><a class=\"wp-block-button__link has-white-color has-vivid-cyan-blue-background-color has-text-color has-background wp-element-button\" href=\"https:\/\/www.minijetairshows.com\/\" style=\"border-radius:8px\" target=\"_blank\" rel=\"noopener\">Minijet Airshow<\/a><\/div>\n<\/div>\n<\/div>\n\n\n\n<div class=\"wp-block-column is-layout-flow wp-block-column-is-layout-flow\">\n<figure class=\"wp-block-image size-full\"><img loading=\"lazy\" decoding=\"async\" width=\"800\" height=\"550\" src=\"https:\/\/minijets.org\/wp-content\/uploads\/2024\/10\/Subsonex_JSX-2_N798LL.webp\" alt=\"\" class=\"wp-image-9261\" srcset=\"https:\/\/minijets.org\/wp-content\/uploads\/2024\/10\/Subsonex_JSX-2_N798LL.webp 800w, https:\/\/minijets.org\/wp-content\/uploads\/2024\/10\/Subsonex_JSX-2_N798LL-18x12.webp 18w, https:\/\/minijets.org\/wp-content\/uploads\/2024\/10\/Subsonex_JSX-2_N798LL-300x206.webp 300w, https:\/\/minijets.org\/wp-content\/uploads\/2024\/10\/Subsonex_JSX-2_N798LL-768x528.webp 768w\" sizes=\"auto, (max-width: 800px) 100vw, 800px\" \/><figcaption class=\"wp-element-caption\">Tom Larkin&#8217;s Subsonex JSX0003, N798LL<\/figcaption><\/figure>\n<\/div>\n<\/div>\n\n\n\n<div class=\"wp-block-columns is-layout-flex wp-container-core-columns-is-layout-28f84493 wp-block-columns-is-layout-flex\">\n<div class=\"wp-block-column is-layout-flow wp-block-column-is-layout-flow\">\n<h3 class=\"wp-block-heading\">SubSonex SN JSX0004 &#8211; N458V<\/h3>\n\n\n\n<p>John R. Murphy&#8217;s SubSonex was completed in November 2016&nbsp;after 22 months of building, and it was the 3rd customer-built SubSonex to fly.&nbsp;<br>As John couldn&#8217;t decide on the paint scheme, he used a different scheme on each side.<br>John&#8217;s flight training was accomplished at Desert Aerospace by Bob Carlton, Billy Hill, and designated pilot examiner Bob O&#8217;Haver.<br>A BRS emergency parachute is installed along with an MGL Avionics. A belly-mounted video camera allows to watch the landing gear go up and down.<\/p>\n<\/div>\n\n\n\n<div class=\"wp-block-column is-layout-flow wp-block-column-is-layout-flow\">\n<figure class=\"wp-block-image size-full\"><img loading=\"lazy\" decoding=\"async\" width=\"800\" height=\"551\" src=\"https:\/\/minijets.org\/wp-content\/uploads\/2024\/10\/Subsonex_JSX-2_N458V.webp\" alt=\"\" class=\"wp-image-9260\" srcset=\"https:\/\/minijets.org\/wp-content\/uploads\/2024\/10\/Subsonex_JSX-2_N458V.webp 800w, https:\/\/minijets.org\/wp-content\/uploads\/2024\/10\/Subsonex_JSX-2_N458V-18x12.webp 18w, https:\/\/minijets.org\/wp-content\/uploads\/2024\/10\/Subsonex_JSX-2_N458V-300x207.webp 300w, https:\/\/minijets.org\/wp-content\/uploads\/2024\/10\/Subsonex_JSX-2_N458V-768x529.webp 768w\" sizes=\"auto, (max-width: 800px) 100vw, 800px\" \/><figcaption class=\"wp-element-caption\">Le Subsonex JSX-2 SN JSX0004 &#8211; N458V de John Murphy, avec une d\u00e9coration diff\u00e9rente sur chaque cot\u00e9<\/figcaption><\/figure>\n<\/div>\n<\/div>\n\n\n\n<div class=\"wp-block-columns is-layout-flex wp-container-core-columns-is-layout-28f84493 wp-block-columns-is-layout-flex\">\n<div class=\"wp-block-column is-layout-flow wp-block-column-is-layout-flow\">\n<h3 class=\"wp-block-heading\">SubSonex SN JSX0006 &#8211; N465JC<\/h3>\n\n\n\n<p>Le SubSonex N\u00b06, de John Corneal de Petersburg (Pennsylvanie) a vol\u00e9 pour la premi\u00e8re fois le&nbsp;<strong>20 avril 2017<\/strong>.<\/p>\n\n\n\n<p>Le vol a dur\u00e9 40 minutes. Il comprenait des virages \u00e0 diverses inclinaisons (10, 20 et 30 degr\u00e9s), une \u00e9tude du vol aux faibles vitesses en configuration lisse et train sorti, des mont\u00e9es et des descentes, suivi d\u2019un retour au terrain.<\/p>\n\n\n\n<p>John a consacr\u00e9 beaucoup de temps \u00e0 la construction m\u00e9ticuleuse de son SubSonex JSX0006. Son travail a port\u00e9 ses fruits lors du rassemblement &#8220;EAA AirVenture Oshkosh 2017&#8221;, o\u00f9 il a remport\u00e9 la m\u00e9dail de bronze du prix Lindy pour son travail.<\/p>\n<\/div>\n\n\n\n<div class=\"wp-block-column is-layout-flow wp-block-column-is-layout-flow\">\n<figure class=\"wp-block-image size-full\"><img loading=\"lazy\" decoding=\"async\" width=\"800\" height=\"550\" src=\"https:\/\/minijets.org\/wp-content\/uploads\/2024\/10\/Subsonex_JSX-2_N465JC.webp\" alt=\"\" class=\"wp-image-9263\" srcset=\"https:\/\/minijets.org\/wp-content\/uploads\/2024\/10\/Subsonex_JSX-2_N465JC.webp 800w, https:\/\/minijets.org\/wp-content\/uploads\/2024\/10\/Subsonex_JSX-2_N465JC-18x12.webp 18w, https:\/\/minijets.org\/wp-content\/uploads\/2024\/10\/Subsonex_JSX-2_N465JC-300x206.webp 300w, https:\/\/minijets.org\/wp-content\/uploads\/2024\/10\/Subsonex_JSX-2_N465JC-768x528.webp 768w\" sizes=\"auto, (max-width: 800px) 100vw, 800px\" \/><figcaption class=\"wp-element-caption\">John Corneal&#8217;s Subsonex, 25-07-17 &#8211; KOSH &#8211; Oshkosh, WI<\/figcaption><\/figure>\n<\/div>\n<\/div>\n\n\n\n<div class=\"wp-block-columns is-layout-flex wp-container-core-columns-is-layout-28f84493 wp-block-columns-is-layout-flex\">\n<div class=\"wp-block-column is-layout-flow wp-block-column-is-layout-flow\">\n<h3 class=\"wp-block-heading\">SubSonex SN JSX0007 &#8211; N13MB<\/h3>\n\n\n\n<p>Le vendredi&nbsp;<strong>2 d\u00e9cembre 2016<\/strong>, le Subsonex N13MB a vol\u00e9 pour la toute premi\u00e8re fois. Avec Bob O\u2019Haver aux commandes,<\/p>\n\n\n\n<p>Il a d\u00e9coll\u00e9 New London, Ct, (GON) \u00e0 7 h 45. Ce vol initial a dur\u00e9 un peu plus de 30 minutes. Bob a effectu\u00e9 quelques d\u00e9crochages et un vol lent suivi d\u2019une approche \u00e0 basse altitude au-dessus du terrain.<\/p>\n\n\n\n<p>Peu apr\u00e8s 9 h 30, le constructeur et propri\u00e9taire,\u00a0Andrew San Marco, a fait un survol de 35 minutes au-dessus du d\u00e9troit de Long Island.<\/p>\n\n\n\n<div class=\"wp-block-buttons is-layout-flex wp-block-buttons-is-layout-flex\">\n<div class=\"wp-block-button\"><a class=\"wp-block-button__link has-white-color has-vivid-cyan-blue-background-color has-text-color has-background wp-element-button\" href=\"https:\/\/www.youtube.com\/watch?v=CVEFUJ7G7No\" style=\"border-radius:10px\" target=\"_blank\" rel=\"noopener\">Vid\u00e9o du premier vol<\/a><\/div>\n<\/div>\n<\/div>\n\n\n\n<div class=\"wp-block-column is-layout-flow wp-block-column-is-layout-flow\">\n<figure class=\"wp-block-image size-full\"><img loading=\"lazy\" decoding=\"async\" width=\"640\" height=\"426\" src=\"https:\/\/minijets.org\/wp-content\/uploads\/2024\/10\/Subsonex_JSX-2_N13MB.webp\" alt=\"\" class=\"wp-image-9255\" srcset=\"https:\/\/minijets.org\/wp-content\/uploads\/2024\/10\/Subsonex_JSX-2_N13MB.webp 640w, https:\/\/minijets.org\/wp-content\/uploads\/2024\/10\/Subsonex_JSX-2_N13MB-18x12.webp 18w, https:\/\/minijets.org\/wp-content\/uploads\/2024\/10\/Subsonex_JSX-2_N13MB-300x200.webp 300w\" sizes=\"auto, (max-width: 640px) 100vw, 640px\" \/><figcaption class=\"wp-element-caption\">Andrew San Marco&#8217;s Subsonex JSX0007, N13MB<\/figcaption><\/figure>\n<\/div>\n<\/div>\n\n\n\n<div class=\"wp-block-columns is-layout-flex wp-container-core-columns-is-layout-28f84493 wp-block-columns-is-layout-flex\">\n<div class=\"wp-block-column is-layout-flow wp-block-column-is-layout-flow\">\n<h3 class=\"wp-block-heading\">SubSonex SN JSX0008 &#8211; N94DE<\/h3>\n\n\n\n<p>March 2018, KEN HOLLRAH, Fairmont, OK, had his first taxi tests of the experimental SubSonex jet S\/N JSX0008 that he was building.<\/p>\n\n\n\n<p>Ken made some modifications, such as on the brakes or on an added kickstand to compensate for the need to place a saw horse under the tail or sandbags in the nose if there is no pilot in the cockpit .<\/p>\n\n\n\n<p>008 made its first flight on&nbsp;<strong>August 12 2018<\/strong>, Ken climbed to altitude and performed a few basic maneuvers along with several approaches to stall at various flap settings.<\/p>\n<\/div>\n\n\n\n<div class=\"wp-block-column is-layout-flow wp-block-column-is-layout-flow\">\n<figure class=\"wp-block-image size-full\"><img loading=\"lazy\" decoding=\"async\" width=\"800\" height=\"551\" src=\"https:\/\/minijets.org\/wp-content\/uploads\/2024\/10\/Subsonex_JSX-2_N94DE_SN008.webp\" alt=\"\" class=\"wp-image-9256\" srcset=\"https:\/\/minijets.org\/wp-content\/uploads\/2024\/10\/Subsonex_JSX-2_N94DE_SN008.webp 800w, https:\/\/minijets.org\/wp-content\/uploads\/2024\/10\/Subsonex_JSX-2_N94DE_SN008-18x12.webp 18w, https:\/\/minijets.org\/wp-content\/uploads\/2024\/10\/Subsonex_JSX-2_N94DE_SN008-300x207.webp 300w, https:\/\/minijets.org\/wp-content\/uploads\/2024\/10\/Subsonex_JSX-2_N94DE_SN008-768x529.webp 768w\" sizes=\"auto, (max-width: 800px) 100vw, 800px\" \/><figcaption class=\"wp-element-caption\">Ken Hollrah and his Subsonex were present at the 2019 Midwest Sonex Fly-In in Fayetteville, Arkansas. Source : Sonex Fly-in 2019 shared photos<\/figcaption><\/figure>\n<\/div>\n<\/div>\n\n\n\n<div class=\"wp-block-columns is-layout-flex wp-container-core-columns-is-layout-28f84493 wp-block-columns-is-layout-flex\">\n<div class=\"wp-block-column is-layout-flow wp-block-column-is-layout-flow\">\n<h3 class=\"wp-block-heading\">SubSonex SN JSX0011 &#8211; N231LK<\/h3>\n\n\n\n<p><strong>Tony Nerad&nbsp;<\/strong>(a former Harrier pilot) of&nbsp;<strong>Fairfax Station, Virginia&nbsp;<\/strong>whose SubSonex (S\/N JSX0011) flew for the first time on&nbsp;<strong>August 3, 2019<\/strong>.<\/p>\n\n\n\n<p>\u201cFlew great,\u201d writes Tony. \u201cNeeds more runway than I was accustomed to [Tony is a former Harrier pilot], but once airborne handles well and has superb visibility. I\u2019m enjoying flying it.\u201d Gold Wings are on the way!<\/p>\n<\/div>\n\n\n\n<div class=\"wp-block-column is-layout-flow wp-block-column-is-layout-flow\">\n<figure class=\"wp-block-image size-full\"><img loading=\"lazy\" decoding=\"async\" width=\"800\" height=\"533\" src=\"https:\/\/minijets.org\/wp-content\/uploads\/2024\/10\/Subsonex_JSX-2_N231LK.webp\" alt=\"\" class=\"wp-image-9258\" srcset=\"https:\/\/minijets.org\/wp-content\/uploads\/2024\/10\/Subsonex_JSX-2_N231LK.webp 800w, https:\/\/minijets.org\/wp-content\/uploads\/2024\/10\/Subsonex_JSX-2_N231LK-18x12.webp 18w, https:\/\/minijets.org\/wp-content\/uploads\/2024\/10\/Subsonex_JSX-2_N231LK-300x200.webp 300w, https:\/\/minijets.org\/wp-content\/uploads\/2024\/10\/Subsonex_JSX-2_N231LK-768x512.webp 768w\" sizes=\"auto, (max-width: 800px) 100vw, 800px\" \/><figcaption class=\"wp-element-caption\">Tony Nerad&#8217;s Subsonex JSX0011, N231LK.<\/figcaption><\/figure>\n<\/div>\n<\/div>\n\n\n\n<div class=\"wp-block-columns is-layout-flex wp-container-core-columns-is-layout-28f84493 wp-block-columns-is-layout-flex\">\n<div class=\"wp-block-column is-layout-flow wp-block-column-is-layout-flow\">\n<h3 class=\"wp-block-heading\">SubSonex SN JSX0019 &#8211; N19WJ<\/h3>\n\n\n\n<p>Le premier vol du num\u00e9ro de s\u00e9rie 19 a eu lieu le <strong>19 mai 2020<\/strong> \u00e0 l&#8217;a\u00e9roport du comt\u00e9 de Coweta, en G\u00e9orgie.<\/p>\n\n\n\n<p>Cela s&#8217;est produit presque deux ans jour pour jour apr\u00e8s que Brett Wilkes a command\u00e9 son kit. Le vol s&#8217;est d\u00e9roul\u00e9 sans incident.<\/p>\n\n\n\n<p><\/p>\n<\/div>\n\n\n\n<div class=\"wp-block-column is-layout-flow wp-block-column-is-layout-flow\">\n<figure class=\"wp-block-image size-full is-resized\"><img loading=\"lazy\" decoding=\"async\" width=\"800\" height=\"550\" src=\"https:\/\/minijets.org\/wp-content\/uploads\/2024\/10\/Subsonex_JSX-2_N19WJ.webp\" alt=\"\" class=\"wp-image-9264\" style=\"width:496px;height:auto\" srcset=\"https:\/\/minijets.org\/wp-content\/uploads\/2024\/10\/Subsonex_JSX-2_N19WJ.webp 800w, https:\/\/minijets.org\/wp-content\/uploads\/2024\/10\/Subsonex_JSX-2_N19WJ-18x12.webp 18w, https:\/\/minijets.org\/wp-content\/uploads\/2024\/10\/Subsonex_JSX-2_N19WJ-300x206.webp 300w, https:\/\/minijets.org\/wp-content\/uploads\/2024\/10\/Subsonex_JSX-2_N19WJ-768x528.webp 768w\" sizes=\"auto, (max-width: 800px) 100vw, 800px\" \/><figcaption class=\"wp-element-caption\">Brett Wilkes&#8217;s SubSonex SN JSX0019, N19WJ<\/figcaption><\/figure>\n<\/div>\n<\/div>\n\n\n\n<div class=\"wp-block-columns is-layout-flex wp-container-core-columns-is-layout-28f84493 wp-block-columns-is-layout-flex\">\n<div class=\"wp-block-column is-layout-flow wp-block-column-is-layout-flow\">\n<h3 class=\"wp-block-heading\">SubSonex SN JSX0021 &#8211; N958PD<\/h3>\n\n\n\n<p>Le&nbsp;<strong>24 mars 2019<\/strong>, le SubSonex JSX0021,&nbsp;<strong>N958PD<\/strong>,&nbsp;a effectu\u00e9 son premier vol \u00e0 partir du Dayton Valley Airpark au Nevada.&nbsp;L&#8217;avion appartient&nbsp;\u00e0 Paul Dye, r\u00e9dacteur en chef de Kitplanes\u00ae, qui, lorsqu&#8217;il a pris sa retraite de la NASA, \u00e9tait directeur du&nbsp;programme de vol spatial habit\u00e9. Il peut se pr\u00e9valoir d&#8217;une exp\u00e9rience de 40 ann\u00e9es dans le domaine a\u00e9rospatial, depuis le Cub juqu&#8217;\u00e0 la navette spatiale.<\/p>\n\n\n\n<p>La construction a dur\u00e9 environ quatre mois au total, y compris la peinture ex\u00e9cut\u00e9e par John Stahr, ma\u00eetre a\u00e9rographe.<\/p>\n<\/div>\n\n\n\n<div class=\"wp-block-column is-layout-flow wp-block-column-is-layout-flow\">\n<figure class=\"wp-block-image size-full\"><img loading=\"lazy\" decoding=\"async\" width=\"800\" height=\"550\" src=\"https:\/\/minijets.org\/wp-content\/uploads\/2024\/10\/Subsonex_JSX-2_N958PD.webp\" alt=\"\" class=\"wp-image-9262\" srcset=\"https:\/\/minijets.org\/wp-content\/uploads\/2024\/10\/Subsonex_JSX-2_N958PD.webp 800w, https:\/\/minijets.org\/wp-content\/uploads\/2024\/10\/Subsonex_JSX-2_N958PD-18x12.webp 18w, https:\/\/minijets.org\/wp-content\/uploads\/2024\/10\/Subsonex_JSX-2_N958PD-300x206.webp 300w, https:\/\/minijets.org\/wp-content\/uploads\/2024\/10\/Subsonex_JSX-2_N958PD-768x528.webp 768w\" sizes=\"auto, (max-width: 800px) 100vw, 800px\" \/><figcaption class=\"wp-element-caption\">Paul Dye&#8217;s SubSonex SN JSX0021, N958PD<\/figcaption><\/figure>\n<\/div>\n<\/div>\n","protected":false},"excerpt":{"rendered":"<p>The&nbsp;SubSonex JSX-2&nbsp;Personal Jet Le 10 juillet 2014, Sonex Aircraft a effectu\u00e9 le premier vol de son petit monoplace depuis son si\u00e8ge \u00e0 Oshkosh, dans le Wisconsin. La deuxi\u00e8me g\u00e9n\u00e9ration du Jet de Sonex, le Subsonex JSX-2, est la version destin\u00e9e aux clients. Con\u00e7u pour \u00eatre \u00e0 la fois abordable, pratique et facile \u00e0 piloter, cet [&hellip;]<\/p>\n","protected":false},"author":1,"featured_media":750,"parent":632,"menu_order":0,"comment_status":"closed","ping_status":"closed","template":"","meta":{"_acf_changed":false,"cybocfi_hide_featured_image":"","footnotes":""},"categories":[18],"tags":[],"planes-000-100":[],"class_list":["post-1814","page","type-page","status-publish","has-post-thumbnail","hentry","category-plane-100-150"],"blocksy_meta":[],"acf":[],"_links":{"self":[{"href":"https:\/\/minijets.org\/fr\/wp-json\/wp\/v2\/pages\/1814","targetHints":{"allow":["GET"]}}],"collection":[{"href":"https:\/\/minijets.org\/fr\/wp-json\/wp\/v2\/pages"}],"about":[{"href":"https:\/\/minijets.org\/fr\/wp-json\/wp\/v2\/types\/page"}],"author":[{"embeddable":true,"href":"https:\/\/minijets.org\/fr\/wp-json\/wp\/v2\/users\/1"}],"replies":[{"embeddable":true,"href":"https:\/\/minijets.org\/fr\/wp-json\/wp\/v2\/comments?post=1814"}],"version-history":[{"count":19,"href":"https:\/\/minijets.org\/fr\/wp-json\/wp\/v2\/pages\/1814\/revisions"}],"predecessor-version":[{"id":9274,"href":"https:\/\/minijets.org\/fr\/wp-json\/wp\/v2\/pages\/1814\/revisions\/9274"}],"up":[{"embeddable":true,"href":"https:\/\/minijets.org\/fr\/wp-json\/wp\/v2\/pages\/632"}],"wp:featuredmedia":[{"embeddable":true,"href":"https:\/\/minijets.org\/fr\/wp-json\/wp\/v2\/media\/750"}],"wp:attachment":[{"href":"https:\/\/minijets.org\/fr\/wp-json\/wp\/v2\/media?parent=1814"}],"wp:term":[{"taxonomy":"category","embeddable":true,"href":"https:\/\/minijets.org\/fr\/wp-json\/wp\/v2\/categories?post=1814"},{"taxonomy":"post_tag","embeddable":true,"href":"https:\/\/minijets.org\/fr\/wp-json\/wp\/v2\/tags?post=1814"},{"taxonomy":"planes-000-100","embeddable":true,"href":"https:\/\/minijets.org\/fr\/wp-json\/wp\/v2\/planes-000-100?post=1814"}],"curies":[{"name":"wp","href":"https:\/\/api.w.org\/{rel}","templated":true}]}}