{"id":1976,"date":"2021-01-09T20:39:21","date_gmt":"2021-01-09T19:39:21","guid":{"rendered":"http:\/\/tst.minijets.org\/?page_id=1976"},"modified":"2024-10-06T18:16:02","modified_gmt":"2024-10-06T16:16:02","slug":"fouga-cm8-r13-cyclone","status":"publish","type":"page","link":"https:\/\/minijets.org\/fr\/100-150\/turbomeca-pimene\/fouga-cm8-r13-cyclone\/","title":{"rendered":"Fouga CM8-R13 Cyclone (Sylphe)"},"content":{"rendered":"\n<figure class=\"wp-block-image size-large\"><img loading=\"lazy\" decoding=\"async\" width=\"950\" height=\"241\" src=\"http:\/\/minijets.org\/wp-content\/uploads\/2021\/01\/Fouga_CM8_R13_Sylphe_-_01.jpg\" alt=\"Fouga CM8-R13 Cyclone \" class=\"wp-image-1957\" srcset=\"https:\/\/minijets.org\/wp-content\/uploads\/2021\/01\/Fouga_CM8_R13_Sylphe_-_01.jpg 950w, https:\/\/minijets.org\/wp-content\/uploads\/2021\/01\/Fouga_CM8_R13_Sylphe_-_01-300x76.jpg 300w, https:\/\/minijets.org\/wp-content\/uploads\/2021\/01\/Fouga_CM8_R13_Sylphe_-_01-768x195.jpg 768w, https:\/\/minijets.org\/wp-content\/uploads\/2021\/01\/Fouga_CM8_R13_Sylphe_-_01-18x5.jpg 18w\" sizes=\"auto, (max-width: 950px) 100vw, 950px\" \/><figcaption class=\"wp-element-caption\">Fouga Sylphe N\u00b02 F-WFOJ au meeting d&#8217;Orly, 11 juin 1950. Photo Richard W Kamm avec la courtoise de August T Horvath<\/figcaption><\/figure>\n\n\n\n<p>Le Fouga CM8-R13 Cyclone est un moto-planeur \u00e0 r\u00e9acteur. Il servit comme banc d&#8217;essai du Turbor\u00e9acteur <a href=\"https:\/\/minijets.org\/100-150\/turbomeca-pimene\/\" data-type=\"page\" data-id=\"1877\">Pimene de Turbomeca<\/a>.  On lui trouva rapidement une autre mission, celle d&#8217;atteindre des altitudes que les planeurs de l&#8217;\u00e9poque ne pouvaient atteindre facilement. <\/p>\n\n\n\n<div class=\"wp-block-columns is-layout-flex wp-container-core-columns-is-layout-28f84493 wp-block-columns-is-layout-flex\">\n<div class=\"wp-block-column minijets_table is-layout-flow wp-block-column-is-layout-flow\" style=\"flex-basis:50%\">\n<figure class=\"wp-block-image size-large\"><img loading=\"lazy\" decoding=\"async\" width=\"500\" height=\"340\" src=\"http:\/\/minijets.org\/wp-content\/uploads\/2021\/01\/Fouga_CM8_R13_Cyclone_-_05.jpg\" alt=\"\" class=\"wp-image-1949\" srcset=\"https:\/\/minijets.org\/wp-content\/uploads\/2021\/01\/Fouga_CM8_R13_Cyclone_-_05.jpg 500w, https:\/\/minijets.org\/wp-content\/uploads\/2021\/01\/Fouga_CM8_R13_Cyclone_-_05-300x204.jpg 300w, https:\/\/minijets.org\/wp-content\/uploads\/2021\/01\/Fouga_CM8_R13_Cyclone_-_05-18x12.jpg 18w\" sizes=\"auto, (max-width: 500px) 100vw, 500px\" \/><figcaption class=\"wp-element-caption\">Fouga sylphe I (ex Cyclone) N\u00b01 &#8211; F-WFOI<\/figcaption><\/figure>\n\n\n\n<figure class=\"wp-block-image size-large\"><img loading=\"lazy\" decoding=\"async\" width=\"500\" height=\"297\" src=\"http:\/\/minijets.org\/wp-content\/uploads\/2021\/01\/Fouga_CM8_R13_Cyclone_-_06.jpg\" alt=\"\" class=\"wp-image-1954\" srcset=\"https:\/\/minijets.org\/wp-content\/uploads\/2021\/01\/Fouga_CM8_R13_Cyclone_-_06.jpg 500w, https:\/\/minijets.org\/wp-content\/uploads\/2021\/01\/Fouga_CM8_R13_Cyclone_-_06-300x178.jpg 300w, https:\/\/minijets.org\/wp-content\/uploads\/2021\/01\/Fouga_CM8_R13_Cyclone_-_06-18x12.jpg 18w\" sizes=\"auto, (max-width: 500px) 100vw, 500px\" \/><figcaption class=\"wp-element-caption\">Fouga sylphe I (ex Cyclone) N\u00b02 &#8211; F-WFOJ<\/figcaption><\/figure>\n<\/div>\n\n\n\n<div class=\"wp-block-column is-layout-flow wp-block-column-is-layout-flow\" style=\"flex-basis:50%\">\n<h3 class=\"wp-block-heading\">Premier Vol<\/h3>\n\n\n\n<p>Le Cyclone (Sylphe) a effectu\u00e9 son premier vol le 14 Juillet 1949 aux mains du pilote&nbsp;<a href=\"http:\/\/thetartanterror.blogspot.com\/2008\/08\/leon-bourrieau-1908-1974.html\" data-type=\"URL\" data-id=\"http:\/\/thetartanterror.blogspot.com\/2008\/08\/leon-bourrieau-1908-1974.html\" target=\"_blank\" rel=\"noopener\">L\u00e9on Bourrieau<\/a>&nbsp;qui mis au point tous les prototypes des \u00e9tablissements FOUGA.<\/p>\n\n\n\n<p>Deux Appareils ont \u00e9t\u00e9 produits qui recevront les immatriculations suivantes :&nbsp;<strong>F-WFOI<\/strong>&nbsp;[F-BFOI] (N\u00b01) et&nbsp;<strong>F-WFOJ<\/strong>&nbsp;[F-BFOJ] (N\u00b02),<\/p>\n\n\n\n<p>Un certain nombre d&#8217;\u00e9volution sont perceptible entre ces deux appareils. On remarquera en particulier la roulette fix\u00e9e sur le patin avant dans le cas du N\u00b02, ou int\u00e9gr\u00e9 au patin dans celui du N\u00b01. Le car\u00e9nage moteur a lui aussi \u00e9volu\u00e9.<\/p>\n\n\n\n<h3 class=\"wp-block-heading\">Pr\u00e9sentation<\/h3>\n\n\n\n<p>Derri\u00e8re le pilote abrit\u00e9 sous un cockpit profil\u00e9 en Plexiglas, dont la partie avant plane permet une bonne visibilit\u00e9, le r\u00e9acteur&nbsp;<strong>PIMENE<\/strong>&nbsp;est plac\u00e9 en pyl\u00f4ne, dans un b\u00e2ti car\u00e9n\u00e9.<\/p>\n\n\n\n<p>Cette disposition simple permet une bonne alimentation de la turbine. L&#8217;\u00e9jection des gaz brul\u00e9s donne lieu \u00e0 &nbsp;aucune perturbation a\u00e9rodynamique en raison du choix d&#8217;un empennage papillon.<\/p>\n\n\n\n<p>La construction de ce planeur est enti\u00e8rement en bois, vernis et peint.<\/p>\n<\/div>\n<\/div>\n\n\n\n<div class=\"wp-block-columns is-layout-flex wp-container-core-columns-is-layout-28f84493 wp-block-columns-is-layout-flex\">\n<div class=\"wp-block-column is-layout-flow wp-block-column-is-layout-flow\">\n<h4 class=\"wp-block-heading\">Voilure<\/h4>\n\n\n\n<p>La voilure, d&#8217;un allongement de 13, poss\u00e8de un Profil NACA 23014 \u00e0 &nbsp;l&#8217;emplanture qui \u00e9volue vers un 23012 \u00e0 &nbsp;l&#8217;extr\u00e9mit\u00e9.<\/p>\n\n\n\n<p>Elle est m\u00e9diane de type monoplan cantilever, mono-longeron \u00e0 &nbsp;rev\u00eatement travaillant, de construction enti\u00e8rement en bois.<\/p>\n\n\n\n<p>Elle comporte des ailerons \u00e0 fente, ainsi que des volets de courbure de bord de fuite \u00e0 fente, l&#8217;ensemble \u00e9tant construit en alliage l\u00e9ger et puis entoil\u00e9s.<\/p>\n<\/div>\n\n\n\n<div class=\"wp-block-column is-layout-flow wp-block-column-is-layout-flow\">\n<h4 class=\"wp-block-heading\">Empennages<\/h4>\n\n\n\n<p>Il s&#8217;agit d&#8217;un empennage en V. Les plans fixes sont en bois, rev\u00eatu de contreplaqu\u00e9. Les parties mobiles sont en alliage l\u00e9ger, rev\u00eatu de t\u00f4le.<\/p>\n\n\n\n<h4 class=\"wp-block-heading\">Atterrisseurs<\/h4>\n\n\n\n<p>L&#8217;atterrisseur est de type monotrace, il comprend une roue et un patin fixe.<\/p>\n\n\n\n<h4 class=\"wp-block-heading\">Carburants<\/h4>\n\n\n\n<p>Le turbor\u00e9acteur Turbomeca Pim\u00e9n\u00e9 du fouga Cyclone (Sylphe) utilise du k\u00e9ros\u00e8ne pour son fonctionnement normal et de l&#8217;essence pour le d\u00e9marrage.<\/p>\n\n\n\n<p>le K\u00e9ros\u00e8ne \/ Jet A1 est stock\u00e9 dans un r\u00e9servoir de 96 Litres situ\u00e9 dans le fuselage.<\/p>\n<\/div>\n<\/div>\n\n\n\n<div class=\"wp-block-columns is-layout-flex wp-container-core-columns-is-layout-28f84493 wp-block-columns-is-layout-flex\">\n<div class=\"wp-block-column is-layout-flow wp-block-column-is-layout-flow\">\n<figure class=\"wp-block-image size-large\"><img loading=\"lazy\" decoding=\"async\" width=\"500\" height=\"472\" src=\"http:\/\/minijets.org\/wp-content\/uploads\/2021\/01\/Fouga_CM8_R13_Cyclone_-_18.jpg\" alt=\"\" class=\"wp-image-1941\" srcset=\"https:\/\/minijets.org\/wp-content\/uploads\/2021\/01\/Fouga_CM8_R13_Cyclone_-_18.jpg 500w, https:\/\/minijets.org\/wp-content\/uploads\/2021\/01\/Fouga_CM8_R13_Cyclone_-_18-300x283.jpg 300w, https:\/\/minijets.org\/wp-content\/uploads\/2021\/01\/Fouga_CM8_R13_Cyclone_-_18-13x12.jpg 13w\" sizes=\"auto, (max-width: 500px) 100vw, 500px\" \/><\/figure>\n<\/div>\n\n\n\n<div class=\"wp-block-column is-layout-flow wp-block-column-is-layout-flow\">\n<figure class=\"wp-block-image size-large\"><img loading=\"lazy\" decoding=\"async\" width=\"500\" height=\"347\" src=\"http:\/\/minijets.org\/wp-content\/uploads\/2021\/01\/Fouga_CM8_R13_Cyclone_-_12.jpg\" alt=\"\" class=\"wp-image-1885\" srcset=\"https:\/\/minijets.org\/wp-content\/uploads\/2021\/01\/Fouga_CM8_R13_Cyclone_-_12.jpg 500w, https:\/\/minijets.org\/wp-content\/uploads\/2021\/01\/Fouga_CM8_R13_Cyclone_-_12-300x208.jpg 300w, https:\/\/minijets.org\/wp-content\/uploads\/2021\/01\/Fouga_CM8_R13_Cyclone_-_12-18x12.jpg 18w\" sizes=\"auto, (max-width: 500px) 100vw, 500px\" \/><figcaption class=\"wp-element-caption\">Fouga Cyclone (d\u00e9j\u00e0 rebaptis\u00e9 Sylphe sur cette photo) N\u00b01 F-WFOI &#8211; Photo aimablement communiqu\u00e9 par Richard Ferriere<\/figcaption><\/figure>\n<\/div>\n<\/div>\n\n\n\n<div class=\"wp-block-columns is-layout-flex wp-container-core-columns-is-layout-28f84493 wp-block-columns-is-layout-flex\">\n<div class=\"wp-block-column is-layout-flow wp-block-column-is-layout-flow\">\n<figure class=\"wp-block-image size-large\"><img loading=\"lazy\" decoding=\"async\" width=\"500\" height=\"320\" src=\"http:\/\/minijets.org\/wp-content\/uploads\/2021\/01\/Fouga_CM8_R13_Cyclone_-_13.jpg\" alt=\"\" class=\"wp-image-1916\" srcset=\"https:\/\/minijets.org\/wp-content\/uploads\/2021\/01\/Fouga_CM8_R13_Cyclone_-_13.jpg 500w, https:\/\/minijets.org\/wp-content\/uploads\/2021\/01\/Fouga_CM8_R13_Cyclone_-_13-300x192.jpg 300w, https:\/\/minijets.org\/wp-content\/uploads\/2021\/01\/Fouga_CM8_R13_Cyclone_-_13-18x12.jpg 18w\" sizes=\"auto, (max-width: 500px) 100vw, 500px\" \/><figcaption class=\"wp-element-caption\">Fouga Cyclone N\u00b01,F-WFOI. Fred Nicole est dans le poste de pilotage. Le m\u00e9canicien est entrain de lancer le PIMENE \u00e0 l&#8217;aide d&#8217;un d\u00e9marreur amovible (la Chignole !).Source : avec la courtoisie de Sandrine Lesage.<\/figcaption><\/figure>\n<\/div>\n\n\n\n<div class=\"wp-block-column is-layout-flow wp-block-column-is-layout-flow\">\n<figure class=\"wp-block-image size-large\"><img loading=\"lazy\" decoding=\"async\" width=\"500\" height=\"327\" src=\"http:\/\/minijets.org\/wp-content\/uploads\/2021\/01\/Fouga_CM8_R13_Cyclone_-_14.jpg\" alt=\"\" class=\"wp-image-1917\" srcset=\"https:\/\/minijets.org\/wp-content\/uploads\/2021\/01\/Fouga_CM8_R13_Cyclone_-_14.jpg 500w, https:\/\/minijets.org\/wp-content\/uploads\/2021\/01\/Fouga_CM8_R13_Cyclone_-_14-300x196.jpg 300w, https:\/\/minijets.org\/wp-content\/uploads\/2021\/01\/Fouga_CM8_R13_Cyclone_-_14-18x12.jpg 18w\" sizes=\"auto, (max-width: 500px) 100vw, 500px\" \/><figcaption class=\"wp-element-caption\">Fouga Cyclone N\u00b01 &#8211; F-WFOI. L&#8217;appareil est amen\u00e9 en piste. En tant normal, il repose sur son patin arri\u00e8re, d&#8217;o\u00f9 la n\u00e9cessit\u00e9 de mettre du lest \u00e0 l&#8217;avant&#8230; Source : avec la courtoisie de Sandrine Lesage.<\/figcaption><\/figure>\n<\/div>\n<\/div>\n\n\n\n<div class=\"wp-block-columns is-layout-flex wp-container-core-columns-is-layout-28f84493 wp-block-columns-is-layout-flex\">\n<div class=\"wp-block-column is-layout-flow wp-block-column-is-layout-flow\">\n<figure class=\"wp-block-image size-large\"><img loading=\"lazy\" decoding=\"async\" width=\"500\" height=\"324\" src=\"http:\/\/minijets.org\/wp-content\/uploads\/2021\/01\/Fouga_CM8_R13_Cyclone_-_10.jpg\" alt=\"\" class=\"wp-image-1945\" srcset=\"https:\/\/minijets.org\/wp-content\/uploads\/2021\/01\/Fouga_CM8_R13_Cyclone_-_10.jpg 500w, https:\/\/minijets.org\/wp-content\/uploads\/2021\/01\/Fouga_CM8_R13_Cyclone_-_10-300x194.jpg 300w, https:\/\/minijets.org\/wp-content\/uploads\/2021\/01\/Fouga_CM8_R13_Cyclone_-_10-18x12.jpg 18w\" sizes=\"auto, (max-width: 500px) 100vw, 500px\" \/><figcaption class=\"wp-element-caption\">Fouga Cyclone N\u00b01 (Sylphe I), F-WFOI, Collection Philippe BEZARD<\/figcaption><\/figure>\n<\/div>\n\n\n\n<div class=\"wp-block-column is-layout-flow wp-block-column-is-layout-flow\">\n<figure class=\"wp-block-image size-large\"><img loading=\"lazy\" decoding=\"async\" width=\"500\" height=\"327\" src=\"http:\/\/minijets.org\/wp-content\/uploads\/2021\/01\/Fouga_CM8_R13_Cyclone_-_09.jpg\" alt=\"\" class=\"wp-image-1896\" srcset=\"https:\/\/minijets.org\/wp-content\/uploads\/2021\/01\/Fouga_CM8_R13_Cyclone_-_09.jpg 500w, https:\/\/minijets.org\/wp-content\/uploads\/2021\/01\/Fouga_CM8_R13_Cyclone_-_09-300x196.jpg 300w, https:\/\/minijets.org\/wp-content\/uploads\/2021\/01\/Fouga_CM8_R13_Cyclone_-_09-18x12.jpg 18w\" sizes=\"auto, (max-width: 500px) 100vw, 500px\" \/><figcaption class=\"wp-element-caption\">Fouga Cyclone N\u00b02 (Sylphe I), F-WFOJ, Collection Philippe BEZARD<\/figcaption><\/figure>\n<\/div>\n<\/div>\n\n\n\n<div class=\"wp-block-columns is-layout-flex wp-container-core-columns-is-layout-28f84493 wp-block-columns-is-layout-flex\">\n<div class=\"wp-block-column is-layout-flow wp-block-column-is-layout-flow\">\n<figure class=\"wp-block-image size-large\"><img loading=\"lazy\" decoding=\"async\" width=\"500\" height=\"292\" src=\"http:\/\/minijets.org\/wp-content\/uploads\/2021\/01\/Fouga_CM8_R13_Cyclone_-_07.jpg\" alt=\"\" class=\"wp-image-1921\" srcset=\"https:\/\/minijets.org\/wp-content\/uploads\/2021\/01\/Fouga_CM8_R13_Cyclone_-_07.jpg 500w, https:\/\/minijets.org\/wp-content\/uploads\/2021\/01\/Fouga_CM8_R13_Cyclone_-_07-300x175.jpg 300w, https:\/\/minijets.org\/wp-content\/uploads\/2021\/01\/Fouga_CM8_R13_Cyclone_-_07-18x12.jpg 18w\" sizes=\"auto, (max-width: 500px) 100vw, 500px\" \/><figcaption class=\"wp-element-caption\">Fouga Cyclone N\u00b02, F-WFOJ, avant sa mise en peinture lors d&#8217;un essai pour la revue Anglaise THE AEROPLANE<\/figcaption><\/figure>\n<\/div>\n\n\n\n<div class=\"wp-block-column is-layout-flow wp-block-column-is-layout-flow\">\n<figure class=\"wp-block-image size-large\"><img loading=\"lazy\" decoding=\"async\" width=\"500\" height=\"257\" src=\"http:\/\/minijets.org\/wp-content\/uploads\/2021\/01\/Fouga_CM8_R13_Cyclone_-_08.jpg\" alt=\"\" class=\"wp-image-1899\" srcset=\"https:\/\/minijets.org\/wp-content\/uploads\/2021\/01\/Fouga_CM8_R13_Cyclone_-_08.jpg 500w, https:\/\/minijets.org\/wp-content\/uploads\/2021\/01\/Fouga_CM8_R13_Cyclone_-_08-300x154.jpg 300w, https:\/\/minijets.org\/wp-content\/uploads\/2021\/01\/Fouga_CM8_R13_Cyclone_-_08-18x9.jpg 18w\" sizes=\"auto, (max-width: 500px) 100vw, 500px\" \/><figcaption class=\"wp-element-caption\">Fouga Cyclone N\u00b02, F-WFOJ, avant sa mise en peinture lors d&#8217;un essai pour la revue Anglaise THE AEROPLANE<\/figcaption><\/figure>\n<\/div>\n<\/div>\n\n\n\n<div class=\"wp-block-columns is-layout-flex wp-container-core-columns-is-layout-28f84493 wp-block-columns-is-layout-flex\">\n<div class=\"wp-block-column is-layout-flow wp-block-column-is-layout-flow\">\n<figure class=\"wp-block-image size-large\"><img loading=\"lazy\" decoding=\"async\" width=\"500\" height=\"194\" src=\"http:\/\/minijets.org\/wp-content\/uploads\/2021\/01\/Fouga_CM8_R13_Cyclone_-_01.jpg\" alt=\"\" class=\"wp-image-1900\" srcset=\"https:\/\/minijets.org\/wp-content\/uploads\/2021\/01\/Fouga_CM8_R13_Cyclone_-_01.jpg 500w, https:\/\/minijets.org\/wp-content\/uploads\/2021\/01\/Fouga_CM8_R13_Cyclone_-_01-300x116.jpg 300w, https:\/\/minijets.org\/wp-content\/uploads\/2021\/01\/Fouga_CM8_R13_Cyclone_-_01-18x7.jpg 18w\" sizes=\"auto, (max-width: 500px) 100vw, 500px\" \/><figcaption class=\"wp-element-caption\">Fouga CM8-R13 Cyclone, pilot\u00e9 par Fred Nicole lors du meeting de Miami (Source ; Flight 1951)<\/figcaption><\/figure>\n<\/div>\n\n\n\n<div class=\"wp-block-column is-layout-flow wp-block-column-is-layout-flow\">\n<figure class=\"wp-block-image size-large\"><img loading=\"lazy\" decoding=\"async\" width=\"500\" height=\"243\" src=\"http:\/\/minijets.org\/wp-content\/uploads\/2021\/01\/Fouga_CM8_R13_Cyclone_-_02.jpg\" alt=\"\" class=\"wp-image-1948\" srcset=\"https:\/\/minijets.org\/wp-content\/uploads\/2021\/01\/Fouga_CM8_R13_Cyclone_-_02.jpg 500w, https:\/\/minijets.org\/wp-content\/uploads\/2021\/01\/Fouga_CM8_R13_Cyclone_-_02-300x146.jpg 300w, https:\/\/minijets.org\/wp-content\/uploads\/2021\/01\/Fouga_CM8_R13_Cyclone_-_02-18x9.jpg 18w\" sizes=\"auto, (max-width: 500px) 100vw, 500px\" \/><figcaption class=\"wp-element-caption\">Fouga CM8-R13 Cyclone (Source Magazine ATOME)<\/figcaption><\/figure>\n<\/div>\n<\/div>\n","protected":false},"excerpt":{"rendered":"<p>Le Fouga CM8-R13 Cyclone est un moto-planeur \u00e0 r\u00e9acteur. Il servit comme banc d&#8217;essai du Turbor\u00e9acteur Pimene de Turbomeca. On lui trouva rapidement une autre mission, celle d&#8217;atteindre des altitudes que les planeurs de l&#8217;\u00e9poque ne pouvaient atteindre facilement. Premier Vol Le Cyclone (Sylphe) a effectu\u00e9 son premier vol le 14 Juillet 1949 aux mains [&hellip;]<\/p>\n","protected":false},"author":1,"featured_media":1949,"parent":8531,"menu_order":0,"comment_status":"closed","ping_status":"closed","template":"","meta":{"_acf_changed":false,"cybocfi_hide_featured_image":"","footnotes":""},"categories":[18],"tags":[],"planes-000-100":[],"class_list":["post-1976","page","type-page","status-publish","has-post-thumbnail","hentry","category-plane-100-150"],"blocksy_meta":[],"acf":[],"_links":{"self":[{"href":"https:\/\/minijets.org\/fr\/wp-json\/wp\/v2\/pages\/1976","targetHints":{"allow":["GET"]}}],"collection":[{"href":"https:\/\/minijets.org\/fr\/wp-json\/wp\/v2\/pages"}],"about":[{"href":"https:\/\/minijets.org\/fr\/wp-json\/wp\/v2\/types\/page"}],"author":[{"embeddable":true,"href":"https:\/\/minijets.org\/fr\/wp-json\/wp\/v2\/users\/1"}],"replies":[{"embeddable":true,"href":"https:\/\/minijets.org\/fr\/wp-json\/wp\/v2\/comments?post=1976"}],"version-history":[{"count":4,"href":"https:\/\/minijets.org\/fr\/wp-json\/wp\/v2\/pages\/1976\/revisions"}],"predecessor-version":[{"id":9241,"href":"https:\/\/minijets.org\/fr\/wp-json\/wp\/v2\/pages\/1976\/revisions\/9241"}],"up":[{"embeddable":true,"href":"https:\/\/minijets.org\/fr\/wp-json\/wp\/v2\/pages\/8531"}],"wp:featuredmedia":[{"embeddable":true,"href":"https:\/\/minijets.org\/fr\/wp-json\/wp\/v2\/media\/1949"}],"wp:attachment":[{"href":"https:\/\/minijets.org\/fr\/wp-json\/wp\/v2\/media?parent=1976"}],"wp:term":[{"taxonomy":"category","embeddable":true,"href":"https:\/\/minijets.org\/fr\/wp-json\/wp\/v2\/categories?post=1976"},{"taxonomy":"post_tag","embeddable":true,"href":"https:\/\/minijets.org\/fr\/wp-json\/wp\/v2\/tags?post=1976"},{"taxonomy":"planes-000-100","embeddable":true,"href":"https:\/\/minijets.org\/fr\/wp-json\/wp\/v2\/planes-000-100?post=1976"}],"curies":[{"name":"wp","href":"https:\/\/api.w.org\/{rel}","templated":true}]}}