{"id":2226,"date":"2021-01-12T15:59:28","date_gmt":"2021-01-12T14:59:28","guid":{"rendered":"http:\/\/tst.minijets.org\/?page_id=2226"},"modified":"2024-11-06T16:25:42","modified_gmt":"2024-11-06T15:25:42","slug":"microjet-200-200b","status":"publish","type":"page","link":"https:\/\/minijets.org\/fr\/100-150\/microturbo-trs-18-046\/microjet-200-200b\/","title":{"rendered":"Microjet 200"},"content":{"rendered":"\n<h2 class=\"wp-block-heading\">Microturbo &amp; Marmande a\u00e9ronautique<\/h2>\n\n\n\n<figure class=\"wp-block-image size-large\"><img loading=\"lazy\" decoding=\"async\" width=\"950\" height=\"265\" src=\"http:\/\/minijets.org\/wp-content\/uploads\/2021\/01\/Microjet-_200_-_05.jpg\" alt=\"\" class=\"wp-image-2120\" srcset=\"https:\/\/minijets.org\/wp-content\/uploads\/2021\/01\/Microjet-_200_-_05.jpg 950w, https:\/\/minijets.org\/wp-content\/uploads\/2021\/01\/Microjet-_200_-_05-300x84.jpg 300w, https:\/\/minijets.org\/wp-content\/uploads\/2021\/01\/Microjet-_200_-_05-768x214.jpg 768w, https:\/\/minijets.org\/wp-content\/uploads\/2021\/01\/Microjet-_200_-_05-18x5.jpg 18w\" sizes=\"auto, (max-width: 950px) 100vw, 950px\" \/><\/figure>\n\n\n\n<p>Le <strong>Microjet 200<\/strong> est le fruit du travail d\u2019un motoriste. Ce programme, lanc\u00e9 dans les ann\u00e9es 80 par la soci\u00e9t\u00e9 <strong>Microturbo<\/strong>, leader mondial des turbines de faible puissance, avait pour objectif de cr\u00e9er un <strong>avion d&#8217;entra\u00eenement \u00e0 r\u00e9action de base<\/strong> \u00e9conomique. <strong>Claude Fimbel<\/strong>, alors chef du bureau d&#8217;\u00e9tudes chez <strong>Fournier<\/strong>, a con\u00e7u et dessin\u00e9 l&#8217;appareil. Ce premier exemplaire du <strong>Microjet 200<\/strong> a \u00e9t\u00e9 construit dans les locaux de Fournier Aviation.<\/p>\n\n\n\n<p>Ce <strong>biplace c\u00f4te \u00e0 c\u00f4te<\/strong>, \u00e9quip\u00e9 de deux turbor\u00e9acteurs de faible puissance <strong>Microturbo<\/strong>, a \u00e9t\u00e9 con\u00e7u pour l&#8217;entra\u00eenement et le maintien en condition des pilotes, tant militaires que civils, notamment d&#8217;avions d&#8217;armes. Le programme avait pour objectif de proposer des co\u00fbts tr\u00e8s faibles, tant \u00e0 l&#8217;achat qu&#8217;\u00e0 l&#8217;utilisation.<\/p>\n\n\n\n<div class=\"wp-block-columns is-layout-flex wp-container-core-columns-is-layout-28f84493 wp-block-columns-is-layout-flex\">\n<div class=\"wp-block-column is-layout-flow wp-block-column-is-layout-flow\" style=\"flex-basis:40%\">\n<figure class=\"wp-block-image size-large\"><img loading=\"lazy\" decoding=\"async\" width=\"500\" height=\"259\" src=\"http:\/\/minijets.org\/wp-content\/uploads\/2021\/01\/Microjet-_200_-_12.jpg\" alt=\"Microjet 200\" class=\"wp-image-2146\" srcset=\"https:\/\/minijets.org\/wp-content\/uploads\/2021\/01\/Microjet-_200_-_12.jpg 500w, https:\/\/minijets.org\/wp-content\/uploads\/2021\/01\/Microjet-_200_-_12-300x155.jpg 300w, https:\/\/minijets.org\/wp-content\/uploads\/2021\/01\/Microjet-_200_-_12-18x9.jpg 18w\" sizes=\"auto, (max-width: 500px) 100vw, 500px\" \/><figcaption class=\"wp-element-caption\">1er vol du Microjet 200 (F-WZJF), Jacques Grangette aux commandes. Source : Microturbo, collection Philippe BEZARD<\/figcaption><\/figure>\n\n\n\n<figure class=\"wp-block-image size-large\"><img loading=\"lazy\" decoding=\"async\" width=\"500\" height=\"333\" src=\"http:\/\/minijets.org\/wp-content\/uploads\/2021\/01\/Microjet-_200_-_06.jpg\" alt=\"\" class=\"wp-image-2164\" srcset=\"https:\/\/minijets.org\/wp-content\/uploads\/2021\/01\/Microjet-_200_-_06.jpg 500w, https:\/\/minijets.org\/wp-content\/uploads\/2021\/01\/Microjet-_200_-_06-300x200.jpg 300w, https:\/\/minijets.org\/wp-content\/uploads\/2021\/01\/Microjet-_200_-_06-18x12.jpg 18w\" sizes=\"auto, (max-width: 500px) 100vw, 500px\" \/><figcaption class=\"wp-element-caption\">Le MicroJet 200 &#8211; F-WZJF (cn 1), , dans sa premi\u00e8re livr\u00e9e, au moment de son premier vol. Source : Air &amp; Cosmos<\/figcaption><\/figure>\n\n\n\n<figure class=\"wp-block-image size-large\"><img loading=\"lazy\" decoding=\"async\" width=\"600\" height=\"246\" src=\"http:\/\/minijets.org\/wp-content\/uploads\/2021\/01\/Microjet-_200_-_16.jpg\" alt=\"\" class=\"wp-image-2185\" srcset=\"https:\/\/minijets.org\/wp-content\/uploads\/2021\/01\/Microjet-_200_-_16.jpg 600w, https:\/\/minijets.org\/wp-content\/uploads\/2021\/01\/Microjet-_200_-_16-300x123.jpg 300w, https:\/\/minijets.org\/wp-content\/uploads\/2021\/01\/Microjet-_200_-_16-18x7.jpg 18w\" sizes=\"auto, (max-width: 600px) 100vw, 600px\" \/><figcaption class=\"wp-element-caption\">Le MicroJet 200 &#8211; F-WZJF (cn 1), au moment de son premier vol. Source : Air &amp; Cosmos, 28 juin 1980.<\/figcaption><\/figure>\n<\/div>\n\n\n\n<div class=\"wp-block-column minijets_table is-layout-flow wp-block-column-is-layout-flow\" style=\"flex-basis:50%\">\n<h2 class=\"wp-block-heading\">Le prototype du Microjet 200<\/h2>\n\n\n\n<p>Immatriculation :&nbsp;<strong>F-WZJF<\/strong><\/p>\n\n\n\n<p>Le Microjet 200 se pr\u00e9sente comme un appareil biplace c\u00f4te-\u00e0-c\u00f4te (le Moniteur \u00e9tant assis en l\u00e9ger d\u00e9cal\u00e9 par rapport \u00e0 son \u00e9l\u00e8ve), avec des ailes basses cantilever, un train d&#8217;atterrissage tricycle r\u00e9tractable et un empennage en V. &nbsp;La&nbsp;verri\u00e8re&nbsp;\u00e0&nbsp; grande &nbsp;visibilit\u00e9 est&nbsp;d&#8217;une seule pi\u00e8ce. <\/p>\n\n\n\n<p>Chaque pilote poss\u00e8de un mini-manche mont\u00e9 sur une console lat\u00e9rale<\/p>\n\n\n\n<p>Le prototype, Microjet 200, \u00e9tait de construction Bois. Il \u00e9tait \u00e9quip\u00e9 de 2\u00a0<a href=\"https:\/\/minijets.org\/100-150\/microturbo-trs-18\/\" data-type=\"page\" data-id=\"2101\">Microturbo TRS18-46<\/a>\u00a0de 110 kg de pouss\u00e9e unitaire.<\/p>\n\n\n\n<p>Le <strong>24 juin 1980<\/strong>, <a href=\"#grangette\" data-type=\"internal\" data-id=\"#grangette\">Jacques Grangette<\/a>\u00a0 effectua le premier vol du <strong>Microjet 200<\/strong> \u00e0 <strong><a href=\"https:\/\/fr.wikipedia.org\/wiki\/A%C3%A9roport_de_Toulouse-Blagnac\" target=\"_blank\" rel=\"noopener\">Toulouse-Blagnac<\/a><\/strong>. Le temps \u00e9tait couvert et le plafond bas, mais cela n&#8217;emp\u00eacha pas Jacques Grangette de tenir l&#8217;appareil en vol pendant environ <strong>40 minutes<\/strong>. Ce vol permit d&#8217;effectuer une premi\u00e8re exploration des qualit\u00e9s de vol et des performances du nouvel appareil.<\/p>\n\n\n\n<p>Pour cette premi\u00e8re sortie, le <strong>train d\u2019atterrissage<\/strong> \u00e9tait rest\u00e9 sorti et les <strong>volets<\/strong> \u00e9taient braqu\u00e9s \u00e0 <strong>15\u00b0<\/strong>. La vitesse de l&#8217;appareil fut limit\u00e9e \u00e0 <strong>120 n\u0153uds (220 km\/h)<\/strong>, et l&#8217;altitude ne d\u00e9passa pas <strong>3000 pieds<\/strong>.<\/p>\n\n\n\n<p>En <strong>1983<\/strong>, ce premier mod\u00e8le fut rejoint, puis remplac\u00e9 par trois autres appareils, connus sous le nom de <a href=\"https:\/\/minijets.org\/100-150\/microturbo-trs-18-1\/microjet-200b\/\" data-type=\"page\" data-id=\"8550\">Microjet 200B<\/a>. Ces nouvelles versions se caract\u00e9risaient, entre autre, par une structure enti\u00e8rement m\u00e9tallique.<\/p>\n<\/div>\n<\/div>\n\n\n\n<div class=\"wp-block-columns is-layout-flex wp-container-core-columns-is-layout-28f84493 wp-block-columns-is-layout-flex\">\n<div class=\"wp-block-column is-layout-flow wp-block-column-is-layout-flow\">\n<figure class=\"wp-block-image size-large\"><img loading=\"lazy\" decoding=\"async\" width=\"500\" height=\"333\" src=\"http:\/\/minijets.org\/wp-content\/uploads\/2021\/01\/Microjet-_200_-_14.jpg\" alt=\"\" class=\"wp-image-2165\" srcset=\"https:\/\/minijets.org\/wp-content\/uploads\/2021\/01\/Microjet-_200_-_14.jpg 500w, https:\/\/minijets.org\/wp-content\/uploads\/2021\/01\/Microjet-_200_-_14-300x200.jpg 300w, https:\/\/minijets.org\/wp-content\/uploads\/2021\/01\/Microjet-_200_-_14-18x12.jpg 18w\" sizes=\"auto, (max-width: 500px) 100vw, 500px\" \/><figcaption class=\"wp-element-caption\">Microjet 200. Source : Brochure Microturbo.<\/figcaption><\/figure>\n<\/div>\n\n\n\n<div class=\"wp-block-column is-layout-flow wp-block-column-is-layout-flow\">\n<figure class=\"wp-block-image size-large\"><img loading=\"lazy\" decoding=\"async\" width=\"500\" height=\"333\" src=\"http:\/\/minijets.org\/wp-content\/uploads\/2021\/01\/Microjet-_200_-_03.jpg\" alt=\"\" class=\"wp-image-2188\" srcset=\"https:\/\/minijets.org\/wp-content\/uploads\/2021\/01\/Microjet-_200_-_03.jpg 500w, https:\/\/minijets.org\/wp-content\/uploads\/2021\/01\/Microjet-_200_-_03-300x200.jpg 300w, https:\/\/minijets.org\/wp-content\/uploads\/2021\/01\/Microjet-_200_-_03-18x12.jpg 18w\" sizes=\"auto, (max-width: 500px) 100vw, 500px\" \/><figcaption class=\"wp-element-caption\">Microjet 200 &#8211; F-WZJF (cn 1), lors de sa pr\u00e9sentation \u00e0 Farnborough en septembre 1982. Avec la courtoisie d&#8217;Air Nikon<\/figcaption><\/figure>\n<\/div>\n<\/div>\n\n\n\n<h2 class=\"wp-block-heading\">Appareil construit<\/h2>\n\n\n\n<div class=\"wp-block-columns is-layout-flex wp-container-core-columns-is-layout-28f84493 wp-block-columns-is-layout-flex\">\n<div class=\"wp-block-column is-layout-flow wp-block-column-is-layout-flow\">\n<h3 class=\"wp-block-heading\">MicroJet 200 &#8211; Prototype N\u00b01<\/h3>\n\n\n\n<p>Immatriculation :&nbsp;<strong>F-WZJF<\/strong><\/p>\n\n\n\n<p>Un seul appareil de ce type a \u00e9t\u00e9 construit. Comme nous l&#8217;avons d\u00e9j\u00e0\u00a0 expliqu\u00e9 lors des paragraphes pr\u00e9c\u00e9dents, il \u00e9tait enti\u00e8rement construit en bois. Seules quelques pi\u00e8ces n\u00e9cessitant\u00a0un formage particulier avaient \u00e9t\u00e9 r\u00e9alis\u00e9es en r\u00e9sine.<\/p>\n\n\n\n<p>Il existe toujours,&nbsp;et est conserv\u00e9e dans les r\u00e9serves d&#8217;un hangar de l&#8217;a\u00e9roclub&nbsp;de Marmande.<\/p>\n<\/div>\n\n\n\n<div class=\"wp-block-column is-layout-flow wp-block-column-is-layout-flow\">\n<figure class=\"wp-block-image size-large\"><img loading=\"lazy\" decoding=\"async\" width=\"564\" height=\"366\" src=\"http:\/\/minijets.org\/wp-content\/uploads\/2021\/01\/Microjet_200_-_18.jpg\" alt=\"\" class=\"wp-image-2123\" srcset=\"https:\/\/minijets.org\/wp-content\/uploads\/2021\/01\/Microjet_200_-_18.jpg 564w, https:\/\/minijets.org\/wp-content\/uploads\/2021\/01\/Microjet_200_-_18-300x195.jpg 300w, https:\/\/minijets.org\/wp-content\/uploads\/2021\/01\/Microjet_200_-_18-18x12.jpg 18w\" sizes=\"auto, (max-width: 564px) 100vw, 564px\" \/><figcaption class=\"wp-element-caption\">Microjet 200 &#8211; F-WZJF (cn ). Avec la courtoisie de Yohan Berry qui a pris cette photo en juin 2011 dans le hangar de l&#8217;a\u00e9roclub de Marmande.<\/figcaption><\/figure>\n<\/div>\n<\/div>\n\n\n\n<h2 class=\"wp-block-heading\">Notes et R\u00e9f\u00e9rences<\/h2>\n\n\n\n<div class=\"wp-block-columns is-layout-flex wp-container-core-columns-is-layout-28f84493 wp-block-columns-is-layout-flex\">\n<div class=\"wp-block-column is-layout-flow wp-block-column-is-layout-flow\" style=\"flex-basis:25%\">\n<h3 class=\"wp-block-heading\">Jacques Grangette (1924-2006)<\/h3>\n\n\n\n<p><strong>Pilote d&#8217;essais<\/strong><\/p>\n\n\n\n<figure class=\"wp-block-image size-large\"><img loading=\"lazy\" decoding=\"async\" width=\"500\" height=\"390\" src=\"http:\/\/minijets.org\/wp-content\/uploads\/2021\/01\/Microjet-_200_-Grangette.jpg\" alt=\"\" class=\"wp-image-2196\" srcset=\"https:\/\/minijets.org\/wp-content\/uploads\/2021\/01\/Microjet-_200_-Grangette.jpg 500w, https:\/\/minijets.org\/wp-content\/uploads\/2021\/01\/Microjet-_200_-Grangette-300x234.jpg 300w, https:\/\/minijets.org\/wp-content\/uploads\/2021\/01\/Microjet-_200_-Grangette-15x12.jpg 15w\" sizes=\"auto, (max-width: 500px) 100vw, 500px\" \/><\/figure>\n<\/div>\n\n\n\n<div class=\"wp-block-column is-layout-flow wp-block-column-is-layout-flow\" style=\"flex-basis:75%\">\n<p>Form\u00e9 aux Etats-Unis entre 1944 et 1945,&nbsp;<strong>Jacques&nbsp;Grangette<\/strong>&nbsp;a particip\u00e9 \u00e0 la cr\u00e9ation du centre de Saint-Yan, puis a&nbsp;int\u00e9gr\u00e9 le Centre d&#8217;essais en vol pour passer&nbsp;rapidement&nbsp;comme instructeur \u00e0 l&#8217;Epner.<\/p>\n\n\n\n<p>Il rejoint ensuite&nbsp;<strong>Fouga&nbsp;<\/strong>o\u00f9 il&nbsp;participe \u00e0 la mise au point du Fouga Magister.<\/p>\n\n\n\n<p>Apr\u00e8s le rachat par Potez,&nbsp;il r\u00e9alise le premier vol des quadri-turbopropulseurs&nbsp;<strong>Potez 840&nbsp;et&nbsp;841<\/strong>.<\/p>\n\n\n\n<p>Plus tard,&nbsp;on le&nbsp;retrouve chez Aerospatiale, puis&nbsp;d\u00e9tach\u00e9 chez Airbus Industrie&nbsp;o\u00f9 il&nbsp;participe aux essais en vol de l&#8217;Airbus <strong>A300B<\/strong>.<\/p>\n\n\n\n<p>Quand sonne l&#8217;heure de la retraite, en&nbsp;1976, peu dispos\u00e9 \u00e0&nbsp; rester au sol, il aide Microturbo \u00e0 mettre au point et promouvoir le&nbsp;<strong>Microjet 200<\/strong>.<\/p>\n<\/div>\n<\/div>\n","protected":false},"excerpt":{"rendered":"<p>Microturbo &amp; Marmande a\u00e9ronautique Le Microjet 200 est le fruit du travail d\u2019un motoriste. Ce programme, lanc\u00e9 dans les ann\u00e9es 80 par la soci\u00e9t\u00e9 Microturbo, leader mondial des turbines de faible puissance, avait pour objectif de cr\u00e9er un avion d&#8217;entra\u00eenement \u00e0 r\u00e9action de base \u00e9conomique. Claude Fimbel, alors chef du bureau d&#8217;\u00e9tudes chez Fournier, a [&hellip;]<\/p>\n","protected":false},"author":1,"featured_media":2164,"parent":8569,"menu_order":0,"comment_status":"closed","ping_status":"closed","template":"","meta":{"_acf_changed":false,"cybocfi_hide_featured_image":"yes","footnotes":""},"categories":[18],"tags":[],"planes-000-100":[],"class_list":["post-2226","page","type-page","status-publish","has-post-thumbnail","hentry","category-plane-100-150"],"blocksy_meta":[],"acf":[],"_links":{"self":[{"href":"https:\/\/minijets.org\/fr\/wp-json\/wp\/v2\/pages\/2226","targetHints":{"allow":["GET"]}}],"collection":[{"href":"https:\/\/minijets.org\/fr\/wp-json\/wp\/v2\/pages"}],"about":[{"href":"https:\/\/minijets.org\/fr\/wp-json\/wp\/v2\/types\/page"}],"author":[{"embeddable":true,"href":"https:\/\/minijets.org\/fr\/wp-json\/wp\/v2\/users\/1"}],"replies":[{"embeddable":true,"href":"https:\/\/minijets.org\/fr\/wp-json\/wp\/v2\/comments?post=2226"}],"version-history":[{"count":12,"href":"https:\/\/minijets.org\/fr\/wp-json\/wp\/v2\/pages\/2226\/revisions"}],"predecessor-version":[{"id":9540,"href":"https:\/\/minijets.org\/fr\/wp-json\/wp\/v2\/pages\/2226\/revisions\/9540"}],"up":[{"embeddable":true,"href":"https:\/\/minijets.org\/fr\/wp-json\/wp\/v2\/pages\/8569"}],"wp:featuredmedia":[{"embeddable":true,"href":"https:\/\/minijets.org\/fr\/wp-json\/wp\/v2\/media\/2164"}],"wp:attachment":[{"href":"https:\/\/minijets.org\/fr\/wp-json\/wp\/v2\/media?parent=2226"}],"wp:term":[{"taxonomy":"category","embeddable":true,"href":"https:\/\/minijets.org\/fr\/wp-json\/wp\/v2\/categories?post=2226"},{"taxonomy":"post_tag","embeddable":true,"href":"https:\/\/minijets.org\/fr\/wp-json\/wp\/v2\/tags?post=2226"},{"taxonomy":"planes-000-100","embeddable":true,"href":"https:\/\/minijets.org\/fr\/wp-json\/wp\/v2\/planes-000-100?post=2226"}],"curies":[{"name":"wp","href":"https:\/\/api.w.org\/{rel}","templated":true}]}}