{"id":2311,"date":"2021-01-15T16:29:31","date_gmt":"2021-01-15T15:29:31","guid":{"rendered":"http:\/\/tst.minijets.org\/?page_id=2311"},"modified":"2024-10-21T20:44:05","modified_gmt":"2024-10-21T18:44:05","slug":"caproni-c22j","status":"publish","type":"page","link":"https:\/\/minijets.org\/fr\/100-150\/microturbo-trs-18\/caproni-c22j\/","title":{"rendered":"Caproni Vizzola C22J Ventura"},"content":{"rendered":"\n<h2 class=\"wp-block-heading\">Caproni Vizzola<\/h2>\n\n\n\n<figure class=\"wp-block-image size-large\"><img loading=\"lazy\" decoding=\"async\" width=\"959\" height=\"214\" src=\"http:\/\/minijets.org\/wp-content\/uploads\/2021\/01\/Caproni_Vizzola_C22J_-_12.jpg\" alt=\"Caproni Vizzola C22J Ventura\" class=\"wp-image-2115\" srcset=\"https:\/\/minijets.org\/wp-content\/uploads\/2021\/01\/Caproni_Vizzola_C22J_-_12.jpg 959w, https:\/\/minijets.org\/wp-content\/uploads\/2021\/01\/Caproni_Vizzola_C22J_-_12-300x67.jpg 300w, https:\/\/minijets.org\/wp-content\/uploads\/2021\/01\/Caproni_Vizzola_C22J_-_12-768x171.jpg 768w, https:\/\/minijets.org\/wp-content\/uploads\/2021\/01\/Caproni_Vizzola_C22J_-_12-18x4.jpg 18w\" sizes=\"auto, (max-width: 959px) 100vw, 959px\" \/><figcaption class=\"wp-element-caption\">Caproni C22J. Source : Popular mecanics, January 1987<\/figcaption><\/figure>\n\n\n\n<p>Le prototype du Caproni-Vizzola C-22J Ventura a effectu\u00e9 son premier vol le&nbsp;<strong>21 Juillet 1980.<\/strong><\/p>\n\n\n\n<p>H\u00e9riti\u00e8re d&#8217;une soci\u00e9t\u00e9 fond\u00e9e en 1910, Caproni est une des plus anciennes soci\u00e9t\u00e9s a\u00e9ronautiques italiennes.<\/p>\n\n\n\n<p>En&nbsp;<strong>1969<\/strong>, Caproni-Vizzola commen\u00e7a \u00e0 produire, dans ses ateliers de 30&nbsp;000 m\u00b2 situ\u00e9s pr\u00e8s de l&#8217;a\u00e9roport de Milan-Malpenza,&nbsp;le planeur \u00e0 autre performance Calif A 21 dont le nom provient de l&#8217;amalgame des noms de ses concepteurs les ing\u00e9nieurs&nbsp;<strong>Carlo Ferrarin<\/strong>&nbsp;et&nbsp;<strong>Livio Sonzio<\/strong>.<\/p>\n\n\n\n<p>Bas\u00e9e sur l&#8217;exp\u00e9rience acquise avec le Calif, un bir\u00e9acteur d&#8217;entra\u00eenement, le&nbsp;<strong>C-22J&nbsp;<\/strong>a \u00e9t\u00e9 d\u00e9velopp\u00e9 par le bureau d&#8217;\u00e9tudes de la firme. Le prototype est sorti d&#8217;usine fin ao\u00fbt 1980.&nbsp;<\/p>\n\n\n\n<div class=\"wp-block-columns is-layout-flex wp-container-core-columns-is-layout-28f84493 wp-block-columns-is-layout-flex\">\n<div class=\"wp-block-column is-layout-flow wp-block-column-is-layout-flow\" style=\"flex-basis:60%\">\n<p>Il a \u00e9t\u00e9&nbsp;pr\u00e9sent\u00e9 en&nbsp;statique au Salon du Bourget de 1981. Il pr\u00e9sent\u00e9 en vol \u00e0&nbsp;&nbsp;Farnborough, en 1984, o\u00f9 il \u00e9tait&nbsp;pilot\u00e9 par le colonel&nbsp;<strong>Paolo Barberis<\/strong>, ancien commandant de la patrouille nationale italienne &#8220;Frecce Tricolori&#8221;.<\/p>\n\n\n\n<p>Le Caproni C.22J se pr\u00e9sente sous la forme d&#8217;un monoplan bir\u00e9acteur \u00e0 aile haute, biplace c\u00f4te \u00e0 c\u00f4te, construit en m\u00e9tal et fibre de verre.&nbsp;Il \u00e9tait dot\u00e9 d&#8217;un empennage en T et d&#8217;un train d&#8217;atterrissage tricycle escamotable<\/p>\n\n\n\n<p>Le C-22 J. &#8220;caproncino&#8221; est un biplace c\u00f4te \u00e0 c\u00f4te extr\u00eamement bon marcher construit en mat\u00e9riau synth\u00e9tique. Il est \u00e9quip\u00e9 de deux r\u00e9acteurs Microturbo identiques \u00e0&nbsp; celui qui propulsent le calif.<\/p>\n\n\n\n<p>Il \u00e9tait pr\u00e9vu que les appareils de s\u00e9rie soient \u00e9quip\u00e9s de moteurs KLOECKNER-HUMBOLD DEUTZ d\u00e9veloppant une pouss\u00e9e \u00e9gale ou sup\u00e9rieure \u00e0&nbsp; 100 kg, mais finalement il sera \u00e9quip\u00e9 de&nbsp;2 Microturbo TRS18-1.<\/p>\n\n\n\n<h3 class=\"wp-block-heading\">Exemplaires Produits<\/h3>\n\n\n\n<p>3&nbsp;exemplaires ont \u00e9t\u00e9 construits<\/p>\n\n\n\n<figure class=\"wp-block-table is-style-regular\"><table><tbody><tr><td><strong><span class=\"has-inline-color has-vivid-red-color\">N\u00b0<\/span><\/strong><\/td><td><span class=\"has-inline-color has-vivid-red-color\"><strong>Immatriculation<\/strong><\/span><\/td><td><span class=\"has-inline-color has-vivid-red-color\"><strong>Situation actuelle<\/strong><\/span><\/td><\/tr><tr><td>001<\/td><td>I-CAVJ<\/td><td>Museo dell\u2019Aeronautica Gianni&nbsp;Caproni, Trento, Italie<\/td><\/tr><tr><td>002<\/td><td>I-GIAC<\/td><td><\/td><\/tr><tr><td>003<\/td><td>I-CAVT<\/td><td>Mus\u00e9e &#8220;Volandia&#8221; Milan, Italie<\/td><\/tr><\/tbody><\/table><\/figure>\n\n\n\n<figure class=\"wp-block-image size-large\"><img loading=\"lazy\" decoding=\"async\" width=\"500\" height=\"306\" src=\"http:\/\/minijets.org\/wp-content\/uploads\/2021\/01\/Caproni_Vizzola_C22J_-_03.jpg\" alt=\"\" class=\"wp-image-2195\" srcset=\"https:\/\/minijets.org\/wp-content\/uploads\/2021\/01\/Caproni_Vizzola_C22J_-_03.jpg 500w, https:\/\/minijets.org\/wp-content\/uploads\/2021\/01\/Caproni_Vizzola_C22J_-_03-300x184.jpg 300w, https:\/\/minijets.org\/wp-content\/uploads\/2021\/01\/Caproni_Vizzola_C22J_-_03-18x12.jpg 18w\" sizes=\"auto, (max-width: 500px) 100vw, 500px\" \/><figcaption class=\"wp-element-caption\">Prototype du Caproni C22J<\/figcaption><\/figure>\n<\/div>\n\n\n\n<div class=\"wp-block-column minijets_table is-layout-flow wp-block-column-is-layout-flow\" style=\"flex-basis:40%\">\n<h2 class=\"minijets_tab_top wp-block-heading\">Caract\u00e9ristiques du C22J Ventura<\/h2>\n\n\n\n<figure class=\"wp-block-table\"><table><tbody><tr><td>Constructeur<\/td><td>Microturbo<\/td><\/tr><tr><td>Type<\/td><td>Avion exp\u00e9rimental<\/td><\/tr><tr><td>1er vol&nbsp;<\/td><td>1980<\/td><\/tr><tr><td>Nb. construits<\/td><td>3<\/td><\/tr><tr><td>Equipage<\/td><td>2<\/td><\/tr><\/tbody><\/table><\/figure>\n\n\n\n<h4 class=\"wp-block-heading\">Mororisation<\/h4>\n\n\n\n<figure class=\"wp-block-table\"><table><tbody><tr><td>Moteur<\/td><td>Microturbo<\/td><td>TRS-18-46<\/td><\/tr><tr><td>Nombre<\/td><td>2<\/td><td>&nbsp;<\/td><\/tr><tr><td>Type<\/td><td>Turbor\u00e9acteur<\/td><td>&nbsp;<\/td><\/tr><tr><td>Pouss\u00e9e unitaire&nbsp;<\/td><td>110 Kg<\/td><td>242.5 lb st<\/td><\/tr><\/tbody><\/table><\/figure>\n\n\n\n<h4 class=\"wp-block-heading\">Dimensions<\/h4>\n\n\n\n<figure class=\"wp-block-table\"><table><tbody><tr><td>Envergure<\/td><td>10,00 m<\/td><td>32 ft 10 in<\/td><\/tr><tr><td>Longueur<\/td><td>6,19 m<\/td><td>20 ft 4 in<\/td><\/tr><tr><td>Hauteur<\/td><td>1,88 m<\/td><td>6 ft 2 in<\/td><\/tr><tr><td>Surface alaire<\/td><td>8,75 m\u00b2<\/td><td>92.2 ft\u00b2<\/td><\/tr><\/tbody><\/table><\/figure>\n\n\n\n<h4 class=\"wp-block-heading\">Masses&nbsp;<\/h4>\n\n\n\n<figure class=\"wp-block-table\"><table><tbody><tr><td>A vide<\/td><td>720 kg<\/td><td>1,587 lb<\/td><\/tr><tr><td>Carburant<\/td><td>290 l<\/td><td>64 imp.gal \/ 77 US.gal<\/td><\/tr><tr><td>Maximale<\/td><td>1135 kg<\/td><td>2,502 lb<\/td><\/tr><\/tbody><\/table><\/figure>\n\n\n\n<h4 class=\"wp-block-heading\">Performances&nbsp;<\/h4>\n\n\n\n<figure class=\"wp-block-table\"><table><tbody><tr><td>Vne &#8211; Vitesse maximum<\/td><td>482 km\/h<\/td><td>299 mph<\/td><\/tr><tr><td>Vno &#8211; Vitesse de croisi\u00e8re&nbsp;<\/td><td>324 km\/h<\/td><td>201 mph<\/td><\/tr><tr><td>Taux de mont\u00e9e max.<\/td><td>9,2 m\/s<\/td><td>1,810 ft\/min<\/td><\/tr><tr><td>Plafond pratique<\/td><td>7620 m<\/td><td>25.000 ft<\/td><\/tr><tr><td>Autonomie<\/td><td>741 km<\/td><td>460 mi<\/td><\/tr><tr><td>Vitesse d&#8217;atterrissage<\/td><td>120 km\/h<\/td><td>75 mph<\/td><\/tr><tr><td>Distance d\u00e9collage&nbsp;<\/td><td>. m<\/td><td>. ft<\/td><\/tr><tr><td>Allongement<\/td><td>&nbsp;<\/td><td>&nbsp;<\/td><\/tr><tr><td>Finesse<\/td><td>11,42<\/td><\/tr><\/tbody><\/table><\/figure>\n<\/div>\n<\/div>\n\n\n\n<div class=\"wp-block-columns is-layout-flex wp-container-core-columns-is-layout-28f84493 wp-block-columns-is-layout-flex\">\n<div class=\"wp-block-column is-layout-flow wp-block-column-is-layout-flow\">\n<figure class=\"wp-block-image size-large\"><img loading=\"lazy\" decoding=\"async\" width=\"500\" height=\"333\" src=\"http:\/\/minijets.org\/wp-content\/uploads\/2021\/01\/Caproni_Vizzola_C22J_-_02.jpg\" alt=\"\" class=\"wp-image-2147\" srcset=\"https:\/\/minijets.org\/wp-content\/uploads\/2021\/01\/Caproni_Vizzola_C22J_-_02.jpg 500w, https:\/\/minijets.org\/wp-content\/uploads\/2021\/01\/Caproni_Vizzola_C22J_-_02-300x200.jpg 300w, https:\/\/minijets.org\/wp-content\/uploads\/2021\/01\/Caproni_Vizzola_C22J_-_02-18x12.jpg 18w\" sizes=\"auto, (max-width: 500px) 100vw, 500px\" \/><figcaption class=\"wp-element-caption\">With courtesy of AirNikon, I-CAVJ Farnborough (FAB \/ EGLF), UK-England 1980<\/figcaption><\/figure>\n<\/div>\n\n\n\n<div class=\"wp-block-column is-layout-flow wp-block-column-is-layout-flow\">\n<figure class=\"wp-block-image size-large\"><img loading=\"lazy\" decoding=\"async\" width=\"600\" height=\"355\" src=\"http:\/\/minijets.org\/wp-content\/uploads\/2021\/01\/Caproni_Vizzola_C22J_-_11.jpg\" alt=\"\" class=\"wp-image-2166\" srcset=\"https:\/\/minijets.org\/wp-content\/uploads\/2021\/01\/Caproni_Vizzola_C22J_-_11.jpg 600w, https:\/\/minijets.org\/wp-content\/uploads\/2021\/01\/Caproni_Vizzola_C22J_-_11-300x178.jpg 300w, https:\/\/minijets.org\/wp-content\/uploads\/2021\/01\/Caproni_Vizzola_C22J_-_11-18x12.jpg 18w\" sizes=\"auto, (max-width: 600px) 100vw, 600px\" \/><figcaption class=\"wp-element-caption\">In 1985, Augusta Aviation Corp. wanted to sell the Caproni C22-J Ventura in the US for 380.000 $. Source : Aviation week, December 16, 1985.<\/figcaption><\/figure>\n\n\n\n<p><\/p>\n<\/div>\n<\/div>\n\n\n\n<div class=\"wp-block-columns is-layout-flex wp-container-core-columns-is-layout-28f84493 wp-block-columns-is-layout-flex\">\n<div class=\"wp-block-column is-layout-flow wp-block-column-is-layout-flow\">\n<p>A l&#8217;instar de la plupart des avions d&#8217;entra\u00eenement de l&#8217;\u00e9poque le C22J pouvait transporter une charge militaire (limit\u00e9e toutefois \u00e0&nbsp; 200 kg) et comprenant suivant les missions soit un pod &#8220;Reco&#8221; \u00e9quip\u00e9 de trois cam\u00e9ras, soit des lance-roquettes, soit des bombes de 50 kilos.&nbsp;<\/p>\n\n\n\n<p>Son prix de vente devait \u00eatre de l&#8217;ordre de 300&nbsp;000 \u00e0&nbsp; 375&nbsp;000 $.<\/p>\n\n\n\n<p>En&nbsp;<strong>1983<\/strong>, la&nbsp;<strong>famille Caproni<\/strong>&nbsp;a vendu son entreprise \u00e0&nbsp; la&nbsp;<strong>soci\u00e9t\u00e9 Agusta<\/strong>. Le programme C22J a \u00e9t\u00e9 annul\u00e9e en&nbsp;<strong>1988<\/strong>&nbsp;apr\u00e8s qu&#8217;Agusta ait d\u00e9cid\u00e9e de d\u00e9velopper&nbsp;la Siai Marchetti S211 qui lui semblait plus adapt\u00e9 au march\u00e9 de la formation&nbsp;avanc\u00e9e sur avion \u00e0&nbsp; r\u00e9action.<\/p>\n\n\n\n<p>La certification&nbsp;FAA dans la cat\u00e9gorie FAR23 \u00e9tait en cours,&nbsp;mais il y avait quelques probl\u00e8mes&nbsp;non r\u00e9solus comme par exemple le non respect des&nbsp;limites de bruit.<\/p>\n\n\n\n<p>Apr\u00e8s une longue p\u00e9riode d&#8217;inactivit\u00e9, les deux prototypes&nbsp;C22J ont \u00e9t\u00e9&nbsp;d\u00e9finitivement clou\u00e9 \u00e0&nbsp;&nbsp;terre lorsqu&#8217;Agusta a vendu les r\u00e9acteurs&nbsp;TRS-18 restants aux Etats-Unis.<\/p>\n<\/div>\n\n\n\n<div class=\"wp-block-column is-layout-flow wp-block-column-is-layout-flow\">\n<figure class=\"wp-block-image size-large\"><img loading=\"lazy\" decoding=\"async\" width=\"500\" height=\"331\" src=\"http:\/\/minijets.org\/wp-content\/uploads\/2021\/01\/Caproni_Vizzola_C22J_-_01.jpg\" alt=\"\" class=\"wp-image-2126\" srcset=\"https:\/\/minijets.org\/wp-content\/uploads\/2021\/01\/Caproni_Vizzola_C22J_-_01.jpg 500w, https:\/\/minijets.org\/wp-content\/uploads\/2021\/01\/Caproni_Vizzola_C22J_-_01-300x199.jpg 300w, https:\/\/minijets.org\/wp-content\/uploads\/2021\/01\/Caproni_Vizzola_C22J_-_01-18x12.jpg 18w\" sizes=\"auto, (max-width: 500px) 100vw, 500px\" \/><figcaption class=\"wp-element-caption\">Caproni C22J. With courtesy of AirNikon<\/figcaption><\/figure>\n\n\n\n<figure class=\"wp-block-image size-large\"><img loading=\"lazy\" decoding=\"async\" width=\"500\" height=\"248\" src=\"http:\/\/minijets.org\/wp-content\/uploads\/2021\/01\/Caproni_Vizzola_C22J_-_10.jpg\" alt=\"\" class=\"wp-image-2182\" srcset=\"https:\/\/minijets.org\/wp-content\/uploads\/2021\/01\/Caproni_Vizzola_C22J_-_10.jpg 500w, https:\/\/minijets.org\/wp-content\/uploads\/2021\/01\/Caproni_Vizzola_C22J_-_10-300x149.jpg 300w, https:\/\/minijets.org\/wp-content\/uploads\/2021\/01\/Caproni_Vizzola_C22J_-_10-18x9.jpg 18w\" sizes=\"auto, (max-width: 500px) 100vw, 500px\" \/><figcaption class=\"wp-element-caption\">Caproni C22J. Source : Air International, F\u00e9vrier 1981<\/figcaption><\/figure>\n<\/div>\n<\/div>\n\n\n\n<div class=\"wp-block-columns is-layout-flex wp-container-core-columns-is-layout-28f84493 wp-block-columns-is-layout-flex\">\n<div class=\"wp-block-column is-layout-flow wp-block-column-is-layout-flow\" style=\"flex-basis:33.33%\">\n<figure class=\"wp-block-image size-large\"><img loading=\"lazy\" decoding=\"async\" width=\"500\" height=\"346\" src=\"http:\/\/minijets.org\/wp-content\/uploads\/2021\/01\/Caproni_Vizzola_C22J_-_06.jpg\" alt=\"\" class=\"wp-image-2201\" srcset=\"https:\/\/minijets.org\/wp-content\/uploads\/2021\/01\/Caproni_Vizzola_C22J_-_06.jpg 500w, https:\/\/minijets.org\/wp-content\/uploads\/2021\/01\/Caproni_Vizzola_C22J_-_06-300x208.jpg 300w, https:\/\/minijets.org\/wp-content\/uploads\/2021\/01\/Caproni_Vizzola_C22J_-_06-18x12.jpg 18w\" sizes=\"auto, (max-width: 500px) 100vw, 500px\" \/><\/figure>\n<\/div>\n\n\n\n<div class=\"wp-block-column is-layout-flow wp-block-column-is-layout-flow\" style=\"flex-basis:66.66%\">\n<figure class=\"wp-block-image size-large\"><img loading=\"lazy\" decoding=\"async\" width=\"870\" height=\"337\" src=\"http:\/\/minijets.org\/wp-content\/uploads\/2021\/01\/Caproni_Vizzola_C22J_-_p3views.jpg\" alt=\"\" class=\"wp-image-2150\" srcset=\"https:\/\/minijets.org\/wp-content\/uploads\/2021\/01\/Caproni_Vizzola_C22J_-_p3views.jpg 870w, https:\/\/minijets.org\/wp-content\/uploads\/2021\/01\/Caproni_Vizzola_C22J_-_p3views-300x116.jpg 300w, https:\/\/minijets.org\/wp-content\/uploads\/2021\/01\/Caproni_Vizzola_C22J_-_p3views-768x297.jpg 768w, https:\/\/minijets.org\/wp-content\/uploads\/2021\/01\/Caproni_Vizzola_C22J_-_p3views-18x7.jpg 18w\" sizes=\"auto, (max-width: 870px) 100vw, 870px\" \/><\/figure>\n<\/div>\n<\/div>\n\n\n\n<div class=\"wp-block-columns is-layout-flex wp-container-core-columns-is-layout-28f84493 wp-block-columns-is-layout-flex\">\n<div class=\"wp-block-column is-layout-flow wp-block-column-is-layout-flow\">\n<figure class=\"wp-block-image size-large\"><img loading=\"lazy\" decoding=\"async\" width=\"500\" height=\"333\" src=\"http:\/\/minijets.org\/wp-content\/uploads\/2021\/01\/Caproni_Vizzola_C22J_-_07.jpg\" alt=\"\" class=\"wp-image-2110\" srcset=\"https:\/\/minijets.org\/wp-content\/uploads\/2021\/01\/Caproni_Vizzola_C22J_-_07.jpg 500w, https:\/\/minijets.org\/wp-content\/uploads\/2021\/01\/Caproni_Vizzola_C22J_-_07-300x200.jpg 300w, https:\/\/minijets.org\/wp-content\/uploads\/2021\/01\/Caproni_Vizzola_C22J_-_07-18x12.jpg 18w\" sizes=\"auto, (max-width: 500px) 100vw, 500px\" \/><figcaption class=\"wp-element-caption\">Caproni C22J. Source : Air International, F\u00e9vrier 1981<\/figcaption><\/figure>\n<\/div>\n\n\n\n<div class=\"wp-block-column is-layout-flow wp-block-column-is-layout-flow\">\n<figure class=\"wp-block-image size-large\"><img loading=\"lazy\" decoding=\"async\" width=\"500\" height=\"333\" src=\"http:\/\/minijets.org\/wp-content\/uploads\/2021\/01\/Caproni_Vizzola_C22J_-_08.jpg\" alt=\"\" class=\"wp-image-2198\" srcset=\"https:\/\/minijets.org\/wp-content\/uploads\/2021\/01\/Caproni_Vizzola_C22J_-_08.jpg 500w, https:\/\/minijets.org\/wp-content\/uploads\/2021\/01\/Caproni_Vizzola_C22J_-_08-300x200.jpg 300w, https:\/\/minijets.org\/wp-content\/uploads\/2021\/01\/Caproni_Vizzola_C22J_-_08-18x12.jpg 18w\" sizes=\"auto, (max-width: 500px) 100vw, 500px\" \/><figcaption class=\"wp-element-caption\">Caproni C22J. Source : Air International, F\u00e9vrier 1981<\/figcaption><\/figure>\n<\/div>\n<\/div>\n\n\n\n<div class=\"wp-block-columns is-layout-flex wp-container-core-columns-is-layout-28f84493 wp-block-columns-is-layout-flex\">\n<div class=\"wp-block-column is-layout-flow wp-block-column-is-layout-flow\">\n<figure class=\"wp-block-image size-large\"><img loading=\"lazy\" decoding=\"async\" width=\"725\" height=\"518\" src=\"http:\/\/minijets.org\/wp-content\/uploads\/2021\/01\/Caproni_Vizzola_C22J_-_04.jpg\" alt=\"\" class=\"wp-image-2131\" srcset=\"https:\/\/minijets.org\/wp-content\/uploads\/2021\/01\/Caproni_Vizzola_C22J_-_04.jpg 725w, https:\/\/minijets.org\/wp-content\/uploads\/2021\/01\/Caproni_Vizzola_C22J_-_04-300x214.jpg 300w, https:\/\/minijets.org\/wp-content\/uploads\/2021\/01\/Caproni_Vizzola_C22J_-_04-18x12.jpg 18w\" sizes=\"auto, (max-width: 725px) 100vw, 725px\" \/><figcaption class=\"wp-element-caption\">Caproni C22J au Saloon de l&#8217;a\u00e9ronautique de Paris-Le Bourget en 1983. Source : Album du fanatique de l&#8217;aviation 07.1983<\/figcaption><\/figure>\n<\/div>\n\n\n\n<div class=\"wp-block-column is-layout-flow wp-block-column-is-layout-flow\">\n<figure class=\"wp-block-image size-large\"><img loading=\"lazy\" decoding=\"async\" width=\"500\" height=\"358\" src=\"http:\/\/minijets.org\/wp-content\/uploads\/2021\/01\/Caproni_Vizzola_C22J_-_05.jpg\" alt=\"\" class=\"wp-image-2199\" srcset=\"https:\/\/minijets.org\/wp-content\/uploads\/2021\/01\/Caproni_Vizzola_C22J_-_05.jpg 500w, https:\/\/minijets.org\/wp-content\/uploads\/2021\/01\/Caproni_Vizzola_C22J_-_05-300x215.jpg 300w, https:\/\/minijets.org\/wp-content\/uploads\/2021\/01\/Caproni_Vizzola_C22J_-_05-18x12.jpg 18w\" sizes=\"auto, (max-width: 500px) 100vw, 500px\" \/><figcaption class=\"wp-element-caption\">Caproni C22J. Source : Magazine Pilote Priv\u00e9 12.1983<\/figcaption><\/figure>\n<\/div>\n<\/div>\n","protected":false},"excerpt":{"rendered":"<p>Caproni Vizzola Le prototype du Caproni-Vizzola C-22J Ventura a effectu\u00e9 son premier vol le&nbsp;21 Juillet 1980. H\u00e9riti\u00e8re d&#8217;une soci\u00e9t\u00e9 fond\u00e9e en 1910, Caproni est une des plus anciennes soci\u00e9t\u00e9s a\u00e9ronautiques italiennes. En&nbsp;1969, Caproni-Vizzola commen\u00e7a \u00e0 produire, dans ses ateliers de 30&nbsp;000 m\u00b2 situ\u00e9s pr\u00e8s de l&#8217;a\u00e9roport de Milan-Malpenza,&nbsp;le planeur \u00e0 autre performance Calif A 21 [&hellip;]<\/p>\n","protected":false},"author":1,"featured_media":2201,"parent":2101,"menu_order":0,"comment_status":"closed","ping_status":"closed","template":"","meta":{"_acf_changed":false,"cybocfi_hide_featured_image":"yes","footnotes":""},"categories":[18],"tags":[],"planes-000-100":[],"class_list":["post-2311","page","type-page","status-publish","has-post-thumbnail","hentry","category-plane-100-150"],"blocksy_meta":[],"acf":[],"_links":{"self":[{"href":"https:\/\/minijets.org\/fr\/wp-json\/wp\/v2\/pages\/2311","targetHints":{"allow":["GET"]}}],"collection":[{"href":"https:\/\/minijets.org\/fr\/wp-json\/wp\/v2\/pages"}],"about":[{"href":"https:\/\/minijets.org\/fr\/wp-json\/wp\/v2\/types\/page"}],"author":[{"embeddable":true,"href":"https:\/\/minijets.org\/fr\/wp-json\/wp\/v2\/users\/1"}],"replies":[{"embeddable":true,"href":"https:\/\/minijets.org\/fr\/wp-json\/wp\/v2\/comments?post=2311"}],"version-history":[{"count":1,"href":"https:\/\/minijets.org\/fr\/wp-json\/wp\/v2\/pages\/2311\/revisions"}],"predecessor-version":[{"id":9538,"href":"https:\/\/minijets.org\/fr\/wp-json\/wp\/v2\/pages\/2311\/revisions\/9538"}],"up":[{"embeddable":true,"href":"https:\/\/minijets.org\/fr\/wp-json\/wp\/v2\/pages\/2101"}],"wp:featuredmedia":[{"embeddable":true,"href":"https:\/\/minijets.org\/fr\/wp-json\/wp\/v2\/media\/2201"}],"wp:attachment":[{"href":"https:\/\/minijets.org\/fr\/wp-json\/wp\/v2\/media?parent=2311"}],"wp:term":[{"taxonomy":"category","embeddable":true,"href":"https:\/\/minijets.org\/fr\/wp-json\/wp\/v2\/categories?post=2311"},{"taxonomy":"post_tag","embeddable":true,"href":"https:\/\/minijets.org\/fr\/wp-json\/wp\/v2\/tags?post=2311"},{"taxonomy":"planes-000-100","embeddable":true,"href":"https:\/\/minijets.org\/fr\/wp-json\/wp\/v2\/planes-000-100?post=2311"}],"curies":[{"name":"wp","href":"https:\/\/api.w.org\/{rel}","templated":true}]}}