{"id":242,"date":"2020-12-11T20:42:33","date_gmt":"2020-12-11T19:42:33","guid":{"rendered":"http:\/\/tst.minijets.org\/?page_id=242"},"modified":"2022-11-08T16:49:19","modified_gmt":"2022-11-08T15:49:19","slug":"jetcat-p160","status":"publish","type":"page","link":"https:\/\/minijets.org\/fr\/0-100\/jetcat-p160\/","title":{"rendered":"JetCat P160"},"content":{"rendered":"\n<div class=\"wp-block-columns is-layout-flex wp-container-core-columns-is-layout-28f84493 wp-block-columns-is-layout-flex\">\n<div class=\"wp-block-column is-layout-flow wp-block-column-is-layout-flow\" style=\"flex-basis:50%\">\n<p>Le r\u00e9acteur&nbsp;<strong>JetCat P160<\/strong>&nbsp; a \u00e9t\u00e9 initialement con\u00e7u pour la propulsion de mod\u00e8le r\u00e9duit. Il&nbsp;est compos\u00e9 d&#8217;un compresseur centrifuge \u00e0 un \u00e9tage qui comprime l&#8217;air aspir\u00e9, lequel est ensuite enflamm\u00e9 par une injection de carburant dans la chambre de combustion. La masse d&#8217;air fortement expans\u00e9e entra\u00eene ensuite une turbine axiale.<\/p>\n\n\n\n<p>L&#8217;allumage initial du r\u00e9acteur se fait au moyen de gaz propane, lequel se trouve dans un r\u00e9servoir miniature rechargeable (Gaz pour briquet)&nbsp;\u00e0&nbsp; bord du mod\u00e8le et qui est automatiquement commut\u00e9 pour le processus de d\u00e9marrage.<\/p>\n\n\n\n<figure class=\"wp-block-image size-large\"><img loading=\"lazy\" decoding=\"async\" width=\"295\" height=\"199\" src=\"http:\/\/minijets.org\/wp-content\/uploads\/2020\/12\/jetcat_p160_01.jpg\" alt=\"\" class=\"wp-image-252\" srcset=\"https:\/\/minijets.org\/wp-content\/uploads\/2020\/12\/jetcat_p160_01.jpg 295w, https:\/\/minijets.org\/wp-content\/uploads\/2020\/12\/jetcat_p160_01-18x12.jpg 18w\" sizes=\"auto, (max-width: 295px) 100vw, 295px\" \/><figcaption class=\"wp-element-caption\">JetCat P160<\/figcaption><\/figure>\n\n\n\n<p class=\"has-black-color has-luminous-vivid-amber-background-color has-text-color has-background\">Ce mat\u00e9riel, qui a \u00e9quip\u00e9 certains planeurs entre 2002 et 2007, n&#8217;est plus au catalogue de JetCat<\/p>\n<\/div>\n\n\n\n<div class=\"wp-block-column is-layout-flow wp-block-column-is-layout-flow\" style=\"flex-basis:50%\">\n<figure class=\"wp-block-image size-large\"><img loading=\"lazy\" decoding=\"async\" width=\"298\" height=\"178\" src=\"http:\/\/minijets.org\/wp-content\/uploads\/2020\/12\/jetcat_p160_02.jpg\" alt=\"\" class=\"wp-image-251\" srcset=\"https:\/\/minijets.org\/wp-content\/uploads\/2020\/12\/jetcat_p160_02.jpg 298w, https:\/\/minijets.org\/wp-content\/uploads\/2020\/12\/jetcat_p160_02-18x12.jpg 18w\" sizes=\"auto, (max-width: 298px) 100vw, 298px\" \/><figcaption class=\"wp-element-caption\">JetCat P160<\/figcaption><\/figure>\n\n\n\n<p>Le d\u00e9marrage ainsi que la commande de la turbine se font de fa\u00e7on enti\u00e8rement automatique par un r\u00e9gulateur \u00e9lectronique int\u00e9gr\u00e9 (Jet-tronic ECU) qui surveille et r\u00e8gle le fonctionnement du r\u00e9acteur par la mesure du r\u00e9gime de la turbine et de la temp\u00e9rature des gaz d&#8217;\u00e9chappement.<\/p>\n\n\n\n<p>L&#8217;allumage \u00e9tant effectu\u00e9, l&#8217;\u00e9lectronique commute elle-m\u00eame sur l&#8217;alimentation en carburant (K\u00e9ros\u00e8ne). L&#8217;alimentation en courant de tous les composants se fait par un accu s\u00e9par\u00e9 \u00e0&nbsp; 6 \u00e9l\u00e9ments, lequel est aussi utilis\u00e9 pour l&#8217;alimentation de tous les agr\u00e9gats suppl\u00e9mentaires, comme par ex. la pompe&nbsp;\u00e0&nbsp; carburant, la bougie, le d\u00e9marreur, etc, &#8230;<\/p>\n<\/div>\n<\/div>\n\n\n\n<h2 class=\"wp-block-heading\">Utilisation(s)<\/h2>\n\n\n        <div class=\"wp-block-getwid-custom-post-type custom-post-type-page has-layout-list\">\n            <div class=\"wp-block-getwid-custom-post-type__wrapper\">\n                \t\t\t\t\t\t\t\t<div class='wp-block-getwid-custom-post-type__post'>\n\t\t\t\t\t\t\t\t\t\n<div class=\"wp-block-getwid-custom-post-type__post-wrapper\">\n            <div class=\"wp-block-getwid-custom-post-type__post-thumbnail\">\n            <a href=\"https:\/\/minijets.org\/fr\/0-100\/jetcat-p160\/ventus-ctt\/\"><img loading=\"lazy\" decoding=\"async\" width=\"500\" height=\"295\" src=\"https:\/\/minijets.org\/wp-content\/uploads\/2020\/12\/Ventus_CTT_jet_01.jpg\" class=\"attachment-post-thumbnail size-post-thumbnail wp-post-image\" alt=\"\" srcset=\"https:\/\/minijets.org\/wp-content\/uploads\/2020\/12\/Ventus_CTT_jet_01.jpg 500w, https:\/\/minijets.org\/wp-content\/uploads\/2020\/12\/Ventus_CTT_jet_01-300x177.jpg 300w, https:\/\/minijets.org\/wp-content\/uploads\/2020\/12\/Ventus_CTT_jet_01-18x12.jpg 18w\" sizes=\"auto, (max-width: 500px) 100vw, 500px\" \/><\/a>\n        <\/div>\n        <div class=\"wp-block-getwid-custom-post-type__content-wrapper\">\n        <div class=\"wp-block-getwid-custom-post-type__post-header\">\n            <h3 class=\"wp-block-getwid-custom-post-type__post-title\"><a href=\"https:\/\/minijets.org\/fr\/0-100\/jetcat-p160\/ventus-ctt\/\">Ventus ctT<\/a><\/h3>        <\/div>\n        <div class=\"wp-block-getwid-custom-post-type__post-excerpt \"><p>La premi\u00e8re apparition en public de ce Ventus ctT \u00e9quip\u00e9 d&#8217;un Jet-Cat P160 a eu lieu en\u00a02002\u00a0\u00e0 AalenElchingen, un a\u00e9rodrome situ\u00e9 au Sud-est de Stuttgart. Elle s&#8217;est d\u00e9roul\u00e9e lors de la r\u00e9union annuelle de l&#8217;Idaflieg. Les Idaflieg \u00e9tant des manifestations annuelles o\u00f9 les\u00a0Akaflieg Allemands en profitent pour pr\u00e9senter leurs derniers travaux.\u00a0 Comme il se doit, [&hellip;]<\/p>\n<\/div>\n    <\/div>\n<\/div>\n\t\t\t\t\t\t\t\t<\/div>\n\t\t\t\t\t\t\t\t\t\t\t\t\t\t\t<div class='wp-block-getwid-custom-post-type__post'>\n\t\t\t\t\t\t\t\t\t\n<div class=\"wp-block-getwid-custom-post-type__post-wrapper\">\n            <div class=\"wp-block-getwid-custom-post-type__post-thumbnail\">\n            <a href=\"https:\/\/minijets.org\/fr\/0-100\/jetcat-p160\/ventus-2cm\/\"><img loading=\"lazy\" decoding=\"async\" width=\"500\" height=\"376\" src=\"https:\/\/minijets.org\/wp-content\/uploads\/2020\/12\/Ventus-P160-02.jpg\" class=\"attachment-post-thumbnail size-post-thumbnail wp-post-image\" alt=\"\" srcset=\"https:\/\/minijets.org\/wp-content\/uploads\/2020\/12\/Ventus-P160-02.jpg 500w, https:\/\/minijets.org\/wp-content\/uploads\/2020\/12\/Ventus-P160-02-300x226.jpg 300w, https:\/\/minijets.org\/wp-content\/uploads\/2020\/12\/Ventus-P160-02-16x12.jpg 16w\" sizes=\"auto, (max-width: 500px) 100vw, 500px\" \/><\/a>\n        <\/div>\n        <div class=\"wp-block-getwid-custom-post-type__content-wrapper\">\n        <div class=\"wp-block-getwid-custom-post-type__post-header\">\n            <h3 class=\"wp-block-getwid-custom-post-type__post-title\"><a href=\"https:\/\/minijets.org\/fr\/0-100\/jetcat-p160\/ventus-2cm\/\">Ventus 2cM<\/a><\/h3>        <\/div>\n        <div class=\"wp-block-getwid-custom-post-type__post-excerpt \"><p>Apparu avant 2007, ce Ventus 2cM est l&#8217;un d\u00e8s premier planeur motoris\u00e9 par des r\u00e9acteurs dont le r\u00f4le \u00e9tait jusqu&#8217;\u00e0 cette \u00e9poque d\u00e9di\u00e9 aux avions radiocommand\u00e9s. La communication ne s&#8217;est effectu\u00e9 que sur le Web. L&#8217;installation comprenant les deux r\u00e9acteurs JetCat P160 ne p\u00e8se que 50 kg, carburant inclus. En comparaison, celle d&#8217;un moteur 2 [&hellip;]<\/p>\n<\/div>\n    <\/div>\n<\/div>\n\t\t\t\t\t\t\t\t<\/div>\n\t\t\t\t\t\t\t            <\/div>\n\n                    <\/div>\n        ","protected":false},"excerpt":{"rendered":"<p>Le r\u00e9acteur&nbsp;JetCat P160&nbsp; a \u00e9t\u00e9 initialement con\u00e7u pour la propulsion de mod\u00e8le r\u00e9duit. Il&nbsp;est compos\u00e9 d&#8217;un compresseur centrifuge \u00e0 un \u00e9tage qui comprime l&#8217;air aspir\u00e9, lequel est ensuite enflamm\u00e9 par une injection de carburant dans la chambre de combustion. La masse d&#8217;air fortement expans\u00e9e entra\u00eene ensuite une turbine axiale. L&#8217;allumage initial du r\u00e9acteur se fait [&hellip;]<\/p>\n","protected":false},"author":1,"featured_media":252,"parent":15,"menu_order":0,"comment_status":"closed","ping_status":"closed","template":"","meta":{"_acf_changed":false,"cybocfi_hide_featured_image":"","footnotes":""},"categories":[12],"tags":[],"planes-000-100":[],"class_list":["post-242","page","type-page","status-publish","has-post-thumbnail","hentry","category-jet-engine-000-100"],"blocksy_meta":[],"acf":[],"_links":{"self":[{"href":"https:\/\/minijets.org\/fr\/wp-json\/wp\/v2\/pages\/242","targetHints":{"allow":["GET"]}}],"collection":[{"href":"https:\/\/minijets.org\/fr\/wp-json\/wp\/v2\/pages"}],"about":[{"href":"https:\/\/minijets.org\/fr\/wp-json\/wp\/v2\/types\/page"}],"author":[{"embeddable":true,"href":"https:\/\/minijets.org\/fr\/wp-json\/wp\/v2\/users\/1"}],"replies":[{"embeddable":true,"href":"https:\/\/minijets.org\/fr\/wp-json\/wp\/v2\/comments?post=242"}],"version-history":[{"count":0,"href":"https:\/\/minijets.org\/fr\/wp-json\/wp\/v2\/pages\/242\/revisions"}],"up":[{"embeddable":true,"href":"https:\/\/minijets.org\/fr\/wp-json\/wp\/v2\/pages\/15"}],"wp:featuredmedia":[{"embeddable":true,"href":"https:\/\/minijets.org\/fr\/wp-json\/wp\/v2\/media\/252"}],"wp:attachment":[{"href":"https:\/\/minijets.org\/fr\/wp-json\/wp\/v2\/media?parent=242"}],"wp:term":[{"taxonomy":"category","embeddable":true,"href":"https:\/\/minijets.org\/fr\/wp-json\/wp\/v2\/categories?post=242"},{"taxonomy":"post_tag","embeddable":true,"href":"https:\/\/minijets.org\/fr\/wp-json\/wp\/v2\/tags?post=242"},{"taxonomy":"planes-000-100","embeddable":true,"href":"https:\/\/minijets.org\/fr\/wp-json\/wp\/v2\/planes-000-100?post=242"}],"curies":[{"name":"wp","href":"https:\/\/api.w.org\/{rel}","templated":true}]}}