{"id":2434,"date":"2021-01-16T14:12:06","date_gmt":"2021-01-16T13:12:06","guid":{"rendered":"http:\/\/tst.minijets.org\/?page_id=2434"},"modified":"2024-10-21T20:53:53","modified_gmt":"2024-10-21T18:53:53","slug":"supaero-petit-canard","status":"publish","type":"page","link":"https:\/\/minijets.org\/fr\/100-150\/microturbo-trs-18\/supaero-petit-canard\/","title":{"rendered":"Projet Petit Canard"},"content":{"rendered":"\n<h2 class=\"wp-block-heading\" id=\"block-90e29850-a1b0-4fd2-abec-c5575014f870\">ENSAE<\/h2>\n\n\n\n<p>Le&nbsp;<strong>Petit Canard<\/strong>&nbsp;est un projet de l&#8217;<a href=\"https:\/\/fr.wikipedia.org\/wiki\/Institut_sup%C3%A9rieur_de_l%27a%C3%A9ronautique_et_de_l%27espace\" data-type=\"URL\" data-id=\"https:\/\/fr.wikipedia.org\/wiki\/Institut_sup%C3%A9rieur_de_l%27a%C3%A9ronautique_et_de_l%27espace\" target=\"_blank\" rel=\"noopener\">ENSAE<\/a> dans les ann\u00e9es 1970.&nbsp;Bien qu&#8217;il semble tr\u00e8s abouti, son d\u00e9veloppement n&#8217;a jamais \u00e9t\u00e9 pouss\u00e9 jusqu&#8217;aux essais en vols.&nbsp;<\/p>\n\n\n\n<p>C&#8217;est&nbsp;un monoplace de support p\u00e9dagogique. Il est construit enti\u00e8rement en mati\u00e8re plas\u00adtique et propuls\u00e9 par deux r\u00e9acteurs superpos\u00e9s <a href=\"https:\/\/minijets.org\/100-150\/microturbo-trs-18\/\" data-type=\"page\" data-id=\"2101\">Microturbo TRS 18<\/a> d\u00e9veloppant chacun une pouss\u00e9e de 100 kg et plac\u00e9s dans la partie arri\u00e8re du fuselage.&nbsp;<\/p>\n\n\n\n<div class=\"wp-block-columns is-layout-flex wp-container-core-columns-is-layout-28f84493 wp-block-columns-is-layout-flex\">\n<div class=\"wp-block-column is-layout-flow wp-block-column-is-layout-flow\">\n<figure class=\"wp-block-image size-large\"><img loading=\"lazy\" decoding=\"async\" width=\"500\" height=\"426\" src=\"http:\/\/minijets.org\/wp-content\/uploads\/2021\/01\/ENSAE_Petit_canard_01.jpg\" alt=\"Supaero Petit canard\" class=\"wp-image-2416\" srcset=\"https:\/\/minijets.org\/wp-content\/uploads\/2021\/01\/ENSAE_Petit_canard_01.jpg 500w, https:\/\/minijets.org\/wp-content\/uploads\/2021\/01\/ENSAE_Petit_canard_01-300x256.jpg 300w, https:\/\/minijets.org\/wp-content\/uploads\/2021\/01\/ENSAE_Petit_canard_01-14x12.jpg 14w\" sizes=\"auto, (max-width: 500px) 100vw, 500px\" \/><figcaption class=\"wp-element-caption\">Maquette grandeur d&#8217;am\u00e9nagement du fuselage : noter l&#8217;emplacement des r\u00e9acteurs et le train principal d&#8217;atterrissage, \u00e0 roue tir\u00e9e et repiable vers l&#8217;avant dans le fuselage. Source : Aviation magazine Janv.1979<\/figcaption><\/figure>\n\n\n\n<p>Le choix du plastique r\u00e9sulte du fait que ce type de construction \u00e9tait plus \u00e0 la port\u00e9e des moyens de l&#8217;Ecole que la construction m\u00e9tallique, et que le bois risquait de ne pas r\u00e9sister aux vitesses de 400 KT auxquelles il \u00e9tait envisager de faire voler l&#8217;appareil. La structure est donc enti\u00e8rement con\u00e7ue autour de mat\u00e9riau sandwich&nbsp;(nid d&#8217;abeille Nomex entre deux \u00e9paisseurs de tissu de verre pr\u00e9impr\u00e9gn\u00e9 de r\u00e9sine \u00e9poxy).&nbsp;<\/p>\n\n\n\n<p>Les surfaces de contr\u00f4le principales de l&#8217;avion sont doubl\u00e9es (il existe au total 16 surfaces de contr\u00f4le de configuration de l&#8217;avion). Les commandes de vol du pilote sont \u00e0 transmission m\u00e9canique classique. Les autres surfaces sont attaqu\u00e9es \u00e9lectriquement selon les besoins.&nbsp;A noter que la recherche du meilleur \u00e9quilibrage en tangage a conduit. sur cet avion. \u00e0 l&#8217;abandon du&nbsp;canard \u00abfixe\u00bb au profit de la solution \u00ab canard flott\u00adant\u00bb c&#8217;est-\u00e0-dire libre en rotation autour d&#8217;un axe situ\u00e9 en avant de son foyer et command\u00e9 en inci\u00addence par un volet plac\u00e9 \u00e0 son bord de fuite.<\/p>\n<\/div>\n\n\n\n<div class=\"wp-block-column minijets_table is-layout-flow wp-block-column-is-layout-flow\" style=\"flex-basis:40%\">\n<h2 class=\"wp-block-heading\">Caract\u00e9ristiques du Petit Carnard<\/h2>\n\n\n\n<h4 class=\"wp-block-heading\">Caract\u00e9ristiques<\/h4>\n\n\n\n<figure class=\"wp-block-table\"><table><tbody><tr><td><strong>Voilure<\/strong><\/td><td>&nbsp;<\/td><\/tr><tr><td>Envergure<\/td><td>5,24 m<\/td><\/tr><tr><td>Surface<\/td><td>3,3 m\u00b2<\/td><\/tr><tr><td>Allongement<\/td><td>8,3<\/td><\/tr><tr><td>Profil<\/td><td>23015 \u00e0 23012<\/td><\/tr><tr><td><strong>Empennage vertical<\/strong><\/td><td>&nbsp;<\/td><\/tr><tr><td>Surface<\/td><td>1,03 m\u00b2<\/td><\/tr><tr><td>Fl\u00e8che au bord d&#8217;attaque<\/td><td>50 \u00b0<\/td><\/tr><tr><td><strong>Empennage horizontal<\/strong><\/td><td>&nbsp;<\/td><\/tr><tr><td>Surface<\/td><td>0,675 m\u00b2<\/td><\/tr><tr><td>Di\u00e8dre du monobloc<\/td><td>-15\u00b0<\/td><\/tr><tr><td><strong>Fuselage<\/strong><\/td><td>&nbsp;<\/td><\/tr><tr><td>Longueur<\/td><td>5,00 m<\/td><\/tr><tr><td>Hauteur<\/td><td>0,92 m<\/td><\/tr><tr><td>Largeur<\/td><td>0,70 m<\/td><\/tr><tr><td><strong>Masses<\/strong><\/td><td>&nbsp;<\/td><\/tr><tr><td>Masse \u00e0 vide<\/td><td>325 kg<\/td><\/tr><tr><td>Masse maxi d\u00e9collage<\/td><td>610 kg<\/td><\/tr><tr><td>dont combustible<\/td><td>140 kg<\/td><\/tr><\/tbody><\/table><\/figure>\n\n\n\n<h4 class=\"wp-block-heading\">Performances calcul\u00e9es<\/h4>\n\n\n\n<figure class=\"wp-block-table\"><table><tbody><tr><td>Vitesse maxi.<\/td><td>Mach 007 (400 kt)<\/td><\/tr><tr><td>Longueur d\u00e9collage (15 m)<\/td><td>550 (\u00e0 600 kg)<\/td><\/tr><tr><td>Vitesse limite en piqu\u00e9<\/td><td>200 m\/s<\/td><\/tr><tr><td>Mach limite en piqu\u00e9<\/td><td>0,75<\/td><\/tr><tr><td>Vitesse de d\u00e9crochage (volets sortis)<\/td><td>38 m\/s<\/td><\/tr><tr><td>Vitesse de chute maxi (atterrssage)<\/td><td>2,8 m\/s<\/td><\/tr><tr><td>Facteur de charge limite<\/td><td>+8 et -4,2 g<\/td><\/tr><tr><td>Distance franchissable (eco)<\/td><td>700 km<\/td><\/tr><\/tbody><\/table><\/figure>\n<\/div>\n<\/div>\n\n\n\n<p>Il est&nbsp;depuis 2003&nbsp;conserv\u00e9&nbsp;<strong>Conservatoire de L&#8217;Air de l&#8217;Espace d&#8217;Aquitaine<\/strong>&nbsp;(CAEA), sur l&#8217;a\u00e9roport de Bordeaux-M\u00e9rignac (France), mais&nbsp;peut faire&nbsp;l&#8217;objet d&#8217;exposition ponctuelle au cours de l&#8217;ann\u00e9e.<\/p>\n\n\n\n<div class=\"wp-block-columns is-layout-flex wp-container-core-columns-is-layout-28f84493 wp-block-columns-is-layout-flex\">\n<div class=\"wp-block-column is-layout-flow wp-block-column-is-layout-flow\" style=\"flex-basis:33.33%\">\n<figure class=\"wp-block-image size-large\"><img loading=\"lazy\" decoding=\"async\" width=\"500\" height=\"375\" src=\"http:\/\/minijets.org\/wp-content\/uploads\/2021\/01\/ENSAE_Petit_canard_03.jpg\" alt=\"Petit Canard\" class=\"wp-image-2177\" srcset=\"https:\/\/minijets.org\/wp-content\/uploads\/2021\/01\/ENSAE_Petit_canard_03.jpg 500w, https:\/\/minijets.org\/wp-content\/uploads\/2021\/01\/ENSAE_Petit_canard_03-300x225.jpg 300w, https:\/\/minijets.org\/wp-content\/uploads\/2021\/01\/ENSAE_Petit_canard_03-16x12.jpg 16w\" sizes=\"auto, (max-width: 500px) 100vw, 500px\" \/><figcaption class=\"wp-element-caption\">Photo avec la courtoisie d&#8217;A\u00e9roscope<\/figcaption><\/figure>\n<\/div>\n\n\n\n<div class=\"wp-block-column is-layout-flow wp-block-column-is-layout-flow\" style=\"flex-basis:66.66%\">\n<figure class=\"wp-block-image size-large\"><img loading=\"lazy\" decoding=\"async\" width=\"950\" height=\"490\" src=\"http:\/\/minijets.org\/wp-content\/uploads\/2021\/01\/ENSAE_Petit_canard_02.jpg\" alt=\"Petit Canard, P3 views\" class=\"wp-image-2193\" srcset=\"https:\/\/minijets.org\/wp-content\/uploads\/2021\/01\/ENSAE_Petit_canard_02.jpg 950w, https:\/\/minijets.org\/wp-content\/uploads\/2021\/01\/ENSAE_Petit_canard_02-300x155.jpg 300w, https:\/\/minijets.org\/wp-content\/uploads\/2021\/01\/ENSAE_Petit_canard_02-768x396.jpg 768w, https:\/\/minijets.org\/wp-content\/uploads\/2021\/01\/ENSAE_Petit_canard_02-18x9.jpg 18w\" sizes=\"auto, (max-width: 950px) 100vw, 950px\" \/><\/figure>\n<\/div>\n<\/div>\n","protected":false},"excerpt":{"rendered":"<p>ENSAE Le&nbsp;Petit Canard&nbsp;est un projet de l&#8217;ENSAE dans les ann\u00e9es 1970.&nbsp;Bien qu&#8217;il semble tr\u00e8s abouti, son d\u00e9veloppement n&#8217;a jamais \u00e9t\u00e9 pouss\u00e9 jusqu&#8217;aux essais en vols.&nbsp; C&#8217;est&nbsp;un monoplace de support p\u00e9dagogique. Il est construit enti\u00e8rement en mati\u00e8re plas\u00adtique et propuls\u00e9 par deux r\u00e9acteurs superpos\u00e9s Microturbo TRS 18 d\u00e9veloppant chacun une pouss\u00e9e de 100 kg et plac\u00e9s [&hellip;]<\/p>\n","protected":false},"author":1,"featured_media":2177,"parent":2101,"menu_order":0,"comment_status":"closed","ping_status":"closed","template":"","meta":{"_acf_changed":false,"cybocfi_hide_featured_image":"yes","footnotes":""},"categories":[18],"tags":[],"planes-000-100":[],"class_list":["post-2434","page","type-page","status-publish","has-post-thumbnail","hentry","category-plane-100-150"],"blocksy_meta":[],"acf":[],"_links":{"self":[{"href":"https:\/\/minijets.org\/fr\/wp-json\/wp\/v2\/pages\/2434","targetHints":{"allow":["GET"]}}],"collection":[{"href":"https:\/\/minijets.org\/fr\/wp-json\/wp\/v2\/pages"}],"about":[{"href":"https:\/\/minijets.org\/fr\/wp-json\/wp\/v2\/types\/page"}],"author":[{"embeddable":true,"href":"https:\/\/minijets.org\/fr\/wp-json\/wp\/v2\/users\/1"}],"replies":[{"embeddable":true,"href":"https:\/\/minijets.org\/fr\/wp-json\/wp\/v2\/comments?post=2434"}],"version-history":[{"count":1,"href":"https:\/\/minijets.org\/fr\/wp-json\/wp\/v2\/pages\/2434\/revisions"}],"predecessor-version":[{"id":9545,"href":"https:\/\/minijets.org\/fr\/wp-json\/wp\/v2\/pages\/2434\/revisions\/9545"}],"up":[{"embeddable":true,"href":"https:\/\/minijets.org\/fr\/wp-json\/wp\/v2\/pages\/2101"}],"wp:featuredmedia":[{"embeddable":true,"href":"https:\/\/minijets.org\/fr\/wp-json\/wp\/v2\/media\/2177"}],"wp:attachment":[{"href":"https:\/\/minijets.org\/fr\/wp-json\/wp\/v2\/media?parent=2434"}],"wp:term":[{"taxonomy":"category","embeddable":true,"href":"https:\/\/minijets.org\/fr\/wp-json\/wp\/v2\/categories?post=2434"},{"taxonomy":"post_tag","embeddable":true,"href":"https:\/\/minijets.org\/fr\/wp-json\/wp\/v2\/tags?post=2434"},{"taxonomy":"planes-000-100","embeddable":true,"href":"https:\/\/minijets.org\/fr\/wp-json\/wp\/v2\/planes-000-100?post=2434"}],"curies":[{"name":"wp","href":"https:\/\/api.w.org\/{rel}","templated":true}]}}