{"id":2465,"date":"2021-01-16T20:44:03","date_gmt":"2021-01-16T19:44:03","guid":{"rendered":"http:\/\/tst.minijets.org\/?page_id=2465"},"modified":"2024-10-21T23:09:53","modified_gmt":"2024-10-21T21:09:53","slug":"prometheus-ii","status":"publish","type":"page","link":"https:\/\/minijets.org\/fr\/100-150\/microturbo-trs-18\/prometheus-ii\/","title":{"rendered":"Prometheus II"},"content":{"rendered":"\n<h2 class=\"wp-block-heading\" id=\"block-be37f339-2c36-45ec-9511-2f2ccb2d338c\">EFF (Entwicklungsgemeinschaft for Flugzugbau der Akademischen Fluggruppe)<\/h2>\n\n\n\n<figure class=\"wp-block-image size-large\"><img loading=\"lazy\" decoding=\"async\" width=\"950\" height=\"143\" src=\"http:\/\/minijets.org\/wp-content\/uploads\/2021\/01\/EFF_Prometheus_II_01.jpg\" alt=\"Prometheus II\" class=\"wp-image-2420\" srcset=\"https:\/\/minijets.org\/wp-content\/uploads\/2021\/01\/EFF_Prometheus_II_01.jpg 950w, https:\/\/minijets.org\/wp-content\/uploads\/2021\/01\/EFF_Prometheus_II_01-300x45.jpg 300w, https:\/\/minijets.org\/wp-content\/uploads\/2021\/01\/EFF_Prometheus_II_01-768x116.jpg 768w, https:\/\/minijets.org\/wp-content\/uploads\/2021\/01\/EFF_Prometheus_II_01-18x3.jpg 18w\" sizes=\"auto, (max-width: 950px) 100vw, 950px\" \/><\/figure>\n\n\n\n<p><strong>Le PROMETHEUS II<\/strong>&nbsp;est une production d&#8217;<strong>EFF<\/strong>&nbsp;Entwicklungsgemeinschaft f\u00fcr Flugzeugbau&nbsp;[ Association pour le d\u00e9veloppement et la construction d&#8217;avion ].&nbsp;Un seul appareil a \u00e9t\u00e9 produit. Il a \u00e9t\u00e9 enregistr\u00e9 en&nbsp;<strong>1978<\/strong>&nbsp;sous l&#8217;immatriculation&nbsp;<strong>HB-YBI<\/strong>, et la d\u00e9nomination&nbsp;<strong>PROMETHEUS PV<\/strong>. Apr\u00e8s une p\u00e9riode de 4 ann\u00e9e d\u00e9di\u00e9e \u00e0 la conception, puis \u00e0 la construction, il a effectu\u00e9 son premier vol le 22 juin 1978.<\/p>\n\n\n\n<div class=\"wp-block-columns is-layout-flex wp-container-core-columns-is-layout-28f84493 wp-block-columns-is-layout-flex\">\n<div class=\"wp-block-column is-layout-flow wp-block-column-is-layout-flow\" style=\"flex-basis:50%\">\n<figure class=\"wp-block-image size-large\"><img loading=\"lazy\" decoding=\"async\" width=\"500\" height=\"239\" src=\"http:\/\/minijets.org\/wp-content\/uploads\/2021\/01\/EFF_Prometheus_II_05.jpg\" alt=\"\" class=\"wp-image-2142\" srcset=\"https:\/\/minijets.org\/wp-content\/uploads\/2021\/01\/EFF_Prometheus_II_05.jpg 500w, https:\/\/minijets.org\/wp-content\/uploads\/2021\/01\/EFF_Prometheus_II_05-300x143.jpg 300w, https:\/\/minijets.org\/wp-content\/uploads\/2021\/01\/EFF_Prometheus_II_05-18x9.jpg 18w\" sizes=\"auto, (max-width: 500px) 100vw, 500px\" \/><\/figure>\n\n\n\n<figure class=\"wp-block-image size-large\"><img loading=\"lazy\" decoding=\"async\" width=\"500\" height=\"333\" src=\"http:\/\/minijets.org\/wp-content\/uploads\/2021\/01\/EFF_Prometheus_II_04.jpg\" alt=\"Prometheus II\" class=\"wp-image-2174\" srcset=\"https:\/\/minijets.org\/wp-content\/uploads\/2021\/01\/EFF_Prometheus_II_04.jpg 500w, https:\/\/minijets.org\/wp-content\/uploads\/2021\/01\/EFF_Prometheus_II_04-300x200.jpg 300w, https:\/\/minijets.org\/wp-content\/uploads\/2021\/01\/EFF_Prometheus_II_04-18x12.jpg 18w\" sizes=\"auto, (max-width: 500px) 100vw, 500px\" \/><figcaption class=\"wp-element-caption\">Planeur bi-r\u00e9acteur Prom\u00e9theus II. Source : Jane&#8217;s all the world&#8217;s aircraft.<\/figcaption><\/figure>\n<\/div>\n\n\n\n<div class=\"wp-block-column is-layout-flow wp-block-column-is-layout-flow\" style=\"flex-basis:50%\">\n<p>C&#8217;est un planeur de haute performance, biplace c\u00f4te-\u00e0-c\u00f4te, \u00e9quip\u00e9 de 2 r\u00e9acteurs <a href=\"https:\/\/minijets.org\/100-150\/microturbo-trs-18\/\" data-type=\"page\" data-id=\"2101\">Microturbo TRS-18<\/a> de 90 kp de pouss\u00e9e chacun. D&#8217;une envergure de 19,4m, il p\u00e8se 707 Kg \u00e0&nbsp; vide et 900 kg \u00e0 pleine charge. Son rayon d&#8217;action en vol motoris\u00e9 d\u00e9passe les 500 Km.<\/p>\n\n\n\n<p>Il roule et d\u00e9colle par ses propres moyens, atteint en tr\u00e8s peu de temps la zone et l&#8217;altitude favorable au vol \u00e0&nbsp; voile et rentre en fin de vol en planeur pur ou \u00e0&nbsp; l&#8217;aide de ses r\u00e9acteurs. Ces derniers peuvent \u00eatre arr\u00eat\u00e9 et remis en marche \u00e0 volont\u00e9.<\/p>\n\n\n\n<p>D\u00e8s 1980, le constructeur faisait \u00e9tat d&#8217;une installation de radio navigation et d&#8217;un transponder lui permettant de s&#8217;int\u00e9grer sans restriction dans l&#8217;espace a\u00e9rien contr\u00f4l\u00e9 et les grands a\u00e9roport.<\/p>\n\n\n\n<p>Au court de ses essais, cet appareil \u00e0&nbsp; d\u00e9montr\u00e9 :<\/p>\n\n\n\n<ul class=\"wp-block-list\">\n<li>une excellente s\u00e9curit\u00e9 gr\u00e2ce \u00e0&nbsp; ses deux r\u00e9acteurs &#8220;Microturbo&#8221; \u00e0 mise en route et r\u00e9gulation automatique,<\/li>\n\n\n\n<li>d&#8217;excellente performance en vol de mont\u00e9 (faible dur\u00e9e de bruit)<\/li>\n\n\n\n<li>de bonnes performances en planeur pur, avec une finesse approchant 40, mais avec une charge alaire \u00e9lev\u00e9e<\/li>\n<\/ul>\n<\/div>\n<\/div>\n\n\n\n<h2 class=\"wp-block-heading\">2i\u00e8me vie<\/h2>\n\n\n\n<div class=\"wp-block-columns is-layout-flex wp-container-core-columns-is-layout-28f84493 wp-block-columns-is-layout-flex\">\n<div class=\"wp-block-column is-layout-flow wp-block-column-is-layout-flow\">\n<p>L&#8217;histoire du Prometheus II&nbsp;est ensuite li\u00e9e \u00e0&nbsp; celle d&#8217;un ing\u00e9nieur Suisse,&nbsp;<strong>Ulrich La Roche<\/strong>, qui rechercha avec ses Winggrid \u00e0 reproduire certain effet a\u00e9rodynamique \u00e9tudi\u00e9 sur les oiseaux. Ces travaux commenc\u00e8rent d&#8217;abord dans la soufflerie d&#8217;Emmen entre 1993 et 1994, qui d\u00e9montr\u00e8rent qu&#8217;un d\u00e9monstrateur baptis\u00e9 &#8220;Little Eagle Owl&#8221; devait \u00eatre capable de voler ainsi \u00e9quip\u00e9.<\/p>\n\n\n\n<p>En 1996, la rencontre avec le Prof. Dr.- Ing. Hans-Reinhard Meyer-Piening allait lui offrir l&#8217;opportunit\u00e9 de valider le concept de Winggrid sur un d\u00e9monstrateur r\u00e9el.<\/p>\n\n\n\n<p>En 1997, Le Prom\u00e9theus II fut choisit pour cette exp\u00e9rimentation.&nbsp; A cette fin, l&#8217;envergure a \u00e9t\u00e9 r\u00e9duite \u00e0&nbsp; 12 m. Ils esp\u00e9raient ainsi une finesse de 15 \u00e0&nbsp; 17. L&#8217;exp\u00e9rience d\u00e9montra qu&#8217;elle \u00e9tait de 25 !<\/p>\n\n\n\n<p>En 1999, Un autre d\u00e9monstrateur fut essay\u00e9 avec les Fran\u00e7ais, et confi\u00e9 \u00e0&nbsp; Christophe Robin qui \u00e9quipa un MCR-01 de winggrid. Une \u00e9tude comparative avec un MCR-01 classique et un autre \u00e9quip\u00e9 de Winglets \u00e9tudi\u00e9es par l&#8217;ONERA a \u00e9t\u00e9 r\u00e9alis\u00e9e.<\/p>\n<\/div>\n\n\n\n<div class=\"wp-block-column is-layout-flow wp-block-column-is-layout-flow\">\n<figure class=\"wp-block-image size-large\"><img loading=\"lazy\" decoding=\"async\" width=\"500\" height=\"311\" src=\"http:\/\/minijets.org\/wp-content\/uploads\/2021\/01\/EFF_Prometheus_II_02.jpg\" alt=\"\" class=\"wp-image-2190\" srcset=\"https:\/\/minijets.org\/wp-content\/uploads\/2021\/01\/EFF_Prometheus_II_02.jpg 500w, https:\/\/minijets.org\/wp-content\/uploads\/2021\/01\/EFF_Prometheus_II_02-300x187.jpg 300w, https:\/\/minijets.org\/wp-content\/uploads\/2021\/01\/EFF_Prometheus_II_02-18x12.jpg 18w\" sizes=\"auto, (max-width: 500px) 100vw, 500px\" \/><\/figure>\n\n\n\n<figure class=\"wp-block-image size-large\"><img loading=\"lazy\" decoding=\"async\" width=\"500\" height=\"292\" src=\"http:\/\/minijets.org\/wp-content\/uploads\/2021\/01\/EFF_Prometheus_II_03.jpg\" alt=\"\" class=\"wp-image-2194\" srcset=\"https:\/\/minijets.org\/wp-content\/uploads\/2021\/01\/EFF_Prometheus_II_03.jpg 500w, https:\/\/minijets.org\/wp-content\/uploads\/2021\/01\/EFF_Prometheus_II_03-300x175.jpg 300w, https:\/\/minijets.org\/wp-content\/uploads\/2021\/01\/EFF_Prometheus_II_03-18x12.jpg 18w\" sizes=\"auto, (max-width: 500px) 100vw, 500px\" \/><\/figure>\n<\/div>\n<\/div>\n\n\n\n<h2 class=\"wp-block-heading\">Conservation<\/h2>\n\n\n\n<p>L&#8217;unique exemplaire du <strong>Prometheus II<\/strong>, le planeur \u00e0 r\u00e9action immatricul\u00e9 <strong>HB-YBI<\/strong>, est pr\u00e9serv\u00e9 depuis septembre 2007 au <strong>mus\u00e9e du vol \u00e0 voile de la Montagne Noire<\/strong>, situ\u00e9 \u00e0 Lab\u00e9c\u00e8de-Lauragais dans l&#8217;Aude, en France. Ce mus\u00e9e, g\u00e9r\u00e9 par l&#8217;<a href=\"http:\/\/a.p.p.a.r.a.t.free.fr\/l_aerodrome_de_la_montagne_noire_233.htm\" data-type=\"URL\" data-id=\"http:\/\/a.p.p.a.r.a.t.free.fr\/l_aerodrome_de_la_montagne_noire_233.htm\" target=\"_blank\" rel=\"noopener\">APPARAT <\/a> (Association pour la Pr\u00e9servation du Patrimoine A\u00e9ronautique et de l&#8217;Aviation \u00e0 Traction), est consacr\u00e9 \u00e0 l&#8217;histoire du vol \u00e0 voile et des planeurs. L&#8217;APPARAT s&#8217;efforce de pr\u00e9server des a\u00e9ronefs historiques, et le Prometheus II est l&#8217;une des pi\u00e8ces majeures de sa collection.<\/p>\n","protected":false},"excerpt":{"rendered":"<p>EFF (Entwicklungsgemeinschaft for Flugzugbau der Akademischen Fluggruppe) Le PROMETHEUS II&nbsp;est une production d&#8217;EFF&nbsp;Entwicklungsgemeinschaft f\u00fcr Flugzeugbau&nbsp;[ Association pour le d\u00e9veloppement et la construction d&#8217;avion ].&nbsp;Un seul appareil a \u00e9t\u00e9 produit. Il a \u00e9t\u00e9 enregistr\u00e9 en&nbsp;1978&nbsp;sous l&#8217;immatriculation&nbsp;HB-YBI, et la d\u00e9nomination&nbsp;PROMETHEUS PV. Apr\u00e8s une p\u00e9riode de 4 ann\u00e9e d\u00e9di\u00e9e \u00e0 la conception, puis \u00e0 la construction, il a [&hellip;]<\/p>\n","protected":false},"author":1,"featured_media":2174,"parent":2101,"menu_order":0,"comment_status":"closed","ping_status":"closed","template":"","meta":{"_acf_changed":false,"cybocfi_hide_featured_image":"yes","footnotes":""},"categories":[18],"tags":[],"planes-000-100":[],"class_list":["post-2465","page","type-page","status-publish","has-post-thumbnail","hentry","category-plane-100-150"],"blocksy_meta":[],"acf":[],"_links":{"self":[{"href":"https:\/\/minijets.org\/fr\/wp-json\/wp\/v2\/pages\/2465","targetHints":{"allow":["GET"]}}],"collection":[{"href":"https:\/\/minijets.org\/fr\/wp-json\/wp\/v2\/pages"}],"about":[{"href":"https:\/\/minijets.org\/fr\/wp-json\/wp\/v2\/types\/page"}],"author":[{"embeddable":true,"href":"https:\/\/minijets.org\/fr\/wp-json\/wp\/v2\/users\/1"}],"replies":[{"embeddable":true,"href":"https:\/\/minijets.org\/fr\/wp-json\/wp\/v2\/comments?post=2465"}],"version-history":[{"count":5,"href":"https:\/\/minijets.org\/fr\/wp-json\/wp\/v2\/pages\/2465\/revisions"}],"predecessor-version":[{"id":9551,"href":"https:\/\/minijets.org\/fr\/wp-json\/wp\/v2\/pages\/2465\/revisions\/9551"}],"up":[{"embeddable":true,"href":"https:\/\/minijets.org\/fr\/wp-json\/wp\/v2\/pages\/2101"}],"wp:featuredmedia":[{"embeddable":true,"href":"https:\/\/minijets.org\/fr\/wp-json\/wp\/v2\/media\/2174"}],"wp:attachment":[{"href":"https:\/\/minijets.org\/fr\/wp-json\/wp\/v2\/media?parent=2465"}],"wp:term":[{"taxonomy":"category","embeddable":true,"href":"https:\/\/minijets.org\/fr\/wp-json\/wp\/v2\/categories?post=2465"},{"taxonomy":"post_tag","embeddable":true,"href":"https:\/\/minijets.org\/fr\/wp-json\/wp\/v2\/tags?post=2465"},{"taxonomy":"planes-000-100","embeddable":true,"href":"https:\/\/minijets.org\/fr\/wp-json\/wp\/v2\/planes-000-100?post=2465"}],"curies":[{"name":"wp","href":"https:\/\/api.w.org\/{rel}","templated":true}]}}