{"id":2944,"date":"2021-01-27T11:22:31","date_gmt":"2021-01-27T10:22:31","guid":{"rendered":"http:\/\/tst.minijets.org\/?page_id=2944"},"modified":"2024-11-20T22:11:25","modified_gmt":"2024-11-20T21:11:25","slug":"j402","status":"publish","type":"page","link":"https:\/\/minijets.org\/fr\/150-300\/j402\/","title":{"rendered":"Continental J402-CA-700"},"content":{"rendered":"\n<p>The Continental J402-CA-700 is a small short lyfe-cycle turbojet engine developed in the 1970s for missiles and target drones.<\/p>\n\n\n\n<div class=\"wp-block-columns is-layout-flex wp-container-core-columns-is-layout-28f84493 wp-block-columns-is-layout-flex\">\n<div class=\"wp-block-column minijets_table is-layout-flow wp-block-column-is-layout-flow\" style=\"flex-basis:50%\">\n<figure class=\"wp-block-image size-large\"><img loading=\"lazy\" decoding=\"async\" width=\"800\" height=\"386\" src=\"http:\/\/minijets.org\/wp-content\/uploads\/2021\/01\/CAE_J402-CA-700.jpg\" alt=\"Continental J402-CA-700\" class=\"wp-image-2585\" srcset=\"https:\/\/minijets.org\/wp-content\/uploads\/2021\/01\/CAE_J402-CA-700.jpg 800w, https:\/\/minijets.org\/wp-content\/uploads\/2021\/01\/CAE_J402-CA-700-300x145.jpg 300w, https:\/\/minijets.org\/wp-content\/uploads\/2021\/01\/CAE_J402-CA-700-768x371.jpg 768w, https:\/\/minijets.org\/wp-content\/uploads\/2021\/01\/CAE_J402-CA-700-18x9.jpg 18w\" sizes=\"auto, (max-width: 800px) 100vw, 800px\" \/><figcaption class=\"wp-element-caption\">Teledyne CAE J402-CA-700. Source : Aviation week, 1982. Teledyne publicity<\/figcaption><\/figure>\n<\/div>\n\n\n\n<div class=\"wp-block-column is-layout-flow wp-block-column-is-layout-flow\" style=\"flex-basis:50%\">\n<p>20 years after CAE&#8217;s entry into the aircratf gas turbine business with the highly successful J69 engine family, the company began the development of what became its second most important family : the J402 series. In 1972, following a competitive evaluation, CAE received a contract from the navy to develop the J402-CA-400 engine to power the McDonnel Douglas Harpoon (AGM-84A), an anti-ship cruise missile.<\/p>\n\n\n\n<p>During the early 1970s, the<strong>&nbsp;J402-CA-700<\/strong>&nbsp;(CAE Model 372-2A)&nbsp;&nbsp;engine was selected to power the&nbsp;<strong>Beech MQM-107 Streaker<\/strong>&nbsp;Variable-speed Targer Vehicul (VSTT).&nbsp;These target drones were not one-time-use&nbsp;vehicles like the Harpoon missiles were, so the lifetime of the engine had to be extended from 1 hour to 15 hours. To accomplish this, the turbine temperature was reduced, as well as the rotational speeds. A new starter system was included to give the engine the ability to restart. The result was an engine that was slightly less powerful (640&nbsp;lbf vs 660&nbsp;lbf).<\/p>\n<\/div>\n<\/div>\n\n\n\n<h2 class=\"wp-block-heading\">Application<\/h2>\n\n\n\n<div class=\"wp-block-query is-layout-flow wp-block-query-is-layout-flow\"><ul class=\"wp-block-post-template is-layout-flow wp-block-post-template-is-layout-flow\"><li class=\"wp-block-post post-2949 page type-page status-publish has-post-thumbnail hentry category-plane-150-300\">\n\n<div class=\"wp-block-columns alignwide is-layout-flex wp-container-core-columns-is-layout-28f84493 wp-block-columns-is-layout-flex\">\n<div class=\"wp-block-column is-layout-flow wp-block-column-is-layout-flow\" style=\"flex-basis:30%\"><figure class=\"wp-block-post-featured-image\"><a href=\"https:\/\/minijets.org\/fr\/150-300\/j402\/bd5j-j402\/\" target=\"_self\"  ><img loading=\"lazy\" decoding=\"async\" width=\"800\" height=\"600\" src=\"https:\/\/minijets.org\/wp-content\/uploads\/2024\/11\/BD5J-J402-Tori-Mac-1.webp\" class=\"attachment-post-thumbnail size-post-thumbnail wp-post-image\" alt=\"BD-5J J402\" style=\"object-fit:cover;\" srcset=\"https:\/\/minijets.org\/wp-content\/uploads\/2024\/11\/BD5J-J402-Tori-Mac-1.webp 800w, https:\/\/minijets.org\/wp-content\/uploads\/2024\/11\/BD5J-J402-Tori-Mac-1-16x12.webp 16w, https:\/\/minijets.org\/wp-content\/uploads\/2024\/11\/BD5J-J402-Tori-Mac-1-300x225.webp 300w, https:\/\/minijets.org\/wp-content\/uploads\/2024\/11\/BD5J-J402-Tori-Mac-1-768x576.webp 768w\" sizes=\"auto, (max-width: 800px) 100vw, 800px\" \/><\/a><\/figure><\/div>\n\n\n\n<div class=\"wp-block-column is-layout-flow wp-block-column-is-layout-flow\" style=\"flex-basis:70%\"><h3 class=\"wp-block-post-title\"><a href=\"https:\/\/minijets.org\/fr\/150-300\/j402\/bd5j-j402\/\" target=\"_self\" >BD-5J J402<\/a><\/h3>\n\n<div class=\"wp-block-post-excerpt\"><p class=\"wp-block-post-excerpt__excerpt\">Le BD-5J de Tori Mac On connait peut de choses sur le BD-5J J402 de Tori Mac, qui se distingue par sa livr\u00e9e jaune agr\u00e9ment\u00e9e de rayures noires et le marquage distinctif \u201cThe Trailblazer Project\u201d sur la d\u00e9rive. Construit avec l\u2019intention d\u2019\u00eatre \u00e9quip\u00e9 d\u2019un turbor\u00e9acteur Teledyne CAE J402-CA-700 \u2013 d\u2019un diam\u00e8tre \u00e9quivalent \u00e0 celui d\u2019un\u2026 <\/p><\/div><\/div>\n<\/div>\n\n<\/li><\/ul><\/div>\n","protected":false},"excerpt":{"rendered":"<p>The Continental J402-CA-700 is a small short lyfe-cycle turbojet engine developed in the 1970s for missiles and target drones. 20 years after CAE&#8217;s entry into the aircratf gas turbine business with the highly successful J69 engine family, the company began the development of what became its second most important family : the J402 series. In [&hellip;]<\/p>\n","protected":false},"author":1,"featured_media":2585,"parent":2882,"menu_order":0,"comment_status":"closed","ping_status":"closed","template":"","meta":{"_acf_changed":false,"cybocfi_hide_featured_image":"","footnotes":""},"categories":[14],"tags":[],"planes-000-100":[],"class_list":["post-2944","page","type-page","status-publish","has-post-thumbnail","hentry","category-jet-engine-150-300"],"blocksy_meta":[],"acf":[],"_links":{"self":[{"href":"https:\/\/minijets.org\/fr\/wp-json\/wp\/v2\/pages\/2944","targetHints":{"allow":["GET"]}}],"collection":[{"href":"https:\/\/minijets.org\/fr\/wp-json\/wp\/v2\/pages"}],"about":[{"href":"https:\/\/minijets.org\/fr\/wp-json\/wp\/v2\/types\/page"}],"author":[{"embeddable":true,"href":"https:\/\/minijets.org\/fr\/wp-json\/wp\/v2\/users\/1"}],"replies":[{"embeddable":true,"href":"https:\/\/minijets.org\/fr\/wp-json\/wp\/v2\/comments?post=2944"}],"version-history":[{"count":3,"href":"https:\/\/minijets.org\/fr\/wp-json\/wp\/v2\/pages\/2944\/revisions"}],"predecessor-version":[{"id":10162,"href":"https:\/\/minijets.org\/fr\/wp-json\/wp\/v2\/pages\/2944\/revisions\/10162"}],"up":[{"embeddable":true,"href":"https:\/\/minijets.org\/fr\/wp-json\/wp\/v2\/pages\/2882"}],"wp:featuredmedia":[{"embeddable":true,"href":"https:\/\/minijets.org\/fr\/wp-json\/wp\/v2\/media\/2585"}],"wp:attachment":[{"href":"https:\/\/minijets.org\/fr\/wp-json\/wp\/v2\/media?parent=2944"}],"wp:term":[{"taxonomy":"category","embeddable":true,"href":"https:\/\/minijets.org\/fr\/wp-json\/wp\/v2\/categories?post=2944"},{"taxonomy":"post_tag","embeddable":true,"href":"https:\/\/minijets.org\/fr\/wp-json\/wp\/v2\/tags?post=2944"},{"taxonomy":"planes-000-100","embeddable":true,"href":"https:\/\/minijets.org\/fr\/wp-json\/wp\/v2\/planes-000-100?post=2944"}],"curies":[{"name":"wp","href":"https:\/\/api.w.org\/{rel}","templated":true}]}}