{"id":2963,"date":"2021-01-27T15:42:09","date_gmt":"2021-01-27T14:42:09","guid":{"rendered":"http:\/\/tst.minijets.org\/?page_id=2963"},"modified":"2022-11-24T18:10:50","modified_gmt":"2022-11-24T17:10:50","slug":"cm88-mrk2","status":"publish","type":"page","link":"https:\/\/minijets.org\/fr\/150-300\/turbomeca-marbore1\/cm88-mrk2\/","title":{"rendered":"Fouga CM88R G\u00e9meaux mark II"},"content":{"rendered":"\n<p>L&#8217;exemplaire N\u00b0 2 du Fouga&nbsp;CM88R G\u00e9meaux mark II a fait son premier vol aux mains de&nbsp;<a href=\"http:\/\/thetartanterror.blogspot.com\/2008\/08\/leon-bourrieau-1908-1974.html\" data-type=\"URL\" data-id=\"http:\/\/thetartanterror.blogspot.com\/2008\/08\/leon-bourrieau-1908-1974.html\" target=\"_blank\" rel=\"noopener\">L\u00e9on Bourrieau<\/a>&nbsp;le&nbsp;16 juin 1951. L&#8217;avion \u00e9tait immatricul\u00e9&nbsp;F-WFKN. Sur le plan central entre les deux fuselages se trouvait l&#8217;un d\u00e8s premiers exemplaires du r\u00e9acteur&nbsp;<a href=\"https:\/\/minijets.org\/150-300\/turbomeca-marbore1\/\" data-type=\"page\" data-id=\"2933\">Marbor\u00e9 I<\/a>&nbsp;de Turbomeca. Ce moteur donnait une pouss\u00e9e maximale d&#8217;environ&nbsp;275 \u00e0&nbsp; 300&nbsp;Kg pour un poids d&#8217;environ 120 kg.<\/p>\n\n\n\n<div class=\"wp-block-columns is-layout-flex wp-container-core-columns-is-layout-28f84493 wp-block-columns-is-layout-flex\">\n<div class=\"wp-block-column minijets_table is-layout-flow wp-block-column-is-layout-flow\" style=\"flex-basis:50%\">\n<figure class=\"wp-block-image size-full\"><img loading=\"lazy\" decoding=\"async\" width=\"500\" height=\"333\" src=\"https:\/\/minijets.org\/wp-content\/uploads\/2022\/11\/Fouga_gemeaux_II_01.jpg\" alt=\"Fouga CM88R G\u00e9meaux mark II \" class=\"wp-image-8281\" srcset=\"https:\/\/minijets.org\/wp-content\/uploads\/2022\/11\/Fouga_gemeaux_II_01.jpg 500w, https:\/\/minijets.org\/wp-content\/uploads\/2022\/11\/Fouga_gemeaux_II_01-300x200.jpg 300w, https:\/\/minijets.org\/wp-content\/uploads\/2022\/11\/Fouga_gemeaux_II_01-18x12.jpg 18w\" sizes=\"auto, (max-width: 500px) 100vw, 500px\" \/><figcaption class=\"wp-element-caption\">Fouga CM88R G\u00e9meaux mark II, \u00e9quip\u00e9 du r\u00e9acteur Turbomeca Marbore I<\/figcaption><\/figure>\n<\/div>\n\n\n\n<div class=\"wp-block-column is-layout-flow wp-block-column-is-layout-flow\" style=\"flex-basis:50%\">\n<h3 class=\"wp-block-heading\">Voilure<\/h3>\n\n\n\n<p>Le profil de l&#8217;aile est un Naca 230. Il s&#8217;agit d&#8217;une voilure m\u00e9diane cantilever, monolongeron, \u00e0 rev\u00eatement travaillant, enti\u00e8rement en bois. un plan central assure la jonction entre les deux fuselages.<\/p>\n\n\n\n<p>Elle est \u00e9quip\u00e9e d&#8217;ailerons \u00e0 fente en alliage l\u00e9ger et entoil\u00e9s, ainsi que de volets de courbure de bord de fuite \u00e0 fente, eux aussi&nbsp;en alliage l\u00e9ger et entoil\u00e9s.<\/p>\n\n\n\n<p>les a\u00e9rofreins sont constitu\u00e9s de 4 rang\u00e9s de quart de disques m\u00e9talliques escamotables, sur l&#8217;intrados et l&#8217;extrados.<\/p>\n\n\n\n<h3 class=\"wp-block-heading\">Fuselages<\/h3>\n\n\n\n<p>Ils sont de section ovales, de type structure coque, enti\u00e8rement en bois et rev\u00eatus de contreplaqu\u00e9s. Chaque fuselage comporte un r\u00e9servoir de 50 litres de k\u00e9ros\u00e8ne.&nbsp;<\/p>\n<\/div>\n<\/div>\n","protected":false},"excerpt":{"rendered":"<p>L&#8217;exemplaire N\u00b0 2 du Fouga&nbsp;CM88R G\u00e9meaux mark II a fait son premier vol aux mains de&nbsp;L\u00e9on Bourrieau&nbsp;le&nbsp;16 juin 1951. L&#8217;avion \u00e9tait immatricul\u00e9&nbsp;F-WFKN. Sur le plan central entre les deux fuselages se trouvait l&#8217;un d\u00e8s premiers exemplaires du r\u00e9acteur&nbsp;Marbor\u00e9 I&nbsp;de Turbomeca. Ce moteur donnait une pouss\u00e9e maximale d&#8217;environ&nbsp;275 \u00e0&nbsp; 300&nbsp;Kg pour un poids d&#8217;environ 120 kg. [&hellip;]<\/p>\n","protected":false},"author":1,"featured_media":2592,"parent":2933,"menu_order":0,"comment_status":"closed","ping_status":"closed","template":"","meta":{"_acf_changed":false,"cybocfi_hide_featured_image":"","footnotes":""},"categories":[19],"tags":[],"planes-000-100":[],"class_list":["post-2963","page","type-page","status-publish","has-post-thumbnail","hentry","category-plane-150-300"],"blocksy_meta":[],"acf":[],"_links":{"self":[{"href":"https:\/\/minijets.org\/fr\/wp-json\/wp\/v2\/pages\/2963","targetHints":{"allow":["GET"]}}],"collection":[{"href":"https:\/\/minijets.org\/fr\/wp-json\/wp\/v2\/pages"}],"about":[{"href":"https:\/\/minijets.org\/fr\/wp-json\/wp\/v2\/types\/page"}],"author":[{"embeddable":true,"href":"https:\/\/minijets.org\/fr\/wp-json\/wp\/v2\/users\/1"}],"replies":[{"embeddable":true,"href":"https:\/\/minijets.org\/fr\/wp-json\/wp\/v2\/comments?post=2963"}],"version-history":[{"count":0,"href":"https:\/\/minijets.org\/fr\/wp-json\/wp\/v2\/pages\/2963\/revisions"}],"up":[{"embeddable":true,"href":"https:\/\/minijets.org\/fr\/wp-json\/wp\/v2\/pages\/2933"}],"wp:featuredmedia":[{"embeddable":true,"href":"https:\/\/minijets.org\/fr\/wp-json\/wp\/v2\/media\/2592"}],"wp:attachment":[{"href":"https:\/\/minijets.org\/fr\/wp-json\/wp\/v2\/media?parent=2963"}],"wp:term":[{"taxonomy":"category","embeddable":true,"href":"https:\/\/minijets.org\/fr\/wp-json\/wp\/v2\/categories?post=2963"},{"taxonomy":"post_tag","embeddable":true,"href":"https:\/\/minijets.org\/fr\/wp-json\/wp\/v2\/tags?post=2963"},{"taxonomy":"planes-000-100","embeddable":true,"href":"https:\/\/minijets.org\/fr\/wp-json\/wp\/v2\/planes-000-100?post=2963"}],"curies":[{"name":"wp","href":"https:\/\/api.w.org\/{rel}","templated":true}]}}