{"id":3015,"date":"2021-01-28T10:42:17","date_gmt":"2021-01-28T09:42:17","guid":{"rendered":"http:\/\/tst.minijets.org\/?page_id=3015"},"modified":"2022-12-08T00:10:15","modified_gmt":"2022-12-07T23:10:15","slug":"bd-5j-palas","status":"publish","type":"page","link":"https:\/\/minijets.org\/fr\/150-300\/turbomeca-palas\/bd-5j-palas\/","title":{"rendered":"BD-5J Palas"},"content":{"rendered":"\n<h2 class=\"wp-block-heading\" id=\"block-88f0e96a-cdc6-4cd6-a3ee-9658bee19b67\">BD-5J \u00e9quipp\u00e9 d&#8217;un Palas par Gary Lyon<\/h2>\n\n\n\n<p>Le BD-5j Palas est une construction originale, con\u00e7ue et construite par Gary Lyon (Tennesse). Elle utilise une cellule de BD-5B avec l&#8217;aile de 20 ft et non celle de 17, et est \u00e9quip\u00e9e d&#8217;un r\u00e9acteur <a href=\"https:\/\/minijets.org\/150-300\/turbomeca-palas\/\" data-type=\"page\" data-id=\"2891\">Turbomeca Palas<\/a>. Le r\u00e9acteur est le N\u00b097 qui \u00e9quipait auparavant le Sipa 200 N\u00b05. Gary en a fait l&#8217;acquisition aupr\u00e8s d&#8217;Asher Ward.<\/p>\n\n\n\n<div class=\"wp-block-columns is-layout-flex wp-container-core-columns-is-layout-28f84493 wp-block-columns-is-layout-flex\">\n<div class=\"wp-block-column is-layout-flow wp-block-column-is-layout-flow\">\n<h3 class=\"wp-block-heading\">Le BD-5J Palas N505BD<\/h3>\n\n\n\n<p>Le N505BD&nbsp;a obtenu son certificat de navigabilit\u00e9 (FAA airworthiness certificate) en mars 2006. &nbsp;En 2006, il a effectu\u00e9 une dizaine d&#8217;heures d&#8217;essai de roulage, dont certains \u00e0 grande vitesse. Malheureusement Gary n&#8217;a pu effectuer le premier vol de son appareil, et pour des raisons de sant\u00e9 a d\u00fb se r\u00e9soudre \u00e0 le mettre en vente.<\/p>\n\n\n\n<p>En terme d&#8217;instrumentation, l&#8217;\u00e9quipement est de type VFR. Il utilise une VHF MICRO AIR 760, et un Transpondeur avec encodeur. Pour les \u00e9quipements moteur, un nouveau tachim\u00e8tre et une jauge de chez&nbsp;Westack Company ont \u00e9t\u00e9 install\u00e9. Le d\u00e9marrage s&#8217;effectue \u00e0 l&#8217;aide d&#8217;une batterie 24 Volts. C&#8217;est cette derni\u00e8re qui fournie aussi l&#8217;alimentation \u00e9lectrique aux instruments, car il n&#8217;y a pas de g\u00e9n\u00e9ratrice.<\/p>\n\n\n\n<p>Comme on peut le voir sur l&#8217;une des photos fournies par Gary, le r\u00e9servoir d&#8217;huile a \u00e9t\u00e9 con\u00e7u sp\u00e9cialement pour s&#8217;adapter sur l&#8217;entr\u00e9e d&#8217;air du Palas.<\/p>\n<\/div>\n\n\n\n<div class=\"wp-block-column is-layout-flow wp-block-column-is-layout-flow\">\n<figure class=\"wp-block-image size-large\"><img loading=\"lazy\" decoding=\"async\" width=\"500\" height=\"327\" src=\"http:\/\/minijets.org\/wp-content\/uploads\/2021\/01\/BD-5J_Palas_-_02.jpg\" alt=\"BD-5J Palas\" class=\"wp-image-2628\" srcset=\"https:\/\/minijets.org\/wp-content\/uploads\/2021\/01\/BD-5J_Palas_-_02.jpg 500w, https:\/\/minijets.org\/wp-content\/uploads\/2021\/01\/BD-5J_Palas_-_02-300x196.jpg 300w, https:\/\/minijets.org\/wp-content\/uploads\/2021\/01\/BD-5J_Palas_-_02-18x12.jpg 18w\" sizes=\"auto, (max-width: 500px) 100vw, 500px\" \/><figcaption class=\"wp-element-caption\">BD-5J Palas. Source : Avec la courtoisie de Gary Lyon.<\/figcaption><\/figure>\n\n\n\n<figure class=\"wp-block-image size-large\"><img loading=\"lazy\" decoding=\"async\" width=\"499\" height=\"333\" src=\"http:\/\/minijets.org\/wp-content\/uploads\/2021\/01\/BD-5J_Palas_-_04.jpg\" alt=\"BD-5J Palas\" class=\"wp-image-2627\" srcset=\"https:\/\/minijets.org\/wp-content\/uploads\/2021\/01\/BD-5J_Palas_-_04.jpg 499w, https:\/\/minijets.org\/wp-content\/uploads\/2021\/01\/BD-5J_Palas_-_04-300x200.jpg 300w, https:\/\/minijets.org\/wp-content\/uploads\/2021\/01\/BD-5J_Palas_-_04-18x12.jpg 18w\" sizes=\"auto, (max-width: 499px) 100vw, 499px\" \/><figcaption class=\"wp-element-caption\">R\u00e9servoir d&#8217;huile du BD-5J Palas. Source : avec la courtoisie de Gary Lyon.<\/figcaption><\/figure>\n<\/div>\n<\/div>\n\n\n\n<div class=\"wp-block-columns is-layout-flex wp-container-core-columns-is-layout-28f84493 wp-block-columns-is-layout-flex\">\n<div class=\"wp-block-column is-layout-flow wp-block-column-is-layout-flow\">\n<h4 class=\"wp-block-heading\">Adaptation du Palas au BD-5J<\/h4>\n\n\n\n<p>Outre l&#8217;installation du nouveau r\u00e9servoir d&#8217;huile, l&#8217;installation du Palas a n\u00e9cessit\u00e9 quelques modifications importante. L&#8217;\u00e9jection ne s&#8217;effectue plus au dessus de l&#8217;empennage horizontal, mais en dessous. La tuy\u00e8re \u00e9tant plus petite en longueur (tuy\u00e8re courte du Sipa 200), une \u00e9chancrure \u00e0 \u00e9t\u00e9 pratiqu\u00e9 \u00e0 l&#8217;arri\u00e8re, en bas du fuselage, pour permettre l&#8217;\u00e9jection des gaz. Lors des essais, il a \u00e9t\u00e9 constat\u00e9 que les gaz chauds remontaient dans l&#8217;arri\u00e8re du fuselage et attaquaient la peinture. Cet inconv\u00e9nient a \u00e9t\u00e9 r\u00e9solu en installant une feuille d&#8217;acier inoxydable qui isole le r\u00e9acteur de la partie haute du fuselage.<\/p>\n\n\n\n<p>Une b\u00e9quille a \u00e9t\u00e9 install\u00e9e sous l&#8217;empennage horizontal, afin de permettre que l&#8217;appareil ne repose pas sur la queue lorsque le pilote n&#8217;est pas \u00e0 bord. Elle doit aussi servir d&#8217;a\u00e9rofrein.<\/p>\n\n\n\n<h4 class=\"wp-block-heading\">Commandes<\/h4>\n\n\n\n<p>Le Trim actionn\u00e9 par c\u00e2ble a \u00e9t\u00e9 remplac\u00e9 par un trim \u00e9lectrique. Il peut \u00eatre actionn\u00e9 par l&#8217;interm\u00e9diaire d&#8217;un contacteur se trouvant sur le manche. La manette des gaz a \u00e9t\u00e9 remplac\u00e9e par une manette en provenance d&#8217;un jeu vid\u00e9o. Un relai 12-24 volts a \u00e9t\u00e9 install\u00e9 sur cette manette, qui permet d&#8217;activer la pompe \u00e0 carburant, l&#8217;allumage, le syst\u00e8me de production de fum\u00e9e et la radio. Cette solution offre des capacit\u00e9s de type &#8220;HOTAS&#8221;.<\/p>\n<\/div>\n\n\n\n<div class=\"wp-block-column is-layout-flow wp-block-column-is-layout-flow\">\n<figure class=\"wp-block-image size-large\"><img loading=\"lazy\" decoding=\"async\" width=\"500\" height=\"333\" src=\"http:\/\/minijets.org\/wp-content\/uploads\/2021\/01\/BD-5J_Palas_-_01.jpg\" alt=\"BD-5J Palas\" class=\"wp-image-2629\" srcset=\"https:\/\/minijets.org\/wp-content\/uploads\/2021\/01\/BD-5J_Palas_-_01.jpg 500w, https:\/\/minijets.org\/wp-content\/uploads\/2021\/01\/BD-5J_Palas_-_01-300x200.jpg 300w, https:\/\/minijets.org\/wp-content\/uploads\/2021\/01\/BD-5J_Palas_-_01-18x12.jpg 18w\" sizes=\"auto, (max-width: 500px) 100vw, 500px\" \/><figcaption class=\"wp-element-caption\">L&#8217;installation du Palas sur le BD-5J. Source : Avec la courtoisie de Gary Lyon.<\/figcaption><\/figure>\n\n\n\n<figure class=\"wp-block-image size-large\"><img loading=\"lazy\" decoding=\"async\" width=\"500\" height=\"333\" src=\"http:\/\/minijets.org\/wp-content\/uploads\/2021\/01\/BD-5J_Palas_-_03.jpg\" alt=\"BD-5J Palas\" class=\"wp-image-2631\" srcset=\"https:\/\/minijets.org\/wp-content\/uploads\/2021\/01\/BD-5J_Palas_-_03.jpg 500w, https:\/\/minijets.org\/wp-content\/uploads\/2021\/01\/BD-5J_Palas_-_03-300x200.jpg 300w, https:\/\/minijets.org\/wp-content\/uploads\/2021\/01\/BD-5J_Palas_-_03-18x12.jpg 18w\" sizes=\"auto, (max-width: 500px) 100vw, 500px\" \/><figcaption class=\"wp-element-caption\">BD-5J Palas, b\u00e9quille arri\u00e8re. Source : Avec la courtoisie de Gary Lyon.<\/figcaption><\/figure>\n\n\n\n<figure class=\"wp-block-image size-large\"><img loading=\"lazy\" decoding=\"async\" width=\"500\" height=\"333\" src=\"http:\/\/minijets.org\/wp-content\/uploads\/2021\/01\/BD-5J_Palas_-_05.jpg\" alt=\"BD-5J Palas\" class=\"wp-image-2630\" srcset=\"https:\/\/minijets.org\/wp-content\/uploads\/2021\/01\/BD-5J_Palas_-_05.jpg 500w, https:\/\/minijets.org\/wp-content\/uploads\/2021\/01\/BD-5J_Palas_-_05-300x200.jpg 300w, https:\/\/minijets.org\/wp-content\/uploads\/2021\/01\/BD-5J_Palas_-_05-18x12.jpg 18w\" sizes=\"auto, (max-width: 500px) 100vw, 500px\" \/><figcaption class=\"wp-element-caption\">R\u00e9acteur Palas N\u00b097. Source : Avec la courtoisie de Gary Lyon.<\/figcaption><\/figure>\n<\/div>\n<\/div>\n","protected":false},"excerpt":{"rendered":"<p>BD-5J \u00e9quipp\u00e9 d&#8217;un Palas par Gary Lyon Le BD-5j Palas est une construction originale, con\u00e7ue et construite par Gary Lyon (Tennesse). Elle utilise une cellule de BD-5B avec l&#8217;aile de 20 ft et non celle de 17, et est \u00e9quip\u00e9e d&#8217;un r\u00e9acteur Turbomeca Palas. Le r\u00e9acteur est le N\u00b097 qui \u00e9quipait auparavant le Sipa 200 [&hellip;]<\/p>\n","protected":false},"author":1,"featured_media":2628,"parent":2891,"menu_order":0,"comment_status":"closed","ping_status":"closed","template":"","meta":{"_acf_changed":false,"cybocfi_hide_featured_image":"","footnotes":""},"categories":[19],"tags":[],"planes-000-100":[],"class_list":["post-3015","page","type-page","status-publish","has-post-thumbnail","hentry","category-plane-150-300"],"blocksy_meta":[],"acf":[],"_links":{"self":[{"href":"https:\/\/minijets.org\/fr\/wp-json\/wp\/v2\/pages\/3015","targetHints":{"allow":["GET"]}}],"collection":[{"href":"https:\/\/minijets.org\/fr\/wp-json\/wp\/v2\/pages"}],"about":[{"href":"https:\/\/minijets.org\/fr\/wp-json\/wp\/v2\/types\/page"}],"author":[{"embeddable":true,"href":"https:\/\/minijets.org\/fr\/wp-json\/wp\/v2\/users\/1"}],"replies":[{"embeddable":true,"href":"https:\/\/minijets.org\/fr\/wp-json\/wp\/v2\/comments?post=3015"}],"version-history":[{"count":0,"href":"https:\/\/minijets.org\/fr\/wp-json\/wp\/v2\/pages\/3015\/revisions"}],"up":[{"embeddable":true,"href":"https:\/\/minijets.org\/fr\/wp-json\/wp\/v2\/pages\/2891"}],"wp:featuredmedia":[{"embeddable":true,"href":"https:\/\/minijets.org\/fr\/wp-json\/wp\/v2\/media\/2628"}],"wp:attachment":[{"href":"https:\/\/minijets.org\/fr\/wp-json\/wp\/v2\/media?parent=3015"}],"wp:term":[{"taxonomy":"category","embeddable":true,"href":"https:\/\/minijets.org\/fr\/wp-json\/wp\/v2\/categories?post=3015"},{"taxonomy":"post_tag","embeddable":true,"href":"https:\/\/minijets.org\/fr\/wp-json\/wp\/v2\/tags?post=3015"},{"taxonomy":"planes-000-100","embeddable":true,"href":"https:\/\/minijets.org\/fr\/wp-json\/wp\/v2\/planes-000-100?post=3015"}],"curies":[{"name":"wp","href":"https:\/\/api.w.org\/{rel}","templated":true}]}}