{"id":3024,"date":"2021-01-28T10:56:08","date_gmt":"2021-01-28T09:56:08","guid":{"rendered":"http:\/\/tst.minijets.org\/?page_id=3024"},"modified":"2024-10-31T21:59:09","modified_gmt":"2024-10-31T20:59:09","slug":"fouga-cm8-r98-cyclope-ii","status":"publish","type":"page","link":"https:\/\/minijets.org\/fr\/150-300\/turbomeca-palas\/fouga-cm8-r98-cyclope-ii\/","title":{"rendered":"Fouga CM8 R9.8 Cyclope II"},"content":{"rendered":"\n<p>Le Fouga CM8 R9.8 Cyclope II, est une \u00e9volution de la version Cyclope I qui a \u00e9t\u00e9 renforc\u00e9e afin, d&#8217;accueillir un r\u00e9acteur <a href=\"https:\/\/minijets.org\/150-300\/turbomeca-palas\/\" data-type=\"page\" data-id=\"2891\">Turbomeca Palas<\/a> de 160 Kp en lieu et place de la derni\u00e8re \u00e9volution du Pim\u00e9n\u00e9 de 110 Kp.<\/p>\n\n\n\n<figure class=\"wp-block-image size-large\"><img loading=\"lazy\" decoding=\"async\" width=\"950\" height=\"244\" src=\"http:\/\/minijets.org\/wp-content\/uploads\/2021\/01\/Fouga_cyclope_II-_07.jpg\" alt=\"Fouga CM8 R9.8 Cyclope II\" class=\"wp-image-2677\" srcset=\"https:\/\/minijets.org\/wp-content\/uploads\/2021\/01\/Fouga_cyclope_II-_07.jpg 950w, https:\/\/minijets.org\/wp-content\/uploads\/2021\/01\/Fouga_cyclope_II-_07-300x77.jpg 300w, https:\/\/minijets.org\/wp-content\/uploads\/2021\/01\/Fouga_cyclope_II-_07-768x197.jpg 768w, https:\/\/minijets.org\/wp-content\/uploads\/2021\/01\/Fouga_cyclope_II-_07-18x5.jpg 18w\" sizes=\"auto, (max-width: 950px) 100vw, 950px\" \/><figcaption class=\"wp-element-caption\">Fouga Cyclope II au salon du Bourget. Source : collection d&#8217;August T Horvath<\/figcaption><\/figure>\n\n\n\n<p>Un seul exemplaire a \u00e9t\u00e9 construit. il a \u00e9t\u00e9 immatricul\u00e9&nbsp;<strong>F-WFKM<\/strong>. Positionn\u00e9 sur le march\u00e9 du monoplace d&#8217;entrainement et d&#8217;acrobatie \u00e0 r\u00e9action, il pr\u00e9figurait le CM8 R 8.3 Midget qui devait \u00eatre construit en plus grand nombre.<\/p>\n\n\n\n<h2 class=\"wp-block-heading\">Pr\u00e9sentation du Fouga CM8 R9.8 Cyclope II<\/h2>\n\n\n\n<div class=\"wp-block-columns is-layout-flex wp-container-core-columns-is-layout-28f84493 wp-block-columns-is-layout-flex\">\n<div class=\"wp-block-column is-layout-flow wp-block-column-is-layout-flow\" style=\"flex-basis:50%\">\n<figure class=\"wp-block-image size-large\"><img loading=\"lazy\" decoding=\"async\" width=\"500\" height=\"281\" src=\"http:\/\/minijets.org\/wp-content\/uploads\/2021\/01\/Fouga_cyclope_II-_03.jpg\" alt=\"Fouga CM8 R9.8 Cyclope II\" class=\"wp-image-2676\" srcset=\"https:\/\/minijets.org\/wp-content\/uploads\/2021\/01\/Fouga_cyclope_II-_03.jpg 500w, https:\/\/minijets.org\/wp-content\/uploads\/2021\/01\/Fouga_cyclope_II-_03-300x169.jpg 300w, https:\/\/minijets.org\/wp-content\/uploads\/2021\/01\/Fouga_cyclope_II-_03-18x10.jpg 18w\" sizes=\"auto, (max-width: 500px) 100vw, 500px\" \/><figcaption class=\"wp-element-caption\"><em>Juin 1951, Cyclope II, F-WFKM (Photo Aviation Magazine)<\/em>.<\/figcaption><\/figure>\n\n\n\n<figure class=\"wp-block-image size-large\"><img loading=\"lazy\" decoding=\"async\" width=\"500\" height=\"220\" src=\"http:\/\/minijets.org\/wp-content\/uploads\/2021\/01\/Fouga_cyclope_II-_02.jpg\" alt=\"Fouga CM8 R9.8 Cyclope II\" class=\"wp-image-2672\" srcset=\"https:\/\/minijets.org\/wp-content\/uploads\/2021\/01\/Fouga_cyclope_II-_02.jpg 500w, https:\/\/minijets.org\/wp-content\/uploads\/2021\/01\/Fouga_cyclope_II-_02-300x132.jpg 300w, https:\/\/minijets.org\/wp-content\/uploads\/2021\/01\/Fouga_cyclope_II-_02-18x8.jpg 18w\" sizes=\"auto, (max-width: 500px) 100vw, 500px\" \/><figcaption class=\"wp-element-caption\">Fouga Cyclope II expos\u00e9 au salon du Bourget 1951 (Photo Skyways)<\/figcaption><\/figure>\n<\/div>\n\n\n\n<div class=\"wp-block-column is-layout-flow wp-block-column-is-layout-flow\" style=\"flex-basis:50%\">\n<h3 class=\"wp-block-heading\">Formule<\/h3>\n\n\n\n<p>Monoplan cantilever \u00e0 aile m\u00e9diane. L&#8217;aile est \u00e9quip\u00e9e de dispositif hypersustentateurs et de d&#8217;a\u00e9rofreins. Empennages en V. train monotrace avec b\u00e9quille de bout d&#8217;aile.<\/p>\n\n\n\n<h3 class=\"wp-block-heading\">Construction<\/h3>\n\n\n\n<p>Mixte : bois et m\u00e9tal<\/p>\n\n\n\n<p>Le Cyclope II a effectu\u00e9 son premier vol au main de L\u00e9on BOURRIAU le 24 avril 1951. <\/p>\n\n\n\n<p>Il sera pr\u00e9sent\u00e9 en vol et essay\u00e9 par certain journalistes de la presse internationale \u00e0 l&#8217;occasion du salon du Bourget 1951. <\/p>\n\n\n\n<p>Malheureusement, il sera d\u00e9truit le 23 juin 1952 lors d&#8217;une pr\u00e9sentation des mat\u00e9riels Fran\u00e7ais, \u00e0 Melun-Villaroche, devant une d\u00e9l\u00e9gation Br\u00e9silienne, L\u00e9on Bourrieau, ayant d\u00fb s&#8217;\u00e9jecter en vol apr\u00e8s avoir perdu le contr\u00f4le de l&#8217;avion (par suite d&#8217;une rupture d&#8217;un des plans de l&#8217;empennage papillon).<\/p>\n\n\n\n<p>Il est \u00e0 noter que l&#8217;accroissement de la charge \u00e0 l&#8217;aire par rapport au Cyclope I s&#8217;explique par un renforcement de structure d&#8217;une part, et au montage d&#8217;un d\u00e9marreur sur le groupe r\u00e9acteur d&#8217;autre part.<\/p>\n<\/div>\n<\/div>\n\n\n\n<div class=\"wp-block-columns is-layout-flex wp-container-core-columns-is-layout-28f84493 wp-block-columns-is-layout-flex\">\n<div class=\"wp-block-column is-layout-flow wp-block-column-is-layout-flow\">\n<figure class=\"wp-block-image size-large\"><img loading=\"lazy\" decoding=\"async\" width=\"500\" height=\"333\" src=\"http:\/\/minijets.org\/wp-content\/uploads\/2021\/01\/Fouga_cyclope_II-_05.jpg\" alt=\"Fouga CM8 R9.8 Cyclope II\" class=\"wp-image-2674\" srcset=\"https:\/\/minijets.org\/wp-content\/uploads\/2021\/01\/Fouga_cyclope_II-_05.jpg 500w, https:\/\/minijets.org\/wp-content\/uploads\/2021\/01\/Fouga_cyclope_II-_05-300x200.jpg 300w, https:\/\/minijets.org\/wp-content\/uploads\/2021\/01\/Fouga_cyclope_II-_05-18x12.jpg 18w\" sizes=\"auto, (max-width: 500px) 100vw, 500px\" \/><figcaption class=\"wp-element-caption\">uin 1951, Cyclope II, F-WFKM au salon du Bourget. Photo Ren\u00e9 BOUVIER, avec l&#8217;aimable courtoisie de la Phototh\u00e8que DGAC<\/figcaption><\/figure>\n<\/div>\n\n\n\n<div class=\"wp-block-column is-layout-flow wp-block-column-is-layout-flow\">\n<figure class=\"wp-block-image size-large\"><img loading=\"lazy\" decoding=\"async\" width=\"500\" height=\"289\" src=\"http:\/\/minijets.org\/wp-content\/uploads\/2021\/01\/Fouga_cyclope_II-_08.jpg\" alt=\"Fouga CM8 R9.8 Cyclope II\" class=\"wp-image-2678\" srcset=\"https:\/\/minijets.org\/wp-content\/uploads\/2021\/01\/Fouga_cyclope_II-_08.jpg 500w, https:\/\/minijets.org\/wp-content\/uploads\/2021\/01\/Fouga_cyclope_II-_08-300x173.jpg 300w, https:\/\/minijets.org\/wp-content\/uploads\/2021\/01\/Fouga_cyclope_II-_08-18x10.jpg 18w\" sizes=\"auto, (max-width: 500px) 100vw, 500px\" \/><figcaption class=\"wp-element-caption\">L\u00e9on Bourriau devant le Cyclope II<\/figcaption><\/figure>\n<\/div>\n<\/div>\n\n\n\n<div class=\"wp-block-columns is-layout-flex wp-container-core-columns-is-layout-28f84493 wp-block-columns-is-layout-flex\">\n<div class=\"wp-block-column is-layout-flow wp-block-column-is-layout-flow\">\n<figure class=\"wp-block-image size-large\"><img loading=\"lazy\" decoding=\"async\" width=\"500\" height=\"320\" src=\"http:\/\/minijets.org\/wp-content\/uploads\/2021\/01\/Fouga_cyclope_II-_01.jpg\" alt=\"Fouga CM8 R9.8 Cyclope II\" class=\"wp-image-2675\" srcset=\"https:\/\/minijets.org\/wp-content\/uploads\/2021\/01\/Fouga_cyclope_II-_01.jpg 500w, https:\/\/minijets.org\/wp-content\/uploads\/2021\/01\/Fouga_cyclope_II-_01-300x192.jpg 300w, https:\/\/minijets.org\/wp-content\/uploads\/2021\/01\/Fouga_cyclope_II-_01-18x12.jpg 18w\" sizes=\"auto, (max-width: 500px) 100vw, 500px\" \/><figcaption class=\"wp-element-caption\">Paris &#8211; Le bourget &#8211; juin 1951 (collection Philippe BEZARD)<\/figcaption><\/figure>\n<\/div>\n\n\n\n<div class=\"wp-block-column is-layout-flow wp-block-column-is-layout-flow\">\n<figure class=\"wp-block-image size-large\"><img loading=\"lazy\" decoding=\"async\" width=\"500\" height=\"312\" src=\"http:\/\/minijets.org\/wp-content\/uploads\/2021\/01\/Fouga_cyclope_II-_04.jpg\" alt=\"Fouga CM8 R9.8 Cyclope II\" class=\"wp-image-2673\" srcset=\"https:\/\/minijets.org\/wp-content\/uploads\/2021\/01\/Fouga_cyclope_II-_04.jpg 500w, https:\/\/minijets.org\/wp-content\/uploads\/2021\/01\/Fouga_cyclope_II-_04-300x187.jpg 300w, https:\/\/minijets.org\/wp-content\/uploads\/2021\/01\/Fouga_cyclope_II-_04-18x12.jpg 18w\" sizes=\"auto, (max-width: 500px) 100vw, 500px\" \/><figcaption class=\"wp-element-caption\">Paris &#8211; Le bourget &#8211; juin 1951 (collection Philippe BEZARD)<\/figcaption><\/figure>\n<\/div>\n<\/div>\n","protected":false},"excerpt":{"rendered":"<p>Le Fouga CM8 R9.8 Cyclope II, est une \u00e9volution de la version Cyclope I qui a \u00e9t\u00e9 renforc\u00e9e afin, d&#8217;accueillir un r\u00e9acteur Turbomeca Palas de 160 Kp en lieu et place de la derni\u00e8re \u00e9volution du Pim\u00e9n\u00e9 de 110 Kp. Un seul exemplaire a \u00e9t\u00e9 construit. il a \u00e9t\u00e9 immatricul\u00e9&nbsp;F-WFKM. Positionn\u00e9 sur le march\u00e9 du [&hellip;]<\/p>\n","protected":false},"author":1,"featured_media":2673,"parent":2891,"menu_order":0,"comment_status":"closed","ping_status":"closed","template":"","meta":{"_acf_changed":false,"cybocfi_hide_featured_image":"","footnotes":""},"categories":[19],"tags":[],"planes-000-100":[],"class_list":["post-3024","page","type-page","status-publish","has-post-thumbnail","hentry","category-plane-150-300"],"blocksy_meta":[],"acf":[],"_links":{"self":[{"href":"https:\/\/minijets.org\/fr\/wp-json\/wp\/v2\/pages\/3024","targetHints":{"allow":["GET"]}}],"collection":[{"href":"https:\/\/minijets.org\/fr\/wp-json\/wp\/v2\/pages"}],"about":[{"href":"https:\/\/minijets.org\/fr\/wp-json\/wp\/v2\/types\/page"}],"author":[{"embeddable":true,"href":"https:\/\/minijets.org\/fr\/wp-json\/wp\/v2\/users\/1"}],"replies":[{"embeddable":true,"href":"https:\/\/minijets.org\/fr\/wp-json\/wp\/v2\/comments?post=3024"}],"version-history":[{"count":1,"href":"https:\/\/minijets.org\/fr\/wp-json\/wp\/v2\/pages\/3024\/revisions"}],"predecessor-version":[{"id":9753,"href":"https:\/\/minijets.org\/fr\/wp-json\/wp\/v2\/pages\/3024\/revisions\/9753"}],"up":[{"embeddable":true,"href":"https:\/\/minijets.org\/fr\/wp-json\/wp\/v2\/pages\/2891"}],"wp:featuredmedia":[{"embeddable":true,"href":"https:\/\/minijets.org\/fr\/wp-json\/wp\/v2\/media\/2673"}],"wp:attachment":[{"href":"https:\/\/minijets.org\/fr\/wp-json\/wp\/v2\/media?parent=3024"}],"wp:term":[{"taxonomy":"category","embeddable":true,"href":"https:\/\/minijets.org\/fr\/wp-json\/wp\/v2\/categories?post=3024"},{"taxonomy":"post_tag","embeddable":true,"href":"https:\/\/minijets.org\/fr\/wp-json\/wp\/v2\/tags?post=3024"},{"taxonomy":"planes-000-100","embeddable":true,"href":"https:\/\/minijets.org\/fr\/wp-json\/wp\/v2\/planes-000-100?post=3024"}],"curies":[{"name":"wp","href":"https:\/\/api.w.org\/{rel}","templated":true}]}}