{"id":3265,"date":"2021-01-29T17:32:51","date_gmt":"2021-01-29T16:32:51","guid":{"rendered":"http:\/\/tst.minijets.org\/?page_id=3265"},"modified":"2024-11-07T22:30:26","modified_gmt":"2024-11-07T21:30:26","slug":"sipa-300","status":"publish","type":"page","link":"https:\/\/minijets.org\/fr\/150-300\/turbomeca-palas\/sipa-300\/","title":{"rendered":"Sipa 300"},"content":{"rendered":"\n<figure class=\"wp-block-image size-full\"><img loading=\"lazy\" decoding=\"async\" width=\"1024\" height=\"237\" src=\"https:\/\/minijets.org\/wp-content\/uploads\/2024\/06\/Sipa_300_11.webp\" alt=\"Sipa 300\" class=\"wp-image-8977\" srcset=\"https:\/\/minijets.org\/wp-content\/uploads\/2024\/06\/Sipa_300_11.webp 1024w, https:\/\/minijets.org\/wp-content\/uploads\/2024\/06\/Sipa_300_11-18x4.webp 18w, https:\/\/minijets.org\/wp-content\/uploads\/2024\/06\/Sipa_300_11-300x69.webp 300w, https:\/\/minijets.org\/wp-content\/uploads\/2024\/06\/Sipa_300_11-768x178.webp 768w\" sizes=\"auto, (max-width: 1024px) 100vw, 1024px\" \/><figcaption class=\"wp-element-caption\">Sipa 300<\/figcaption><\/figure>\n\n\n\n<p>Le SIPA 300, con\u00e7u par Yves Gardan et le bureau d&#8217;\u00e9tudes de la SIPA, est un avion d&#8217;entra\u00eenement \u00e0 r\u00e9action de premier niveau. Ce biplace en tandem, dot\u00e9 d&#8217;une aile basse et d&#8217;un empennage cruciforme, a effectu\u00e9 son premier vol pilot\u00e9 par Max Fischl le 4 octobre 1954.<\/p>\n\n\n\n<div class=\"wp-block-columns is-layout-flex wp-container-core-columns-is-layout-28f84493 wp-block-columns-is-layout-flex\">\n<div class=\"wp-block-column cards is-layout-flow wp-block-column-is-layout-flow\" style=\"flex-basis:50%\">\n<figure class=\"wp-block-image size-large\"><img loading=\"lazy\" decoding=\"async\" width=\"500\" height=\"369\" src=\"http:\/\/minijets.org\/wp-content\/uploads\/2021\/01\/Sipa_300_-_13.jpg\" alt=\"\" class=\"wp-image-2820\" srcset=\"https:\/\/minijets.org\/wp-content\/uploads\/2021\/01\/Sipa_300_-_13.jpg 500w, https:\/\/minijets.org\/wp-content\/uploads\/2021\/01\/Sipa_300_-_13-300x221.jpg 300w, https:\/\/minijets.org\/wp-content\/uploads\/2021\/01\/Sipa_300_-_13-16x12.jpg 16w\" sizes=\"auto, (max-width: 500px) 100vw, 500px\" \/><figcaption class=\"wp-element-caption\">SIPA 300 en vol. Source : brochure \u00e9dit\u00e9e par la soci\u00e9t\u00e9 SIPA.<\/figcaption><\/figure>\n\n\n\n<figure class=\"wp-block-image size-large\"><img loading=\"lazy\" decoding=\"async\" width=\"500\" height=\"320\" src=\"http:\/\/minijets.org\/wp-content\/uploads\/2021\/01\/Sipa_300_-_21.jpg\" alt=\"\" class=\"wp-image-2836\" srcset=\"https:\/\/minijets.org\/wp-content\/uploads\/2021\/01\/Sipa_300_-_21.jpg 500w, https:\/\/minijets.org\/wp-content\/uploads\/2021\/01\/Sipa_300_-_21-300x192.jpg 300w, https:\/\/minijets.org\/wp-content\/uploads\/2021\/01\/Sipa_300_-_21-18x12.jpg 18w\" sizes=\"auto, (max-width: 500px) 100vw, 500px\" \/><figcaption class=\"wp-element-caption\">Sipa 300 lors d&#8217;une pr\u00e9sentation \u00e0 la presse \u00e0 Villacoublay.<\/figcaption><\/figure>\n\n\n\n<figure class=\"wp-block-image size-large\"><img loading=\"lazy\" decoding=\"async\" width=\"500\" height=\"320\" src=\"http:\/\/minijets.org\/wp-content\/uploads\/2021\/01\/Sipa_300_-_05.jpg\" alt=\"\" class=\"wp-image-2827\" srcset=\"https:\/\/minijets.org\/wp-content\/uploads\/2021\/01\/Sipa_300_-_05.jpg 500w, https:\/\/minijets.org\/wp-content\/uploads\/2021\/01\/Sipa_300_-_05-300x192.jpg 300w, https:\/\/minijets.org\/wp-content\/uploads\/2021\/01\/Sipa_300_-_05-18x12.jpg 18w\" sizes=\"auto, (max-width: 500px) 100vw, 500px\" \/><figcaption class=\"wp-element-caption\">SIPA 300 \u00e0 Villacoublay. Source : collection Philippe Bezard<\/figcaption><\/figure>\n<\/div>\n\n\n\n<div class=\"wp-block-column is-layout-flow wp-block-column-is-layout-flow\" style=\"flex-basis:50%\">\n<h2 class=\"wp-block-heading\">Historique<\/h2>\n\n\n\n<p>Entre 1953 et 1954,sous la direction d&#8217;<strong>Yves Gardan<\/strong>, le bureau d&#8217;\u00e9tude de la SIPA \u00e9tudiera pas moins de trois projets d\u00e9nomm\u00e9s SIPA 300 :<\/p>\n\n\n\n<h3 class=\"wp-block-heading\">Sipa 300M<\/h3>\n\n\n\n<p>Il s&#8217;agissait d&#8217;un biplace en tandem \u00e0&nbsp; train classique, \u00e9quip\u00e9 d&#8217;un moteur&nbsp;<strong><a href=\"https:\/\/fr.wikipedia.org\/wiki\/Salmson\" data-type=\"URL\" data-id=\"https:\/\/fr.wikipedia.org\/wiki\/Salmson\" target=\"_blank\" rel=\"noopener\">SALMSOM <\/a>AS 04<\/strong>, qui r\u00e9pondait \u00e0&nbsp; un appel d&#8217;offre du SFA pour un avion destin\u00e9 \u00e0&nbsp; succ\u00e9der au Stampe.<\/p>\n\n\n\n<h3 class=\"wp-block-heading\">Sipa 300R-001&nbsp;<\/h3>\n\n\n\n<p>Il s&#8217;agissait d&#8217;un biplace en tandem \u00e0&nbsp; train tricycle, \u00e9quip\u00e9 d&#8217;un turbor\u00e9acteur&nbsp;<strong><a href=\"https:\/\/minijets.org\/150-300\/turbomeca-palas\/\" data-type=\"page\" data-id=\"2891\">Turbomeca Palas<\/a><\/strong>, qui sera construit \u00e0 un exemplaire, et conservera finalement s&#8217;appellation S 300R.&nbsp;<\/p>\n\n\n\n<h3 class=\"wp-block-heading\">Sipa 300R-002&nbsp;<\/h3>\n\n\n\n<p>Il s&#8217;agissait d&#8217;un biplace en tandem \u00e0 train tricycle, issu du pr\u00e9c\u00e9dent, mais avec des dimensions et performances plus importantes, \u00e9quip\u00e9 d&#8217;un turbor\u00e9acteur TURBOMECA Marbor\u00e9 II.&nbsp;<\/p>\n\n\n\n<h2 class=\"wp-block-heading\">Le Sipa 300<\/h2>\n\n\n\n<p>le SIPA-300 \u00e0 r\u00e9acteur Palas \u00e9tait pr\u00e9vu comme un avion d&#8217;entrainement de d\u00e9but, dans une configuration biplace en tandem, aile basse, empennage cruciforme. Par rapport au Sipa 200, il conserve de nombreux \u00e9l\u00e9ments parmi lesquels on compte la voilure, le train d&#8217;atterrissage et le r\u00e9acteur.<\/p>\n\n\n\n<p>La construction du prototype \u00e0 &nbsp;\u00e9t\u00e9 lanc\u00e9 sur la base d&#8217;un march\u00e9 pass\u00e9 par le SALS.<\/p>\n\n\n\n<p><strong><a href=\"#Max_Fischl\">Max Fischl<\/a><\/strong>&nbsp;lui fera faire son premier vol le&nbsp;<strong>4 octobre 1954<\/strong>. Il poursuivra les essais constructeurs pendant une trentaine d&#8217;heure.<\/p>\n\n\n\n<p>Apr\u00e8s ces essais le Sipa-300R est mis \u00e0 disposition du&nbsp;<strong>CEV<\/strong>&nbsp;de Br\u00e9tigny-sur-Orge le 4 avril 1955. Au 28 juillet de la m\u00eame ann\u00e9e, il totalisait 75 heures de vol et 99 atterrissages.<\/p>\n\n\n\n<p>Ce prototype sera d\u00e9truit lors d&#8217;un essai de vrille le&nbsp;<strong>26 septembre 1955<\/strong>.<\/p>\n\n\n\n<p>Une version plus \u00e9volu\u00e9e, \u00e9quip\u00e9e d&#8217;un r\u00e9acteur&nbsp;<strong>Turbomeca Marbore<\/strong>&nbsp;a \u00e9t\u00e9 \u00e9tudi\u00e9e, mais sera finalement abandonn\u00e9e suite \u00e0 l&#8217;arr\u00eat du programme d&#8217;une part et \u00e0 un march\u00e9 d\u00e9j\u00e0 pris par le Fouga CM170 Magister.<\/p>\n<\/div>\n<\/div>\n\n\n\n<div class=\"wp-block-columns is-layout-flex wp-container-core-columns-is-layout-28f84493 wp-block-columns-is-layout-flex\">\n<div class=\"wp-block-column is-layout-flow wp-block-column-is-layout-flow\">\n<figure class=\"wp-block-image size-full\"><img loading=\"lazy\" decoding=\"async\" width=\"800\" height=\"500\" src=\"https:\/\/minijets.org\/wp-content\/uploads\/2024\/06\/Sipa_300_01.webp\" alt=\"Sipa 300\" class=\"wp-image-8987\" srcset=\"https:\/\/minijets.org\/wp-content\/uploads\/2024\/06\/Sipa_300_01.webp 800w, https:\/\/minijets.org\/wp-content\/uploads\/2024\/06\/Sipa_300_01-18x12.webp 18w, https:\/\/minijets.org\/wp-content\/uploads\/2024\/06\/Sipa_300_01-300x188.webp 300w, https:\/\/minijets.org\/wp-content\/uploads\/2024\/06\/Sipa_300_01-768x480.webp 768w\" sizes=\"auto, (max-width: 800px) 100vw, 800px\" \/><figcaption class=\"wp-element-caption\">Sipa 300. Source : aviation magazine d\u00e9cembre 1954<\/figcaption><\/figure>\n<\/div>\n\n\n\n<div class=\"wp-block-column is-layout-flow wp-block-column-is-layout-flow\">\n<figure class=\"wp-block-image size-full\"><img loading=\"lazy\" decoding=\"async\" width=\"800\" height=\"500\" src=\"https:\/\/minijets.org\/wp-content\/uploads\/2024\/06\/Sipa_300_02.webp\" alt=\"Sipa 300\" class=\"wp-image-8986\" srcset=\"https:\/\/minijets.org\/wp-content\/uploads\/2024\/06\/Sipa_300_02.webp 800w, https:\/\/minijets.org\/wp-content\/uploads\/2024\/06\/Sipa_300_02-18x12.webp 18w, https:\/\/minijets.org\/wp-content\/uploads\/2024\/06\/Sipa_300_02-300x188.webp 300w, https:\/\/minijets.org\/wp-content\/uploads\/2024\/06\/Sipa_300_02-768x480.webp 768w\" sizes=\"auto, (max-width: 800px) 100vw, 800px\" \/><figcaption class=\"wp-element-caption\">Sipa 300. Source : aviation magazine d\u00e9cembre 1954<\/figcaption><\/figure>\n<\/div>\n<\/div>\n\n\n\n<div class=\"wp-block-columns is-layout-flex wp-container-core-columns-is-layout-28f84493 wp-block-columns-is-layout-flex\">\n<div class=\"wp-block-column is-layout-flow wp-block-column-is-layout-flow\">\n<figure class=\"wp-block-image size-full\"><img loading=\"lazy\" decoding=\"async\" width=\"800\" height=\"500\" src=\"https:\/\/minijets.org\/wp-content\/uploads\/2024\/06\/Sipa_300_04.webp\" alt=\"Sipa 300\" class=\"wp-image-8993\" srcset=\"https:\/\/minijets.org\/wp-content\/uploads\/2024\/06\/Sipa_300_04.webp 800w, https:\/\/minijets.org\/wp-content\/uploads\/2024\/06\/Sipa_300_04-18x12.webp 18w, https:\/\/minijets.org\/wp-content\/uploads\/2024\/06\/Sipa_300_04-300x188.webp 300w, https:\/\/minijets.org\/wp-content\/uploads\/2024\/06\/Sipa_300_04-768x480.webp 768w\" sizes=\"auto, (max-width: 800px) 100vw, 800px\" \/><figcaption class=\"wp-element-caption\">Sipa 300. Source : aviation magazine d\u00e9cembre 1954<\/figcaption><\/figure>\n<\/div>\n\n\n\n<div class=\"wp-block-column is-layout-flow wp-block-column-is-layout-flow\">\n<figure class=\"wp-block-image size-full\"><img loading=\"lazy\" decoding=\"async\" width=\"800\" height=\"500\" src=\"https:\/\/minijets.org\/wp-content\/uploads\/2024\/06\/Sipa_300_03.webp\" alt=\"Sipa 300\" class=\"wp-image-8991\" srcset=\"https:\/\/minijets.org\/wp-content\/uploads\/2024\/06\/Sipa_300_03.webp 800w, https:\/\/minijets.org\/wp-content\/uploads\/2024\/06\/Sipa_300_03-18x12.webp 18w, https:\/\/minijets.org\/wp-content\/uploads\/2024\/06\/Sipa_300_03-300x188.webp 300w, https:\/\/minijets.org\/wp-content\/uploads\/2024\/06\/Sipa_300_03-768x480.webp 768w\" sizes=\"auto, (max-width: 800px) 100vw, 800px\" \/><figcaption class=\"wp-element-caption\">Sipa 300. Source : aviation magazine d\u00e9cembre 1954<\/figcaption><\/figure>\n<\/div>\n<\/div>\n\n\n\n<p>Il \u00e9tait propuls\u00e9 par un r\u00e9acteur&nbsp;<strong>Turbomeca Palas<\/strong>&nbsp;de 160 kg, aliment\u00e9 en combustible par deux r\u00e9servoirs, l&#8217;un de 70 litres dans log\u00e9 dans le plan central et l&#8217;autre, de 150 litres, log\u00e9 dans le fuselage derri\u00e8re le moniteur.<\/p>\n\n\n\n<p>L&#8217;aile \u00e9tait la m\u00eame que celle du Sipa 200, reprise en position basse, avec un l\u00e9ger di\u00e8dre. En configuration liaison, elle pouvait \u00eatre \u00e9quip\u00e9 de r\u00e9servoir de bout d&#8217;aile.<\/p>\n\n\n\n<div class=\"wp-block-columns is-layout-flex wp-container-core-columns-is-layout-28f84493 wp-block-columns-is-layout-flex\">\n<div class=\"wp-block-column is-layout-flow wp-block-column-is-layout-flow\">\n<figure class=\"wp-block-image size-large\"><img loading=\"lazy\" decoding=\"async\" width=\"522\" height=\"345\" src=\"http:\/\/minijets.org\/wp-content\/uploads\/2021\/01\/Sipa_300_-_01.jpg\" alt=\"\" class=\"wp-image-2829\" srcset=\"https:\/\/minijets.org\/wp-content\/uploads\/2021\/01\/Sipa_300_-_01.jpg 522w, https:\/\/minijets.org\/wp-content\/uploads\/2021\/01\/Sipa_300_-_01-300x198.jpg 300w, https:\/\/minijets.org\/wp-content\/uploads\/2021\/01\/Sipa_300_-_01-18x12.jpg 18w\" sizes=\"auto, (max-width: 522px) 100vw, 522px\" \/><\/figure>\n<\/div>\n\n\n\n<div class=\"wp-block-column is-layout-flow wp-block-column-is-layout-flow\">\n<figure class=\"wp-block-image size-large\"><img loading=\"lazy\" decoding=\"async\" width=\"500\" height=\"293\" src=\"http:\/\/minijets.org\/wp-content\/uploads\/2021\/01\/Sipa_300_-_09.jpg\" alt=\"\" class=\"wp-image-2821\" srcset=\"https:\/\/minijets.org\/wp-content\/uploads\/2021\/01\/Sipa_300_-_09.jpg 500w, https:\/\/minijets.org\/wp-content\/uploads\/2021\/01\/Sipa_300_-_09-300x176.jpg 300w, https:\/\/minijets.org\/wp-content\/uploads\/2021\/01\/Sipa_300_-_09-18x12.jpg 18w\" sizes=\"auto, (max-width: 500px) 100vw, 500px\" \/><\/figure>\n<\/div>\n<\/div>\n\n\n\n<div class=\"wp-block-columns is-layout-flex wp-container-core-columns-is-layout-28f84493 wp-block-columns-is-layout-flex\">\n<div class=\"wp-block-column is-layout-flow wp-block-column-is-layout-flow\">\n<figure class=\"wp-block-image size-large\"><img loading=\"lazy\" decoding=\"async\" width=\"500\" height=\"323\" src=\"http:\/\/minijets.org\/wp-content\/uploads\/2021\/01\/Sipa_300_-_04.jpg\" alt=\"\" class=\"wp-image-2842\" srcset=\"https:\/\/minijets.org\/wp-content\/uploads\/2021\/01\/Sipa_300_-_04.jpg 500w, https:\/\/minijets.org\/wp-content\/uploads\/2021\/01\/Sipa_300_-_04-300x194.jpg 300w, https:\/\/minijets.org\/wp-content\/uploads\/2021\/01\/Sipa_300_-_04-18x12.jpg 18w\" sizes=\"auto, (max-width: 500px) 100vw, 500px\" \/><\/figure>\n<\/div>\n\n\n\n<div class=\"wp-block-column is-layout-flow wp-block-column-is-layout-flow\">\n<figure class=\"wp-block-image size-large\"><img loading=\"lazy\" decoding=\"async\" width=\"985\" height=\"643\" src=\"http:\/\/minijets.org\/wp-content\/uploads\/2021\/01\/Sipa_300_-_03.jpg\" alt=\"\" class=\"wp-image-2823\" srcset=\"https:\/\/minijets.org\/wp-content\/uploads\/2021\/01\/Sipa_300_-_03.jpg 985w, https:\/\/minijets.org\/wp-content\/uploads\/2021\/01\/Sipa_300_-_03-300x196.jpg 300w, https:\/\/minijets.org\/wp-content\/uploads\/2021\/01\/Sipa_300_-_03-768x501.jpg 768w, https:\/\/minijets.org\/wp-content\/uploads\/2021\/01\/Sipa_300_-_03-18x12.jpg 18w\" sizes=\"auto, (max-width: 985px) 100vw, 985px\" \/><\/figure>\n<\/div>\n<\/div>\n\n\n\n<div class=\"wp-block-columns is-layout-flex wp-container-core-columns-is-layout-28f84493 wp-block-columns-is-layout-flex\">\n<div class=\"wp-block-column is-layout-flow wp-block-column-is-layout-flow\"><\/div>\n\n\n\n<div class=\"wp-block-column is-layout-flow wp-block-column-is-layout-flow\"><\/div>\n\n\n\n<div class=\"wp-block-column is-layout-flow wp-block-column-is-layout-flow\"><\/div>\n<\/div>\n\n\n\n<div class=\"wp-block-columns is-layout-flex wp-container-core-columns-is-layout-28f84493 wp-block-columns-is-layout-flex\">\n<div class=\"wp-block-column is-layout-flow wp-block-column-is-layout-flow\">\n<figure class=\"wp-block-image size-large\"><img loading=\"lazy\" decoding=\"async\" width=\"714\" height=\"1024\" src=\"http:\/\/minijets.org\/wp-content\/uploads\/2021\/01\/Sipa_300_3view-714x1024.jpg\" alt=\"\" class=\"wp-image-2841\" srcset=\"https:\/\/minijets.org\/wp-content\/uploads\/2021\/01\/Sipa_300_3view-714x1024.jpg 714w, https:\/\/minijets.org\/wp-content\/uploads\/2021\/01\/Sipa_300_3view-209x300.jpg 209w, https:\/\/minijets.org\/wp-content\/uploads\/2021\/01\/Sipa_300_3view-768x1101.jpg 768w, https:\/\/minijets.org\/wp-content\/uploads\/2021\/01\/Sipa_300_3view-8x12.jpg 8w, https:\/\/minijets.org\/wp-content\/uploads\/2021\/01\/Sipa_300_3view.jpg 885w\" sizes=\"auto, (max-width: 714px) 100vw, 714px\" \/><\/figure>\n<\/div>\n\n\n\n<div class=\"wp-block-column is-layout-flow wp-block-column-is-layout-flow\">\n<figure class=\"wp-block-image size-large\"><img loading=\"lazy\" decoding=\"async\" width=\"731\" height=\"1024\" src=\"http:\/\/minijets.org\/wp-content\/uploads\/2021\/01\/Sipa_300_-_17-731x1024.jpg\" alt=\"\" class=\"wp-image-2830\" srcset=\"https:\/\/minijets.org\/wp-content\/uploads\/2021\/01\/Sipa_300_-_17-731x1024.jpg 731w, https:\/\/minijets.org\/wp-content\/uploads\/2021\/01\/Sipa_300_-_17-214x300.jpg 214w, https:\/\/minijets.org\/wp-content\/uploads\/2021\/01\/Sipa_300_-_17-768x1076.jpg 768w, https:\/\/minijets.org\/wp-content\/uploads\/2021\/01\/Sipa_300_-_17-9x12.jpg 9w, https:\/\/minijets.org\/wp-content\/uploads\/2021\/01\/Sipa_300_-_17.jpg 950w\" sizes=\"auto, (max-width: 731px) 100vw, 731px\" \/><\/figure>\n<\/div>\n<\/div>\n\n\n\n<figure class=\"wp-block-image size-large\"><img loading=\"lazy\" decoding=\"async\" width=\"950\" height=\"737\" src=\"http:\/\/minijets.org\/wp-content\/uploads\/2021\/01\/Sipa_300_Plaquette.jpg\" alt=\"\" class=\"wp-image-2837\" srcset=\"https:\/\/minijets.org\/wp-content\/uploads\/2021\/01\/Sipa_300_Plaquette.jpg 950w, https:\/\/minijets.org\/wp-content\/uploads\/2021\/01\/Sipa_300_Plaquette-300x233.jpg 300w, https:\/\/minijets.org\/wp-content\/uploads\/2021\/01\/Sipa_300_Plaquette-768x596.jpg 768w, https:\/\/minijets.org\/wp-content\/uploads\/2021\/01\/Sipa_300_Plaquette-15x12.jpg 15w\" sizes=\"auto, (max-width: 950px) 100vw, 950px\" \/><\/figure>\n\n\n\n<div class=\"wp-block-getwid-anchor\" id=\"Max_Fischl\"><\/div>\n\n\n\n<h2 class=\"wp-block-heading\">Notes et R\u00e9f\u00e9rences<\/h2>\n\n\n        <div class=\"wp-block-getwid-custom-post-type custom-post-type-post has-layout-list\">\n            <div class=\"wp-block-getwid-custom-post-type__wrapper\">\n                \t\t\t\t\t\t\t\t<div class='wp-block-getwid-custom-post-type__post'>\n\t\t\t\t\t\t\t\t\t\n<div class=\"wp-block-columns is-layout-flex wp-container-core-columns-is-layout-28f84493 wp-block-columns-is-layout-flex\">\n<div class=\"wp-block-column is-layout-flow wp-block-column-is-layout-flow\" style=\"flex-basis:30%\">\n<div class=\"wp-block-getwid-template-post-featured-image\" >\n            <a href=\"https:\/\/minijets.org\/fr\/2024\/06\/03\/max-fischl\/\">\n        <img loading=\"lazy\" decoding=\"async\" width=\"400\" height=\"470\" src=\"https:\/\/minijets.org\/wp-content\/uploads\/2024\/06\/Max_fischl.webp\" class=\"attachment-full size-full wp-post-image\" alt=\"Max Fischl\" srcset=\"https:\/\/minijets.org\/wp-content\/uploads\/2024\/06\/Max_fischl.webp 400w, https:\/\/minijets.org\/wp-content\/uploads\/2024\/06\/Max_fischl-10x12.webp 10w, https:\/\/minijets.org\/wp-content\/uploads\/2024\/06\/Max_fischl-255x300.webp 255w\" sizes=\"auto, (max-width: 400px) 100vw, 400px\" \/>            <\/a>\n    <\/div>\n<\/div>\n\n\n\n<div class=\"wp-block-column is-layout-flow wp-block-column-is-layout-flow\" style=\"flex-basis:70%\">\n<h3 class=\"wp-block-getwid-template-post-title minijets_custom_title has-text-color has-palette-color-2-color\"><a class=\"wp-block-getwid-template-post-title__link\" href=\"https:\/\/minijets.org\/fr\/2024\/06\/03\/max-fischl\/\">Max Fischl<\/a><\/h3>\n\n\n<div class=\"wp-block-getwid-template-post-content is-excerpt\" ><p>Titulaire de son deuxi\u00e8me degr\u00e9 de pilote priv\u00e9 \u00e0 17 ans en 1939, Pilote de l\u2019A\u00e9ronavale sorti des \u00e9coles de la RAF au Canada en mars 1945, puis Pilote d\u2019essai dipl\u00f4m\u00e9 de l\u2019EPNER, Max Fischl est surtout connu pour avoir d\u00e9coll\u00e9 le premier Airbus le&nbsp;30 Octobre 1972. Ce grand pilote fran\u00e7ais avait auparavant contribu\u00e9 \u00e0\u2026<\/p><\/div>\n\n\n\n<div class=\"wp-block-getwid-template-post-button wp-block-button minijets_custom_button\" >\n    <a href=\"https:\/\/minijets.org\/fr\/2024\/06\/03\/max-fischl\/\" class=\"wp-block-button__link has-background has-palette-color-5-background-color has-text-color has-palette-color-1-color\">\n\t\tLire plus\t<\/a>\n<\/div>\n<\/div>\n<\/div>\n\n\n\n<p><\/p>\n\t\t\t\t\t\t\t\t<\/div>\n\t\t\t\t\t\t\t            <\/div>\n\n                    <\/div>\n        \n\n        <div class=\"wp-block-getwid-custom-post-type custom-post-type-post has-layout-list\">\n            <div class=\"wp-block-getwid-custom-post-type__wrapper\">\n                \t\t\t\t\t\t\t\t<div class='wp-block-getwid-custom-post-type__post'>\n\t\t\t\t\t\t\t\t\t\n<div class=\"wp-block-columns is-layout-flex wp-container-core-columns-is-layout-28f84493 wp-block-columns-is-layout-flex\">\n<div class=\"wp-block-column is-layout-flow wp-block-column-is-layout-flow\" style=\"flex-basis:30%\">\n<div class=\"wp-block-getwid-template-post-featured-image\" >\n            <a href=\"https:\/\/minijets.org\/fr\/2024\/06\/02\/yves-gardan\/\">\n        <img loading=\"lazy\" decoding=\"async\" width=\"400\" height=\"470\" src=\"https:\/\/minijets.org\/wp-content\/uploads\/2024\/06\/Photo-Yves-Gardan.webp\" class=\"attachment-full size-full wp-post-image\" alt=\"Yves Gardan\" srcset=\"https:\/\/minijets.org\/wp-content\/uploads\/2024\/06\/Photo-Yves-Gardan.webp 400w, https:\/\/minijets.org\/wp-content\/uploads\/2024\/06\/Photo-Yves-Gardan-10x12.webp 10w, https:\/\/minijets.org\/wp-content\/uploads\/2024\/06\/Photo-Yves-Gardan-255x300.webp 255w\" sizes=\"auto, (max-width: 400px) 100vw, 400px\" \/>            <\/a>\n    <\/div>\n<\/div>\n\n\n\n<div class=\"wp-block-column is-layout-flow wp-block-column-is-layout-flow\" style=\"flex-basis:70%\">\n<h3 class=\"wp-block-getwid-template-post-title minijets_custom_title has-text-color has-palette-color-2-color\"><a class=\"wp-block-getwid-template-post-title__link\" href=\"https:\/\/minijets.org\/fr\/2024\/06\/02\/yves-gardan\/\">Yves Gardan<\/a><\/h3>\n\n\n<div class=\"wp-block-getwid-template-post-content is-excerpt\" ><p>Un concepteur d\u2019avions pr\u00e9coce et reconnu dans l\u2019aviation l\u00e9g\u00e8re fran\u00e7aise N\u00e9 en 1925 \u00e0 Nolay (C\u00f4te d&#8217;Or), Yves Gardan a grandi dans un environnement propice \u00e0 l&#8217;ing\u00e9niosit\u00e9, ses parents dirigeant une entreprise de charpente-menuiserie. Tr\u00e8s t\u00f4t, il se passionne pour l&#8217;a\u00e9ronautique, devenant l&#8217;un des ing\u00e9nieurs a\u00e9ronautiques les plus influents de sa g\u00e9n\u00e9ration, avec des conceptions\u2026<\/p><\/div>\n\n\n\n<div class=\"wp-block-getwid-template-post-button wp-block-button minijets_custom_button\" >\n    <a href=\"https:\/\/minijets.org\/fr\/2024\/06\/02\/yves-gardan\/\" class=\"wp-block-button__link has-background has-palette-color-5-background-color has-text-color has-palette-color-1-color\">\n\t\tLire plus\t<\/a>\n<\/div>\n<\/div>\n<\/div>\n\n\n\n<p><\/p>\n\t\t\t\t\t\t\t\t<\/div>\n\t\t\t\t\t\t\t            <\/div>\n\n                    <\/div>\n        ","protected":false},"excerpt":{"rendered":"<p>Le SIPA 300, con\u00e7u par Yves Gardan et le bureau d&#8217;\u00e9tudes de la SIPA, est un avion d&#8217;entra\u00eenement \u00e0 r\u00e9action de premier niveau. Ce biplace en tandem, dot\u00e9 d&#8217;une aile basse et d&#8217;un empennage cruciforme, a effectu\u00e9 son premier vol pilot\u00e9 par Max Fischl le 4 octobre 1954. Historique Entre 1953 et 1954,sous la direction [&hellip;]<\/p>\n","protected":false},"author":1,"featured_media":2826,"parent":2891,"menu_order":0,"comment_status":"closed","ping_status":"closed","template":"","meta":{"_acf_changed":false,"cybocfi_hide_featured_image":"","footnotes":""},"categories":[19],"tags":[],"planes-000-100":[],"class_list":["post-3265","page","type-page","status-publish","has-post-thumbnail","hentry","category-plane-150-300"],"blocksy_meta":[],"acf":[],"_links":{"self":[{"href":"https:\/\/minijets.org\/fr\/wp-json\/wp\/v2\/pages\/3265","targetHints":{"allow":["GET"]}}],"collection":[{"href":"https:\/\/minijets.org\/fr\/wp-json\/wp\/v2\/pages"}],"about":[{"href":"https:\/\/minijets.org\/fr\/wp-json\/wp\/v2\/types\/page"}],"author":[{"embeddable":true,"href":"https:\/\/minijets.org\/fr\/wp-json\/wp\/v2\/users\/1"}],"replies":[{"embeddable":true,"href":"https:\/\/minijets.org\/fr\/wp-json\/wp\/v2\/comments?post=3265"}],"version-history":[{"count":14,"href":"https:\/\/minijets.org\/fr\/wp-json\/wp\/v2\/pages\/3265\/revisions"}],"predecessor-version":[{"id":10005,"href":"https:\/\/minijets.org\/fr\/wp-json\/wp\/v2\/pages\/3265\/revisions\/10005"}],"up":[{"embeddable":true,"href":"https:\/\/minijets.org\/fr\/wp-json\/wp\/v2\/pages\/2891"}],"wp:featuredmedia":[{"embeddable":true,"href":"https:\/\/minijets.org\/fr\/wp-json\/wp\/v2\/media\/2826"}],"wp:attachment":[{"href":"https:\/\/minijets.org\/fr\/wp-json\/wp\/v2\/media?parent=3265"}],"wp:term":[{"taxonomy":"category","embeddable":true,"href":"https:\/\/minijets.org\/fr\/wp-json\/wp\/v2\/categories?post=3265"},{"taxonomy":"post_tag","embeddable":true,"href":"https:\/\/minijets.org\/fr\/wp-json\/wp\/v2\/tags?post=3265"},{"taxonomy":"planes-000-100","embeddable":true,"href":"https:\/\/minijets.org\/fr\/wp-json\/wp\/v2\/planes-000-100?post=3265"}],"curies":[{"name":"wp","href":"https:\/\/api.w.org\/{rel}","templated":true}]}}