{"id":3337,"date":"2021-01-30T10:35:02","date_gmt":"2021-01-30T09:35:02","guid":{"rendered":"http:\/\/tst.minijets.org\/?page_id=3337"},"modified":"2022-11-02T20:17:05","modified_gmt":"2022-11-02T19:17:05","slug":"cvv6-canguro-palas","status":"publish","type":"page","link":"https:\/\/minijets.org\/fr\/150-300\/turbomeca-palas\/cvv6-canguro-palas\/","title":{"rendered":"CVV6 Canguro Palas"},"content":{"rendered":"\n<div class=\"wp-block-columns is-layout-flex wp-container-core-columns-is-layout-28f84493 wp-block-columns-is-layout-flex\">\n<div class=\"wp-block-column is-layout-flow wp-block-column-is-layout-flow\" style=\"flex-basis:33.33%\">\n<figure class=\"wp-block-image size-large\"><img loading=\"lazy\" decoding=\"async\" width=\"189\" height=\"182\" src=\"http:\/\/minijets.org\/wp-content\/uploads\/2021\/01\/ermenegildo_preti.jpg\" alt=\"Ermenegildo Preti \" class=\"wp-image-2641\" srcset=\"https:\/\/minijets.org\/wp-content\/uploads\/2021\/01\/ermenegildo_preti.jpg 189w, https:\/\/minijets.org\/wp-content\/uploads\/2021\/01\/ermenegildo_preti-12x12.jpg 12w\" sizes=\"auto, (max-width: 189px) 100vw, 189px\" \/><figcaption class=\"wp-element-caption\">Ermenegildo Preti concepteur du planeur cvv6 Canguro (source site web http:\/\/www.yankee-yankee.com)<\/figcaption><\/figure>\n<\/div>\n\n\n\n<div class=\"wp-block-column is-layout-flow wp-block-column-is-layout-flow\" style=\"flex-basis:66.66%\">\n<p>A l&#8217;origine du CVV6 Canguro Palas, Le Canguro est un planeur en bois, biplace, \u00e0 aile haute, et d&#8217;environ 20m d&#8217;envergure. Il a \u00e9t\u00e9 con\u00e7u en 1939 par le centre de vol \u00e0&nbsp;voile de l&#8217;institut Polytechnique de Milan (Centro Volo a Vela del Politecnico Di Milano) sous la direction de l&#8217;Ing\u00e9nieur<strong>&nbsp;<\/strong><a href=\"https:\/\/it.wikipedia.org\/wiki\/Ermenegildo_Preti\" target=\"_blank\" rel=\"noopener\">Ermenegildo Preti<\/a>. <\/p>\n\n\n\n<p>En plus du prototype, l&#8217;arm\u00e9e de l&#8217;air Italienne en a command\u00e9 \u00e0 &nbsp;32 exemplaires. Le premier a eu lieu en 1940, seulement deux exemplaires seront construit pendant toute la dur\u00e9e de la guerre. Les autres appareils, construits en 2 lots par deux soci\u00e9t\u00e9s diff\u00e9rents ont \u00e9t\u00e9 produit entre 1953 et 1955. Il s&#8217;agissait, \u00e0 &nbsp;cette \u00e9poque, d&#8217;un nombre important d&#8217;appareil.<\/p>\n<\/div>\n<\/div>\n\n\n\n<div class=\"wp-block-columns is-layout-flex wp-container-core-columns-is-layout-28f84493 wp-block-columns-is-layout-flex\">\n<div class=\"wp-block-column is-layout-flow wp-block-column-is-layout-flow\" style=\"flex-basis:50%\">\n<figure class=\"wp-block-image size-large\"><img loading=\"lazy\" decoding=\"async\" width=\"500\" height=\"359\" src=\"http:\/\/minijets.org\/wp-content\/uploads\/2021\/01\/CVV6_-_canguro_palas_-_02.jpg\" alt=\"CVV6 Canguro Palas\" class=\"wp-image-2637\" srcset=\"https:\/\/minijets.org\/wp-content\/uploads\/2021\/01\/CVV6_-_canguro_palas_-_02.jpg 500w, https:\/\/minijets.org\/wp-content\/uploads\/2021\/01\/CVV6_-_canguro_palas_-_02-300x215.jpg 300w, https:\/\/minijets.org\/wp-content\/uploads\/2021\/01\/CVV6_-_canguro_palas_-_02-18x12.jpg 18w\" sizes=\"auto, (max-width: 500px) 100vw, 500px\" \/><figcaption class=\"wp-element-caption\">CVV6 en vol. Source: Mantelli Photo Archive<\/figcaption><\/figure>\n\n\n\n<figure class=\"wp-block-image size-large\"><img loading=\"lazy\" decoding=\"async\" width=\"500\" height=\"333\" src=\"http:\/\/minijets.org\/wp-content\/uploads\/2021\/01\/CVV6_-_canguro_palas_-_11.jpg\" alt=\"CVV6 Canguro Palas\" class=\"wp-image-2636\" srcset=\"https:\/\/minijets.org\/wp-content\/uploads\/2021\/01\/CVV6_-_canguro_palas_-_11.jpg 500w, https:\/\/minijets.org\/wp-content\/uploads\/2021\/01\/CVV6_-_canguro_palas_-_11-300x200.jpg 300w, https:\/\/minijets.org\/wp-content\/uploads\/2021\/01\/CVV6_-_canguro_palas_-_11-18x12.jpg 18w\" sizes=\"auto, (max-width: 500px) 100vw, 500px\" \/><figcaption class=\"wp-element-caption\">Canguro &#8220;Palas&#8221; avec ses r\u00e9servoirs suppl\u00e9mentaires externes. Source : Sport Aviation 1963<\/figcaption><\/figure>\n<\/div>\n\n\n\n<div class=\"wp-block-column minijets_table is-layout-flow wp-block-column-is-layout-flow\" style=\"flex-basis:50%\">\n<p>La version jet a \u00e9t\u00e9 r\u00e9alis\u00e9 par&nbsp;<a href=\"https:\/\/it.wikipedia.org\/wiki\/Adriano_Mantelli\" data-type=\"URL\" data-id=\"https:\/\/it.wikipedia.org\/wiki\/Adriano_Mantelli\" target=\"_blank\" rel=\"noopener\">Adriano MANTELLI<\/a>, \u00e0 &nbsp;partir d&#8217;un appareil qui s&#8217;\u00e9tait crash\u00e9. &nbsp;<\/p>\n\n\n\n<p>Il a \u00e9t\u00e9 reconstruit avec une aile raccourcie, en configuration monoplace, et avec l&#8217;ajout d&#8217;un r\u00e9acteur <a href=\"https:\/\/minijets.org\/150-300\/turbomeca-palas\/\" data-type=\"page\" data-id=\"2891\">Turbomeca PALAS<\/a> de 150kg de pouss\u00e9e et de r\u00e9servoirs  suppl\u00e9mentaires <\/p>\n\n\n\n<p>Ce dernier provenait du prototype de l&#8217;avion \u00e0 &nbsp;r\u00e9action Caproni Trento F-5. L&#8217;entr\u00e9e d&#8217;air est constitu\u00e9e d&#8217;une \u00e9cope amovible situ\u00e9e sur le dessus de l&#8217;appareil. On la voit ouverte sur ces photos, ce qui permet de supposer que le r\u00e9acteur, situ\u00e9 sous le fuselage, est en fonctionnement.<\/p>\n\n\n\n<p>Dans cette configuration, Adriano Mantelli a battu le <strong>record du monde d&#8217;altitude<\/strong> pour avion \u00e0 &nbsp;r\u00e9action de moins de 800 Kg, avec un vol \u00e0 &nbsp;9366 m, le 24 septembre 1964.<\/p>\n<\/div>\n<\/div>\n\n\n\n<div class=\"wp-block-columns is-layout-flex wp-container-core-columns-is-layout-28f84493 wp-block-columns-is-layout-flex\">\n<div class=\"wp-block-column is-layout-flow wp-block-column-is-layout-flow\">\n<figure class=\"wp-block-image size-large\"><img loading=\"lazy\" decoding=\"async\" width=\"500\" height=\"347\" src=\"http:\/\/minijets.org\/wp-content\/uploads\/2021\/01\/CVV6_-_canguro_palas_-_09.jpg\" alt=\"CVV6 Canguro Palas\" class=\"wp-image-2639\" srcset=\"https:\/\/minijets.org\/wp-content\/uploads\/2021\/01\/CVV6_-_canguro_palas_-_09.jpg 500w, https:\/\/minijets.org\/wp-content\/uploads\/2021\/01\/CVV6_-_canguro_palas_-_09-300x208.jpg 300w, https:\/\/minijets.org\/wp-content\/uploads\/2021\/01\/CVV6_-_canguro_palas_-_09-18x12.jpg 18w\" sizes=\"auto, (max-width: 500px) 100vw, 500px\" \/><figcaption class=\"wp-element-caption\">CVV6 Cabguro Palas en vol au dessus de Gudonia, (source site web http:\/\/www.yankee-yankee.com)<\/figcaption><\/figure>\n<\/div>\n\n\n\n<div class=\"wp-block-column is-layout-flow wp-block-column-is-layout-flow\">\n<figure class=\"wp-block-image size-large\"><img loading=\"lazy\" decoding=\"async\" width=\"500\" height=\"333\" src=\"http:\/\/minijets.org\/wp-content\/uploads\/2021\/01\/CVV6_-_canguro_palas_-_04.jpg\" alt=\"CVV6 Canguro Palas\" class=\"wp-image-2635\" srcset=\"https:\/\/minijets.org\/wp-content\/uploads\/2021\/01\/CVV6_-_canguro_palas_-_04.jpg 500w, https:\/\/minijets.org\/wp-content\/uploads\/2021\/01\/CVV6_-_canguro_palas_-_04-300x200.jpg 300w, https:\/\/minijets.org\/wp-content\/uploads\/2021\/01\/CVV6_-_canguro_palas_-_04-18x12.jpg 18w\" sizes=\"auto, (max-width: 500px) 100vw, 500px\" \/><figcaption class=\"wp-element-caption\">Le CVV6 Canguro du record du monde, au mus\u00e9e &#8220;Vigna di Valle&#8221;. Source : Avec la courtoise de Lorenzo Mantelli<\/figcaption><\/figure>\n<\/div>\n<\/div>\n\n\n\n<figure class=\"wp-block-image size-large\"><img loading=\"lazy\" decoding=\"async\" width=\"950\" height=\"350\" src=\"http:\/\/minijets.org\/wp-content\/uploads\/2021\/01\/CVV6_-_canguro_palas_-_03.jpg\" alt=\"CVV6 Canguro\" class=\"wp-image-2638\" srcset=\"https:\/\/minijets.org\/wp-content\/uploads\/2021\/01\/CVV6_-_canguro_palas_-_03.jpg 950w, https:\/\/minijets.org\/wp-content\/uploads\/2021\/01\/CVV6_-_canguro_palas_-_03-300x111.jpg 300w, https:\/\/minijets.org\/wp-content\/uploads\/2021\/01\/CVV6_-_canguro_palas_-_03-768x283.jpg 768w, https:\/\/minijets.org\/wp-content\/uploads\/2021\/01\/CVV6_-_canguro_palas_-_03-18x7.jpg 18w\" sizes=\"auto, (max-width: 950px) 100vw, 950px\" \/><\/figure>\n\n\n\n<div class=\"wp-block-columns is-layout-flex wp-container-core-columns-is-layout-28f84493 wp-block-columns-is-layout-flex\">\n<div class=\"wp-block-column is-layout-flow wp-block-column-is-layout-flow\">\n<figure class=\"wp-block-image size-large\"><img loading=\"lazy\" decoding=\"async\" width=\"500\" height=\"311\" src=\"http:\/\/minijets.org\/wp-content\/uploads\/2021\/01\/CVV6_-_canguro_palas_-_08.jpg\" alt=\"CVV6 Canguro \" class=\"wp-image-2640\" srcset=\"https:\/\/minijets.org\/wp-content\/uploads\/2021\/01\/CVV6_-_canguro_palas_-_08.jpg 500w, https:\/\/minijets.org\/wp-content\/uploads\/2021\/01\/CVV6_-_canguro_palas_-_08-300x187.jpg 300w, https:\/\/minijets.org\/wp-content\/uploads\/2021\/01\/CVV6_-_canguro_palas_-_08-18x12.jpg 18w\" sizes=\"auto, (max-width: 500px) 100vw, 500px\" \/><figcaption class=\"wp-element-caption\">Vol de deux CVV.6 Canguro, avec moteur bi-cylindre Petri (source site web http:\/\/www.yankee-yankee.com)<\/figcaption><\/figure>\n<\/div>\n\n\n\n<div class=\"wp-block-column is-layout-flow wp-block-column-is-layout-flow\">\n<figure class=\"wp-block-image size-large\"><img loading=\"lazy\" decoding=\"async\" width=\"500\" height=\"316\" src=\"http:\/\/minijets.org\/wp-content\/uploads\/2021\/01\/CVV6_-_canguro_palas_-_06.jpg\" alt=\"CVV6 Canguro\" class=\"wp-image-2632\" srcset=\"https:\/\/minijets.org\/wp-content\/uploads\/2021\/01\/CVV6_-_canguro_palas_-_06.jpg 500w, https:\/\/minijets.org\/wp-content\/uploads\/2021\/01\/CVV6_-_canguro_palas_-_06-300x190.jpg 300w, https:\/\/minijets.org\/wp-content\/uploads\/2021\/01\/CVV6_-_canguro_palas_-_06-18x12.jpg 18w\" sizes=\"auto, (max-width: 500px) 100vw, 500px\" \/><figcaption class=\"wp-element-caption\">Planeur CVV.6 Canguro<\/figcaption><\/figure>\n<\/div>\n<\/div>\n\n\n\n<div class=\"wp-block-columns is-layout-flex wp-container-core-columns-is-layout-28f84493 wp-block-columns-is-layout-flex\">\n<div class=\"wp-block-column is-layout-flow wp-block-column-is-layout-flow\">\n<figure class=\"wp-block-image size-large\"><img loading=\"lazy\" decoding=\"async\" width=\"500\" height=\"359\" src=\"http:\/\/minijets.org\/wp-content\/uploads\/2021\/01\/CVV6_-_canguro_palas_-_07.jpg\" alt=\"CVV6 Canguro\" class=\"wp-image-2642\" srcset=\"https:\/\/minijets.org\/wp-content\/uploads\/2021\/01\/CVV6_-_canguro_palas_-_07.jpg 500w, https:\/\/minijets.org\/wp-content\/uploads\/2021\/01\/CVV6_-_canguro_palas_-_07-300x215.jpg 300w, https:\/\/minijets.org\/wp-content\/uploads\/2021\/01\/CVV6_-_canguro_palas_-_07-18x12.jpg 18w\" sizes=\"auto, (max-width: 500px) 100vw, 500px\" \/><figcaption class=\"wp-element-caption\">CVV.6 Canguro de l&#8217;a\u00e9roclub de Milan<\/figcaption><\/figure>\n<\/div>\n\n\n\n<div class=\"wp-block-column is-layout-flow wp-block-column-is-layout-flow\">\n<figure class=\"wp-block-image size-large\"><img loading=\"lazy\" decoding=\"async\" width=\"500\" height=\"356\" src=\"http:\/\/minijets.org\/wp-content\/uploads\/2021\/01\/CVV6_-_canguro_palas_-_05.jpg\" alt=\"CVV6 Canguro\" class=\"wp-image-2633\" srcset=\"https:\/\/minijets.org\/wp-content\/uploads\/2021\/01\/CVV6_-_canguro_palas_-_05.jpg 500w, https:\/\/minijets.org\/wp-content\/uploads\/2021\/01\/CVV6_-_canguro_palas_-_05-300x214.jpg 300w, https:\/\/minijets.org\/wp-content\/uploads\/2021\/01\/CVV6_-_canguro_palas_-_05-18x12.jpg 18w\" sizes=\"auto, (max-width: 500px) 100vw, 500px\" \/><figcaption class=\"wp-element-caption\">Prototype du planeur CVV.6 Canguro, en construction dans les locaux de l&#8217;insitut Politecnico di Milano<\/figcaption><\/figure>\n<\/div>\n<\/div>\n","protected":false},"excerpt":{"rendered":"<p>A l&#8217;origine du CVV6 Canguro Palas, Le Canguro est un planeur en bois, biplace, \u00e0 aile haute, et d&#8217;environ 20m d&#8217;envergure. Il a \u00e9t\u00e9 con\u00e7u en 1939 par le centre de vol \u00e0&nbsp;voile de l&#8217;institut Polytechnique de Milan (Centro Volo a Vela del Politecnico Di Milano) sous la direction de l&#8217;Ing\u00e9nieur&nbsp;Ermenegildo Preti. En plus du [&hellip;]<\/p>\n","protected":false},"author":1,"featured_media":2639,"parent":2891,"menu_order":0,"comment_status":"closed","ping_status":"closed","template":"","meta":{"_acf_changed":false,"cybocfi_hide_featured_image":"","footnotes":""},"categories":[19],"tags":[],"planes-000-100":[],"class_list":["post-3337","page","type-page","status-publish","has-post-thumbnail","hentry","category-plane-150-300"],"blocksy_meta":[],"acf":[],"_links":{"self":[{"href":"https:\/\/minijets.org\/fr\/wp-json\/wp\/v2\/pages\/3337","targetHints":{"allow":["GET"]}}],"collection":[{"href":"https:\/\/minijets.org\/fr\/wp-json\/wp\/v2\/pages"}],"about":[{"href":"https:\/\/minijets.org\/fr\/wp-json\/wp\/v2\/types\/page"}],"author":[{"embeddable":true,"href":"https:\/\/minijets.org\/fr\/wp-json\/wp\/v2\/users\/1"}],"replies":[{"embeddable":true,"href":"https:\/\/minijets.org\/fr\/wp-json\/wp\/v2\/comments?post=3337"}],"version-history":[{"count":0,"href":"https:\/\/minijets.org\/fr\/wp-json\/wp\/v2\/pages\/3337\/revisions"}],"up":[{"embeddable":true,"href":"https:\/\/minijets.org\/fr\/wp-json\/wp\/v2\/pages\/2891"}],"wp:featuredmedia":[{"embeddable":true,"href":"https:\/\/minijets.org\/fr\/wp-json\/wp\/v2\/media\/2639"}],"wp:attachment":[{"href":"https:\/\/minijets.org\/fr\/wp-json\/wp\/v2\/media?parent=3337"}],"wp:term":[{"taxonomy":"category","embeddable":true,"href":"https:\/\/minijets.org\/fr\/wp-json\/wp\/v2\/categories?post=3337"},{"taxonomy":"post_tag","embeddable":true,"href":"https:\/\/minijets.org\/fr\/wp-json\/wp\/v2\/tags?post=3337"},{"taxonomy":"planes-000-100","embeddable":true,"href":"https:\/\/minijets.org\/fr\/wp-json\/wp\/v2\/planes-000-100?post=3337"}],"curies":[{"name":"wp","href":"https:\/\/api.w.org\/{rel}","templated":true}]}}