{"id":3361,"date":"2021-01-30T13:01:13","date_gmt":"2021-01-30T12:01:13","guid":{"rendered":"http:\/\/tst.minijets.org\/?page_id=3361"},"modified":"2022-11-02T17:26:44","modified_gmt":"2022-11-02T16:26:44","slug":"somers-kendall-sk-1","status":"publish","type":"page","link":"https:\/\/minijets.org\/fr\/150-300\/turbomeca-palas\/somers-kendall-sk-1\/","title":{"rendered":"Somers-Kendall SK-1"},"content":{"rendered":"\n<figure class=\"wp-block-image size-large\"><img loading=\"lazy\" decoding=\"async\" width=\"950\" height=\"297\" src=\"http:\/\/minijets.org\/wp-content\/uploads\/2020\/12\/sk1-top.jpg\" alt=\"Sommers-Kendall SK-1\" class=\"wp-image-845\" srcset=\"https:\/\/minijets.org\/wp-content\/uploads\/2020\/12\/sk1-top.jpg 950w, https:\/\/minijets.org\/wp-content\/uploads\/2020\/12\/sk1-top-300x94.jpg 300w, https:\/\/minijets.org\/wp-content\/uploads\/2020\/12\/sk1-top-768x240.jpg 768w, https:\/\/minijets.org\/wp-content\/uploads\/2020\/12\/sk1-top-18x6.jpg 18w\" sizes=\"auto, (max-width: 950px) 100vw, 950px\" \/><\/figure>\n\n\n\n<div class=\"wp-block-columns is-layout-flex wp-container-core-columns-is-layout-28f84493 wp-block-columns-is-layout-flex\">\n<div class=\"wp-block-column is-layout-flow wp-block-column-is-layout-flow\" style=\"flex-basis:50%\">\n<figure class=\"wp-block-image size-large\"><img loading=\"lazy\" decoding=\"async\" width=\"500\" height=\"333\" src=\"http:\/\/minijets.org\/wp-content\/uploads\/2020\/12\/sk1-12.jpg\" alt=\"Sommers-Kendall SK-1\" class=\"wp-image-825\" srcset=\"https:\/\/minijets.org\/wp-content\/uploads\/2020\/12\/sk1-12.jpg 500w, https:\/\/minijets.org\/wp-content\/uploads\/2020\/12\/sk1-12-300x200.jpg 300w, https:\/\/minijets.org\/wp-content\/uploads\/2020\/12\/sk1-12-18x12.jpg 18w\" sizes=\"auto, (max-width: 500px) 100vw, 500px\" \/><figcaption class=\"wp-element-caption\">Premier vol le 8 octobre 1955, Nat Somers f\u00e9licite Hugh Kendall (Remerciements \u00e0 Peter Bischop pour la photo)<\/figcaption><\/figure>\n<\/div>\n\n\n\n<div class=\"wp-block-column minijets_table is-layout-flow wp-block-column-is-layout-flow\" style=\"flex-basis:50%\">\n<p>Le Somers-Kendall SK-1 est un avion\u00a0<strong>britannique<\/strong>, cr\u00e9e pour la course.\u00a0Bien que pouvant \u00eatre compar\u00e9 au Fouga Midjet (avion en bois et turbor\u00e9acteur <a href=\"https:\/\/minijets.org\/150-300\/turbomeca-palas\/\" data-type=\"page\" data-id=\"2891\">Turbomeca Palas<\/a> ), le Somers-kendall SK-1 s&#8217;en diff\u00e9rencie par une conception plus avant-gardiste (4 ans plus tard il est vrai) et surtout biplace.<\/p>\n\n\n\n<p>L&#8217;histoire du\u00a0<strong>Somers-Kendal SK-1<\/strong>, financ\u00e9 par\u00a0<strong>Nat Somers<\/strong>\u00a0et con\u00e7u par\u00a0<strong><a href=\"#Hugh Kendall\" data-type=\"internal\" data-id=\"#Hugh Kendall\">Hugh Kendal<\/a>l<\/strong> commence par le gain du prix du Royal Aero Club pour la conception d&#8217;un avion de tourisme et de course.<\/p>\n<\/div>\n<\/div>\n\n\n\n<div class=\"wp-block-columns is-layout-flex wp-container-core-columns-is-layout-28f84493 wp-block-columns-is-layout-flex\">\n<div class=\"wp-block-column is-layout-flow wp-block-column-is-layout-flow\">\n<figure class=\"wp-block-image size-large\"><img loading=\"lazy\" decoding=\"async\" width=\"500\" height=\"264\" src=\"http:\/\/minijets.org\/wp-content\/uploads\/2020\/12\/sk1-09.jpg\" alt=\"Sommers-Kendall SK-1\" class=\"wp-image-820\" srcset=\"https:\/\/minijets.org\/wp-content\/uploads\/2020\/12\/sk1-09.jpg 500w, https:\/\/minijets.org\/wp-content\/uploads\/2020\/12\/sk1-09-300x158.jpg 300w, https:\/\/minijets.org\/wp-content\/uploads\/2020\/12\/sk1-09-18x10.jpg 18w\" sizes=\"auto, (max-width: 500px) 100vw, 500px\" \/><\/figure>\n<\/div>\n\n\n\n<div class=\"wp-block-column is-layout-flow wp-block-column-is-layout-flow\">\n<p>Le premier vol du\u00a0<strong>SK-1<\/strong>\u00a0a \u00e9t\u00e9 r\u00e9alis\u00e9 \u00e0 partir de l&#8217;a\u00e9rodrome de Woodley par\u00a0<strong>Hugh Kendall<\/strong>, son concepteur, le\u00a0<strong>8 octobre 1955<\/strong>. Cet avion a \u00e9t\u00e9 con\u00e7u comme avion de comp\u00e9tition \u00e0 \u00a0haute performance, avion d&#8217;entra\u00eenement \u00e0 \u00a0r\u00e9action (civil et militaire) et avion de sport et de course, le tout avec des capacit\u00e9s acrobatiques.<\/p>\n\n\n\n<p>L&#8217;absence de d\u00e9bouch\u00e9 commercial (soit comme avion de course, soit comme avion d&#8217;entrainement pour la R.A.F.) a mis fin au projet.&nbsp;<\/p>\n<\/div>\n<\/div>\n\n\n\n<div class=\"wp-block-columns is-layout-flex wp-container-core-columns-is-layout-28f84493 wp-block-columns-is-layout-flex\">\n<div class=\"wp-block-column is-layout-flow wp-block-column-is-layout-flow\">\n<figure class=\"wp-block-image size-large\"><img loading=\"lazy\" decoding=\"async\" width=\"500\" height=\"276\" src=\"http:\/\/minijets.org\/wp-content\/uploads\/2020\/12\/sk1-20.jpg\" alt=\"Sommers-Kendall SK-1\" class=\"wp-image-821\" srcset=\"https:\/\/minijets.org\/wp-content\/uploads\/2020\/12\/sk1-20.jpg 500w, https:\/\/minijets.org\/wp-content\/uploads\/2020\/12\/sk1-20-300x166.jpg 300w, https:\/\/minijets.org\/wp-content\/uploads\/2020\/12\/sk1-20-18x10.jpg 18w\" sizes=\"auto, (max-width: 500px) 100vw, 500px\" \/><figcaption class=\"wp-element-caption\">Source : Flight Archives 1955, Nat Somers dans le SK-1 avant l&#8217;installation du r\u00e9acteur Palas<\/figcaption><\/figure>\n<\/div>\n\n\n\n<div class=\"wp-block-column is-layout-flow wp-block-column-is-layout-flow\">\n<figure class=\"wp-block-image size-large\"><img loading=\"lazy\" decoding=\"async\" width=\"500\" height=\"276\" src=\"http:\/\/minijets.org\/wp-content\/uploads\/2020\/12\/sk1-21.jpg\" alt=\"Sommers-Kendall SK-1\" class=\"wp-image-827\" srcset=\"https:\/\/minijets.org\/wp-content\/uploads\/2020\/12\/sk1-21.jpg 500w, https:\/\/minijets.org\/wp-content\/uploads\/2020\/12\/sk1-21-300x166.jpg 300w, https:\/\/minijets.org\/wp-content\/uploads\/2020\/12\/sk1-21-18x10.jpg 18w\" sizes=\"auto, (max-width: 500px) 100vw, 500px\" \/><figcaption class=\"wp-element-caption\">Source : Flight Archives 1955, de gauche \u00e0 droite : J.C.Chaplin , R.G.Kent, J.W.Caunter, J.N.Somers, H.M.Kendall<\/figcaption><\/figure>\n<\/div>\n<\/div>\n\n\n\n<div class=\"wp-block-columns is-layout-flex wp-container-core-columns-is-layout-28f84493 wp-block-columns-is-layout-flex\">\n<div class=\"wp-block-column is-layout-flow wp-block-column-is-layout-flow\">\n<figure class=\"wp-block-image size-large\"><img loading=\"lazy\" decoding=\"async\" width=\"500\" height=\"238\" src=\"http:\/\/minijets.org\/wp-content\/uploads\/2020\/12\/sk1-10.jpg\" alt=\"Sommers-Kendall SK-1\" class=\"wp-image-818\" srcset=\"https:\/\/minijets.org\/wp-content\/uploads\/2020\/12\/sk1-10.jpg 500w, https:\/\/minijets.org\/wp-content\/uploads\/2020\/12\/sk1-10-300x143.jpg 300w, https:\/\/minijets.org\/wp-content\/uploads\/2020\/12\/sk1-10-18x9.jpg 18w\" sizes=\"auto, (max-width: 500px) 100vw, 500px\" \/><figcaption class=\"wp-element-caption\">Source : Aviation Magazine 1955<\/figcaption><\/figure>\n<\/div>\n\n\n\n<div class=\"wp-block-column is-layout-flow wp-block-column-is-layout-flow\">\n<figure class=\"wp-block-image size-large\"><img loading=\"lazy\" decoding=\"async\" width=\"500\" height=\"238\" src=\"http:\/\/minijets.org\/wp-content\/uploads\/2020\/12\/sk1-11.jpg\" alt=\"Sommers-Kendall SK-1\" class=\"wp-image-824\" srcset=\"https:\/\/minijets.org\/wp-content\/uploads\/2020\/12\/sk1-11.jpg 500w, https:\/\/minijets.org\/wp-content\/uploads\/2020\/12\/sk1-11-300x143.jpg 300w, https:\/\/minijets.org\/wp-content\/uploads\/2020\/12\/sk1-11-18x9.jpg 18w\" sizes=\"auto, (max-width: 500px) 100vw, 500px\" \/><figcaption class=\"wp-element-caption\">Source : Aviation Magazine 1955<\/figcaption><\/figure>\n<\/div>\n<\/div>\n\n\n\n<div class=\"wp-block-columns is-layout-flex wp-container-core-columns-is-layout-28f84493 wp-block-columns-is-layout-flex\">\n<div class=\"wp-block-column is-layout-flow wp-block-column-is-layout-flow\">\n<figure class=\"wp-block-image size-large\"><img loading=\"lazy\" decoding=\"async\" width=\"500\" height=\"397\" src=\"http:\/\/minijets.org\/wp-content\/uploads\/2020\/12\/sk1-17.jpg\" alt=\"Sommers-Kendall SK-1\" class=\"wp-image-842\" srcset=\"https:\/\/minijets.org\/wp-content\/uploads\/2020\/12\/sk1-17.jpg 500w, https:\/\/minijets.org\/wp-content\/uploads\/2020\/12\/sk1-17-300x238.jpg 300w, https:\/\/minijets.org\/wp-content\/uploads\/2020\/12\/sk1-17-15x12.jpg 15w\" sizes=\"auto, (max-width: 500px) 100vw, 500px\" \/><figcaption class=\"wp-element-caption\">Source : Flight Archives 1955. Mr. Nat Somers, Mr Peru de Turbomeca et Mr.Megalow, lors de la mise au point du Palas sur le SK-1<\/figcaption><\/figure>\n<\/div>\n\n\n\n<div class=\"wp-block-column is-layout-flow wp-block-column-is-layout-flow\">\n<figure class=\"wp-block-image size-large\"><img loading=\"lazy\" decoding=\"async\" width=\"500\" height=\"397\" src=\"http:\/\/minijets.org\/wp-content\/uploads\/2020\/12\/sk1-18.jpg\" alt=\"Sommers-Kendall SK-1\" class=\"wp-image-841\" srcset=\"https:\/\/minijets.org\/wp-content\/uploads\/2020\/12\/sk1-18.jpg 500w, https:\/\/minijets.org\/wp-content\/uploads\/2020\/12\/sk1-18-300x238.jpg 300w, https:\/\/minijets.org\/wp-content\/uploads\/2020\/12\/sk1-18-15x12.jpg 15w\" sizes=\"auto, (max-width: 500px) 100vw, 500px\" \/><figcaption class=\"wp-element-caption\">Source : Flight Archives 1955. Mr. Nat Somers et Mr Peru de Turbomeca lors d&#8217;un essai moteur<\/figcaption><\/figure>\n<\/div>\n<\/div>\n\n\n\n<div class=\"wp-block-columns is-layout-flex wp-container-core-columns-is-layout-28f84493 wp-block-columns-is-layout-flex\">\n<div class=\"wp-block-column is-layout-flow wp-block-column-is-layout-flow\">\n<figure class=\"wp-block-image size-large\"><img loading=\"lazy\" decoding=\"async\" width=\"500\" height=\"333\" src=\"http:\/\/minijets.org\/wp-content\/uploads\/2020\/12\/sk1-13.jpg\" alt=\"Sommers-Kendall SK-1\" class=\"wp-image-839\" srcset=\"https:\/\/minijets.org\/wp-content\/uploads\/2020\/12\/sk1-13.jpg 500w, https:\/\/minijets.org\/wp-content\/uploads\/2020\/12\/sk1-13-300x200.jpg 300w, https:\/\/minijets.org\/wp-content\/uploads\/2020\/12\/sk1-13-18x12.jpg 18w\" sizes=\"auto, (max-width: 500px) 100vw, 500px\" \/><figcaption class=\"wp-element-caption\">SK1, With courtesy of Peter Bischop<\/figcaption><\/figure>\n<\/div>\n\n\n\n<div class=\"wp-block-column is-layout-flow wp-block-column-is-layout-flow\">\n<figure class=\"wp-block-image size-large\"><img loading=\"lazy\" decoding=\"async\" width=\"500\" height=\"333\" src=\"http:\/\/minijets.org\/wp-content\/uploads\/2020\/12\/sk1-14.jpg\" alt=\"Sommers-Kendall SK-1\" class=\"wp-image-834\" srcset=\"https:\/\/minijets.org\/wp-content\/uploads\/2020\/12\/sk1-14.jpg 500w, https:\/\/minijets.org\/wp-content\/uploads\/2020\/12\/sk1-14-300x200.jpg 300w, https:\/\/minijets.org\/wp-content\/uploads\/2020\/12\/sk1-14-18x12.jpg 18w\" sizes=\"auto, (max-width: 500px) 100vw, 500px\" \/><figcaption class=\"wp-element-caption\">SK1, With courtesy of Peter Bischop<\/figcaption><\/figure>\n<\/div>\n<\/div>\n\n\n\n<div class=\"wp-block-columns is-layout-flex wp-container-core-columns-is-layout-28f84493 wp-block-columns-is-layout-flex\">\n<div class=\"wp-block-column is-layout-flow wp-block-column-is-layout-flow\">\n<h3 class=\"wp-block-heading\">Description du Somers-Kendall SK-1<\/h3>\n\n\n\n<p>Le SK-1 est r\u00e9alis\u00e9 en bois. La voilure repose sur un caisson recevant des nervures et un rev\u00eatement travaillant. Non loin du fuselage, les nervures sont interrompues et laissent la place \u00e0 &nbsp;un r\u00e9servoir structural. Les deux r\u00e9servoirs ont une capacit\u00e9s total de 227 litres (\u00e0 &nbsp;comparer \u00e0 &nbsp;ceux du Sipa 200 qui sont de 220 litres).<\/p>\n\n\n\n<p>Les seules parties m\u00e9talliques de l&#8217;appareils sont les supports du moteur, le train d&#8217;atterrissage et l&#8217;empennage papillon.&nbsp;<\/p>\n\n\n\n<p>La pointe avant, et les saumons d&#8217;ailes sont r\u00e9alis\u00e9s en fibre synth\u00e9tique impr\u00e9gnant de la fibre de verre.<\/p>\n\n\n\n<p>La voilure a un allongement de 8, et son profil est de type laminaire. Les ailerons s&#8217;\u00e9tendent sur toute l&#8217;envergure et participent \u00e0 &nbsp;l&#8217;hypersustentation en se braquant simultan\u00e9ment vers le bas.&nbsp;<\/p>\n\n\n\n<p>Le train est particulier. Il emprunte la roue avant \u00e0 &nbsp;un Miles &#8220;Gemini&#8221; (roulette de queue) ainsi que sa roue principale monotrace.<\/p>\n\n\n\n<p>Les banlacines lat\u00e9rales sont enti\u00e8rement escamotables dans la voilure.<\/p>\n\n\n\n<p>L&#8217;empennage papillon est enti\u00e8rement mobile. Les petits volet de bord de fuite jouent le r\u00f4le de servo-flettners.<\/p>\n\n\n\n<p>Le poste de pilotage, biplace en tandem, est prot\u00e9g\u00e9 par une grande verri\u00e8re qui pr\u00e9c\u00e8de les 2 entr\u00e9es d&#8217;air lat\u00e9rales du r\u00e9acteur.&nbsp;<\/p>\n<\/div>\n\n\n\n<div class=\"wp-block-column is-layout-flow wp-block-column-is-layout-flow\">\n<figure class=\"wp-block-image size-large\"><img loading=\"lazy\" decoding=\"async\" width=\"500\" height=\"677\" src=\"http:\/\/minijets.org\/wp-content\/uploads\/2020\/12\/sk1-07.jpg\" alt=\"Sommers-Kendall SK-1, P3 views\" class=\"wp-image-838\" srcset=\"https:\/\/minijets.org\/wp-content\/uploads\/2020\/12\/sk1-07.jpg 500w, https:\/\/minijets.org\/wp-content\/uploads\/2020\/12\/sk1-07-222x300.jpg 222w, https:\/\/minijets.org\/wp-content\/uploads\/2020\/12\/sk1-07-9x12.jpg 9w\" sizes=\"auto, (max-width: 500px) 100vw, 500px\" \/><\/figure>\n<\/div>\n<\/div>\n\n\n\n<figure class=\"wp-block-image aligncenter size-large\"><img loading=\"lazy\" decoding=\"async\" width=\"950\" height=\"180\" src=\"http:\/\/minijets.org\/wp-content\/uploads\/2020\/12\/sk1-top2.jpg\" alt=\"Sommers-Kendall SK-1\" class=\"wp-image-829\" srcset=\"https:\/\/minijets.org\/wp-content\/uploads\/2020\/12\/sk1-top2.jpg 950w, https:\/\/minijets.org\/wp-content\/uploads\/2020\/12\/sk1-top2-300x57.jpg 300w, https:\/\/minijets.org\/wp-content\/uploads\/2020\/12\/sk1-top2-768x146.jpg 768w, https:\/\/minijets.org\/wp-content\/uploads\/2020\/12\/sk1-top2-18x3.jpg 18w\" sizes=\"auto, (max-width: 950px) 100vw, 950px\" \/><\/figure>\n\n\n\n<figure class=\"wp-block-image aligncenter size-large\"><img loading=\"lazy\" decoding=\"async\" width=\"950\" height=\"701\" src=\"http:\/\/minijets.org\/wp-content\/uploads\/2020\/12\/sk1-05.jpg\" alt=\"Sommers-Kendall SK-1\" class=\"wp-image-822\" srcset=\"https:\/\/minijets.org\/wp-content\/uploads\/2020\/12\/sk1-05.jpg 950w, https:\/\/minijets.org\/wp-content\/uploads\/2020\/12\/sk1-05-300x221.jpg 300w, https:\/\/minijets.org\/wp-content\/uploads\/2020\/12\/sk1-05-768x567.jpg 768w, https:\/\/minijets.org\/wp-content\/uploads\/2020\/12\/sk1-05-16x12.jpg 16w\" sizes=\"auto, (max-width: 950px) 100vw, 950px\" \/><figcaption class=\"wp-element-caption\">SK1, Source <em>: Aeroplane Monthly<\/em><\/figcaption><\/figure>\n\n\n\n<div class=\"wp-block-columns is-layout-flex wp-container-core-columns-is-layout-28f84493 wp-block-columns-is-layout-flex\">\n<div class=\"wp-block-column is-layout-flow wp-block-column-is-layout-flow\">\n<figure class=\"wp-block-image size-large\"><img loading=\"lazy\" decoding=\"async\" width=\"500\" height=\"369\" src=\"http:\/\/minijets.org\/wp-content\/uploads\/2020\/12\/sk1-15.jpg\" alt=\"Sommers-Kendall SK-1\" class=\"wp-image-831\" srcset=\"https:\/\/minijets.org\/wp-content\/uploads\/2020\/12\/sk1-15.jpg 500w, https:\/\/minijets.org\/wp-content\/uploads\/2020\/12\/sk1-15-300x221.jpg 300w, https:\/\/minijets.org\/wp-content\/uploads\/2020\/12\/sk1-15-16x12.jpg 16w\" sizes=\"auto, (max-width: 500px) 100vw, 500px\" \/><figcaption class=\"wp-element-caption\">Source : Flight Archives 1955, Poste de pilotage arri\u00e8re, non \u00e9quip\u00e9 de son si\u00e8ge<\/figcaption><\/figure>\n<\/div>\n\n\n\n<div class=\"wp-block-column is-layout-flow wp-block-column-is-layout-flow\">\n<figure class=\"wp-block-image size-large\"><img loading=\"lazy\" decoding=\"async\" width=\"500\" height=\"369\" src=\"http:\/\/minijets.org\/wp-content\/uploads\/2020\/12\/sk1-16.jpg\" alt=\"Sommers-Kendall SK-1\" class=\"wp-image-823\" srcset=\"https:\/\/minijets.org\/wp-content\/uploads\/2020\/12\/sk1-16.jpg 500w, https:\/\/minijets.org\/wp-content\/uploads\/2020\/12\/sk1-16-300x221.jpg 300w, https:\/\/minijets.org\/wp-content\/uploads\/2020\/12\/sk1-16-16x12.jpg 16w\" sizes=\"auto, (max-width: 500px) 100vw, 500px\" \/><figcaption class=\"wp-element-caption\">Source : Flight Archives 1955, Premier vol \u00e0 Woodley par Hugh Kendall<\/figcaption><\/figure>\n<\/div>\n<\/div>\n\n\n\n<div class=\"wp-block-columns is-layout-flex wp-container-core-columns-is-layout-28f84493 wp-block-columns-is-layout-flex\">\n<div class=\"wp-block-column is-layout-flow wp-block-column-is-layout-flow\">\n<figure class=\"wp-block-image size-large\"><img loading=\"lazy\" decoding=\"async\" width=\"500\" height=\"213\" src=\"http:\/\/minijets.org\/wp-content\/uploads\/2020\/12\/sk1-19.jpg\" alt=\"\" class=\"wp-image-833\" srcset=\"https:\/\/minijets.org\/wp-content\/uploads\/2020\/12\/sk1-19.jpg 500w, https:\/\/minijets.org\/wp-content\/uploads\/2020\/12\/sk1-19-300x128.jpg 300w, https:\/\/minijets.org\/wp-content\/uploads\/2020\/12\/sk1-19-18x8.jpg 18w\" sizes=\"auto, (max-width: 500px) 100vw, 500px\" \/><figcaption class=\"wp-element-caption\">Aviation Magazine, f\u00e9vrier 1956<\/figcaption><\/figure>\n<\/div>\n\n\n\n<div class=\"wp-block-column is-layout-flow wp-block-column-is-layout-flow\">\n<figure class=\"wp-block-image size-large\"><img loading=\"lazy\" decoding=\"async\" width=\"500\" height=\"213\" src=\"http:\/\/minijets.org\/wp-content\/uploads\/2020\/12\/sk1-08.jpg\" alt=\"\" class=\"wp-image-832\" srcset=\"https:\/\/minijets.org\/wp-content\/uploads\/2020\/12\/sk1-08.jpg 500w, https:\/\/minijets.org\/wp-content\/uploads\/2020\/12\/sk1-08-300x128.jpg 300w, https:\/\/minijets.org\/wp-content\/uploads\/2020\/12\/sk1-08-18x8.jpg 18w\" sizes=\"auto, (max-width: 500px) 100vw, 500px\" \/><figcaption class=\"wp-element-caption\">Source : Mechanix Illustrated, Mars 1956<\/figcaption><\/figure>\n<\/div>\n<\/div>\n\n\n\n<h2 class=\"wp-block-heading\">Le Somers-Kendal SK-1 aujourd&#8217;hui<\/h2>\n\n\n\n<p>Le Somers-Kendall SK-1 a \u00e9t\u00e9 rachet\u00e9 par Peter Bishop d&#8217;Hambourg en Allemagne. Le fuselage est en bonne condition. Il a \u00e9t\u00e9 transf\u00e9r\u00e9 pour restauration en France chez Classique Aero Services.<\/p>\n\n\n\n<p>Certains autres \u00e9l\u00e9ments existent, comme en t\u00e9moigne ces deux photos. Par contre les ailes et la verri\u00e8re manquent.<\/p>\n\n\n\n<div class=\"wp-block-columns is-layout-flex wp-container-core-columns-is-layout-28f84493 wp-block-columns-is-layout-flex\">\n<div class=\"wp-block-column is-layout-flow wp-block-column-is-layout-flow\">\n<figure class=\"wp-block-image size-large\"><img loading=\"lazy\" decoding=\"async\" width=\"500\" height=\"335\" src=\"http:\/\/minijets.org\/wp-content\/uploads\/2020\/12\/sk1-23.jpg\" alt=\"\" class=\"wp-image-840\" srcset=\"https:\/\/minijets.org\/wp-content\/uploads\/2020\/12\/sk1-23.jpg 500w, https:\/\/minijets.org\/wp-content\/uploads\/2020\/12\/sk1-23-300x201.jpg 300w, https:\/\/minijets.org\/wp-content\/uploads\/2020\/12\/sk1-23-18x12.jpg 18w\" sizes=\"auto, (max-width: 500px) 100vw, 500px\" \/><figcaption class=\"wp-element-caption\">Pi\u00e8ces r\u00e9cup\u00e9r\u00e9es par Peter Bischop<\/figcaption><\/figure>\n<\/div>\n\n\n\n<div class=\"wp-block-column is-layout-flow wp-block-column-is-layout-flow\">\n<figure class=\"wp-block-image size-large\"><img loading=\"lazy\" decoding=\"async\" width=\"500\" height=\"335\" src=\"http:\/\/minijets.org\/wp-content\/uploads\/2020\/12\/sk1-24.jpg\" alt=\"\" class=\"wp-image-836\" srcset=\"https:\/\/minijets.org\/wp-content\/uploads\/2020\/12\/sk1-24.jpg 500w, https:\/\/minijets.org\/wp-content\/uploads\/2020\/12\/sk1-24-300x201.jpg 300w, https:\/\/minijets.org\/wp-content\/uploads\/2020\/12\/sk1-24-18x12.jpg 18w\" sizes=\"auto, (max-width: 500px) 100vw, 500px\" \/><figcaption class=\"wp-element-caption\">Pi\u00e8ces r\u00e9cup\u00e9r\u00e9es par Peter Bischop<\/figcaption><\/figure>\n<\/div>\n<\/div>\n\n\n\n<h2 class=\"wp-block-heading\">Notes et r\u00e9f\u00e9rences<\/h2>\n\n\n\n<div class=\"wp-block-getwid-anchor\" id=\"Hugh Kendall\"><\/div>\n\n\n\n<div class=\"wp-block-columns is-layout-flex wp-container-core-columns-is-layout-28f84493 wp-block-columns-is-layout-flex\">\n<div class=\"wp-block-column is-layout-flow wp-block-column-is-layout-flow\" style=\"flex-basis:33.33%\">\n<h3 class=\"wp-block-heading\">Hugh M Kendall<\/h3>\n\n\n\n<p><strong>Pilote, concepteur &amp; constructeur<\/strong><\/p>\n\n\n\n<figure class=\"wp-block-image size-full\"><img loading=\"lazy\" decoding=\"async\" width=\"251\" height=\"298\" src=\"https:\/\/minijets.org\/wp-content\/uploads\/2020\/12\/hugh_kendall.jpg\" alt=\"\" class=\"wp-image-835\" srcset=\"https:\/\/minijets.org\/wp-content\/uploads\/2020\/12\/hugh_kendall.jpg 251w, https:\/\/minijets.org\/wp-content\/uploads\/2020\/12\/hugh_kendall-10x12.jpg 10w\" sizes=\"auto, (max-width: 251px) 100vw, 251px\" \/><figcaption class=\"wp-element-caption\">Hugh Kendall<\/figcaption><\/figure>\n<\/div>\n\n\n\n<div class=\"wp-block-column is-layout-flow wp-block-column-is-layout-flow\" style=\"flex-basis:66.66%\">\n<p>M. Kendall fut le concepteur ainsi que le pilote d&#8217;essai du&nbsp;<strong>SK-1<\/strong>. Il avait commenc\u00e9 une carri\u00e8re de pilote dans la Fleet Air Arm durant la seconde mondiale.<\/p>\n\n\n\n<p>Il a \u00e9t\u00e9 impliqu\u00e9 dans des courses d&#8217;avions avant et apr\u00e8s la guerre. Apr\u00e8s cette derni\u00e8re, il a \u00e9t\u00e9 chef pilote d&#8217;essai chez Handley Page, compagnie pour laquelle il effectuera les tests de nombreux avions.<\/p>\n\n\n\n<p>A la fin de sa carri\u00e8re de pilote d&#8217;essai, il rejoindra Shell-Mex puis BP Ltd comme conseiller technique aupr\u00e8s des constructeurs a\u00e9ronautiques et des compagnies a\u00e9riennes.<\/p>\n<\/div>\n<\/div>\n","protected":false},"excerpt":{"rendered":"<p>Le Somers-Kendall SK-1 est un avion\u00a0britannique, cr\u00e9e pour la course.\u00a0Bien que pouvant \u00eatre compar\u00e9 au Fouga Midjet (avion en bois et turbor\u00e9acteur Turbomeca Palas ), le Somers-kendall SK-1 s&#8217;en diff\u00e9rencie par une conception plus avant-gardiste (4 ans plus tard il est vrai) et surtout biplace. L&#8217;histoire du\u00a0Somers-Kendal SK-1, financ\u00e9 par\u00a0Nat Somers\u00a0et con\u00e7u par\u00a0Hugh Kendall commence [&hellip;]<\/p>\n","protected":false},"author":1,"featured_media":819,"parent":2891,"menu_order":0,"comment_status":"closed","ping_status":"closed","template":"","meta":{"_acf_changed":false,"cybocfi_hide_featured_image":"","footnotes":""},"categories":[19],"tags":[],"planes-000-100":[],"class_list":["post-3361","page","type-page","status-publish","has-post-thumbnail","hentry","category-plane-150-300"],"blocksy_meta":[],"acf":[],"_links":{"self":[{"href":"https:\/\/minijets.org\/fr\/wp-json\/wp\/v2\/pages\/3361","targetHints":{"allow":["GET"]}}],"collection":[{"href":"https:\/\/minijets.org\/fr\/wp-json\/wp\/v2\/pages"}],"about":[{"href":"https:\/\/minijets.org\/fr\/wp-json\/wp\/v2\/types\/page"}],"author":[{"embeddable":true,"href":"https:\/\/minijets.org\/fr\/wp-json\/wp\/v2\/users\/1"}],"replies":[{"embeddable":true,"href":"https:\/\/minijets.org\/fr\/wp-json\/wp\/v2\/comments?post=3361"}],"version-history":[{"count":0,"href":"https:\/\/minijets.org\/fr\/wp-json\/wp\/v2\/pages\/3361\/revisions"}],"up":[{"embeddable":true,"href":"https:\/\/minijets.org\/fr\/wp-json\/wp\/v2\/pages\/2891"}],"wp:featuredmedia":[{"embeddable":true,"href":"https:\/\/minijets.org\/fr\/wp-json\/wp\/v2\/media\/819"}],"wp:attachment":[{"href":"https:\/\/minijets.org\/fr\/wp-json\/wp\/v2\/media?parent=3361"}],"wp:term":[{"taxonomy":"category","embeddable":true,"href":"https:\/\/minijets.org\/fr\/wp-json\/wp\/v2\/categories?post=3361"},{"taxonomy":"post_tag","embeddable":true,"href":"https:\/\/minijets.org\/fr\/wp-json\/wp\/v2\/tags?post=3361"},{"taxonomy":"planes-000-100","embeddable":true,"href":"https:\/\/minijets.org\/fr\/wp-json\/wp\/v2\/planes-000-100?post=3361"}],"curies":[{"name":"wp","href":"https:\/\/api.w.org\/{rel}","templated":true}]}}