{"id":3508,"date":"2021-01-31T18:26:00","date_gmt":"2021-01-31T17:26:00","guid":{"rendered":"http:\/\/tst.minijets.org\/?page_id=3508"},"modified":"2022-11-02T21:58:00","modified_gmt":"2022-11-02T20:58:00","slug":"ikarus-s451-m-zolja","status":"publish","type":"page","link":"https:\/\/minijets.org\/fr\/150-300\/turbomeca-palas\/ikarus-s451-m-zolja\/","title":{"rendered":"Ikarus S451M Zolja"},"content":{"rendered":"\n<div class=\"wp-block-columns is-layout-flex wp-container-core-columns-is-layout-28f84493 wp-block-columns-is-layout-flex\">\n<div class=\"wp-block-column minijets_flag is-layout-flow wp-block-column-is-layout-flow\" style=\"flex-basis:4%\">\n<figure class=\"wp-block-image\"><img decoding=\"async\" src=\"https:\/\/minijets.org\/fileadmin\/_processed_\/d\/0\/csm_Yu_388d15adfa.png\" alt=\"Yu\"\/><\/figure>\n<\/div>\n\n\n\n<div class=\"wp-block-column is-layout-flow wp-block-column-is-layout-flow\">\n<h2 class=\"wp-block-heading\">Ikarus<\/h2>\n<\/div>\n<\/div>\n\n\n\n<p>L&#8217;IKARUS S451M Zolja (Gu\u00e8pe) n&#8217;est pas \u00e0 vraiment parler une extrapolation du premier de l&#8217;<a href=\"https:\/\/minijets.org\/150-300\/turbomeca-palas\/ikarus-451m\/\" data-type=\"page\" data-id=\"3438\">Ikarus 451M<\/a>.\u00a0C&#8217;est un appareil nouveau, monoplace bi-r\u00e9acteurs. Il a \u00e9t\u00e9 d\u00e9velopp\u00e9 par\u00a0<strong><a href=\"https:\/\/sr.wikipedia.org\/sr-el\/%D0%94%D1%80%D0%B0%D0%B3%D0%BE%D1%99%D1%83%D0%B1_%D0%91%D0%B5%D1%88%D0%BB%D0%B8%D0%BD\" data-type=\"URL\" data-id=\"https:\/\/sr.wikipedia.org\/sr-el\/%D0%94%D1%80%D0%B0%D0%B3%D0%BE%D1%99%D1%83%D0%B1_%D0%91%D0%B5%D1%88%D0%BB%D0%B8%D0%BD\" target=\"_blank\" rel=\"noopener\">Dragoljub Beshlin<\/a><\/strong>, et\u00a0a fait son premier vol en\u00a0<strong>1954<\/strong>.<\/p>\n\n\n\n<div class=\"wp-block-columns is-layout-flex wp-container-core-columns-is-layout-28f84493 wp-block-columns-is-layout-flex\">\n<div class=\"wp-block-column is-layout-flow wp-block-column-is-layout-flow\">\n<figure class=\"wp-block-image size-large\"><img loading=\"lazy\" decoding=\"async\" width=\"500\" height=\"222\" src=\"http:\/\/minijets.org\/wp-content\/uploads\/2021\/01\/Ikarus_S451M_zolja_01.jpg\" alt=\"Ikarus S451M Zolja\" class=\"wp-image-2702\" srcset=\"https:\/\/minijets.org\/wp-content\/uploads\/2021\/01\/Ikarus_S451M_zolja_01.jpg 500w, https:\/\/minijets.org\/wp-content\/uploads\/2021\/01\/Ikarus_S451M_zolja_01-300x133.jpg 300w, https:\/\/minijets.org\/wp-content\/uploads\/2021\/01\/Ikarus_S451M_zolja_01-18x8.jpg 18w\" sizes=\"auto, (max-width: 500px) 100vw, 500px\" \/><figcaption class=\"wp-element-caption\">Ikarus S451 M Zolja<\/figcaption><\/figure>\n\n\n\n<p>Ayant \u00e9t\u00e9 con\u00e7u comme avion d&#8217;entrainement et comme avion d&#8217;attaque l\u00e9ger, Il est d&#8217;une structure enti\u00e8rement m\u00e9tallique.&nbsp;Il \u00e9tait pr\u00e9vu pour entrer en service&nbsp;1958. La lettre M (Mlazni) signifie que l&#8217;appareil est propuls\u00e9 par un r\u00e9acteur.&nbsp;<\/p>\n\n\n\n<p>Il est propuls\u00e9 par deux turbor\u00e9acteurs <a href=\"https:\/\/minijets.org\/150-300\/turbomeca-palas\/\" data-type=\"page\" data-id=\"2891\">Turbomeca Palas<\/a> dispos\u00e9s aux extrimit\u00e9s de la section centrale de l&#8217;aile.<\/p>\n\n\n\n<p>Comme on peut le voir, l&#8217;accessiblit\u00e9 aux r\u00e9acteurs, toujours difficile lorsque ceux-ci sont noy\u00e9s dans l&#8217;aile, est facilit\u00e9e ici par un repli vers le haut \u00e0 la fa\u00e7on des avion embarqu\u00e9s. Cette particularit\u00e9 r\u00e9pondait aussi \u00e0 une demande des militaires, qui souhaitait pouvoir d\u00e9placer&nbsp;ces avions par transport ferroviaire.<\/p>\n\n\n\n<figure class=\"wp-block-image size-large\"><img loading=\"lazy\" decoding=\"async\" width=\"500\" height=\"329\" src=\"http:\/\/minijets.org\/wp-content\/uploads\/2021\/01\/Ikarus_S451M_zolja_03.jpg\" alt=\"Ikarus S451M Zolja\" class=\"wp-image-2704\" srcset=\"https:\/\/minijets.org\/wp-content\/uploads\/2021\/01\/Ikarus_S451M_zolja_03.jpg 500w, https:\/\/minijets.org\/wp-content\/uploads\/2021\/01\/Ikarus_S451M_zolja_03-300x197.jpg 300w, https:\/\/minijets.org\/wp-content\/uploads\/2021\/01\/Ikarus_S451M_zolja_03-18x12.jpg 18w\" sizes=\"auto, (max-width: 500px) 100vw, 500px\" \/><\/figure>\n<\/div>\n\n\n\n<div class=\"wp-block-column minijets_table is-layout-flow wp-block-column-is-layout-flow\" style=\"flex-basis:40%\">\n<h3 class=\"wp-block-heading\">S451 M Zloja &#8211; Technical data<\/h3>\n\n\n\n<figure class=\"wp-block-table\"><table><tbody><tr><td>Manufacturer<\/td><td>Ikarus<\/td><\/tr><tr><td>Type<\/td><td>Avion d&#8217;entrainement monoplace \u00e0 r\u00e9action<\/td><\/tr><tr><td>First flight<\/td><td>1954<\/td><\/tr><tr><td>Nb. built<\/td><td>1<\/td><\/tr><tr><td>Crew<\/td><td>1<\/td><\/tr><\/tbody><\/table><\/figure>\n\n\n\n<h4 class=\"wp-block-heading\">Power plant<\/h4>\n\n\n\n<figure class=\"wp-block-table\"><table><tbody><tr><td>Engine<\/td><td>TURBOMECA<\/td><td>Palas<\/td><\/tr><tr><td>Count<\/td><td>2<\/td><td>&nbsp;<\/td><\/tr><tr><td>Type<\/td><td>Turbojet<\/td><td>&nbsp;<\/td><\/tr><tr><td>Max ratings &nbsp;<\/td><td>150 kg<\/td><td>330 lbs<\/td><\/tr><\/tbody><\/table><\/figure>\n\n\n\n<h4 class=\"wp-block-heading\">Dimensions<\/h4>\n\n\n\n<figure class=\"wp-block-table\"><table><tbody><tr><td>Span<\/td><td>6,70 m<\/td><td>21 ft 7 in<\/td><\/tr><tr><td>Length<\/td><td>6,80 m<\/td><td>22 ft<\/td><\/tr><tr><td>Height<\/td><td>2,30 m<\/td><td>7 ft 7 in<\/td><\/tr><tr><td>Areas<\/td><td>8 m\u00b2<\/td><td>86 ft\u00b2<\/td><\/tr><tr><td>Allongement<\/td><td>&nbsp;<\/td><td>&nbsp;<\/td><\/tr><\/tbody><\/table><\/figure>\n\n\n\n<h4 class=\"wp-block-heading\">Weights&nbsp;<\/h4>\n\n\n\n<figure class=\"wp-block-table\"><table><tbody><tr><td>Empty<\/td><td>kg<\/td><td>lb<\/td><\/tr><tr><td>Crew<\/td><td>kg<\/td><td>lb<\/td><\/tr><tr><td>Fuel<\/td><td>kg<\/td><td>lb<\/td><\/tr><tr><td>Max. permissible&nbsp;<\/td><td>1202 kg<\/td><td>2,644 lb<\/td><\/tr><tr><td>Wing loading<\/td><td>kg\/m\u00b2<\/td><td>lb\/ft\u00b2<\/td><\/tr><\/tbody><\/table><\/figure>\n\n\n\n<h4 class=\"wp-block-heading\">Performances&nbsp;<\/h4>\n\n\n\n<figure class=\"wp-block-table\"><table><tbody><tr><td>Vne &#8211; Max. speed<\/td><td>439 km\/h<\/td><td>284.5 mph<\/td><\/tr><tr><td>Vno &#8211; Max. speed in operation<\/td><td>km\/h<\/td><td>mph<\/td><\/tr><tr><td>Vs &#8211; Stall speed<\/td><td>153 km\/h<\/td><td>94.8 mph<\/td><\/tr><tr><td>Max. rate of climb<\/td><td>m\/s<\/td><td>ft\/min<\/td><\/tr><tr><td>Service ceiling<\/td><td>8550 m<\/td><td>28,045 ft<\/td><\/tr><tr><td>Range<\/td><td>392 km<\/td><td>233 miles<\/td><\/tr><tr><td>Landing distance flaps+ab<\/td><td>582 m<\/td><td>616 yards<\/td><\/tr><tr><td>Take off distance w flaps<\/td><td>600 m<\/td><td>656 yards<\/td><\/tr><tr><td>G limits<\/td><td>+<\/td><td>&#8211;<\/td><\/tr><\/tbody><\/table><\/figure>\n<\/div>\n<\/div>\n\n\n\n<hr class=\"wp-block-separator has-css-opacity\"\/>\n\n\n\n<figure class=\"wp-block-image size-large\"><img loading=\"lazy\" decoding=\"async\" width=\"950\" height=\"508\" src=\"http:\/\/minijets.org\/wp-content\/uploads\/2021\/01\/Ikarus_S451M_zolja_05.jpg\" alt=\"Ikarus S451M Zolja, P3 views\" class=\"wp-image-2703\" srcset=\"https:\/\/minijets.org\/wp-content\/uploads\/2021\/01\/Ikarus_S451M_zolja_05.jpg 950w, https:\/\/minijets.org\/wp-content\/uploads\/2021\/01\/Ikarus_S451M_zolja_05-300x160.jpg 300w, https:\/\/minijets.org\/wp-content\/uploads\/2021\/01\/Ikarus_S451M_zolja_05-768x411.jpg 768w, https:\/\/minijets.org\/wp-content\/uploads\/2021\/01\/Ikarus_S451M_zolja_05-18x10.jpg 18w\" sizes=\"auto, (max-width: 950px) 100vw, 950px\" \/><\/figure>\n\n\n\n<h2 class=\"wp-block-heading\">Notes et r\u00e9f\u00e9rences<\/h2>\n\n\n\n<div class=\"wp-block-columns is-layout-flex wp-container-core-columns-is-layout-28f84493 wp-block-columns-is-layout-flex\">\n<div class=\"wp-block-column is-layout-flow wp-block-column-is-layout-flow\">\n<figure class=\"wp-block-image size-large\"><img loading=\"lazy\" decoding=\"async\" width=\"500\" height=\"191\" src=\"http:\/\/minijets.org\/wp-content\/uploads\/2021\/01\/Ikarus_S451M_zolja_02.jpg\" alt=\"Ikarus S451M Zolja\" class=\"wp-image-2700\" srcset=\"https:\/\/minijets.org\/wp-content\/uploads\/2021\/01\/Ikarus_S451M_zolja_02.jpg 500w, https:\/\/minijets.org\/wp-content\/uploads\/2021\/01\/Ikarus_S451M_zolja_02-300x115.jpg 300w, https:\/\/minijets.org\/wp-content\/uploads\/2021\/01\/Ikarus_S451M_zolja_02-18x7.jpg 18w\" sizes=\"auto, (max-width: 500px) 100vw, 500px\" \/><\/figure>\n<\/div>\n\n\n\n<div class=\"wp-block-column is-layout-flow wp-block-column-is-layout-flow\">\n<h3 class=\"wp-block-heading\">World record<\/h3>\n\n\n\n<h4 class=\"wp-block-heading\">Light Jet Aircraft Sub-Class C-I-C<\/h4>\n\n\n\n<p>Aircraft weighing 1,000-1,750 kg. (2,204.6 &#8211; 3,758.9 lb)<br>Speed (Yugoslavia): Ivan Crnjaric in Type 451&nbsp;M Zolja (two&nbsp;330 lb. Turborm\u00e9ca&nbsp;Palas), Zermun-Stara-Pazova, at 2,686. 22 lb.&nbsp;on May 19, 1960.&nbsp;&nbsp;<strong>310.82 m.p.h.<\/strong><\/p>\n<\/div>\n<\/div>\n","protected":false},"excerpt":{"rendered":"<p>Ikarus L&#8217;IKARUS S451M Zolja (Gu\u00e8pe) n&#8217;est pas \u00e0 vraiment parler une extrapolation du premier de l&#8217;Ikarus 451M.\u00a0C&#8217;est un appareil nouveau, monoplace bi-r\u00e9acteurs. Il a \u00e9t\u00e9 d\u00e9velopp\u00e9 par\u00a0Dragoljub Beshlin, et\u00a0a fait son premier vol en\u00a01954. Ayant \u00e9t\u00e9 con\u00e7u comme avion d&#8217;entrainement et comme avion d&#8217;attaque l\u00e9ger, Il est d&#8217;une structure enti\u00e8rement m\u00e9tallique.&nbsp;Il \u00e9tait pr\u00e9vu pour entrer [&hellip;]<\/p>\n","protected":false},"author":1,"featured_media":2704,"parent":2891,"menu_order":0,"comment_status":"closed","ping_status":"closed","template":"","meta":{"_acf_changed":false,"cybocfi_hide_featured_image":"","footnotes":""},"categories":[19],"tags":[],"planes-000-100":[],"class_list":["post-3508","page","type-page","status-publish","has-post-thumbnail","hentry","category-plane-150-300"],"blocksy_meta":[],"acf":[],"_links":{"self":[{"href":"https:\/\/minijets.org\/fr\/wp-json\/wp\/v2\/pages\/3508","targetHints":{"allow":["GET"]}}],"collection":[{"href":"https:\/\/minijets.org\/fr\/wp-json\/wp\/v2\/pages"}],"about":[{"href":"https:\/\/minijets.org\/fr\/wp-json\/wp\/v2\/types\/page"}],"author":[{"embeddable":true,"href":"https:\/\/minijets.org\/fr\/wp-json\/wp\/v2\/users\/1"}],"replies":[{"embeddable":true,"href":"https:\/\/minijets.org\/fr\/wp-json\/wp\/v2\/comments?post=3508"}],"version-history":[{"count":0,"href":"https:\/\/minijets.org\/fr\/wp-json\/wp\/v2\/pages\/3508\/revisions"}],"up":[{"embeddable":true,"href":"https:\/\/minijets.org\/fr\/wp-json\/wp\/v2\/pages\/2891"}],"wp:featuredmedia":[{"embeddable":true,"href":"https:\/\/minijets.org\/fr\/wp-json\/wp\/v2\/media\/2704"}],"wp:attachment":[{"href":"https:\/\/minijets.org\/fr\/wp-json\/wp\/v2\/media?parent=3508"}],"wp:term":[{"taxonomy":"category","embeddable":true,"href":"https:\/\/minijets.org\/fr\/wp-json\/wp\/v2\/categories?post=3508"},{"taxonomy":"post_tag","embeddable":true,"href":"https:\/\/minijets.org\/fr\/wp-json\/wp\/v2\/tags?post=3508"},{"taxonomy":"planes-000-100","embeddable":true,"href":"https:\/\/minijets.org\/fr\/wp-json\/wp\/v2\/planes-000-100?post=3508"}],"curies":[{"name":"wp","href":"https:\/\/api.w.org\/{rel}","templated":true}]}}