{"id":3712,"date":"2021-02-04T14:00:34","date_gmt":"2021-02-04T13:00:34","guid":{"rendered":"http:\/\/tst.minijets.org\/?page_id=3712"},"modified":"2022-11-01T17:31:54","modified_gmt":"2022-11-01T16:31:54","slug":"payen-pa-149","status":"publish","type":"page","link":"https:\/\/minijets.org\/fr\/150-300\/turbomeca-palas\/projets\/payen-pa-149\/","title":{"rendered":"Payen PA-149"},"content":{"rendered":"\n<p>Le&nbsp;<strong>PAYEN Pa-149<\/strong>, \u00e9tudi\u00e9 par <strong>Roland Payen<\/strong>, devait-\u00eatre un biplace en tandem, bir\u00e9acteurs, de sport. Il reprenait les dimensions du Pa-49 en les augmentant d&#8217;un facteur de 1:19, ce qui permettait en entre autre l&#8217;accueil du deuxi\u00e8me pilote. Ce dernier \u00e9tant assis au centre de gravit\u00e9 de l&#8217;avion, aucune modification (triming) n&#8217;\u00e9tait n\u00e9cessaire entre la configuration monoplace, avec le pilote en place avant, ou biplace.<\/p>\n\n\n\n<div class=\"wp-block-columns is-layout-flex wp-container-core-columns-is-layout-28f84493 wp-block-columns-is-layout-flex\">\n<div class=\"wp-block-column minijets_table is-layout-flow wp-block-column-is-layout-flow\" style=\"flex-basis:40%\">\n<figure class=\"wp-block-image size-large\"><img loading=\"lazy\" decoding=\"async\" width=\"500\" height=\"890\" src=\"http:\/\/minijets.org\/wp-content\/uploads\/2021\/01\/Payen_PA_149_01.jpg\" alt=\"Payen PA-149\" class=\"wp-image-2784\" srcset=\"https:\/\/minijets.org\/wp-content\/uploads\/2021\/01\/Payen_PA_149_01.jpg 500w, https:\/\/minijets.org\/wp-content\/uploads\/2021\/01\/Payen_PA_149_01-169x300.jpg 169w, https:\/\/minijets.org\/wp-content\/uploads\/2021\/01\/Payen_PA_149_01-7x12.jpg 7w\" sizes=\"auto, (max-width: 500px) 100vw, 500px\" \/><figcaption>PAYEN Pa-149<\/figcaption><\/figure>\n<\/div>\n\n\n\n<div class=\"wp-block-column is-layout-flow wp-block-column-is-layout-flow\">\n<h2 class=\"wp-block-heading\">Le projet de construction du Payen PA-149<\/h2>\n\n\n\n<p>Le\u00a0<strong>Pa-149<\/strong>\u00a0\u00e9tait pr\u00e9vu pour \u00eatre construit en 3 parties distinctes : le fuselage et les 2 ailes. Le projet pr\u00e9voyait que les ailes soient attach\u00e9es au fuselage par l&#8217;interm\u00e9diaire de 4 axes. Les 2 axes du bas enlev\u00e9s, les ailes pouvaient \u00eatre positionn\u00e9es \u00e0 la verticale. Les 4 axes enlev\u00e9s, les ailes \u00e9taient d\u00e9mont\u00e9es, pr\u00eates au transport.<\/p>\n\n\n\n<p>Par rapport au Katy, le Pa-149 devait dispos\u00e9 d&#8217;un train d&#8217;atterrissage tricycle r\u00e9tractable.<\/p>\n\n\n\n<p>Le mode de construction devait rester le m\u00eame pour ce qui est de la structure : le bois. <\/p>\n\n\n\n<p>Par contre la fibre de verre devait utilis\u00e9e pour toutes les parties chaudronn\u00e9es (conne avant, entr\u00e9es d&#8217;aire, capotage, ..)\u00a0<\/p>\n<\/div>\n<\/div>\n\n\n\n<h3 class=\"wp-block-heading\">Propulsion<\/h3>\n\n\n\n<p>Le projet a \u00e9t\u00e9 lanc\u00e9 avec 2 r\u00e9acteurs\u00a0<a href=\"https:\/\/minijets.org\/150-300\/turbomeca-palas\/\" data-type=\"page\" data-id=\"2891\">Turbomeca Palas<\/a>. En 1973, il n&#8217;y avait toujours pas d&#8217;alternative \u00e0 ce moteur, qui par ailleurs pouvait se trouver \u00e0 un prix raisonnable en reconditionn\u00e9 aupr\u00e8s de la\u00a0<a href=\"https:\/\/fr.wikipedia.org\/wiki\/Airbus_Atlantic\" data-type=\"URL\" data-id=\"https:\/\/fr.wikipedia.org\/wiki\/Airbus_Atlantic\" target=\"_blank\" rel=\"noopener\">SOGERMA<\/a> (maintenant Airbus Atlantic). Mais pour les avions suivants, des alternatives avec un Turbomeca Marbor\u00e9 ou un Williams devait-\u00eatre envisag\u00e9.<\/p>\n","protected":false},"excerpt":{"rendered":"<p>Le&nbsp;PAYEN Pa-149, \u00e9tudi\u00e9 par Roland Payen, devait-\u00eatre un biplace en tandem, bir\u00e9acteurs, de sport. Il reprenait les dimensions du Pa-49 en les augmentant d&#8217;un facteur de 1:19, ce qui permettait en entre autre l&#8217;accueil du deuxi\u00e8me pilote. Ce dernier \u00e9tant assis au centre de gravit\u00e9 de l&#8217;avion, aucune modification (triming) n&#8217;\u00e9tait n\u00e9cessaire entre la configuration [&hellip;]<\/p>\n","protected":false},"author":1,"featured_media":2765,"parent":3674,"menu_order":0,"comment_status":"closed","ping_status":"closed","template":"","meta":{"_acf_changed":false,"cybocfi_hide_featured_image":"","footnotes":""},"categories":[19],"tags":[],"planes-000-100":[],"class_list":["post-3712","page","type-page","status-publish","has-post-thumbnail","hentry","category-plane-150-300"],"blocksy_meta":[],"acf":[],"_links":{"self":[{"href":"https:\/\/minijets.org\/fr\/wp-json\/wp\/v2\/pages\/3712","targetHints":{"allow":["GET"]}}],"collection":[{"href":"https:\/\/minijets.org\/fr\/wp-json\/wp\/v2\/pages"}],"about":[{"href":"https:\/\/minijets.org\/fr\/wp-json\/wp\/v2\/types\/page"}],"author":[{"embeddable":true,"href":"https:\/\/minijets.org\/fr\/wp-json\/wp\/v2\/users\/1"}],"replies":[{"embeddable":true,"href":"https:\/\/minijets.org\/fr\/wp-json\/wp\/v2\/comments?post=3712"}],"version-history":[{"count":0,"href":"https:\/\/minijets.org\/fr\/wp-json\/wp\/v2\/pages\/3712\/revisions"}],"up":[{"embeddable":true,"href":"https:\/\/minijets.org\/fr\/wp-json\/wp\/v2\/pages\/3674"}],"wp:featuredmedia":[{"embeddable":true,"href":"https:\/\/minijets.org\/fr\/wp-json\/wp\/v2\/media\/2765"}],"wp:attachment":[{"href":"https:\/\/minijets.org\/fr\/wp-json\/wp\/v2\/media?parent=3712"}],"wp:term":[{"taxonomy":"category","embeddable":true,"href":"https:\/\/minijets.org\/fr\/wp-json\/wp\/v2\/categories?post=3712"},{"taxonomy":"post_tag","embeddable":true,"href":"https:\/\/minijets.org\/fr\/wp-json\/wp\/v2\/tags?post=3712"},{"taxonomy":"planes-000-100","embeddable":true,"href":"https:\/\/minijets.org\/fr\/wp-json\/wp\/v2\/planes-000-100?post=3712"}],"curies":[{"name":"wp","href":"https:\/\/api.w.org\/{rel}","templated":true}]}}