{"id":3743,"date":"2021-02-04T14:32:46","date_gmt":"2021-02-04T13:32:46","guid":{"rendered":"http:\/\/tst.minijets.org\/?page_id=3743"},"modified":"2022-11-18T17:49:09","modified_gmt":"2022-11-18T16:49:09","slug":"autres-utilisations","status":"publish","type":"page","link":"https:\/\/minijets.org\/fr\/150-300\/turbomeca-palas\/autres-utilisations\/","title":{"rendered":"Autres utilisations du Turbomeca Palas"},"content":{"rendered":"\n<h2 class=\"wp-block-heading\">Autres utilisations du r\u00e9acteur Turbomeca Palas<\/h2>\n\n\n\n<p>Le Turbor\u00e9acteur Turbomeca Palas a \u00e9t\u00e9 utilis\u00e9 comme propulseur sur d&#8217;autres appareils que des Minijets. One le retrouve ainsi comme r\u00e9acteurs d&#8217;appoint sur DC3, C47 et SO30, mais aussi sur un hydroglisseur Couzinet<\/p>\n\n\n        <div class=\"wp-block-getwid-custom-post-type custom-post-type-page has-layout-list\">\n            <div class=\"wp-block-getwid-custom-post-type__wrapper\">\n                \t\t\t\t\t\t\t\t<div class='wp-block-getwid-custom-post-type__post'>\n\t\t\t\t\t\t\t\t\t\n<div class=\"wp-block-columns is-layout-flex wp-container-core-columns-is-layout-28f84493 wp-block-columns-is-layout-flex\">\n<div class=\"wp-block-column is-layout-flow wp-block-column-is-layout-flow\" style=\"flex-basis:25%\">\n<div class=\"wp-block-getwid-template-post-featured-image\" >\n            <a href=\"https:\/\/minijets.org\/fr\/150-300\/turbomeca-palas\/autres-utilisations\/hydroglisseur-couzinet\/\">\n        <img loading=\"lazy\" decoding=\"async\" width=\"300\" height=\"200\" src=\"https:\/\/minijets.org\/wp-content\/uploads\/2021\/01\/Hydro_couzinet_mini.jpg\" class=\"attachment-full size-full wp-post-image\" alt=\"Hydroglisseur Couzinet Palas\" srcset=\"https:\/\/minijets.org\/wp-content\/uploads\/2021\/01\/Hydro_couzinet_mini.jpg 300w, https:\/\/minijets.org\/wp-content\/uploads\/2021\/01\/Hydro_couzinet_mini-18x12.jpg 18w\" sizes=\"auto, (max-width: 300px) 100vw, 300px\" \/>            <\/a>\n    <\/div>\n<\/div>\n\n\n\n<div class=\"wp-block-column is-layout-flow wp-block-column-is-layout-flow\" style=\"flex-basis:75%\">\n<h3 class=\"wp-block-getwid-template-post-title minijets_custom_title\"><a class=\"wp-block-getwid-template-post-title__link\" href=\"https:\/\/minijets.org\/fr\/150-300\/turbomeca-palas\/autres-utilisations\/hydroglisseur-couzinet\/\">Hydroglisseur Couzinet Palas<\/a><\/h3>\n\n\n<div class=\"wp-block-getwid-template-acf-wysiwyg custom-field-sous-titre\"  style=\"font-weight: bold;font-size: 15px;\">\n    <\/div>\n\n\n\n<div class=\"wp-block-getwid-template-post-content is-excerpt\" ><p>Couzinet Ce n&#8217;est certes pas un avion, mais l&#8217;une des r\u00e9alisations d&#8217;un grand ing\u00e9nieur a\u00e9ronautique fran\u00e7ais : Ren\u00e9 Couzinet. Il est propuls\u00e9 par un turbor\u00e9acteur Turbomeca Palas. On le voit ici navigant sur la Seine, aux environs de l&#8217;Ile de la Jatte, o\u00f9 \u00e9tait situ\u00e9 l&#8217;Usine et bureaux d&#8217;\u00e9tude Couzinet.<\/p><\/div>\n\n\n\n<div class=\"wp-block-getwid-template-post-button wp-block-button minijets_custom_button\" >\n    <a href=\"https:\/\/minijets.org\/fr\/150-300\/turbomeca-palas\/autres-utilisations\/hydroglisseur-couzinet\/\" class=\"wp-block-button__link has-background has-white-background-color has-text-color has-vivid-cyan-blue-color\">\n\t\tLire la suite\t<\/a>\n<\/div>\n\n\n<\/div>\n<\/div>\n\t\t\t\t\t\t\t\t<\/div>\n\t\t\t\t\t\t\t\t\t\t\t\t\t\t\t<div class='wp-block-getwid-custom-post-type__post'>\n\t\t\t\t\t\t\t\t\t\n<div class=\"wp-block-columns is-layout-flex wp-container-core-columns-is-layout-28f84493 wp-block-columns-is-layout-flex\">\n<div class=\"wp-block-column is-layout-flow wp-block-column-is-layout-flow\" style=\"flex-basis:25%\">\n<div class=\"wp-block-getwid-template-post-featured-image\" >\n            <a href=\"https:\/\/minijets.org\/fr\/150-300\/turbomeca-palas\/autres-utilisations\/sncaso-so30-bretagne\/\">\n        <img loading=\"lazy\" decoding=\"async\" width=\"567\" height=\"379\" src=\"https:\/\/minijets.org\/wp-content\/uploads\/2021\/01\/SO-30_bretagne_03.jpg\" class=\"attachment-full size-full wp-post-image\" alt=\"SO-30 P1 Bretagne Palas\" srcset=\"https:\/\/minijets.org\/wp-content\/uploads\/2021\/01\/SO-30_bretagne_03.jpg 567w, https:\/\/minijets.org\/wp-content\/uploads\/2021\/01\/SO-30_bretagne_03-300x201.jpg 300w, https:\/\/minijets.org\/wp-content\/uploads\/2021\/01\/SO-30_bretagne_03-18x12.jpg 18w\" sizes=\"auto, (max-width: 567px) 100vw, 567px\" \/>            <\/a>\n    <\/div>\n<\/div>\n\n\n\n<div class=\"wp-block-column is-layout-flow wp-block-column-is-layout-flow\" style=\"flex-basis:75%\">\n<h3 class=\"wp-block-getwid-template-post-title minijets_custom_title\"><a class=\"wp-block-getwid-template-post-title__link\" href=\"https:\/\/minijets.org\/fr\/150-300\/turbomeca-palas\/autres-utilisations\/sncaso-so30-bretagne\/\">SO-30 P1 Bretagne Palas<\/a><\/h3>\n\n\n<div class=\"wp-block-getwid-template-acf-wysiwyg custom-field-sous-titre\"  style=\"font-weight: bold;font-size: 15px;\">\n    <\/div>\n\n\n\n<div class=\"wp-block-getwid-template-post-content is-excerpt\" ><p>SNCASO L&#8217;histoire du SO-30 P1 Bretagne Palas commence d\u00e8s&nbsp;mai 1941 lorsqu&#8217;une \u00e9quipe de la SNCASO de Cannes commen\u00e7a, sous la direction de l&#8217;ing\u00e9nieur Parot,&nbsp;l&#8217;\u00e9tude d&#8217;un bimoteur de transport qu&#8217;on appelait alors le&nbsp;SO.30 Bellatrix. Le projet avan\u00e7a&nbsp;lentement et fut repris une fois la France lib\u00e9r\u00e9e et la paix r\u00e9tablie.&nbsp; Deux prototypes SO.30 N et SO.30 R\u2026<\/p><\/div>\n\n\n\n<div class=\"wp-block-getwid-template-post-button wp-block-button minijets_custom_button\" >\n    <a href=\"https:\/\/minijets.org\/fr\/150-300\/turbomeca-palas\/autres-utilisations\/sncaso-so30-bretagne\/\" class=\"wp-block-button__link has-background has-white-background-color has-text-color has-vivid-cyan-blue-color\">\n\t\tLire la suite\t<\/a>\n<\/div>\n\n\n<\/div>\n<\/div>\n\t\t\t\t\t\t\t\t<\/div>\n\t\t\t\t\t\t\t\t\t\t\t\t\t\t\t<div class='wp-block-getwid-custom-post-type__post'>\n\t\t\t\t\t\t\t\t\t\n<div class=\"wp-block-columns is-layout-flex wp-container-core-columns-is-layout-28f84493 wp-block-columns-is-layout-flex\">\n<div class=\"wp-block-column is-layout-flow wp-block-column-is-layout-flow\" style=\"flex-basis:25%\">\n<div class=\"wp-block-getwid-template-post-featured-image\" >\n            <a href=\"https:\/\/minijets.org\/fr\/150-300\/turbomeca-palas\/autres-utilisations\/douglas-dc-3\/\">\n        <img loading=\"lazy\" decoding=\"async\" width=\"1302\" height=\"523\" src=\"https:\/\/minijets.org\/wp-content\/uploads\/2021\/01\/DC3_Palas_01.jpg\" class=\"attachment-full size-full wp-post-image\" alt=\"Douglas DC3 Palas\" srcset=\"https:\/\/minijets.org\/wp-content\/uploads\/2021\/01\/DC3_Palas_01.jpg 1302w, https:\/\/minijets.org\/wp-content\/uploads\/2021\/01\/DC3_Palas_01-300x121.jpg 300w, https:\/\/minijets.org\/wp-content\/uploads\/2021\/01\/DC3_Palas_01-1024x411.jpg 1024w, https:\/\/minijets.org\/wp-content\/uploads\/2021\/01\/DC3_Palas_01-768x308.jpg 768w, https:\/\/minijets.org\/wp-content\/uploads\/2021\/01\/DC3_Palas_01-18x7.jpg 18w\" sizes=\"auto, (max-width: 1302px) 100vw, 1302px\" \/>            <\/a>\n    <\/div>\n<\/div>\n\n\n\n<div class=\"wp-block-column is-layout-flow wp-block-column-is-layout-flow\" style=\"flex-basis:75%\">\n<h3 class=\"wp-block-getwid-template-post-title minijets_custom_title\"><a class=\"wp-block-getwid-template-post-title__link\" href=\"https:\/\/minijets.org\/fr\/150-300\/turbomeca-palas\/autres-utilisations\/douglas-dc-3\/\">Douglas DC3 Palas<\/a><\/h3>\n\n\n<div class=\"wp-block-getwid-template-acf-wysiwyg custom-field-sous-titre\"  style=\"font-weight: bold;font-size: 15px;\">\n    <\/div>\n\n\n\n<div class=\"wp-block-getwid-template-post-content is-excerpt\" ><p>Le Douglas DC3 Palas \u00e9tait un projet de 1952, qui associait \u00e0 un Douglas DC \u00e0 un groupe d&#8217;appoint Palas de la SNCASO Douglas Douglas DC3 Palas avec son groupe d&#8217;appoint En&nbsp;1952,&nbsp;&nbsp;La SNCASO (Soci\u00e9t\u00e9 Nationale de Constructions A\u00e9ronautiques du Sud-Ouest diffusait les r\u00e9sultats mesur\u00e9s, en essais officiels et&nbsp;en exploitation, de son groupe d&#8217;appoint utilisant un\u2026<\/p><\/div>\n\n\n\n<div class=\"wp-block-getwid-template-post-button wp-block-button minijets_custom_button\" >\n    <a href=\"https:\/\/minijets.org\/fr\/150-300\/turbomeca-palas\/autres-utilisations\/douglas-dc-3\/\" class=\"wp-block-button__link has-background has-white-background-color has-text-color has-vivid-cyan-blue-color\">\n\t\tLire la suite\t<\/a>\n<\/div>\n\n\n<\/div>\n<\/div>\n\t\t\t\t\t\t\t\t<\/div>\n\t\t\t\t\t\t\t\t\t\t\t\t\t\t\t<div class='wp-block-getwid-custom-post-type__post'>\n\t\t\t\t\t\t\t\t\t\n<div class=\"wp-block-columns is-layout-flex wp-container-core-columns-is-layout-28f84493 wp-block-columns-is-layout-flex\">\n<div class=\"wp-block-column is-layout-flow wp-block-column-is-layout-flow\" style=\"flex-basis:25%\">\n<div class=\"wp-block-getwid-template-post-featured-image\" >\n            <a href=\"https:\/\/minijets.org\/fr\/150-300\/turbomeca-palas\/autres-utilisations\/c-46palas\/\">\n        <img loading=\"lazy\" decoding=\"async\" width=\"831\" height=\"309\" src=\"https:\/\/minijets.org\/wp-content\/uploads\/2021\/01\/C46_Palas_03.jpg\" class=\"attachment-full size-full wp-post-image\" alt=\"Curtiss C-46 Commando\" srcset=\"https:\/\/minijets.org\/wp-content\/uploads\/2021\/01\/C46_Palas_03.jpg 831w, https:\/\/minijets.org\/wp-content\/uploads\/2021\/01\/C46_Palas_03-300x112.jpg 300w, https:\/\/minijets.org\/wp-content\/uploads\/2021\/01\/C46_Palas_03-768x286.jpg 768w, https:\/\/minijets.org\/wp-content\/uploads\/2021\/01\/C46_Palas_03-18x7.jpg 18w\" sizes=\"auto, (max-width: 831px) 100vw, 831px\" \/>            <\/a>\n    <\/div>\n<\/div>\n\n\n\n<div class=\"wp-block-column is-layout-flow wp-block-column-is-layout-flow\" style=\"flex-basis:75%\">\n<h3 class=\"wp-block-getwid-template-post-title minijets_custom_title\"><a class=\"wp-block-getwid-template-post-title__link\" href=\"https:\/\/minijets.org\/fr\/150-300\/turbomeca-palas\/autres-utilisations\/c-46palas\/\">Curtiss C-46 Commando<\/a><\/h3>\n\n\n<div class=\"wp-block-getwid-template-acf-wysiwyg custom-field-sous-titre\"  style=\"font-weight: bold;font-size: 15px;\">\n    <\/div>\n\n\n\n<div class=\"wp-block-getwid-template-post-content is-excerpt\" ><p>Curtiss Turbomeca Palas turbojet assist engine is shown mounted on the wing of a Lloyd Aero Colombiano Curtiss C-46 Commando. This was the first time an installation of this type has been made for passenger service by a U.S. modification base. L.B. Smith Aicraft Corp., Miami. did the job. The turbojet flush intake nacelle was\u2026<\/p><\/div>\n\n\n\n<div class=\"wp-block-getwid-template-post-button wp-block-button minijets_custom_button\" >\n    <a href=\"https:\/\/minijets.org\/fr\/150-300\/turbomeca-palas\/autres-utilisations\/c-46palas\/\" class=\"wp-block-button__link has-background has-white-background-color has-text-color has-vivid-cyan-blue-color\">\n\t\tLire la suite\t<\/a>\n<\/div>\n\n\n<\/div>\n<\/div>\n\t\t\t\t\t\t\t\t<\/div>\n\t\t\t\t\t\t\t            <\/div>\n\n                    <\/div>\n        ","protected":false},"excerpt":{"rendered":"<p>Autres utilisations du r\u00e9acteur Turbomeca Palas Le Turbor\u00e9acteur Turbomeca Palas a \u00e9t\u00e9 utilis\u00e9 comme propulseur sur d&#8217;autres appareils que des Minijets. One le retrouve ainsi comme r\u00e9acteurs d&#8217;appoint sur DC3, C47 et SO30, mais aussi sur un hydroglisseur Couzinet<\/p>\n","protected":false},"author":1,"featured_media":0,"parent":2891,"menu_order":0,"comment_status":"closed","ping_status":"closed","template":"","meta":{"_acf_changed":false,"cybocfi_hide_featured_image":"","footnotes":""},"categories":[20],"tags":[],"planes-000-100":[],"class_list":["post-3743","page","type-page","status-publish","hentry","category-plane-300-500"],"blocksy_meta":[],"acf":[],"_links":{"self":[{"href":"https:\/\/minijets.org\/fr\/wp-json\/wp\/v2\/pages\/3743","targetHints":{"allow":["GET"]}}],"collection":[{"href":"https:\/\/minijets.org\/fr\/wp-json\/wp\/v2\/pages"}],"about":[{"href":"https:\/\/minijets.org\/fr\/wp-json\/wp\/v2\/types\/page"}],"author":[{"embeddable":true,"href":"https:\/\/minijets.org\/fr\/wp-json\/wp\/v2\/users\/1"}],"replies":[{"embeddable":true,"href":"https:\/\/minijets.org\/fr\/wp-json\/wp\/v2\/comments?post=3743"}],"version-history":[{"count":0,"href":"https:\/\/minijets.org\/fr\/wp-json\/wp\/v2\/pages\/3743\/revisions"}],"up":[{"embeddable":true,"href":"https:\/\/minijets.org\/fr\/wp-json\/wp\/v2\/pages\/2891"}],"wp:attachment":[{"href":"https:\/\/minijets.org\/fr\/wp-json\/wp\/v2\/media?parent=3743"}],"wp:term":[{"taxonomy":"category","embeddable":true,"href":"https:\/\/minijets.org\/fr\/wp-json\/wp\/v2\/categories?post=3743"},{"taxonomy":"post_tag","embeddable":true,"href":"https:\/\/minijets.org\/fr\/wp-json\/wp\/v2\/tags?post=3743"},{"taxonomy":"planes-000-100","embeddable":true,"href":"https:\/\/minijets.org\/fr\/wp-json\/wp\/v2\/planes-000-100?post=3743"}],"curies":[{"name":"wp","href":"https:\/\/api.w.org\/{rel}","templated":true}]}}