{"id":3780,"date":"2021-02-04T18:51:29","date_gmt":"2021-02-04T17:51:29","guid":{"rendered":"http:\/\/tst.minijets.org\/?page_id=3780"},"modified":"2022-12-08T00:21:04","modified_gmt":"2022-12-07T23:21:04","slug":"hydroglisseur-couzinet","status":"publish","type":"page","link":"https:\/\/minijets.org\/fr\/150-300\/turbomeca-palas\/autres-utilisations\/hydroglisseur-couzinet\/","title":{"rendered":"Hydroglisseur Couzinet Palas"},"content":{"rendered":"\n<h2 class=\"wp-block-heading\" id=\"block-238174ed-da9a-4823-ad31-f0b8e8e9a813\">Couzinet<\/h2>\n\n\n\n<p>Ce n&#8217;est certes pas un avion, mais l&#8217;une des r\u00e9alisations d&#8217;un grand ing\u00e9nieur a\u00e9ronautique fran\u00e7ais : <a href=\"https:\/\/en.wikipedia.org\/wiki\/Ren%C3%A9_Couzinet\" data-type=\"URL\" data-id=\"https:\/\/en.wikipedia.org\/wiki\/Ren%C3%A9_Couzinet\" target=\"_blank\" rel=\"noopener\">Ren\u00e9 Couzinet<\/a>. Il est propuls\u00e9 par un turbor\u00e9acteur <a href=\"https:\/\/minijets.org\/150-300\/turbomeca-palas\/\" data-type=\"page\" data-id=\"2891\">Turbomeca Palas<\/a>. On le voit ici navigant sur la Seine, aux environs de l&#8217;Ile de la Jatte, o\u00f9 \u00e9tait situ\u00e9 l&#8217;Usine et bureaux d&#8217;\u00e9tude Couzinet. <\/p>\n\n\n\n<figure class=\"wp-block-image size-large\"><img loading=\"lazy\" decoding=\"async\" width=\"1024\" height=\"606\" src=\"http:\/\/minijets.org\/wp-content\/uploads\/2021\/01\/Hydro_couzinet_01-1024x606.jpg\" alt=\"\" class=\"wp-image-2740\" srcset=\"https:\/\/minijets.org\/wp-content\/uploads\/2021\/01\/Hydro_couzinet_01-1024x606.jpg 1024w, https:\/\/minijets.org\/wp-content\/uploads\/2021\/01\/Hydro_couzinet_01-300x178.jpg 300w, https:\/\/minijets.org\/wp-content\/uploads\/2021\/01\/Hydro_couzinet_01-768x455.jpg 768w, https:\/\/minijets.org\/wp-content\/uploads\/2021\/01\/Hydro_couzinet_01-1536x909.jpg 1536w, https:\/\/minijets.org\/wp-content\/uploads\/2021\/01\/Hydro_couzinet_01-2048x1212.jpg 2048w, https:\/\/minijets.org\/wp-content\/uploads\/2021\/01\/Hydro_couzinet_01-18x12.jpg 18w, https:\/\/minijets.org\/wp-content\/uploads\/2021\/01\/Hydro_couzinet_01-16x9.jpg 16w\" sizes=\"auto, (max-width: 1024px) 100vw, 1024px\" \/><figcaption class=\"wp-element-caption\">Hydroglisseur Couzinet. Source : Collection Philippe Bezard<\/figcaption><\/figure>\n","protected":false},"excerpt":{"rendered":"<p>Couzinet Ce n&#8217;est certes pas un avion, mais l&#8217;une des r\u00e9alisations d&#8217;un grand ing\u00e9nieur a\u00e9ronautique fran\u00e7ais : Ren\u00e9 Couzinet. Il est propuls\u00e9 par un turbor\u00e9acteur Turbomeca Palas. On le voit ici navigant sur la Seine, aux environs de l&#8217;Ile de la Jatte, o\u00f9 \u00e9tait situ\u00e9 l&#8217;Usine et bureaux d&#8217;\u00e9tude Couzinet.<\/p>\n","protected":false},"author":1,"featured_media":2728,"parent":3743,"menu_order":0,"comment_status":"closed","ping_status":"closed","template":"","meta":{"_acf_changed":false,"cybocfi_hide_featured_image":"","footnotes":""},"categories":[],"tags":[],"planes-000-100":[],"class_list":["post-3780","page","type-page","status-publish","has-post-thumbnail","hentry"],"blocksy_meta":[],"acf":[],"_links":{"self":[{"href":"https:\/\/minijets.org\/fr\/wp-json\/wp\/v2\/pages\/3780","targetHints":{"allow":["GET"]}}],"collection":[{"href":"https:\/\/minijets.org\/fr\/wp-json\/wp\/v2\/pages"}],"about":[{"href":"https:\/\/minijets.org\/fr\/wp-json\/wp\/v2\/types\/page"}],"author":[{"embeddable":true,"href":"https:\/\/minijets.org\/fr\/wp-json\/wp\/v2\/users\/1"}],"replies":[{"embeddable":true,"href":"https:\/\/minijets.org\/fr\/wp-json\/wp\/v2\/comments?post=3780"}],"version-history":[{"count":0,"href":"https:\/\/minijets.org\/fr\/wp-json\/wp\/v2\/pages\/3780\/revisions"}],"up":[{"embeddable":true,"href":"https:\/\/minijets.org\/fr\/wp-json\/wp\/v2\/pages\/3743"}],"wp:featuredmedia":[{"embeddable":true,"href":"https:\/\/minijets.org\/fr\/wp-json\/wp\/v2\/media\/2728"}],"wp:attachment":[{"href":"https:\/\/minijets.org\/fr\/wp-json\/wp\/v2\/media?parent=3780"}],"wp:term":[{"taxonomy":"category","embeddable":true,"href":"https:\/\/minijets.org\/fr\/wp-json\/wp\/v2\/categories?post=3780"},{"taxonomy":"post_tag","embeddable":true,"href":"https:\/\/minijets.org\/fr\/wp-json\/wp\/v2\/tags?post=3780"},{"taxonomy":"planes-000-100","embeddable":true,"href":"https:\/\/minijets.org\/fr\/wp-json\/wp\/v2\/planes-000-100?post=3780"}],"curies":[{"name":"wp","href":"https:\/\/api.w.org\/{rel}","templated":true}]}}