{"id":3909,"date":"2021-02-06T10:13:40","date_gmt":"2021-02-06T09:13:40","guid":{"rendered":"http:\/\/tst.minijets.org\/?page_id=3909"},"modified":"2022-11-14T00:13:24","modified_gmt":"2022-11-13T23:13:24","slug":"gemeaux-mark5","status":"publish","type":"page","link":"https:\/\/minijets.org\/fr\/300-500\/aspin2\/gemeaux-mark5\/","title":{"rendered":"Fouga CM-88 Gemeaux Mark V"},"content":{"rendered":"\n<p>Le\u00a0Fouga CM-88 G\u00e9meaux Mark V\u00a0est une \u00e9volution du prototype Mark IV (F-WEPJ), sur lequel le r\u00e9acteur Turbomeca <a href=\"https:\/\/minijets.org\/150-300\/turbomeca-aspin1\/\" data-type=\"page\" data-id=\"2923\">ASPIN I<\/a> a \u00e9t\u00e9 remplac\u00e9 par un\u00a0<a href=\"https:\/\/minijets.org\/300-500\/aspin2\/\" data-type=\"page\" data-id=\"3889\">ASPIN II.<\/a> Le mark V a fait son premier vol aux mains de\u00a0<a href=\"http:\/\/thetartanterror.blogspot.com\/2008\/08\/leon-bourrieau-1908-1974.html\" data-type=\"URL\" data-id=\"http:\/\/thetartanterror.blogspot.com\/2008\/08\/leon-bourrieau-1908-1974.html\" target=\"_blank\" rel=\"noopener\">L\u00e9on Bourrieau<\/a>\u00a0le\u00a021 Juin 1952.<\/p>\n\n\n\n<h2 class=\"wp-block-heading\">Pr\u00e9sentation du Fouga CM-88 Gemeaux Mark V<\/h2>\n\n\n\n<div class=\"wp-block-columns is-layout-flex wp-container-core-columns-is-layout-28f84493 wp-block-columns-is-layout-flex\">\n<div class=\"wp-block-column is-layout-flow wp-block-column-is-layout-flow\" style=\"flex-basis:50%\">\n<h3 class=\"wp-block-heading\">La voilure<\/h3>\n\n\n\n<p>L&#8217;aile a un allongement de 13. Son profil est un Naca 230. Il s&#8217;agit d&#8217;une voilure m\u00e9diane cantilever, mono-longeron, \u00e0 rev\u00eatement travaillant, enti\u00e8rement en bois. Un plan central assure la jonction entre les deux fuselages. Il comporte un r\u00e9servoir de 40 litres de k\u00e9ros\u00e8ne.<\/p>\n\n\n\n<p>Les deux extr\u00e9mit\u00e9s d&#8217;ailes sont des ailes de Cyclope. Chacune d&#8217;elle comporte un&nbsp;r\u00e9servoir de 40 litres de k\u00e9ros\u00e8ne<\/p>\n\n\n\n<p>Elle est \u00e9quip\u00e9e d&#8217;ailerons \u00e0 fente en alliage l\u00e9ger et entoil\u00e9s, ainsi que de volets de courbure de bord de fuite \u00e0 fente, eux aussi&nbsp;en alliage l\u00e9ger et entoil\u00e9s.<\/p>\n<\/div>\n\n\n\n<div class=\"wp-block-column minijets_table is-layout-flow wp-block-column-is-layout-flow\" style=\"flex-basis:50%\">\n<p><strong>Surfaces voilure<\/strong><\/p>\n\n\n\n<p>Aile : 12,80 m\u00b2<br>Ailerons : 1,10 m\u00b2<br>Volets de courbures : 1,10 m\u00b2<br>A\u00e9rofreins : 0,26 m<\/p>\n\n\n\n<p>Corde \u00e0 l&#8217;emplanture : 1,386 m<br>Corde \u00e0 l&#8217;extr\u00e9mit\u00e9 : 0,865 m<br>Fl\u00e8che : Nulle<br>Di\u00e8dre : 3\u00b010&#8242; \u00e0 l\u2019extrados<\/p>\n\n\n\n<p>les a\u00e9rofreins sont constitu\u00e9s de 4 rang\u00e9es de quart de disques m\u00e9talliques escamotables, sur l&#8217;intrados et l&#8217;extrados.<\/p>\n<\/div>\n<\/div>\n\n\n\n<div class=\"wp-block-columns is-layout-flex wp-container-core-columns-is-layout-28f84493 wp-block-columns-is-layout-flex\">\n<div class=\"wp-block-column is-layout-flow wp-block-column-is-layout-flow\" style=\"flex-basis:50%\">\n<h3 class=\"wp-block-heading\">Fuselages<\/h3>\n\n\n\n<p>Ils sont de section ovales, de type structure coque, enti\u00e8rement en bois et rev\u00eatus de contreplaqu\u00e9s. Chaque fuselage comporte un r\u00e9servoir de 50 litres de k\u00e9ros\u00e8ne.&nbsp;<\/p>\n\n\n\n<h3 class=\"wp-block-heading\">Atterrisseurs<\/h3>\n\n\n\n<p>Train quadricycle avec roulettes avants orientables, conjugu\u00e9es au palonnier, et b\u00e9quilles auxiliaires arri\u00e8res.<br>Train principal avec amortisseur hydraulique, disposant de roues de 500&#215;150 \u00e0 frein.<br>Train avant \u00e0 balancier, \u00e9quip\u00e9 d&#8217;amortisseur hydraulique et de roue de 260&#215;80.<\/p>\n<\/div>\n\n\n\n<div class=\"wp-block-column is-layout-flow wp-block-column-is-layout-flow\" style=\"flex-basis:50%\">\n<h3 class=\"wp-block-heading\">Empennages<\/h3>\n\n\n\n<p>Les empennages sont en W. En fait il s&#8217;agit d&#8217;un empennage en V sur chaque fuselage. Ils ne sont pas reli\u00e9s entre eux, mais les deux fuselages le sont par un plan fixe horizontal.<\/p>\n\n\n\n<p>Les plans fixes sont en bois. Les parties mobiles sont en alliages l\u00e9ger, avec un rev\u00eatement en t\u00f4le.<\/p>\n\n\n\n<p><strong>Surfaces empennages<\/strong><\/p>\n\n\n\n<p>Plans fixes : 2,710 m\u00b2<\/p>\n\n\n\n<p>Volets mobiles : 1,740 m\u00b2<\/p>\n<\/div>\n<\/div>\n\n\n\n<figure class=\"wp-block-image aligncenter size-large\"><img loading=\"lazy\" decoding=\"async\" width=\"886\" height=\"968\" src=\"http:\/\/minijets.org\/wp-content\/uploads\/2021\/02\/fouga_cm88-mark_5.jpg\" alt=\"Fouga CM-88 Gemeaux Mark V\" class=\"wp-image-3532\" srcset=\"https:\/\/minijets.org\/wp-content\/uploads\/2021\/02\/fouga_cm88-mark_5.jpg 886w, https:\/\/minijets.org\/wp-content\/uploads\/2021\/02\/fouga_cm88-mark_5-275x300.jpg 275w, https:\/\/minijets.org\/wp-content\/uploads\/2021\/02\/fouga_cm88-mark_5-768x839.jpg 768w, https:\/\/minijets.org\/wp-content\/uploads\/2021\/02\/fouga_cm88-mark_5-11x12.jpg 11w\" sizes=\"auto, (max-width: 886px) 100vw, 886px\" \/><\/figure>\n","protected":false},"excerpt":{"rendered":"<p>Le\u00a0Fouga CM-88 G\u00e9meaux Mark V\u00a0est une \u00e9volution du prototype Mark IV (F-WEPJ), sur lequel le r\u00e9acteur Turbomeca ASPIN I a \u00e9t\u00e9 remplac\u00e9 par un\u00a0ASPIN II. Le mark V a fait son premier vol aux mains de\u00a0L\u00e9on Bourrieau\u00a0le\u00a021 Juin 1952. Pr\u00e9sentation du Fouga CM-88 Gemeaux Mark V La voilure L&#8217;aile a un allongement de 13. Son [&hellip;]<\/p>\n","protected":false},"author":1,"featured_media":3977,"parent":3889,"menu_order":0,"comment_status":"closed","ping_status":"closed","template":"","meta":{"_acf_changed":false,"cybocfi_hide_featured_image":"","footnotes":""},"categories":[20],"tags":[],"planes-000-100":[],"class_list":["post-3909","page","type-page","status-publish","has-post-thumbnail","hentry","category-plane-300-500"],"blocksy_meta":[],"acf":[],"_links":{"self":[{"href":"https:\/\/minijets.org\/fr\/wp-json\/wp\/v2\/pages\/3909","targetHints":{"allow":["GET"]}}],"collection":[{"href":"https:\/\/minijets.org\/fr\/wp-json\/wp\/v2\/pages"}],"about":[{"href":"https:\/\/minijets.org\/fr\/wp-json\/wp\/v2\/types\/page"}],"author":[{"embeddable":true,"href":"https:\/\/minijets.org\/fr\/wp-json\/wp\/v2\/users\/1"}],"replies":[{"embeddable":true,"href":"https:\/\/minijets.org\/fr\/wp-json\/wp\/v2\/comments?post=3909"}],"version-history":[{"count":0,"href":"https:\/\/minijets.org\/fr\/wp-json\/wp\/v2\/pages\/3909\/revisions"}],"up":[{"embeddable":true,"href":"https:\/\/minijets.org\/fr\/wp-json\/wp\/v2\/pages\/3889"}],"wp:featuredmedia":[{"embeddable":true,"href":"https:\/\/minijets.org\/fr\/wp-json\/wp\/v2\/media\/3977"}],"wp:attachment":[{"href":"https:\/\/minijets.org\/fr\/wp-json\/wp\/v2\/media?parent=3909"}],"wp:term":[{"taxonomy":"category","embeddable":true,"href":"https:\/\/minijets.org\/fr\/wp-json\/wp\/v2\/categories?post=3909"},{"taxonomy":"post_tag","embeddable":true,"href":"https:\/\/minijets.org\/fr\/wp-json\/wp\/v2\/tags?post=3909"},{"taxonomy":"planes-000-100","embeddable":true,"href":"https:\/\/minijets.org\/fr\/wp-json\/wp\/v2\/planes-000-100?post=3909"}],"curies":[{"name":"wp","href":"https:\/\/api.w.org\/{rel}","templated":true}]}}