{"id":4454,"date":"2021-02-08T11:39:06","date_gmt":"2021-02-08T10:39:06","guid":{"rendered":"http:\/\/tst.minijets.org\/?page_id=4454"},"modified":"2022-11-14T19:05:19","modified_gmt":"2022-11-14T18:05:19","slug":"magister-au-moyen-orient","status":"publish","type":"page","link":"https:\/\/minijets.org\/fr\/300-500\/turbomeca-marbore\/fouga-cm170r-magister\/magister-au-moyen-orient\/","title":{"rendered":"Fouga Magister au Moyen-Orient"},"content":{"rendered":"\n<p>Vous trouverez ci-apr\u00e8s la liste des op\u00e9rateurs du Fouga Magister dans la r\u00e9gion du Moyen-Orient<\/p>\n\n\n\n<h2 class=\"wp-block-heading\" id=\"block-3965b102-e4a9-422a-9312-79e27f778300\">Israel<\/h2>\n\n\n\n<div class=\"wp-block-columns is-layout-flex wp-container-core-columns-is-layout-28f84493 wp-block-columns-is-layout-flex\">\n<div class=\"wp-block-column is-layout-flow wp-block-column-is-layout-flow\" style=\"flex-basis:5%\">\n<figure class=\"wp-block-image size-large\"><img loading=\"lazy\" decoding=\"async\" width=\"75\" height=\"75\" src=\"http:\/\/minijets.org\/wp-content\/uploads\/2021\/02\/IL.png\" alt=\"\" class=\"wp-image-4455\" srcset=\"https:\/\/minijets.org\/wp-content\/uploads\/2021\/02\/IL.png 75w, https:\/\/minijets.org\/wp-content\/uploads\/2021\/02\/IL-12x12.png 12w\" sizes=\"auto, (max-width: 75px) 100vw, 75px\" \/><\/figure>\n<\/div>\n\n\n\n<div class=\"wp-block-column is-layout-flow wp-block-column-is-layout-flow\" style=\"flex-basis:50%\">\n<h3 class=\"wp-block-heading\">Force a\u00e9rienne isra\u00e9lienne<\/h3>\n\n\n\n<p><strong>Heyl Ha Avir<\/strong><\/p>\n\n\n\n<p>The name for the Fouga CM-170 Magister in Israel is :&nbsp;<strong>Tsukit<\/strong>&nbsp;(Hebrew name wich means Merlin).&nbsp;<\/p>\n\n\n\n<p>Thirty-six CM-170R aircraft were assembled by Bedek (now IAI) from German supplied kits (c\/ns 235 to 250, initially serialled 15, 16, 17 etc. then reserialled in the range 201 to 299).<\/p>\n\n\n\n<p>Up to 114 ex-Luftwaffe aircraft (serialled in 040 to 099 and 101 to 199).<\/p>\n<\/div>\n\n\n\n<div class=\"wp-block-column is-layout-flow wp-block-column-is-layout-flow\" style=\"flex-basis:45%\">\n<figure class=\"wp-block-image size-large\"><img loading=\"lazy\" decoding=\"async\" width=\"500\" height=\"204\" src=\"http:\/\/minijets.org\/wp-content\/uploads\/2021\/02\/Fouga_CM170_Israel_01.jpg\" alt=\"Fouga Magister isra\u00e9lien\" class=\"wp-image-4052\" srcset=\"https:\/\/minijets.org\/wp-content\/uploads\/2021\/02\/Fouga_CM170_Israel_01.jpg 500w, https:\/\/minijets.org\/wp-content\/uploads\/2021\/02\/Fouga_CM170_Israel_01-300x122.jpg 300w, https:\/\/minijets.org\/wp-content\/uploads\/2021\/02\/Fouga_CM170_Israel_01-18x7.jpg 18w\" sizes=\"auto, (max-width: 500px) 100vw, 500px\" \/><figcaption class=\"wp-element-caption\">Fouga CM170R &#8220;Magister&#8221; Isra\u00e9lien. Source : Royal Air Force Flying review, D\u00e9cembre 1967<\/figcaption><\/figure>\n\n\n\n<figure class=\"wp-block-image size-large\"><img loading=\"lazy\" decoding=\"async\" width=\"500\" height=\"332\" src=\"http:\/\/minijets.org\/wp-content\/uploads\/2021\/02\/Fouga_CM170_Israel_02.jpg\" alt=\"Fouga Magister isra\u00e9lien\" class=\"wp-image-4045\" srcset=\"https:\/\/minijets.org\/wp-content\/uploads\/2021\/02\/Fouga_CM170_Israel_02.jpg 500w, https:\/\/minijets.org\/wp-content\/uploads\/2021\/02\/Fouga_CM170_Israel_02-300x199.jpg 300w, https:\/\/minijets.org\/wp-content\/uploads\/2021\/02\/Fouga_CM170_Israel_02-18x12.jpg 18w\" sizes=\"auto, (max-width: 500px) 100vw, 500px\" \/><figcaption class=\"wp-element-caption\">Fouga CM170R Tzukit, Israel, June 26, 2008. With courtesy of the photographer Shimon Mentel<\/figcaption><\/figure>\n<\/div>\n<\/div>\n\n\n\n<h2 class=\"wp-block-heading\" id=\"block-3965b102-e4a9-422a-9312-79e27f778300\">Liban<\/h2>\n\n\n\n<div class=\"wp-block-columns is-layout-flex wp-container-core-columns-is-layout-28f84493 wp-block-columns-is-layout-flex\">\n<div class=\"wp-block-column is-layout-flow wp-block-column-is-layout-flow\" style=\"flex-basis:5%\">\n<figure class=\"wp-block-image size-large\"><img loading=\"lazy\" decoding=\"async\" width=\"75\" height=\"75\" src=\"http:\/\/minijets.org\/wp-content\/uploads\/2021\/02\/LB08114508.png\" alt=\"\" class=\"wp-image-4460\" srcset=\"https:\/\/minijets.org\/wp-content\/uploads\/2021\/02\/LB08114508.png 75w, https:\/\/minijets.org\/wp-content\/uploads\/2021\/02\/LB08114508-12x12.png 12w\" sizes=\"auto, (max-width: 75px) 100vw, 75px\" \/><\/figure>\n<\/div>\n\n\n\n<div class=\"wp-block-column is-layout-flow wp-block-column-is-layout-flow\" style=\"flex-basis:50%\">\n<h3 class=\"wp-block-heading\">Lebanese Air Force<\/h3>\n\n\n\n<p><strong>Quwwat al-Jawwiya al-Lubnaniyya<\/strong><\/p>\n\n\n\n<p>The Lebanese Air Force was established in 1949. Soon after its establishment a number of planes were donated by the British, French, and Italian governments. A few years later, in 1953, jet fighters were introduced when a number of de Havilland Vampire jet.<\/p>\n\n\n\n<p>By the early 60s, the Lebanese Air Force&#8217;s inventory already had a large number of propeller driven early trainers and with the introduction of the faster Vampire and Hunter jets, the need for an advanced trainer became one of the priorities. &nbsp; The Fouga Magister CM-170 was chosen and the first 5 were delivered in 1966. &nbsp;Further 5 Fougas were bought from the German Air Force (Luftwaffe) in 1972. &nbsp;The Fouga Magisters were the only advanced trainers even operated by the Lebanese Air Force and few were believed to be in service till the early 90s.<\/p>\n<\/div>\n\n\n\n<div class=\"wp-block-column is-layout-flow wp-block-column-is-layout-flow\" style=\"flex-basis:45%\">\n<figure class=\"wp-block-image size-large\"><img loading=\"lazy\" decoding=\"async\" width=\"500\" height=\"299\" src=\"http:\/\/minijets.org\/wp-content\/uploads\/2021\/02\/Fouga_CM170_Liban_01.jpg\" alt=\"Fouga Magister libanais\" class=\"wp-image-4049\" srcset=\"https:\/\/minijets.org\/wp-content\/uploads\/2021\/02\/Fouga_CM170_Liban_01.jpg 500w, https:\/\/minijets.org\/wp-content\/uploads\/2021\/02\/Fouga_CM170_Liban_01-300x179.jpg 300w, https:\/\/minijets.org\/wp-content\/uploads\/2021\/02\/Fouga_CM170_Liban_01-18x12.jpg 18w\" sizes=\"auto, (max-width: 500px) 100vw, 500px\" \/><\/figure>\n<\/div>\n<\/div>\n","protected":false},"excerpt":{"rendered":"<p>Vous trouverez ci-apr\u00e8s la liste des op\u00e9rateurs du Fouga Magister dans la r\u00e9gion du Moyen-Orient Israel Force a\u00e9rienne isra\u00e9lienne Heyl Ha Avir The name for the Fouga CM-170 Magister in Israel is :&nbsp;Tsukit&nbsp;(Hebrew name wich means Merlin).&nbsp; Thirty-six CM-170R aircraft were assembled by Bedek (now IAI) from German supplied kits (c\/ns 235 to 250, initially [&hellip;]<\/p>\n","protected":false},"author":1,"featured_media":0,"parent":4273,"menu_order":0,"comment_status":"closed","ping_status":"closed","template":"","meta":{"_acf_changed":false,"cybocfi_hide_featured_image":"","footnotes":""},"categories":[],"tags":[],"planes-000-100":[],"class_list":["post-4454","page","type-page","status-publish","hentry"],"blocksy_meta":[],"acf":[],"_links":{"self":[{"href":"https:\/\/minijets.org\/fr\/wp-json\/wp\/v2\/pages\/4454","targetHints":{"allow":["GET"]}}],"collection":[{"href":"https:\/\/minijets.org\/fr\/wp-json\/wp\/v2\/pages"}],"about":[{"href":"https:\/\/minijets.org\/fr\/wp-json\/wp\/v2\/types\/page"}],"author":[{"embeddable":true,"href":"https:\/\/minijets.org\/fr\/wp-json\/wp\/v2\/users\/1"}],"replies":[{"embeddable":true,"href":"https:\/\/minijets.org\/fr\/wp-json\/wp\/v2\/comments?post=4454"}],"version-history":[{"count":0,"href":"https:\/\/minijets.org\/fr\/wp-json\/wp\/v2\/pages\/4454\/revisions"}],"up":[{"embeddable":true,"href":"https:\/\/minijets.org\/fr\/wp-json\/wp\/v2\/pages\/4273"}],"wp:attachment":[{"href":"https:\/\/minijets.org\/fr\/wp-json\/wp\/v2\/media?parent=4454"}],"wp:term":[{"taxonomy":"category","embeddable":true,"href":"https:\/\/minijets.org\/fr\/wp-json\/wp\/v2\/categories?post=4454"},{"taxonomy":"post_tag","embeddable":true,"href":"https:\/\/minijets.org\/fr\/wp-json\/wp\/v2\/tags?post=4454"},{"taxonomy":"planes-000-100","embeddable":true,"href":"https:\/\/minijets.org\/fr\/wp-json\/wp\/v2\/planes-000-100?post=4454"}],"curies":[{"name":"wp","href":"https:\/\/api.w.org\/{rel}","templated":true}]}}