{"id":4527,"date":"2021-02-08T18:53:19","date_gmt":"2021-02-08T17:53:19","guid":{"rendered":"http:\/\/tst.minijets.org\/?page_id=4527"},"modified":"2022-10-26T12:01:50","modified_gmt":"2022-10-26T10:01:50","slug":"ha-200-saeta","status":"publish","type":"page","link":"https:\/\/minijets.org\/fr\/300-500\/turbomeca-marbore\/ha-200-saeta\/","title":{"rendered":"HA-200 Saeta"},"content":{"rendered":"\n<figure class=\"wp-block-image size-full\"><img loading=\"lazy\" decoding=\"async\" width=\"950\" height=\"135\" src=\"https:\/\/minijets.org\/wp-content\/uploads\/2021\/02\/HA-200_Saeta_top.jpg\" alt=\"HA-200 Saeta\" class=\"wp-image-4062\" srcset=\"https:\/\/minijets.org\/wp-content\/uploads\/2021\/02\/HA-200_Saeta_top.jpg 950w, https:\/\/minijets.org\/wp-content\/uploads\/2021\/02\/HA-200_Saeta_top-300x43.jpg 300w, https:\/\/minijets.org\/wp-content\/uploads\/2021\/02\/HA-200_Saeta_top-768x109.jpg 768w, https:\/\/minijets.org\/wp-content\/uploads\/2021\/02\/HA-200_Saeta_top-18x3.jpg 18w\" sizes=\"auto, (max-width: 950px) 100vw, 950px\" \/><figcaption>Photo : HA-220 Super SAETA, 214-93 ( C.10C-93 ), de l&#8217;Ej\u00e9rcito del Aire. Source : SHYCEA, Service historique de l&#8217;arm\u00e9e de l&#8217;air Espagnol<\/figcaption><\/figure>\n\n\n\n<div class=\"wp-block-columns is-layout-flex wp-container-core-columns-is-layout-28f84493 wp-block-columns-is-layout-flex\">\n<div class=\"wp-block-column is-layout-flow wp-block-column-is-layout-flow\">\n<figure class=\"wp-block-image size-large\"><img loading=\"lazy\" decoding=\"async\" width=\"500\" height=\"168\" src=\"http:\/\/minijets.org\/wp-content\/uploads\/2021\/02\/HA-200_Saeta_00.jpg\" alt=\"HA-200 Saeta\" class=\"wp-image-4053\" srcset=\"https:\/\/minijets.org\/wp-content\/uploads\/2021\/02\/HA-200_Saeta_00.jpg 500w, https:\/\/minijets.org\/wp-content\/uploads\/2021\/02\/HA-200_Saeta_00-300x101.jpg 300w, https:\/\/minijets.org\/wp-content\/uploads\/2021\/02\/HA-200_Saeta_00-18x6.jpg 18w\" sizes=\"auto, (max-width: 500px) 100vw, 500px\" \/><figcaption>L&#8217;Hispano HA-200-R1 (2 turbor\u00e9acteurs Turbomeca Marbore IIA). Source : Janes AWA 1956-1957<\/figcaption><\/figure>\n\n\n\n<figure class=\"wp-block-image size-large\"><img loading=\"lazy\" decoding=\"async\" width=\"500\" height=\"255\" src=\"http:\/\/minijets.org\/wp-content\/uploads\/2021\/02\/HA-200_Saeta_04.jpg\" alt=\"HA-200 Saeta\" class=\"wp-image-4056\" srcset=\"https:\/\/minijets.org\/wp-content\/uploads\/2021\/02\/HA-200_Saeta_04.jpg 500w, https:\/\/minijets.org\/wp-content\/uploads\/2021\/02\/HA-200_Saeta_04-300x153.jpg 300w, https:\/\/minijets.org\/wp-content\/uploads\/2021\/02\/HA-200_Saeta_04-18x9.jpg 18w\" sizes=\"auto, (max-width: 500px) 100vw, 500px\" \/><figcaption>Prototype EC-AMM du HA-200 Saeta<\/figcaption><\/figure>\n<\/div>\n\n\n\n<div class=\"wp-block-column minijets_table is-layout-flow wp-block-column-is-layout-flow\" style=\"flex-basis:40%\">\n<p>Le\u00a0<strong>HA-200<\/strong>\u00a0<strong>Saeta<\/strong> (Fl\u00e8che) est l&#8217;une d\u00e8s derni\u00e8res conception de <strong>Willy Messerschmitt<\/strong>. Il l&#8217;a r\u00e9alis\u00e9, pour la soci\u00e9t\u00e9 espagnole <strong>Hispano Aviaci\u00f3n<\/strong>, avec l&#8217;aide d&#8217;une \u00e9quipe germano-espagnole. Il s&#8217;agissait du premier avion a r\u00e9action espagnol, qui devait remplacer les HA-100 Traina et T6 am\u00e9ricains.\u00a0<\/p>\n\n\n\n<p>Deux prototypes ont \u00e9t\u00e9 construit, le premier a vol\u00e9 le&nbsp;<strong>12 ao\u00fbt 1955<\/strong>&nbsp;avec aux commandes F<strong>ernando Juan Valiente<\/strong>.<\/p>\n\n\n\n<p>D\u00e8s l&#8217;automne 1957 un programme d&#8217;exp\u00e9rimentation a \u00e9t\u00e9 entam\u00e9 par l&#8217;INTA. Dix appareil de pr\u00e9s\u00e9rie ont \u00e9t\u00e9 command\u00e9 par l&#8217;arm\u00e9e de l&#8217;air Espagnole, dont 5 seront transform\u00e9 en&nbsp;<strong>HA-200 A<\/strong>&nbsp;(E14A dans l&#8217;Ej\u00e9rcito del Aire). Le premier appareil volera le 21 juillet 1960, les autres seront &nbsp;livr\u00e9s jusqu&#8217;en 1962.<\/p>\n\n\n\n<p>Par la suite, une s\u00e9rie suppl\u00e9mentaire de 30 HA-200 A a \u00e9t\u00e9 construit. Le premier d&#8217;entre eux a vol\u00e9 le 11 octobre 1962, les autres \u00e9tant livr\u00e9 entre 1963 et 1965. En avril 1965 a vol\u00e9 le premier&nbsp;<strong>HA-200 B<\/strong>&nbsp;(C10B dans l&#8217;Ej\u00e9rcito del Aire) dont 55 seront construits et seront incorpor\u00e9 \u00e0&nbsp;l&#8217;Ej\u00e9rcito del Aire sur la p\u00e9riode 1965-1967.<\/p>\n<\/div>\n<\/div>\n\n\n\n<div class=\"wp-block-columns is-layout-flex wp-container-core-columns-is-layout-28f84493 wp-block-columns-is-layout-flex\">\n<div class=\"wp-block-column is-layout-flow wp-block-column-is-layout-flow\">\n<figure class=\"wp-block-image size-large\"><img loading=\"lazy\" decoding=\"async\" width=\"500\" height=\"422\" src=\"http:\/\/minijets.org\/wp-content\/uploads\/2021\/02\/HA-200_Saeta_05.jpg\" alt=\"HA-200 Saeta\" class=\"wp-image-4055\" srcset=\"https:\/\/minijets.org\/wp-content\/uploads\/2021\/02\/HA-200_Saeta_05.jpg 500w, https:\/\/minijets.org\/wp-content\/uploads\/2021\/02\/HA-200_Saeta_05-300x253.jpg 300w, https:\/\/minijets.org\/wp-content\/uploads\/2021\/02\/HA-200_Saeta_05-14x12.jpg 14w\" sizes=\"auto, (max-width: 500px) 100vw, 500px\" \/><\/figure>\n\n\n\n<figure class=\"wp-block-image size-large\"><img loading=\"lazy\" decoding=\"async\" width=\"500\" height=\"219\" src=\"http:\/\/minijets.org\/wp-content\/uploads\/2021\/02\/HA-200_Saeta_01.jpg\" alt=\"HA-200 Saeta\" class=\"wp-image-4059\" srcset=\"https:\/\/minijets.org\/wp-content\/uploads\/2021\/02\/HA-200_Saeta_01.jpg 500w, https:\/\/minijets.org\/wp-content\/uploads\/2021\/02\/HA-200_Saeta_01-300x131.jpg 300w, https:\/\/minijets.org\/wp-content\/uploads\/2021\/02\/HA-200_Saeta_01-18x8.jpg 18w\" sizes=\"auto, (max-width: 500px) 100vw, 500px\" \/><\/figure>\n<\/div>\n\n\n\n<div class=\"wp-block-column is-layout-flow wp-block-column-is-layout-flow\">\n<figure class=\"wp-block-image size-large\"><img loading=\"lazy\" decoding=\"async\" width=\"500\" height=\"321\" src=\"http:\/\/minijets.org\/wp-content\/uploads\/2021\/02\/HA-200_Saeta_06.jpg\" alt=\"HA-200 Saeta\" class=\"wp-image-4060\" srcset=\"https:\/\/minijets.org\/wp-content\/uploads\/2021\/02\/HA-200_Saeta_06.jpg 500w, https:\/\/minijets.org\/wp-content\/uploads\/2021\/02\/HA-200_Saeta_06-300x193.jpg 300w, https:\/\/minijets.org\/wp-content\/uploads\/2021\/02\/HA-200_Saeta_06-18x12.jpg 18w\" sizes=\"auto, (max-width: 500px) 100vw, 500px\" \/><figcaption>HA-200 Saeta. Source : Aviation Magazine 1956<\/figcaption><\/figure>\n\n\n\n<figure class=\"wp-block-image size-large\"><img loading=\"lazy\" decoding=\"async\" width=\"500\" height=\"312\" src=\"http:\/\/minijets.org\/wp-content\/uploads\/2021\/02\/HA-200_Saeta_02.jpg\" alt=\"HA-200 Saeta\" class=\"wp-image-4057\" srcset=\"https:\/\/minijets.org\/wp-content\/uploads\/2021\/02\/HA-200_Saeta_02.jpg 500w, https:\/\/minijets.org\/wp-content\/uploads\/2021\/02\/HA-200_Saeta_02-300x187.jpg 300w, https:\/\/minijets.org\/wp-content\/uploads\/2021\/02\/HA-200_Saeta_02-18x12.jpg 18w\" sizes=\"auto, (max-width: 500px) 100vw, 500px\" \/><\/figure>\n<\/div>\n<\/div>\n\n\n\n<figure class=\"wp-block-image size-large\"><img loading=\"lazy\" decoding=\"async\" width=\"950\" height=\"557\" src=\"http:\/\/minijets.org\/wp-content\/uploads\/2021\/02\/HA-200_Saeta_Draw_01.jpg\" alt=\"HA-200 Saeta\" class=\"wp-image-4061\" srcset=\"https:\/\/minijets.org\/wp-content\/uploads\/2021\/02\/HA-200_Saeta_Draw_01.jpg 950w, https:\/\/minijets.org\/wp-content\/uploads\/2021\/02\/HA-200_Saeta_Draw_01-300x176.jpg 300w, https:\/\/minijets.org\/wp-content\/uploads\/2021\/02\/HA-200_Saeta_Draw_01-768x450.jpg 768w, https:\/\/minijets.org\/wp-content\/uploads\/2021\/02\/HA-200_Saeta_Draw_01-18x12.jpg 18w\" sizes=\"auto, (max-width: 950px) 100vw, 950px\" \/><\/figure>\n\n\n\n<figure class=\"wp-block-image size-full\"><img loading=\"lazy\" decoding=\"async\" width=\"500\" height=\"656\" src=\"https:\/\/minijets.org\/wp-content\/uploads\/2021\/02\/HA-200_Saeta_P3views.jpg\" alt=\"HA-200 Saeta, P3 views\" class=\"wp-image-4058\" srcset=\"https:\/\/minijets.org\/wp-content\/uploads\/2021\/02\/HA-200_Saeta_P3views.jpg 500w, https:\/\/minijets.org\/wp-content\/uploads\/2021\/02\/HA-200_Saeta_P3views-229x300.jpg 229w, https:\/\/minijets.org\/wp-content\/uploads\/2021\/02\/HA-200_Saeta_P3views-9x12.jpg 9w\" sizes=\"auto, (max-width: 500px) 100vw, 500px\" \/><\/figure>\n","protected":false},"excerpt":{"rendered":"<p>Le\u00a0HA-200\u00a0Saeta (Fl\u00e8che) est l&#8217;une d\u00e8s derni\u00e8res conception de Willy Messerschmitt. Il l&#8217;a r\u00e9alis\u00e9, pour la soci\u00e9t\u00e9 espagnole Hispano Aviaci\u00f3n, avec l&#8217;aide d&#8217;une \u00e9quipe germano-espagnole. Il s&#8217;agissait du premier avion a r\u00e9action espagnol, qui devait remplacer les HA-100 Traina et T6 am\u00e9ricains.\u00a0 Deux prototypes ont \u00e9t\u00e9 construit, le premier a vol\u00e9 le&nbsp;12 ao\u00fbt 1955&nbsp;avec aux commandes [&hellip;]<\/p>\n","protected":false},"author":1,"featured_media":4060,"parent":3923,"menu_order":0,"comment_status":"closed","ping_status":"closed","template":"","meta":{"_acf_changed":false,"cybocfi_hide_featured_image":"","footnotes":""},"categories":[20],"tags":[],"planes-000-100":[],"class_list":["post-4527","page","type-page","status-publish","has-post-thumbnail","hentry","category-plane-300-500"],"blocksy_meta":[],"acf":[],"_links":{"self":[{"href":"https:\/\/minijets.org\/fr\/wp-json\/wp\/v2\/pages\/4527","targetHints":{"allow":["GET"]}}],"collection":[{"href":"https:\/\/minijets.org\/fr\/wp-json\/wp\/v2\/pages"}],"about":[{"href":"https:\/\/minijets.org\/fr\/wp-json\/wp\/v2\/types\/page"}],"author":[{"embeddable":true,"href":"https:\/\/minijets.org\/fr\/wp-json\/wp\/v2\/users\/1"}],"replies":[{"embeddable":true,"href":"https:\/\/minijets.org\/fr\/wp-json\/wp\/v2\/comments?post=4527"}],"version-history":[{"count":0,"href":"https:\/\/minijets.org\/fr\/wp-json\/wp\/v2\/pages\/4527\/revisions"}],"up":[{"embeddable":true,"href":"https:\/\/minijets.org\/fr\/wp-json\/wp\/v2\/pages\/3923"}],"wp:featuredmedia":[{"embeddable":true,"href":"https:\/\/minijets.org\/fr\/wp-json\/wp\/v2\/media\/4060"}],"wp:attachment":[{"href":"https:\/\/minijets.org\/fr\/wp-json\/wp\/v2\/media?parent=4527"}],"wp:term":[{"taxonomy":"category","embeddable":true,"href":"https:\/\/minijets.org\/fr\/wp-json\/wp\/v2\/categories?post=4527"},{"taxonomy":"post_tag","embeddable":true,"href":"https:\/\/minijets.org\/fr\/wp-json\/wp\/v2\/tags?post=4527"},{"taxonomy":"planes-000-100","embeddable":true,"href":"https:\/\/minijets.org\/fr\/wp-json\/wp\/v2\/planes-000-100?post=4527"}],"curies":[{"name":"wp","href":"https:\/\/api.w.org\/{rel}","templated":true}]}}