{"id":4558,"date":"2021-02-09T10:36:33","date_gmt":"2021-02-09T09:36:33","guid":{"rendered":"http:\/\/tst.minijets.org\/?page_id=4558"},"modified":"2022-10-15T15:32:03","modified_gmt":"2022-10-15T13:32:03","slug":"ikarus-s-451-mm-matica","status":"publish","type":"page","link":"https:\/\/minijets.org\/fr\/300-500\/turbomeca-marbore\/ikarus-s-451-mm-matica\/","title":{"rendered":"Ikarus S 451 MM Matica"},"content":{"rendered":"\n<p>L&#8217;<strong>Ikarus S 451 MM Matica<\/strong>&nbsp;est le premier avion d&#8217;entrainement \u00e0 r\u00e9action yougoslave \u00e0 avoir vol\u00e9. Il a fait son premier le vol&nbsp;5 Juin 1957. Il est de type bir\u00e9acteur, biplace en tandem, \u00e0 train tricycle escamotable.<\/p>\n\n\n\n<figure class=\"wp-block-image size-full\"><img loading=\"lazy\" decoding=\"async\" width=\"950\" height=\"433\" src=\"https:\/\/minijets.org\/wp-content\/uploads\/2021\/02\/Ikarus_451M_Matica_01.jpg\" alt=\"Ikarus S 451 MM Matica\" class=\"wp-image-4064\" srcset=\"https:\/\/minijets.org\/wp-content\/uploads\/2021\/02\/Ikarus_451M_Matica_01.jpg 950w, https:\/\/minijets.org\/wp-content\/uploads\/2021\/02\/Ikarus_451M_Matica_01-300x137.jpg 300w, https:\/\/minijets.org\/wp-content\/uploads\/2021\/02\/Ikarus_451M_Matica_01-768x350.jpg 768w, https:\/\/minijets.org\/wp-content\/uploads\/2021\/02\/Ikarus_451M_Matica_01-18x8.jpg 18w\" sizes=\"auto, (max-width: 950px) 100vw, 950px\" \/><figcaption>Ikarus S 451 MM Matica. Source : Jane&#8217;s all the wolrd&#8217;s aircraft, 1960-1961<\/figcaption><\/figure>\n\n\n\n<div class=\"wp-block-columns is-layout-flex wp-container-core-columns-is-layout-28f84493 wp-block-columns-is-layout-flex\">\n<div class=\"wp-block-column is-layout-flow wp-block-column-is-layout-flow\" style=\"flex-basis:50%\">\n<figure class=\"wp-block-image size-large\"><img loading=\"lazy\" decoding=\"async\" width=\"500\" height=\"247\" src=\"http:\/\/minijets.org\/wp-content\/uploads\/2021\/02\/Ikarus_451M_Matica_02.jpg\" alt=\"Ikarus S 451 MM Matica\" class=\"wp-image-4063\" srcset=\"https:\/\/minijets.org\/wp-content\/uploads\/2021\/02\/Ikarus_451M_Matica_02.jpg 500w, https:\/\/minijets.org\/wp-content\/uploads\/2021\/02\/Ikarus_451M_Matica_02-300x148.jpg 300w, https:\/\/minijets.org\/wp-content\/uploads\/2021\/02\/Ikarus_451M_Matica_02-18x9.jpg 18w\" sizes=\"auto, (max-width: 500px) 100vw, 500px\" \/><figcaption>Ikarus S 451 MM Matica, abandonn\u00e9 avant sa r\u00e9cup\u00e9ration par le mus\u00e9e de Belgrade<\/figcaption><\/figure>\n\n\n\n<h3 class=\"wp-block-heading\">Pr\u00e9servation<\/h3>\n\n\n\n<p>En 1999, le &#8220;<strong>Matica<\/strong>&#8221; avait \u00e9t\u00e9 \u00e9vacu\u00e9 du mus\u00e9e de l&#8217;air de Belgrade, afin d&#8217;\u00e9viter qu&#8217;il ne soit d\u00e9truit par les raids de l&#8217;OTAN.<\/p>\n\n\n\n<p>Il est retourn\u00e9 au mus\u00e9e apr\u00e8s la guerre, mais les probl\u00e8mes de sa restauration et la pr\u00e9servation m\u00eame de l&#8217;avion ne semble pas \u00e9t\u00e9 r\u00e9solu \u00e0 ce jour.<\/p>\n<\/div>\n\n\n\n<div class=\"wp-block-column minijets_table is-layout-flow wp-block-column-is-layout-flow\" style=\"flex-basis:50%\">\n<p>Comme pour le S-451M et le S-452M, on doit la conception et la r\u00e9alisation de cet appareil \u00e0&nbsp;<strong>Dragoljub Beslin<\/strong>&nbsp;et \u00e0 son \u00e9quipe.<\/p>\n\n\n\n<p>Le&nbsp;<strong>19 mai 1960<\/strong>, le capitaine Lubomir Zekavica a \u00e9tabli un <a href=\"#matica\">record du monde<\/a> de vitesse dans la cat\u00e9gorie des avions ayant une masse de 1750 \u00e0 3000 kg), avec&nbsp;<strong>750,34 km\/h<\/strong>.&nbsp;L&#8217;enregistrement s&#8217;est effectu\u00e9 au-dessus de la base Belgrade sur une base de 15-25 km.&nbsp;Les param\u00e8tres du vol ont \u00e9t\u00e9 enregistr\u00e9 conform\u00e9ment aux exigences de la F\u00e9d\u00e9ration A\u00e9ronautique Internationale (FAI), mais le&nbsp;dossier a d\u00fb mettre du temps pour \u00eatre constitu\u00e9 et envoy\u00e9.&nbsp;Quand ce fut le cas, il \u00e9tait p\u00e9rim\u00e9. En effet, les Sovi\u00e9tiques avaient fait valid\u00e9 un nouveau record, acquit le 22 Septembre 1961 par les pilotes russes V.P. Smirnov et N.I. Samohodin sur Yak-30 avec 767,38 km\/h.<\/p>\n\n\n\n<p>D\u00e8s 1961, les exp\u00e9rimentations effectu\u00e9es sur le Matica ont conduit Beslin \u00e0 revoir le positionnement des r\u00e9acteurs en les rapprochant du fuselage. Cette solution fut repouss\u00e9 car dans le m\u00eame temps les autorit\u00e9s yougoslaves avaient d\u00e9cid\u00e9 la construction du&nbsp;<strong>Galeb<\/strong>, \u00e9quip\u00e9 d&#8217;un Armstrong-Siddley Viper.<\/p>\n<\/div>\n<\/div>\n\n\n\n<div class=\"wp-block-getwid-anchor\" id=\"matica\"><\/div>\n\n\n\n<h2 class=\"wp-block-heading\">Notes et r\u00e9f\u00e9rences<\/h2>\n\n\n\n<div class=\"wp-block-columns is-layout-flex wp-container-core-columns-is-layout-28f84493 wp-block-columns-is-layout-flex\">\n<div class=\"wp-block-column is-layout-flow wp-block-column-is-layout-flow\" style=\"flex-basis:33.33%\">\n<h3 class=\"wp-block-heading\">Record du monde<\/h3>\n<\/div>\n\n\n\n<div class=\"wp-block-column is-layout-flow wp-block-column-is-layout-flow\" style=\"flex-basis:66.66%\">\n<h4 class=\"wp-block-heading\">Light Jet Aircraft Sub-Class C-I-C<\/h4>\n\n\n\n<p>Aircraft weighing :1,750-3000 kg (3,758 &#8211; 6,613.9 lb)<\/p>\n\n\n\n<p>Speed (Yugoslavia): Ljubomir Zekavica in Type 451MM,&nbsp;Matica (two 882 lb. Turbomeca Marbore II), Zemun-Stara-Pazova,&nbsp;at 4,956 lb., on May 19, 1960.&nbsp;<strong>446.24 mph<\/strong>.<\/p>\n<\/div>\n<\/div>\n","protected":false},"excerpt":{"rendered":"<p>L&#8217;Ikarus S 451 MM Matica&nbsp;est le premier avion d&#8217;entrainement \u00e0 r\u00e9action yougoslave \u00e0 avoir vol\u00e9. Il a fait son premier le vol&nbsp;5 Juin 1957. Il est de type bir\u00e9acteur, biplace en tandem, \u00e0 train tricycle escamotable. Pr\u00e9servation En 1999, le &#8220;Matica&#8221; avait \u00e9t\u00e9 \u00e9vacu\u00e9 du mus\u00e9e de l&#8217;air de Belgrade, afin d&#8217;\u00e9viter qu&#8217;il ne soit [&hellip;]<\/p>\n","protected":false},"author":1,"featured_media":4197,"parent":3923,"menu_order":0,"comment_status":"closed","ping_status":"closed","template":"","meta":{"_acf_changed":false,"cybocfi_hide_featured_image":"","footnotes":""},"categories":[20],"tags":[],"planes-000-100":[],"class_list":["post-4558","page","type-page","status-publish","has-post-thumbnail","hentry","category-plane-300-500"],"blocksy_meta":[],"acf":[],"_links":{"self":[{"href":"https:\/\/minijets.org\/fr\/wp-json\/wp\/v2\/pages\/4558","targetHints":{"allow":["GET"]}}],"collection":[{"href":"https:\/\/minijets.org\/fr\/wp-json\/wp\/v2\/pages"}],"about":[{"href":"https:\/\/minijets.org\/fr\/wp-json\/wp\/v2\/types\/page"}],"author":[{"embeddable":true,"href":"https:\/\/minijets.org\/fr\/wp-json\/wp\/v2\/users\/1"}],"replies":[{"embeddable":true,"href":"https:\/\/minijets.org\/fr\/wp-json\/wp\/v2\/comments?post=4558"}],"version-history":[{"count":0,"href":"https:\/\/minijets.org\/fr\/wp-json\/wp\/v2\/pages\/4558\/revisions"}],"up":[{"embeddable":true,"href":"https:\/\/minijets.org\/fr\/wp-json\/wp\/v2\/pages\/3923"}],"wp:featuredmedia":[{"embeddable":true,"href":"https:\/\/minijets.org\/fr\/wp-json\/wp\/v2\/media\/4197"}],"wp:attachment":[{"href":"https:\/\/minijets.org\/fr\/wp-json\/wp\/v2\/media?parent=4558"}],"wp:term":[{"taxonomy":"category","embeddable":true,"href":"https:\/\/minijets.org\/fr\/wp-json\/wp\/v2\/categories?post=4558"},{"taxonomy":"post_tag","embeddable":true,"href":"https:\/\/minijets.org\/fr\/wp-json\/wp\/v2\/tags?post=4558"},{"taxonomy":"planes-000-100","embeddable":true,"href":"https:\/\/minijets.org\/fr\/wp-json\/wp\/v2\/planes-000-100?post=4558"}],"curies":[{"name":"wp","href":"https:\/\/api.w.org\/{rel}","templated":true}]}}