{"id":4715,"date":"2021-02-17T16:15:00","date_gmt":"2021-02-17T15:15:00","guid":{"rendered":"http:\/\/tst.minijets.org\/?page_id=4715"},"modified":"2022-10-26T16:05:16","modified_gmt":"2022-10-26T14:05:16","slug":"potez-cm173-super-magister","status":"publish","type":"page","link":"https:\/\/minijets.org\/fr\/300-500\/turbomeca-marbore\/potez-cm173-super-magister\/","title":{"rendered":"Potez 94 \/ CM173 Super Magister"},"content":{"rendered":"\n<p>As a private venture, Potez had finally built and flown the\u00a0CM173 Super Magister, in order to provide a modernized trainer as a follow-on and replacement for air forces already using the CM-170<\/p>\n\n\n\n<div class=\"wp-block-columns is-layout-flex wp-container-core-columns-is-layout-28f84493 wp-block-columns-is-layout-flex\">\n<div class=\"wp-block-column is-layout-flow wp-block-column-is-layout-flow\" style=\"flex-basis:50%\">\n<figure class=\"wp-block-image size-large\"><img loading=\"lazy\" decoding=\"async\" width=\"550\" height=\"406\" src=\"http:\/\/minijets.org\/wp-content\/uploads\/2021\/02\/Potez_94-02.jpg\" alt=\"Potez 94\" class=\"wp-image-4106\" srcset=\"https:\/\/minijets.org\/wp-content\/uploads\/2021\/02\/Potez_94-02.jpg 550w, https:\/\/minijets.org\/wp-content\/uploads\/2021\/02\/Potez_94-02-300x221.jpg 300w, https:\/\/minijets.org\/wp-content\/uploads\/2021\/02\/Potez_94-02-16x12.jpg 16w\" sizes=\"auto, (max-width: 550px) 100vw, 550px\" \/><figcaption>Potez 94. Source : Collection Philippe Bezard<\/figcaption><\/figure>\n<\/div>\n\n\n\n<div class=\"wp-block-column minijets_table is-layout-flow wp-block-column-is-layout-flow\" style=\"flex-basis:50%\">\n<p>Main innovations was the Martin-Baker\/Hispano ejection seats set in a new canopy giving improved view and lower drag.\u00a0Radio equipment was modernized in line with modern requirements, fuel tankage were increased from 965 l to 1200 l\u00a0and the ailerons combine the large area and powered control which were alternatives in the older Magisters.\u00a0Apart from these improvements, the company stated that the structures of the CM-170 and CM-173 Magister was interchangeable.\u00a0<\/p>\n\n\n\n<p>The aircraft was equipped with 2 Turbomeca <a href=\"https:\/\/minijets.org\/300-500\/turbomeca-marbore\/\" data-type=\"page\" data-id=\"3923\">Marbore VI<\/a> turbojet engines<\/p>\n\n\n\n<p>The prototype Super Magister made its first flight at Toulouse on&nbsp;<strong>8 June 1964,&nbsp;<\/strong>with test pilot&nbsp;<strong>Jacques Grangette<\/strong>&nbsp;at the controls and&nbsp;<strong>Pierre Caneill&nbsp;<\/strong>as a flight test engineer.&nbsp;<\/p>\n\n\n\n<p>CM-173 name was consistent with those used by Castello-Mauboussin.&nbsp;<\/p>\n\n\n\n<p>The aircraft was later upgraded and renamed&nbsp;<strong>Potez 94<\/strong>.<\/p>\n<\/div>\n<\/div>\n\n\n\n<div class=\"wp-block-columns is-layout-flex wp-container-core-columns-is-layout-28f84493 wp-block-columns-is-layout-flex\">\n<div class=\"wp-block-column is-layout-flow wp-block-column-is-layout-flow\">\n<figure class=\"wp-block-image size-large\"><img loading=\"lazy\" decoding=\"async\" width=\"500\" height=\"722\" src=\"http:\/\/minijets.org\/wp-content\/uploads\/2021\/02\/Potez_94_CM173_P3Views.jpg\" alt=\"Potez 94, plan 3 vues\" class=\"wp-image-4107\" srcset=\"https:\/\/minijets.org\/wp-content\/uploads\/2021\/02\/Potez_94_CM173_P3Views.jpg 500w, https:\/\/minijets.org\/wp-content\/uploads\/2021\/02\/Potez_94_CM173_P3Views-208x300.jpg 208w, https:\/\/minijets.org\/wp-content\/uploads\/2021\/02\/Potez_94_CM173_P3Views-8x12.jpg 8w\" sizes=\"auto, (max-width: 500px) 100vw, 500px\" \/><\/figure>\n<\/div>\n\n\n\n<div class=\"wp-block-column is-layout-flow wp-block-column-is-layout-flow\">\n<figure class=\"wp-block-image size-large\"><img loading=\"lazy\" decoding=\"async\" width=\"500\" height=\"278\" src=\"http:\/\/minijets.org\/wp-content\/uploads\/2020\/12\/Potez_94-01.jpg\" alt=\"Potez CM173, Super magister\" class=\"wp-image-342\" srcset=\"https:\/\/minijets.org\/wp-content\/uploads\/2020\/12\/Potez_94-01.jpg 500w, https:\/\/minijets.org\/wp-content\/uploads\/2020\/12\/Potez_94-01-300x167.jpg 300w, https:\/\/minijets.org\/wp-content\/uploads\/2020\/12\/Potez_94-01-18x10.jpg 18w\" sizes=\"auto, (max-width: 500px) 100vw, 500px\" \/><figcaption>Potez CM173, Super magister. Source : Jane&#8217;s all the world&#8217;s aircraft 1966.<\/figcaption><\/figure>\n\n\n\n<figure class=\"wp-block-image size-large\"><img loading=\"lazy\" decoding=\"async\" width=\"500\" height=\"278\" src=\"http:\/\/minijets.org\/wp-content\/uploads\/2021\/02\/Potez_94-03.jpg\" alt=\"Potez 94\" class=\"wp-image-4108\" srcset=\"https:\/\/minijets.org\/wp-content\/uploads\/2021\/02\/Potez_94-03.jpg 500w, https:\/\/minijets.org\/wp-content\/uploads\/2021\/02\/Potez_94-03-300x167.jpg 300w, https:\/\/minijets.org\/wp-content\/uploads\/2021\/02\/Potez_94-03-18x10.jpg 18w\" sizes=\"auto, (max-width: 500px) 100vw, 500px\" \/><figcaption>Potez 94. Source : Flight, November 16 1964<\/figcaption><\/figure>\n<\/div>\n<\/div>\n\n\n\n<h2 class=\"wp-block-heading\">Appareil Produit<\/h2>\n\n\n\n<div class=\"wp-block-columns is-layout-flex wp-container-core-columns-is-layout-28f84493 wp-block-columns-is-layout-flex\">\n<div class=\"wp-block-column is-layout-flow wp-block-column-is-layout-flow\" style=\"flex-basis:25%\">\n<figure class=\"wp-block-image size-full\"><img loading=\"lazy\" decoding=\"async\" width=\"1024\" height=\"670\" src=\"https:\/\/minijets.org\/wp-content\/uploads\/2022\/09\/fouga-super-magister.jpg\" alt=\"\" class=\"wp-image-6795\" srcset=\"https:\/\/minijets.org\/wp-content\/uploads\/2022\/09\/fouga-super-magister.jpg 1024w, https:\/\/minijets.org\/wp-content\/uploads\/2022\/09\/fouga-super-magister-300x196.jpg 300w, https:\/\/minijets.org\/wp-content\/uploads\/2022\/09\/fouga-super-magister-768x503.jpg 768w, https:\/\/minijets.org\/wp-content\/uploads\/2022\/09\/fouga-super-magister-18x12.jpg 18w\" sizes=\"auto, (max-width: 1024px) 100vw, 1024px\" \/><figcaption>Potez 94 &#8211; Source : S\u00e9bastien Boc\u00e9<\/figcaption><\/figure>\n<\/div>\n\n\n\n<div class=\"wp-block-column is-layout-flow wp-block-column-is-layout-flow\" style=\"flex-basis:75%\">\n<p>Un seul appareil a \u00e9t\u00e9 produit, et immatricul\u00e9 <strong>F-ZWWL<\/strong>. Il est actuellement pr\u00e9serv\u00e9, d\u00e9mont\u00e9, dans les r\u00e9serves du <a href=\"https:\/\/www.museeairespace.fr\/\" data-type=\"URL\" data-id=\"https:\/\/www.museeairespace.fr\/\" target=\"_blank\" rel=\"noopener\">Mus\u00e9e de l&#8217;Air et de l&#8217;Espace du Bourget<\/a>. <\/p>\n<\/div>\n<\/div>\n","protected":false},"excerpt":{"rendered":"<p>As a private venture, Potez had finally built and flown the\u00a0CM173 Super Magister, in order to provide a modernized trainer as a follow-on and replacement for air forces already using the CM-170 Main innovations was the Martin-Baker\/Hispano ejection seats set in a new canopy giving improved view and lower drag.\u00a0Radio equipment was modernized in line [&hellip;]<\/p>\n","protected":false},"author":1,"featured_media":4106,"parent":3923,"menu_order":0,"comment_status":"closed","ping_status":"closed","template":"","meta":{"_acf_changed":false,"cybocfi_hide_featured_image":"","footnotes":""},"categories":[20],"tags":[],"planes-000-100":[],"class_list":["post-4715","page","type-page","status-publish","has-post-thumbnail","hentry","category-plane-300-500"],"blocksy_meta":[],"acf":[],"_links":{"self":[{"href":"https:\/\/minijets.org\/fr\/wp-json\/wp\/v2\/pages\/4715","targetHints":{"allow":["GET"]}}],"collection":[{"href":"https:\/\/minijets.org\/fr\/wp-json\/wp\/v2\/pages"}],"about":[{"href":"https:\/\/minijets.org\/fr\/wp-json\/wp\/v2\/types\/page"}],"author":[{"embeddable":true,"href":"https:\/\/minijets.org\/fr\/wp-json\/wp\/v2\/users\/1"}],"replies":[{"embeddable":true,"href":"https:\/\/minijets.org\/fr\/wp-json\/wp\/v2\/comments?post=4715"}],"version-history":[{"count":0,"href":"https:\/\/minijets.org\/fr\/wp-json\/wp\/v2\/pages\/4715\/revisions"}],"up":[{"embeddable":true,"href":"https:\/\/minijets.org\/fr\/wp-json\/wp\/v2\/pages\/3923"}],"wp:featuredmedia":[{"embeddable":true,"href":"https:\/\/minijets.org\/fr\/wp-json\/wp\/v2\/media\/4106"}],"wp:attachment":[{"href":"https:\/\/minijets.org\/fr\/wp-json\/wp\/v2\/media?parent=4715"}],"wp:term":[{"taxonomy":"category","embeddable":true,"href":"https:\/\/minijets.org\/fr\/wp-json\/wp\/v2\/categories?post=4715"},{"taxonomy":"post_tag","embeddable":true,"href":"https:\/\/minijets.org\/fr\/wp-json\/wp\/v2\/tags?post=4715"},{"taxonomy":"planes-000-100","embeddable":true,"href":"https:\/\/minijets.org\/fr\/wp-json\/wp\/v2\/planes-000-100?post=4715"}],"curies":[{"name":"wp","href":"https:\/\/api.w.org\/{rel}","templated":true}]}}