{"id":4747,"date":"2021-02-20T15:39:05","date_gmt":"2021-02-20T14:39:05","guid":{"rendered":"http:\/\/tst.minijets.org\/?page_id=4747"},"modified":"2022-10-24T21:36:48","modified_gmt":"2022-10-24T19:36:48","slug":"projet-sipa-300r","status":"publish","type":"page","link":"https:\/\/minijets.org\/fr\/300-500\/turbomeca-marbore\/projets-marborej69\/projet-sipa-300r\/","title":{"rendered":"Projet SIPA 300R"},"content":{"rendered":"\n<p>Etudi\u00e9 par Yves Gardan, le&nbsp;<strong>SIPA 300R<\/strong>&nbsp;devait \u00eatre un appareil biplace en tandem, mono-r\u00e9acteur. Il \u00e9tait issu des \u00e9tudes du SIPA 300 par augmentation de la taille,  la mise en place d&#8217;un r\u00e9acteur Marbore en lieu et place du Palas, et d&#8217;une avionique adapt\u00e9e. Le choix du Fouga magister par l&#8217;arm\u00e9e de l&#8217;air mettra un point final \u00e0&nbsp; cette \u00e9tude.<\/p>\n\n\n\n<div class=\"wp-block-columns is-layout-flex wp-container-core-columns-is-layout-28f84493 wp-block-columns-is-layout-flex\">\n<div class=\"wp-block-column is-layout-flow wp-block-column-is-layout-flow\">\n<h2 class=\"wp-block-heading\">Historique<\/h2>\n\n\n\n<p>Entre 1953 et 1954,sous la direction d&#8217;<strong>Yves Gardan<\/strong>, le bureau d&#8217;\u00e9tude de la SIPA \u00e9tudiera pas moins de trois projets d\u00e9nomm\u00e9s SIPA 300 :<\/p>\n\n\n\n<h3 class=\"wp-block-heading\">Sipa 300M<\/h3>\n\n\n\n<p>Il s&#8217;agissait d&#8217;un biplace en tandem \u00e0&nbsp; train classique, \u00e9quip\u00e9 d&#8217;un moteur&nbsp;<strong>SALMSOM AS 04<\/strong>, qui r\u00e9pondait \u00e0&nbsp; un appel d&#8217;offre du SFA pour un avion destin\u00e9 \u00e0&nbsp; succ\u00e9der au Stampe.<\/p>\n\n\n\n<h3 class=\"wp-block-heading\">Sipa 300R-001&nbsp;<\/h3>\n\n\n\n<p>Il s&#8217;agissait d&#8217;un biplace en tandem \u00e0&nbsp; train tricycle, \u00e9quip\u00e9 d&#8217;un turbor\u00e9acteur&nbsp;<strong>TURBOMECA Palas<\/strong>, qui sera construit \u00e0 un exemplaire, et conservera finalement s&#8217;appellation S 300R.&nbsp;<\/p>\n\n\n\n<h3 class=\"wp-block-heading\">Sipa 300R-002&nbsp;<\/h3>\n\n\n\n<p>Il s&#8217;agissait d&#8217;un biplace en tandem \u00e0 train tricycle, issu du pr\u00e9c\u00e9dent, mais avec des dimensions et performances plus importantes, \u00e9quip\u00e9 d&#8217;un turbor\u00e9acteur <strong>TURBOMECA Marbor\u00e9 II<\/strong>.&nbsp;<\/p>\n<\/div>\n\n\n\n<div class=\"wp-block-column minijets_table is-layout-flow wp-block-column-is-layout-flow\" style=\"flex-basis:40%\">\n<p>Ce <strong>Sipa 300 R<\/strong> devait \u00eatre \u00e9quip\u00e9 d&#8217;un Marbor\u00e9 II. Il \u00e9tait destin\u00e9 \u00e0 l&#8217;entrainement de d\u00e9but (par opposition au CM 170R Magister, qui devait \u00eatre positionn\u00e9 sur la transition).<\/p>\n\n\n\n<p>Il avait \u00e9t\u00e9 pr\u00e9vu de limiter le nombre de tours du r\u00e9acteur de mani\u00e8re \u00e0 limiter sa puissance \u00e0 350 Kg d&#8217;une part et d&#8217;allonger sa dur\u00e9e de vie d&#8217;autre part.<\/p>\n\n\n\n<h5 class=\"wp-block-heading\">Pr\u00e9sentation<\/h5>\n\n\n\n<p>Le Sipa 300R \u00e9tait une \u00e9volution des Sipa 300 et 200 <em>minijet<\/em>. Il s&#8217;en distinguait d\u00e9j\u00e0&nbsp; par un r\u00e9acteur pr\u00e9s de 3 fois plus puissant.<\/p>\n\n\n\n<h5 class=\"wp-block-heading\">La voilure<\/h5>\n\n\n\n<p>La voilure du S.300.R \u00e9tait obtenue \u00e0&nbsp; partir de l&#8217;aile du Sipa 200 en la prolongeant de 0,40 m \u00e0&nbsp; chaque extr\u00e9mit\u00e9 et en lui ajoutant un plan central d&#8217;une largeur de 2 m.<\/p>\n\n\n\n<h5 class=\"wp-block-heading\">Le fuselage<\/h5>\n\n\n\n<p>C&#8217;\u00e9tait une extrapolation du Sipa 300 M, obtenu en effilant la pointe avant, et&nbsp;en ajoutant une partie arri\u00e8re plus \u00e9volutive pour recevoir le r\u00e9acteur. La voilure s&#8217;ins\u00e9rait plus en arri\u00e8re sur le fuselage que sur le S 300M.<\/p>\n<\/div>\n<\/div>\n\n\n\n<figure class=\"wp-block-image size-large\"><img loading=\"lazy\" decoding=\"async\" width=\"774\" height=\"1024\" src=\"http:\/\/minijets.org\/wp-content\/uploads\/2021\/02\/Sipa300_R-P3views-774x1024.jpg\" alt=\"\" class=\"wp-image-4135\" srcset=\"https:\/\/minijets.org\/wp-content\/uploads\/2021\/02\/Sipa300_R-P3views-774x1024.jpg 774w, https:\/\/minijets.org\/wp-content\/uploads\/2021\/02\/Sipa300_R-P3views-227x300.jpg 227w, https:\/\/minijets.org\/wp-content\/uploads\/2021\/02\/Sipa300_R-P3views-768x1016.jpg 768w, https:\/\/minijets.org\/wp-content\/uploads\/2021\/02\/Sipa300_R-P3views-9x12.jpg 9w, https:\/\/minijets.org\/wp-content\/uploads\/2021\/02\/Sipa300_R-P3views.jpg 950w\" sizes=\"auto, (max-width: 774px) 100vw, 774px\" \/><figcaption>Plan 3 vue du Sipa 300R. Source : Philippe Bezard, d&#8217;apr\u00e8s les plans d&#8217;origine.<\/figcaption><\/figure>\n","protected":false},"excerpt":{"rendered":"<p>Etudi\u00e9 par Yves Gardan, le&nbsp;SIPA 300R&nbsp;devait \u00eatre un appareil biplace en tandem, mono-r\u00e9acteur. Il \u00e9tait issu des \u00e9tudes du SIPA 300 par augmentation de la taille, la mise en place d&#8217;un r\u00e9acteur Marbore en lieu et place du Palas, et d&#8217;une avionique adapt\u00e9e. Le choix du Fouga magister par l&#8217;arm\u00e9e de l&#8217;air mettra un point [&hellip;]<\/p>\n","protected":false},"author":1,"featured_media":4126,"parent":4725,"menu_order":0,"comment_status":"closed","ping_status":"closed","template":"","meta":{"_acf_changed":false,"cybocfi_hide_featured_image":"","footnotes":""},"categories":[20],"tags":[],"planes-000-100":[],"class_list":["post-4747","page","type-page","status-publish","has-post-thumbnail","hentry","category-plane-300-500"],"blocksy_meta":[],"acf":[],"_links":{"self":[{"href":"https:\/\/minijets.org\/fr\/wp-json\/wp\/v2\/pages\/4747","targetHints":{"allow":["GET"]}}],"collection":[{"href":"https:\/\/minijets.org\/fr\/wp-json\/wp\/v2\/pages"}],"about":[{"href":"https:\/\/minijets.org\/fr\/wp-json\/wp\/v2\/types\/page"}],"author":[{"embeddable":true,"href":"https:\/\/minijets.org\/fr\/wp-json\/wp\/v2\/users\/1"}],"replies":[{"embeddable":true,"href":"https:\/\/minijets.org\/fr\/wp-json\/wp\/v2\/comments?post=4747"}],"version-history":[{"count":0,"href":"https:\/\/minijets.org\/fr\/wp-json\/wp\/v2\/pages\/4747\/revisions"}],"up":[{"embeddable":true,"href":"https:\/\/minijets.org\/fr\/wp-json\/wp\/v2\/pages\/4725"}],"wp:featuredmedia":[{"embeddable":true,"href":"https:\/\/minijets.org\/fr\/wp-json\/wp\/v2\/media\/4126"}],"wp:attachment":[{"href":"https:\/\/minijets.org\/fr\/wp-json\/wp\/v2\/media?parent=4747"}],"wp:term":[{"taxonomy":"category","embeddable":true,"href":"https:\/\/minijets.org\/fr\/wp-json\/wp\/v2\/categories?post=4747"},{"taxonomy":"post_tag","embeddable":true,"href":"https:\/\/minijets.org\/fr\/wp-json\/wp\/v2\/tags?post=4747"},{"taxonomy":"planes-000-100","embeddable":true,"href":"https:\/\/minijets.org\/fr\/wp-json\/wp\/v2\/planes-000-100?post=4747"}],"curies":[{"name":"wp","href":"https:\/\/api.w.org\/{rel}","templated":true}]}}