{"id":4825,"date":"2021-02-20T17:23:26","date_gmt":"2021-02-20T16:23:26","guid":{"rendered":"http:\/\/tst.minijets.org\/?page_id=4825"},"modified":"2022-12-14T11:00:25","modified_gmt":"2022-12-14T10:00:25","slug":"continental-j69","status":"publish","type":"page","link":"https:\/\/minijets.org\/fr\/300-500\/continental-j69\/","title":{"rendered":"Continental J69"},"content":{"rendered":"\n<p><strong>Teledyne CAE Continental Motors<\/strong> a obtenu en 1951 une licence pour les petits moteurs \u00e0 r\u00e9action de Turbomeca. Le turbor\u00e9acteur Marbore II sera alors am\u00e9ricanis\u00e9 sous le nom de <strong>Continental J69<\/strong> . Une large gamme d&#8217;autres moteurs en d\u00e9coulera.<\/p>\n\n\n\n<p><strong>In 1967<\/strong>&nbsp;CAE (Continental Aviation and Engineering) was formed as a separate division, and like the parent firm this became a division of Teledyne Incorporated in 1969. It was renamed Teledyne CAE, with headquarters at Toledo, Ohio, concentrating on small turbojets and turbofans for RPVs, missiles and small aircraft.<\/p>\n\n\n\n<div class=\"wp-block-columns is-layout-flex wp-container-core-columns-is-layout-28f84493 wp-block-columns-is-layout-flex\">\n<div class=\"wp-block-column is-layout-flow wp-block-column-is-layout-flow\">\n<p>The J69 began life as the Continental Model 352, rated first at 660 and then 880 lb. Large numbers of J69-9s were built with pr 4, airflow 18 lb\/s and rating 290 lb at 22,700 rpm.<\/p>\n\n\n\n<p>Smaller Turbomeca engines (66-75 Ibis) produced the Model 140 and 141 compressors and 220 (T51) turboshaft turboprop.<\/p>\n<\/div>\n\n\n\n<div class=\"wp-block-column is-layout-flow wp-block-column-is-layout-flow\">\n<figure class=\"wp-block-image size-large\"><img loading=\"lazy\" decoding=\"async\" width=\"500\" height=\"281\" src=\"http:\/\/minijets.org\/wp-content\/uploads\/2020\/12\/Continental_J69_01.jpg\" alt=\"Continental J69\" class=\"wp-image-359\" srcset=\"https:\/\/minijets.org\/wp-content\/uploads\/2020\/12\/Continental_J69_01.jpg 500w, https:\/\/minijets.org\/wp-content\/uploads\/2020\/12\/Continental_J69_01-300x169.jpg 300w, https:\/\/minijets.org\/wp-content\/uploads\/2020\/12\/Continental_J69_01-18x10.jpg 18w\" sizes=\"auto, (max-width: 500px) 100vw, 500px\" \/><figcaption class=\"wp-element-caption\">Continental J69<\/figcaption><\/figure>\n<\/div>\n<\/div>\n\n\n\n<p>By 1956 Continental was engaged in adding transonic axial compressor stages, following Turbomeca&#8217;s lead but doing its own design. This resulted in the J69-29 (356-7A), J69-41A (356-29A) and YJ69-406 (356-34A) RPV engines with airflow around 29.8 lb\/s, pr about 5.45 and typically 1,920 lb thrust. Also for RPVs the J100 (356-28A) added two axial stages, each with replaceable blades (44.9 lb\/s, pr 6.3) to give 2,700 lb at 20,700 rpm. A profusion of further engines followed, as well as a licence extension for the Larzac, but most failed to find markets. Work on lightweight lift jets led to the LJ95 (365) with thrust of 5,000 lb and weight less than 250 lb. Mass-production engines include the J402-400 (370) for the Harpoon missile, with precision-cast axial and centrifugal stages (9.6 Ibis, pr 5.8) rated at 660 lb at&nbsp;41,200 rpm, and the J402-700 (372-2) RPV engine (640 lb at 40,400 rpm).<\/p>\n\n\n\n<p>In 1982 Teledyne CAE began second-source production of the Williams FI07 cruise-missile engine.<\/p>\n\n\n\n<h2 class=\"wp-block-heading\">Applications<\/h2>\n\n\n        <div class=\"wp-block-getwid-custom-post-type custom-post-type-page has-layout-list\">\n            <div class=\"wp-block-getwid-custom-post-type__wrapper\">\n                \t\t\t\t\t\t\t\t<div class='wp-block-getwid-custom-post-type__post'>\n\t\t\t\t\t\t\t\t\t\n<div class=\"wp-block-getwid-custom-post-type__post-wrapper\">\n            <div class=\"wp-block-getwid-custom-post-type__post-thumbnail\">\n            <a href=\"https:\/\/minijets.org\/fr\/300-500\/continental-j69\/jetmentor\/\"><img loading=\"lazy\" decoding=\"async\" width=\"500\" height=\"318\" src=\"https:\/\/minijets.org\/wp-content\/uploads\/2021\/02\/Beech_model_73_Jet_Mentor_04.jpg\" class=\"attachment-post-thumbnail size-post-thumbnail wp-post-image\" alt=\"\" srcset=\"https:\/\/minijets.org\/wp-content\/uploads\/2021\/02\/Beech_model_73_Jet_Mentor_04.jpg 500w, https:\/\/minijets.org\/wp-content\/uploads\/2021\/02\/Beech_model_73_Jet_Mentor_04-300x191.jpg 300w, https:\/\/minijets.org\/wp-content\/uploads\/2021\/02\/Beech_model_73_Jet_Mentor_04-18x12.jpg 18w\" sizes=\"auto, (max-width: 500px) 100vw, 500px\" \/><\/a>\n        <\/div>\n        <div class=\"wp-block-getwid-custom-post-type__content-wrapper\">\n        <div class=\"wp-block-getwid-custom-post-type__post-header\">\n            <h3 class=\"wp-block-getwid-custom-post-type__post-title\"><a href=\"https:\/\/minijets.org\/fr\/300-500\/continental-j69\/jetmentor\/\">Beech Model 73 Jet Mentor<\/a><\/h3>        <\/div>\n        <div class=\"wp-block-getwid-custom-post-type__post-excerpt \"><p>C&#8217;est le&nbsp;18 d\u00e9cembre 1955&nbsp;, que&nbsp;Tom Gillespie&nbsp;pilote d&#8217;essai de Beechcraft a fait faire son premier vol au Jet Mentor.&nbsp;Soit plus d&#8217;un an apr\u00e8s le Cessna T37, mais 4 mois avant le Temco Pinto. Pour concevoir cet appareil, la soci\u00e9t\u00e9 Beechcraft avait utilis\u00e9 tout son savoir faire acquit avec l&#8217;avion d&#8217;entrainement \u00e0 h\u00e9lice &#8220;Mentor&#8221;. Le&nbsp;model 73&nbsp;avait \u00e9t\u00e9 [&hellip;]<\/p>\n<\/div>\n    <\/div>\n<\/div>\n\t\t\t\t\t\t\t\t<\/div>\n\t\t\t\t\t\t\t\t\t\t\t\t\t\t\t<div class='wp-block-getwid-custom-post-type__post'>\n\t\t\t\t\t\t\t\t\t\n<div class=\"wp-block-getwid-custom-post-type__post-wrapper\">\n            <div class=\"wp-block-getwid-custom-post-type__post-thumbnail\">\n            <a href=\"https:\/\/minijets.org\/fr\/300-500\/continental-j69\/cessna-t37\/\"><img loading=\"lazy\" decoding=\"async\" width=\"240\" height=\"172\" src=\"https:\/\/minijets.org\/wp-content\/uploads\/2021\/02\/Mini_Cessna_T-37-240x172.jpg\" class=\"attachment-post-thumbnail size-post-thumbnail wp-post-image\" alt=\"\" \/><\/a>\n        <\/div>\n        <div class=\"wp-block-getwid-custom-post-type__content-wrapper\">\n        <div class=\"wp-block-getwid-custom-post-type__post-header\">\n            <h3 class=\"wp-block-getwid-custom-post-type__post-title\"><a href=\"https:\/\/minijets.org\/fr\/300-500\/continental-j69\/cessna-t37\/\">Cessna T37 Tweety<\/a><\/h3>        <\/div>\n        <div class=\"wp-block-getwid-custom-post-type__post-excerpt \"><p>The T-37, Cessna&#8217;s first jet aircraft was the winner of a Design Competition for a two-seat side by side intermediate jet trainer, for which fifteen proposals were submitted to USAF Air Reseach and Development Command. In the spring of 1954, the USAF awarded Cessna a contract for three prototype of the Model 318, and a [&hellip;]<\/p>\n<\/div>\n    <\/div>\n<\/div>\n\t\t\t\t\t\t\t\t<\/div>\n\t\t\t\t\t\t\t\t\t\t\t\t\t\t\t<div class='wp-block-getwid-custom-post-type__post'>\n\t\t\t\t\t\t\t\t\t\n<div class=\"wp-block-getwid-custom-post-type__post-wrapper\">\n            <div class=\"wp-block-getwid-custom-post-type__post-thumbnail\">\n            <a href=\"https:\/\/minijets.org\/fr\/300-500\/continental-j69\/yt-33\/\"><img loading=\"lazy\" decoding=\"async\" width=\"500\" height=\"333\" src=\"https:\/\/minijets.org\/wp-content\/uploads\/2021\/02\/Startgate_T33_01.jpg\" class=\"attachment-post-thumbnail size-post-thumbnail wp-post-image\" alt=\"\" srcset=\"https:\/\/minijets.org\/wp-content\/uploads\/2021\/02\/Startgate_T33_01.jpg 500w, https:\/\/minijets.org\/wp-content\/uploads\/2021\/02\/Startgate_T33_01-300x200.jpg 300w, https:\/\/minijets.org\/wp-content\/uploads\/2021\/02\/Startgate_T33_01-18x12.jpg 18w\" sizes=\"auto, (max-width: 500px) 100vw, 500px\" \/><\/a>\n        <\/div>\n        <div class=\"wp-block-getwid-custom-post-type__content-wrapper\">\n        <div class=\"wp-block-getwid-custom-post-type__post-header\">\n            <h3 class=\"wp-block-getwid-custom-post-type__post-title\"><a href=\"https:\/\/minijets.org\/fr\/300-500\/continental-j69\/yt-33\/\">Stargate YT-33 replica<\/a><\/h3>        <\/div>\n        <div class=\"wp-block-getwid-custom-post-type__post-excerpt \"><p>Le Stargate YT-33 replica est probablement la premi\u00e8re r\u00e9plique d&#8217;un Warbird \u00e0 r\u00e9action \u00e0 avoir voler. L&#8217;appareil reproduit assez fid\u00e8lement un Lockheed T-33 T-Bird \u00e0 l&#8217;\u00e9chelle 2\/3. Le premier vol remonte \u00e0 1995. Pr\u00e9sent\u00e9 pour la premi\u00e8re fois \u00e0 \u00a0Oshkosh en 1995, il a \u00e9t\u00e9 \u00e9t\u00e9 construit par\u00a0Bo Case\u00a0de McMinnville (OR) pour le compte de\u00a0Sid [&hellip;]<\/p>\n<\/div>\n    <\/div>\n<\/div>\n\t\t\t\t\t\t\t\t<\/div>\n\t\t\t\t\t\t\t\t\t\t\t\t\t\t\t<div class='wp-block-getwid-custom-post-type__post'>\n\t\t\t\t\t\t\t\t\t\n<div class=\"wp-block-getwid-custom-post-type__post-wrapper\">\n            <div class=\"wp-block-getwid-custom-post-type__post-thumbnail\">\n            <a href=\"https:\/\/minijets.org\/fr\/300-500\/continental-j69\/temco-pinto\/\"><img loading=\"lazy\" decoding=\"async\" width=\"500\" height=\"333\" src=\"https:\/\/minijets.org\/wp-content\/uploads\/2021\/02\/Temco_TT1_Pinto_07a.jpg\" class=\"attachment-post-thumbnail size-post-thumbnail wp-post-image\" alt=\"\" srcset=\"https:\/\/minijets.org\/wp-content\/uploads\/2021\/02\/Temco_TT1_Pinto_07a.jpg 500w, https:\/\/minijets.org\/wp-content\/uploads\/2021\/02\/Temco_TT1_Pinto_07a-300x200.jpg 300w, https:\/\/minijets.org\/wp-content\/uploads\/2021\/02\/Temco_TT1_Pinto_07a-18x12.jpg 18w\" sizes=\"auto, (max-width: 500px) 100vw, 500px\" \/><\/a>\n        <\/div>\n        <div class=\"wp-block-getwid-custom-post-type__content-wrapper\">\n        <div class=\"wp-block-getwid-custom-post-type__post-header\">\n            <h3 class=\"wp-block-getwid-custom-post-type__post-title\"><a href=\"https:\/\/minijets.org\/fr\/300-500\/continental-j69\/temco-pinto\/\">TEMCO model 51 Pinto TT1<\/a><\/h3>        <\/div>\n        <div class=\"wp-block-getwid-custom-post-type__post-excerpt \"><p>The United States Air Force issued a requirement in\u00a01952\u00a0for a jet-powered primary trainer, and Texas Engineering and Manufacturing Company (Temco) responded with the Temco model 51 Pinto TT1. Powered by a Continental J69-T-9 turbojet, the Pinto was a tricycle-geared mid-wing cantilever monoplane, with tandem seating for the instructor and student in an enclosed cockpit. First [&hellip;]<\/p>\n<\/div>\n    <\/div>\n<\/div>\n\t\t\t\t\t\t\t\t<\/div>\n\t\t\t\t\t\t\t\t\t\t\t\t\t\t\t<div class='wp-block-getwid-custom-post-type__post'>\n\t\t\t\t\t\t\t\t\t\n<div class=\"wp-block-getwid-custom-post-type__post-wrapper\">\n            <div class=\"wp-block-getwid-custom-post-type__post-thumbnail\">\n            <a href=\"https:\/\/minijets.org\/fr\/300-500\/continental-j69\/viperjet-mk-i\/\"><img loading=\"lazy\" decoding=\"async\" width=\"500\" height=\"333\" src=\"https:\/\/minijets.org\/wp-content\/uploads\/2021\/02\/ViperJet_01.jpg\" class=\"attachment-post-thumbnail size-post-thumbnail wp-post-image\" alt=\"\" srcset=\"https:\/\/minijets.org\/wp-content\/uploads\/2021\/02\/ViperJet_01.jpg 500w, https:\/\/minijets.org\/wp-content\/uploads\/2021\/02\/ViperJet_01-300x200.jpg 300w, https:\/\/minijets.org\/wp-content\/uploads\/2021\/02\/ViperJet_01-18x12.jpg 18w\" sizes=\"auto, (max-width: 500px) 100vw, 500px\" \/><\/a>\n        <\/div>\n        <div class=\"wp-block-getwid-custom-post-type__content-wrapper\">\n        <div class=\"wp-block-getwid-custom-post-type__post-header\">\n            <h3 class=\"wp-block-getwid-custom-post-type__post-title\"><a href=\"https:\/\/minijets.org\/fr\/300-500\/continental-j69\/viperjet-mk-i\/\">Viperjet Mark I<\/a><\/h3>        <\/div>\n        <div class=\"wp-block-getwid-custom-post-type__post-excerpt \"><p>Le\u00a0ViperJet Mark I est l&#8217;un d\u00e9s premier Kit de biplace \u00e0 r\u00e9action arriv\u00e9 sur le march\u00e9 aux USA. Con\u00e7u \u00e0 l&#8217;origine pour \u00eatre \u00e9quip\u00e9 avec un moteur Continental TS10 520 \u00e9quip\u00e9 d&#8217;un fan \u00e0 5 pales, il sera finalement dot\u00e9 dans sa version mark I d&#8217;un\u00a0Turbomeca Marbore\u00a0II ou IV (continental J69). On doit cette cr\u00e9ation [&hellip;]<\/p>\n<\/div>\n    <\/div>\n<\/div>\n\t\t\t\t\t\t\t\t<\/div>\n\t\t\t\t\t\t\t            <\/div>\n\n                    <\/div>\n        ","protected":false},"excerpt":{"rendered":"<p>Teledyne CAE Continental Motors a obtenu en 1951 une licence pour les petits moteurs \u00e0 r\u00e9action de Turbomeca. Le turbor\u00e9acteur Marbore II sera alors am\u00e9ricanis\u00e9 sous le nom de Continental J69 . Une large gamme d&#8217;autres moteurs en d\u00e9coulera. In 1967&nbsp;CAE (Continental Aviation and Engineering) was formed as a separate division, and like the parent [&hellip;]<\/p>\n","protected":false},"author":1,"featured_media":359,"parent":623,"menu_order":0,"comment_status":"closed","ping_status":"closed","template":"","meta":{"_acf_changed":false,"cybocfi_hide_featured_image":"","footnotes":""},"categories":[15],"tags":[],"planes-000-100":[],"class_list":["post-4825","page","type-page","status-publish","has-post-thumbnail","hentry","category-jet-engine-300-500"],"blocksy_meta":[],"acf":[],"_links":{"self":[{"href":"https:\/\/minijets.org\/fr\/wp-json\/wp\/v2\/pages\/4825","targetHints":{"allow":["GET"]}}],"collection":[{"href":"https:\/\/minijets.org\/fr\/wp-json\/wp\/v2\/pages"}],"about":[{"href":"https:\/\/minijets.org\/fr\/wp-json\/wp\/v2\/types\/page"}],"author":[{"embeddable":true,"href":"https:\/\/minijets.org\/fr\/wp-json\/wp\/v2\/users\/1"}],"replies":[{"embeddable":true,"href":"https:\/\/minijets.org\/fr\/wp-json\/wp\/v2\/comments?post=4825"}],"version-history":[{"count":1,"href":"https:\/\/minijets.org\/fr\/wp-json\/wp\/v2\/pages\/4825\/revisions"}],"predecessor-version":[{"id":8404,"href":"https:\/\/minijets.org\/fr\/wp-json\/wp\/v2\/pages\/4825\/revisions\/8404"}],"up":[{"embeddable":true,"href":"https:\/\/minijets.org\/fr\/wp-json\/wp\/v2\/pages\/623"}],"wp:featuredmedia":[{"embeddable":true,"href":"https:\/\/minijets.org\/fr\/wp-json\/wp\/v2\/media\/359"}],"wp:attachment":[{"href":"https:\/\/minijets.org\/fr\/wp-json\/wp\/v2\/media?parent=4825"}],"wp:term":[{"taxonomy":"category","embeddable":true,"href":"https:\/\/minijets.org\/fr\/wp-json\/wp\/v2\/categories?post=4825"},{"taxonomy":"post_tag","embeddable":true,"href":"https:\/\/minijets.org\/fr\/wp-json\/wp\/v2\/tags?post=4825"},{"taxonomy":"planes-000-100","embeddable":true,"href":"https:\/\/minijets.org\/fr\/wp-json\/wp\/v2\/planes-000-100?post=4825"}],"curies":[{"name":"wp","href":"https:\/\/api.w.org\/{rel}","templated":true}]}}