{"id":4978,"date":"2021-02-23T18:13:20","date_gmt":"2021-02-23T17:13:20","guid":{"rendered":"http:\/\/tst.minijets.org\/?page_id=4978"},"modified":"2022-12-02T15:11:14","modified_gmt":"2022-12-02T14:11:14","slug":"bell-atv","status":"publish","type":"page","link":"https:\/\/minijets.org\/fr\/300-500\/fairchild-j-44s\/bell-atv\/","title":{"rendered":"Bell model 65 Air Test Vehicule (ATV)"},"content":{"rendered":"\n<div class=\"wp-block-columns is-layout-flex wp-container-core-columns-is-layout-28f84493 wp-block-columns-is-layout-flex\">\n<div class=\"wp-block-column is-layout-flow wp-block-column-is-layout-flow\" style=\"flex-basis:50%\">\n<figure class=\"wp-block-image size-large\"><img loading=\"lazy\" decoding=\"async\" width=\"500\" height=\"333\" src=\"http:\/\/minijets.org\/wp-content\/uploads\/2021\/02\/Bell_ATV_02.jpg\" alt=\"Bell model 65 Air Test Vehicule (ATV)\" class=\"wp-image-3552\" srcset=\"https:\/\/minijets.org\/wp-content\/uploads\/2021\/02\/Bell_ATV_02.jpg 500w, https:\/\/minijets.org\/wp-content\/uploads\/2021\/02\/Bell_ATV_02-300x200.jpg 300w, https:\/\/minijets.org\/wp-content\/uploads\/2021\/02\/Bell_ATV_02-18x12.jpg 18w\" sizes=\"auto, (max-width: 500px) 100vw, 500px\" \/><\/figure>\n\n\n\n<figure class=\"wp-block-image size-large\"><img loading=\"lazy\" decoding=\"async\" width=\"500\" height=\"333\" src=\"http:\/\/minijets.org\/wp-content\/uploads\/2021\/02\/Bell_ATV_03.jpg\" alt=\"\" class=\"wp-image-3553\" srcset=\"https:\/\/minijets.org\/wp-content\/uploads\/2021\/02\/Bell_ATV_03.jpg 500w, https:\/\/minijets.org\/wp-content\/uploads\/2021\/02\/Bell_ATV_03-300x200.jpg 300w, https:\/\/minijets.org\/wp-content\/uploads\/2021\/02\/Bell_ATV_03-18x12.jpg 18w\" sizes=\"auto, (max-width: 500px) 100vw, 500px\" \/><\/figure>\n<\/div>\n\n\n\n<div class=\"wp-block-column minijets_table is-layout-flow wp-block-column-is-layout-flow\" style=\"flex-basis:50%\">\n<p>Le Bell model 65 Air Test Vehicule (ATV) \u00e9tait un projet exp\u00e9rimental d&#8217;avion \u00e0 d\u00e9collage vertical utilisant deux turbor\u00e9acteurs \u00e0 la fois pour le vol vertical et le vol horizontal.&nbsp;<\/p>\n\n\n\n<p>Il s&#8217;agissait de 2 Fairchild J44, chacun d&#8217;eux ayant une puissance de 454 kg de pouss\u00e9e. Ils \u00e9taient mont\u00e9s de part et d&#8217;autre, le long du fuselage, et pouvaient pivoter de 90\u00b0, depuis la position vertical jusqu&#8217;\u00e0 &nbsp;l&#8217;horizontal.<\/p>\n\n\n\n<p>This VTOL was a private-venture test vehicule (Bell Chief Aircraft Engineer, Stan Smith, obtained $100,000 of Bell funds Apr 53 to develop ATV) which had been built up from a number of readily available components :<\/p>\n\n\n\n<ul class=\"wp-block-list\">\n<li>Schweizer 1-23 sailplane fuselage and empennage,<\/li>\n\n\n\n<li>Cessna 170 wing,<\/li>\n\n\n\n<li>Bell 47 landing gear,&nbsp;<\/li>\n\n\n\n<li>French&nbsp;<strong>Turbomeca Palouste<\/strong>&nbsp;turbocompressor &nbsp;for vertical flight reaction thrust via ducts and nozzles in wing tips and tail.<\/li>\n\n\n\n<li><strong>Fairchild J44 turbojet<\/strong>&nbsp;engines supplied by Air Force ( 6 with 5-hr service life for $1 each).<\/li>\n<\/ul>\n<\/div>\n<\/div>\n\n\n\n<p>First flights of N1105V culminated Jun 54 with compressor failure on right engine which severed fuel line and destroyed tail while Joe Cannon was testing it.<\/p>\n\n\n\n<p>Repaired, was successfully flown by&nbsp;<strong>Dave Howe 16 Nov 1954<\/strong>&nbsp;and partial transitions to horizontal flight performed with engines left in vertical position.<\/p>\n\n\n\n<p>Apr 55, conventional Cessna landing gear installed, and vertical and horizontal flights were made by Howe.<\/p>\n\n\n\n<div class=\"wp-block-columns is-layout-flex wp-container-core-columns-is-layout-28f84493 wp-block-columns-is-layout-flex\">\n<div class=\"wp-block-column is-layout-flow wp-block-column-is-layout-flow\">\n<figure class=\"wp-block-image size-large\"><img loading=\"lazy\" decoding=\"async\" width=\"500\" height=\"438\" src=\"http:\/\/minijets.org\/wp-content\/uploads\/2021\/02\/Bell_ATV_05.jpg\" alt=\"\" class=\"wp-image-3550\" srcset=\"https:\/\/minijets.org\/wp-content\/uploads\/2021\/02\/Bell_ATV_05.jpg 500w, https:\/\/minijets.org\/wp-content\/uploads\/2021\/02\/Bell_ATV_05-300x263.jpg 300w, https:\/\/minijets.org\/wp-content\/uploads\/2021\/02\/Bell_ATV_05-14x12.jpg 14w\" sizes=\"auto, (max-width: 500px) 100vw, 500px\" \/><figcaption class=\"wp-element-caption\">The Bell test pilot, David W. Howe , source Flight February 1955<\/figcaption><\/figure>\n<\/div>\n\n\n\n<div class=\"wp-block-column is-layout-flow wp-block-column-is-layout-flow\">\n<p>In May, Howe unsuccessfully attempted horizontal to vertical transitions at 5,000 feet; when engines rotated, pitch-up occurred, and as stick was pushed forward to compensate, aerodynamic and reaction control pressures were sufficient to deform aft fuselage.<\/p>\n\n\n\n<p>Since major test aims were complete and last J44s had 4.5 hours on them, project was terminated in favor of X-14.<\/p>\n\n\n\n<p>ATV weighed about 2,000 pounds and accelerated from 0-100 mph in 100 ft.<\/p>\n\n\n\n<p>Was only able to fly well in cold weather (relatively high air density) when engine thrust was about equal to aircraft weight.<\/p>\n<\/div>\n<\/div>\n\n\n\n<p>6 key test results:<\/p>\n\n\n\n<ul class=\"wp-block-list\">\n<li>successful turbojet VTOL flight with a 1:1 power\/ weight ratio;<\/li>\n\n\n\n<li>proof that a person could control such an aircraft;<\/li>\n\n\n\n<li>simple, workable reaction control system;<\/li>\n\n\n\n<li>jet engines operating in sustained vertical and horizontal positions;<\/li>\n\n\n\n<li>transitional flight that was more stable than hovering flight;<\/li>\n\n\n\n<li>proof that jets could be operated vertically over concrete surfaces without damaging them.<\/li>\n<\/ul>\n\n\n\n<div class=\"wp-block-columns is-layout-flex wp-container-core-columns-is-layout-28f84493 wp-block-columns-is-layout-flex\">\n<div class=\"wp-block-column is-layout-flow wp-block-column-is-layout-flow\">\n<figure class=\"wp-block-image size-large\"><img loading=\"lazy\" decoding=\"async\" width=\"500\" height=\"227\" src=\"http:\/\/minijets.org\/wp-content\/uploads\/2021\/02\/Bell_ATV_P3views.jpg\" alt=\"\" class=\"wp-image-3559\" srcset=\"https:\/\/minijets.org\/wp-content\/uploads\/2021\/02\/Bell_ATV_P3views.jpg 500w, https:\/\/minijets.org\/wp-content\/uploads\/2021\/02\/Bell_ATV_P3views-300x136.jpg 300w, https:\/\/minijets.org\/wp-content\/uploads\/2021\/02\/Bell_ATV_P3views-18x8.jpg 18w\" sizes=\"auto, (max-width: 500px) 100vw, 500px\" \/><\/figure>\n<\/div>\n\n\n\n<div class=\"wp-block-column is-layout-flow wp-block-column-is-layout-flow\">\n<figure class=\"wp-block-image size-large\"><img loading=\"lazy\" decoding=\"async\" width=\"500\" height=\"267\" src=\"http:\/\/minijets.org\/wp-content\/uploads\/2021\/02\/Bell_ATV_04.jpg\" alt=\"\" class=\"wp-image-3548\" srcset=\"https:\/\/minijets.org\/wp-content\/uploads\/2021\/02\/Bell_ATV_04.jpg 500w, https:\/\/minijets.org\/wp-content\/uploads\/2021\/02\/Bell_ATV_04-300x160.jpg 300w, https:\/\/minijets.org\/wp-content\/uploads\/2021\/02\/Bell_ATV_04-18x10.jpg 18w\" sizes=\"auto, (max-width: 500px) 100vw, 500px\" \/><\/figure>\n<\/div>\n<\/div>\n\n\n\n<h2 class=\"wp-block-heading\">Comments<\/h2>\n\n\n\n<p>First jet V\/STOLL flown in U.S. No stability augmentation was required. Engines rotated on a common shaft through the fuselage. Each reaction control system (RCS) nozzle was mechanically linked to the corresponding aerodynamic control surface. Partial transitions were accomplished at 30 to 40 ft. altitudes. No complete transitions were performed. Engines were not manrated and limited to 5 hours<\/p>\n\n\n\n<p>Go &#8211; Ahead Mar 1953<\/p>\n\n\n\n<p>First hover Nov 1954<\/p>\n\n\n\n<p>Last flight Mar 1955<\/p>\n\n\n\n<p>Source : DTIC ADA089492: Application of Powered High Lift Systems to STOL Aircraft Design. by&nbsp;Defense Technical Information Center. Publication date&nbsp;1979-09-01<\/p>\n\n\n\n<p>Its first flight was made in January 1954 on a tether. The ATV was damaged the next month from an engine failure and subsequent fire. After repairs, flight tests resumed, but the program was terminated in early 1955 after only 4.5 flight hours. The ATV was to be followed by the successful X-14 or Model 68<\/p>\n\n\n\n<p><br><\/p>\n","protected":false},"excerpt":{"rendered":"<p>Le Bell model 65 Air Test Vehicule (ATV) \u00e9tait un projet exp\u00e9rimental d&#8217;avion \u00e0 d\u00e9collage vertical utilisant deux turbor\u00e9acteurs \u00e0 la fois pour le vol vertical et le vol horizontal.&nbsp; Il s&#8217;agissait de 2 Fairchild J44, chacun d&#8217;eux ayant une puissance de 454 kg de pouss\u00e9e. Ils \u00e9taient mont\u00e9s de part et d&#8217;autre, le long [&hellip;]<\/p>\n","protected":false},"author":1,"featured_media":3552,"parent":4958,"menu_order":0,"comment_status":"closed","ping_status":"closed","template":"","meta":{"_acf_changed":false,"cybocfi_hide_featured_image":"","footnotes":""},"categories":[20],"tags":[],"planes-000-100":[],"class_list":["post-4978","page","type-page","status-publish","has-post-thumbnail","hentry","category-plane-300-500"],"blocksy_meta":[],"acf":[],"_links":{"self":[{"href":"https:\/\/minijets.org\/fr\/wp-json\/wp\/v2\/pages\/4978","targetHints":{"allow":["GET"]}}],"collection":[{"href":"https:\/\/minijets.org\/fr\/wp-json\/wp\/v2\/pages"}],"about":[{"href":"https:\/\/minijets.org\/fr\/wp-json\/wp\/v2\/types\/page"}],"author":[{"embeddable":true,"href":"https:\/\/minijets.org\/fr\/wp-json\/wp\/v2\/users\/1"}],"replies":[{"embeddable":true,"href":"https:\/\/minijets.org\/fr\/wp-json\/wp\/v2\/comments?post=4978"}],"version-history":[{"count":0,"href":"https:\/\/minijets.org\/fr\/wp-json\/wp\/v2\/pages\/4978\/revisions"}],"up":[{"embeddable":true,"href":"https:\/\/minijets.org\/fr\/wp-json\/wp\/v2\/pages\/4958"}],"wp:featuredmedia":[{"embeddable":true,"href":"https:\/\/minijets.org\/fr\/wp-json\/wp\/v2\/media\/3552"}],"wp:attachment":[{"href":"https:\/\/minijets.org\/fr\/wp-json\/wp\/v2\/media?parent=4978"}],"wp:term":[{"taxonomy":"category","embeddable":true,"href":"https:\/\/minijets.org\/fr\/wp-json\/wp\/v2\/categories?post=4978"},{"taxonomy":"post_tag","embeddable":true,"href":"https:\/\/minijets.org\/fr\/wp-json\/wp\/v2\/tags?post=4978"},{"taxonomy":"planes-000-100","embeddable":true,"href":"https:\/\/minijets.org\/fr\/wp-json\/wp\/v2\/planes-000-100?post=4978"}],"curies":[{"name":"wp","href":"https:\/\/api.w.org\/{rel}","templated":true}]}}