{"id":4992,"date":"2021-02-25T10:55:33","date_gmt":"2021-02-25T09:55:33","guid":{"rendered":"http:\/\/tst.minijets.org\/?page_id=4992"},"modified":"2023-01-13T15:55:12","modified_gmt":"2023-01-13T14:55:12","slug":"general-electric-t-58","status":"publish","type":"page","link":"https:\/\/minijets.org\/fr\/300-500\/general-electric-t-58\/","title":{"rendered":"GE T-58"},"content":{"rendered":"\n<p>The&nbsp;General Electric <strong>GE T58<\/strong>&nbsp;is an American turboshaft engine developed for helicopter use. First run in 1955, it remained in production until&nbsp;<strong>1984<\/strong>, by which time some 6,300 units had been built. On July 1, 1959, it became the first turbine engine to gain FAA certification for civil helicopter use.<\/p>\n\n\n\n<div class=\"wp-block-columns is-layout-flex wp-container-core-columns-is-layout-28f84493 wp-block-columns-is-layout-flex\">\n<div class=\"wp-block-column is-layout-flow wp-block-column-is-layout-flow\">\n<p>After being converted to a turbojet, this engine is capable of producing up to 840 pounds of thrusts.<\/p>\n\n\n\n<p>In this configuration, the engine weighs just 300 pounds<\/p>\n<\/div>\n\n\n\n<div class=\"wp-block-column is-layout-flow wp-block-column-is-layout-flow\">\n<figure class=\"wp-block-image size-large\"><img loading=\"lazy\" decoding=\"async\" width=\"500\" height=\"327\" src=\"http:\/\/minijets.org\/wp-content\/uploads\/2021\/02\/GE_T58_-_01.jpg\" alt=\"GE T-58\" class=\"wp-image-3570\" srcset=\"https:\/\/minijets.org\/wp-content\/uploads\/2021\/02\/GE_T58_-_01.jpg 500w, https:\/\/minijets.org\/wp-content\/uploads\/2021\/02\/GE_T58_-_01-300x196.jpg 300w, https:\/\/minijets.org\/wp-content\/uploads\/2021\/02\/GE_T58_-_01-18x12.jpg 18w\" sizes=\"auto, (max-width: 500px) 100vw, 500px\" \/><figcaption class=\"wp-element-caption\">T58 converted to turbojet by Les Shockley (2003).New name was SHOCKWAVE 800+<\/figcaption><\/figure>\n<\/div>\n<\/div>\n\n\n\n<h2 class=\"wp-block-heading\">Applications du GE T-58<\/h2>\n\n\n\n<p>T58s, have been converted to turbojet by the removal of the power turbines and &nbsp;were used as jet engines on the following<\/p>\n\n\n        <div class=\"wp-block-getwid-custom-post-type custom-post-type-page has-layout-list\">\n            <div class=\"wp-block-getwid-custom-post-type__wrapper\">\n                \t\t\t\t\t\t\t\t<div class='wp-block-getwid-custom-post-type__post'>\n\t\t\t\t\t\t\t\t\t\n<div class=\"wp-block-getwid-custom-post-type__post-wrapper\">\n            <div class=\"wp-block-getwid-custom-post-type__post-thumbnail\">\n            <a href=\"https:\/\/minijets.org\/fr\/300-500\/general-electric-t-58\/bd5j\/\"><img loading=\"lazy\" decoding=\"async\" width=\"960\" height=\"654\" src=\"https:\/\/minijets.org\/wp-content\/uploads\/2022\/08\/BD-5J_GE_T58_02.jpg\" class=\"attachment-post-thumbnail size-post-thumbnail wp-post-image\" alt=\"\" srcset=\"https:\/\/minijets.org\/wp-content\/uploads\/2022\/08\/BD-5J_GE_T58_02.jpg 960w, https:\/\/minijets.org\/wp-content\/uploads\/2022\/08\/BD-5J_GE_T58_02-300x204.jpg 300w, https:\/\/minijets.org\/wp-content\/uploads\/2022\/08\/BD-5J_GE_T58_02-768x523.jpg 768w, https:\/\/minijets.org\/wp-content\/uploads\/2022\/08\/BD-5J_GE_T58_02-18x12.jpg 18w\" sizes=\"auto, (max-width: 960px) 100vw, 960px\" \/><\/a>\n        <\/div>\n        <div class=\"wp-block-getwid-custom-post-type__content-wrapper\">\n        <div class=\"wp-block-getwid-custom-post-type__post-header\">\n            <h3 class=\"wp-block-getwid-custom-post-type__post-title\"><a href=\"https:\/\/minijets.org\/fr\/300-500\/general-electric-t-58\/bd5j\/\">BD-5J GE T-58<\/a><\/h3>        <\/div>\n        <div class=\"wp-block-getwid-custom-post-type__post-excerpt \"><p>Ce BD-5J a \u00e9t\u00e9 obtenu par montage d&#8217;un r\u00e9acteur issu d&#8217;une transformation d&#8217;un GE T-58. Il est la propri\u00e9t\u00e9 de Douglas Medore, de Romoland en Californie. Nous ne poss\u00e9dons que peut d&#8217;information sur cet appareil. Il semblerait qu&#8217;il ait \u00e9t\u00e9 construit par Geoff Taylor. Il s&#8217;agit du projet de Rusty Skinner, constructeur d&#8217;un Viperjet, dont [&hellip;]<\/p>\n<\/div>\n    <\/div>\n<\/div>\n\t\t\t\t\t\t\t\t<\/div>\n\t\t\t\t\t\t\t\t\t\t\t\t\t\t\t<div class='wp-block-getwid-custom-post-type__post'>\n\t\t\t\t\t\t\t\t\t\n<div class=\"wp-block-getwid-custom-post-type__post-wrapper\">\n            <div class=\"wp-block-getwid-custom-post-type__post-thumbnail\">\n            <a href=\"https:\/\/minijets.org\/fr\/300-500\/general-electric-t-58\/berkut-jet\/\"><img loading=\"lazy\" decoding=\"async\" width=\"600\" height=\"450\" src=\"https:\/\/minijets.org\/wp-content\/uploads\/2021\/02\/Berkut_Jet_-_01.JPG\" class=\"attachment-post-thumbnail size-post-thumbnail wp-post-image\" alt=\"\" srcset=\"https:\/\/minijets.org\/wp-content\/uploads\/2021\/02\/Berkut_Jet_-_01.JPG 600w, https:\/\/minijets.org\/wp-content\/uploads\/2021\/02\/Berkut_Jet_-_01-300x225.jpg 300w, https:\/\/minijets.org\/wp-content\/uploads\/2021\/02\/Berkut_Jet_-_01-16x12.jpg 16w\" sizes=\"auto, (max-width: 600px) 100vw, 600px\" \/><\/a>\n        <\/div>\n        <div class=\"wp-block-getwid-custom-post-type__content-wrapper\">\n        <div class=\"wp-block-getwid-custom-post-type__post-header\">\n            <h3 class=\"wp-block-getwid-custom-post-type__post-title\"><a href=\"https:\/\/minijets.org\/fr\/300-500\/general-electric-t-58\/berkut-jet\/\">Berkut Jet<\/a><\/h3>        <\/div>\n        <div class=\"wp-block-getwid-custom-post-type__post-excerpt \"><p>Ce Berkut Jet a \u00e9t\u00e9 construit par Jerrold Jorritsma. Il \u00e9tait propuls\u00e9 par une Turbine GE T58 convertie en turbor\u00e9acteur. Le premier vol de l&#8217;avion a eu lieu en 2006. Le Berkut est un descendant du Rutan Long-EZ, dont les principales diff\u00e9rences sont : un train d&#8217;atterrissage principal r\u00e9tractable, une double verri\u00e8re, un fuselage, des [&hellip;]<\/p>\n<\/div>\n    <\/div>\n<\/div>\n\t\t\t\t\t\t\t\t<\/div>\n\t\t\t\t\t\t\t\t\t\t\t\t\t\t\t<div class='wp-block-getwid-custom-post-type__post'>\n\t\t\t\t\t\t\t\t\t\n<div class=\"wp-block-getwid-custom-post-type__post-wrapper\">\n            <div class=\"wp-block-getwid-custom-post-type__post-thumbnail\">\n            <a href=\"https:\/\/minijets.org\/fr\/300-500\/general-electric-t-58\/cozyjet\/\"><img loading=\"lazy\" decoding=\"async\" width=\"500\" height=\"375\" src=\"https:\/\/minijets.org\/wp-content\/uploads\/2021\/02\/Cozyjet_01.jpg\" class=\"attachment-post-thumbnail size-post-thumbnail wp-post-image\" alt=\"Cozyjet\" srcset=\"https:\/\/minijets.org\/wp-content\/uploads\/2021\/02\/Cozyjet_01.jpg 500w, https:\/\/minijets.org\/wp-content\/uploads\/2021\/02\/Cozyjet_01-300x225.jpg 300w, https:\/\/minijets.org\/wp-content\/uploads\/2021\/02\/Cozyjet_01-16x12.jpg 16w\" sizes=\"auto, (max-width: 500px) 100vw, 500px\" \/><\/a>\n        <\/div>\n        <div class=\"wp-block-getwid-custom-post-type__content-wrapper\">\n        <div class=\"wp-block-getwid-custom-post-type__post-header\">\n            <h3 class=\"wp-block-getwid-custom-post-type__post-title\"><a href=\"https:\/\/minijets.org\/fr\/300-500\/general-electric-t-58\/cozyjet\/\">CozyJet<\/a><\/h3>        <\/div>\n        <div class=\"wp-block-getwid-custom-post-type__post-excerpt \"><p>[svg-flag flag=&#8221;us&#8221; size=&#8221;1.1&#8243; size_unit=em]Cozy modified with a GE T58 On doit ce CozyJet \u00e0 \u00a0Greg Richter, qui a fait transformer son Cozy III \u00e9quip\u00e9 d&#8217;un moteur de voiture MAZDA RX7 de 1991, avec une turbine GE -T58 convertie en turbor\u00e9acteur. La transformation a \u00e9t\u00e9 r\u00e9alis\u00e9e par\u00a0Robert et Valerie Harris\u00a0de chez EZJET \u00e0 \u00a0Covington, Tennessee. Cozyjet [&hellip;]<\/p>\n<\/div>\n    <\/div>\n<\/div>\n\t\t\t\t\t\t\t\t<\/div>\n\t\t\t\t\t\t\t\t\t\t\t\t\t\t\t<div class='wp-block-getwid-custom-post-type__post'>\n\t\t\t\t\t\t\t\t\t\n<div class=\"wp-block-getwid-custom-post-type__post-wrapper\">\n            <div class=\"wp-block-getwid-custom-post-type__post-thumbnail\">\n            <a href=\"https:\/\/minijets.org\/fr\/300-500\/general-electric-t-58\/jetez\/\"><img loading=\"lazy\" decoding=\"async\" width=\"1080\" height=\"720\" src=\"https:\/\/minijets.org\/wp-content\/uploads\/2021\/02\/JetEZ_01.jpg\" class=\"attachment-post-thumbnail size-post-thumbnail wp-post-image\" alt=\"\" srcset=\"https:\/\/minijets.org\/wp-content\/uploads\/2021\/02\/JetEZ_01.jpg 1080w, https:\/\/minijets.org\/wp-content\/uploads\/2021\/02\/JetEZ_01-300x200.jpg 300w, https:\/\/minijets.org\/wp-content\/uploads\/2021\/02\/JetEZ_01-1024x683.jpg 1024w, https:\/\/minijets.org\/wp-content\/uploads\/2021\/02\/JetEZ_01-768x512.jpg 768w, https:\/\/minijets.org\/wp-content\/uploads\/2021\/02\/JetEZ_01-18x12.jpg 18w\" sizes=\"auto, (max-width: 1080px) 100vw, 1080px\" \/><\/a>\n        <\/div>\n        <div class=\"wp-block-getwid-custom-post-type__content-wrapper\">\n        <div class=\"wp-block-getwid-custom-post-type__post-header\">\n            <h3 class=\"wp-block-getwid-custom-post-type__post-title\"><a href=\"https:\/\/minijets.org\/fr\/300-500\/general-electric-t-58\/jetez\/\">JetEZ<\/a><\/h3>        <\/div>\n        <div class=\"wp-block-getwid-custom-post-type__post-excerpt \"><p>Le&nbsp;JetEZ, est un appareil propuls\u00e9 par un turbor\u00e9acteur&nbsp;GE T58-8F. Il a \u00e9t\u00e9 con\u00e7u par&nbsp;Lance Hooley, de Kissimmee en Floride. La r\u00e9alisation est en partie due \u00e0&nbsp;Robert Harris, d\u00e9j\u00e0 connu pour le Cozy Jet N722. Le projet JetEZ \u00e0 commenc\u00e9 en 2004. Bien qu&#8217;il ressemble \u00e0 un Long-EZ,&nbsp;le JetEZ&nbsp;est 10 cm plus large,&nbsp;15 cm plus long [&hellip;]<\/p>\n<\/div>\n    <\/div>\n<\/div>\n\t\t\t\t\t\t\t\t<\/div>\n\t\t\t\t\t\t\t\t\t\t\t\t\t\t\t<div class='wp-block-getwid-custom-post-type__post'>\n\t\t\t\t\t\t\t\t\t\n<div class=\"wp-block-getwid-custom-post-type__post-wrapper\">\n            <div class=\"wp-block-getwid-custom-post-type__post-thumbnail\">\n            <a href=\"https:\/\/minijets.org\/fr\/300-500\/general-electric-t-58\/jg-2-panther-replica\/\"><img loading=\"lazy\" decoding=\"async\" width=\"500\" height=\"333\" src=\"https:\/\/minijets.org\/wp-content\/uploads\/2021\/02\/JG-2_Panther_Replica_05.jpg\" class=\"attachment-post-thumbnail size-post-thumbnail wp-post-image\" alt=\"\" srcset=\"https:\/\/minijets.org\/wp-content\/uploads\/2021\/02\/JG-2_Panther_Replica_05.jpg 500w, https:\/\/minijets.org\/wp-content\/uploads\/2021\/02\/JG-2_Panther_Replica_05-300x200.jpg 300w, https:\/\/minijets.org\/wp-content\/uploads\/2021\/02\/JG-2_Panther_Replica_05-18x12.jpg 18w\" sizes=\"auto, (max-width: 500px) 100vw, 500px\" \/><\/a>\n        <\/div>\n        <div class=\"wp-block-getwid-custom-post-type__content-wrapper\">\n        <div class=\"wp-block-getwid-custom-post-type__post-header\">\n            <h3 class=\"wp-block-getwid-custom-post-type__post-title\"><a href=\"https:\/\/minijets.org\/fr\/300-500\/general-electric-t-58\/jg-2-panther-replica\/\">JG-2 Panther Replica<\/a><\/h3>        <\/div>\n        <div class=\"wp-block-getwid-custom-post-type__post-excerpt \"><p>[svg-flag flag=&#8221;au&#8221; size=&#8221;1.1&#8243; size_unit=em] Homebuilt designed and built by John Gross This JG-2 Panther Replica is a 3\/4 scale replica of\u00a0Grumman F9F Panther\u00a0(1947-1958),\u00a0one of the United States Navy&#8217;s first successful carrier-based jet fighters, as well as Grumman\u2019s first jet fighter. The JG-2 was designed by&nbsp;John Gross, and built at Mt Cotton a few miles south [&hellip;]<\/p>\n<\/div>\n    <\/div>\n<\/div>\n\t\t\t\t\t\t\t\t<\/div>\n\t\t\t\t\t\t\t\t\t\t\t\t\t\t\t<div class='wp-block-getwid-custom-post-type__post'>\n\t\t\t\t\t\t\t\t\t\n<div class=\"wp-block-getwid-custom-post-type__post-wrapper\">\n            <div class=\"wp-block-getwid-custom-post-type__post-thumbnail\">\n            <a href=\"https:\/\/minijets.org\/fr\/300-500\/general-electric-t-58\/longez-j\/\"><img loading=\"lazy\" decoding=\"async\" width=\"1136\" height=\"640\" src=\"https:\/\/minijets.org\/wp-content\/uploads\/2021\/02\/Long_EZ-J_02.jpg\" class=\"attachment-post-thumbnail size-post-thumbnail wp-post-image\" alt=\"\" srcset=\"https:\/\/minijets.org\/wp-content\/uploads\/2021\/02\/Long_EZ-J_02.jpg 1136w, https:\/\/minijets.org\/wp-content\/uploads\/2021\/02\/Long_EZ-J_02-300x169.jpg 300w, https:\/\/minijets.org\/wp-content\/uploads\/2021\/02\/Long_EZ-J_02-1024x577.jpg 1024w, https:\/\/minijets.org\/wp-content\/uploads\/2021\/02\/Long_EZ-J_02-768x433.jpg 768w, https:\/\/minijets.org\/wp-content\/uploads\/2021\/02\/Long_EZ-J_02-18x10.jpg 18w\" sizes=\"auto, (max-width: 1136px) 100vw, 1136px\" \/><\/a>\n        <\/div>\n        <div class=\"wp-block-getwid-custom-post-type__content-wrapper\">\n        <div class=\"wp-block-getwid-custom-post-type__post-header\">\n            <h3 class=\"wp-block-getwid-custom-post-type__post-title\"><a href=\"https:\/\/minijets.org\/fr\/300-500\/general-electric-t-58\/longez-j\/\">Long EZ-J<\/a><\/h3>        <\/div>\n        <div class=\"wp-block-getwid-custom-post-type__post-excerpt \"><p>[svg-flag flag=&#8221;us&#8221; size=&#8221;1.1&#8243; size_unit=em] Long EZ-J Le&nbsp;Long EZ-J,&nbsp;N61956&nbsp;,est un appareil propuls\u00e9 par un turbor\u00e9acteur&nbsp;GE T58. Il a \u00e9t\u00e9 con\u00e7u par&nbsp;John Albritton&nbsp;d&#8217;Oakland, Tenessee. La r\u00e9alisation est en partie due \u00e0&nbsp;Robert Harris, d\u00e9j\u00e0 connu pour le Cozy Jet N722.&nbsp;John a pris 12 ans pour mener \u00e0 bien ce projet. Il a fait son premier vol sur&nbsp; le [&hellip;]<\/p>\n<\/div>\n    <\/div>\n<\/div>\n\t\t\t\t\t\t\t\t<\/div>\n\t\t\t\t\t\t\t\t\t\t\t\t\t\t\t<div class='wp-block-getwid-custom-post-type__post'>\n\t\t\t\t\t\t\t\t\t\n<div class=\"wp-block-getwid-custom-post-type__post-wrapper\">\n            <div class=\"wp-block-getwid-custom-post-type__post-thumbnail\">\n            <a href=\"https:\/\/minijets.org\/fr\/300-500\/general-electric-t-58\/maverick-twinjet-1500\/\"><img loading=\"lazy\" decoding=\"async\" width=\"500\" height=\"325\" src=\"https:\/\/minijets.org\/wp-content\/uploads\/2021\/02\/Maverick_TwinJet_03.jpg\" class=\"attachment-post-thumbnail size-post-thumbnail wp-post-image\" alt=\"\" srcset=\"https:\/\/minijets.org\/wp-content\/uploads\/2021\/02\/Maverick_TwinJet_03.jpg 500w, https:\/\/minijets.org\/wp-content\/uploads\/2021\/02\/Maverick_TwinJet_03-300x195.jpg 300w, https:\/\/minijets.org\/wp-content\/uploads\/2021\/02\/Maverick_TwinJet_03-18x12.jpg 18w\" sizes=\"auto, (max-width: 500px) 100vw, 500px\" \/><\/a>\n        <\/div>\n        <div class=\"wp-block-getwid-custom-post-type__content-wrapper\">\n        <div class=\"wp-block-getwid-custom-post-type__post-header\">\n            <h3 class=\"wp-block-getwid-custom-post-type__post-title\"><a href=\"https:\/\/minijets.org\/fr\/300-500\/general-electric-t-58\/maverick-twinjet-1500\/\">Maverick TwinJet 1500<\/a><\/h3>        <\/div>\n        <div class=\"wp-block-getwid-custom-post-type__post-excerpt \"><p>Maverick TwinJet 1500 aircraft was originaly an experimental amateur built five place twin jet. Construction was composile FRP, powered by two modified GE T-58 turbojet engines. Aircraft was low wing, &#8216;T&#8217; tail design with conventional flight controls. Maverick Jets Bob Bornhofen was retired when he got into the aviation business, and had no aviation background. [&hellip;]<\/p>\n<\/div>\n    <\/div>\n<\/div>\n\t\t\t\t\t\t\t\t<\/div>\n\t\t\t\t\t\t\t\t\t\t\t\t\t\t\t<div class='wp-block-getwid-custom-post-type__post'>\n\t\t\t\t\t\t\t\t\t\n<div class=\"wp-block-getwid-custom-post-type__post-wrapper\">\n            <div class=\"wp-block-getwid-custom-post-type__post-thumbnail\">\n            <a href=\"https:\/\/minijets.org\/fr\/300-500\/general-electric-t-58\/sipa-200\/\"><img loading=\"lazy\" decoding=\"async\" width=\"500\" height=\"375\" src=\"https:\/\/minijets.org\/wp-content\/uploads\/2021\/02\/sipa_200_02.jpg\" class=\"attachment-post-thumbnail size-post-thumbnail wp-post-image\" alt=\"\" srcset=\"https:\/\/minijets.org\/wp-content\/uploads\/2021\/02\/sipa_200_02.jpg 500w, https:\/\/minijets.org\/wp-content\/uploads\/2021\/02\/sipa_200_02-300x225.jpg 300w, https:\/\/minijets.org\/wp-content\/uploads\/2021\/02\/sipa_200_02-16x12.jpg 16w\" sizes=\"auto, (max-width: 500px) 100vw, 500px\" \/><\/a>\n        <\/div>\n        <div class=\"wp-block-getwid-custom-post-type__content-wrapper\">\n        <div class=\"wp-block-getwid-custom-post-type__post-header\">\n            <h3 class=\"wp-block-getwid-custom-post-type__post-title\"><a href=\"https:\/\/minijets.org\/fr\/300-500\/general-electric-t-58\/sipa-200\/\">Sipa 200 &#8211; T58<\/a><\/h3>        <\/div>\n        <div class=\"wp-block-getwid-custom-post-type__post-excerpt \"><p>[svg-flag flag=&#8221;fr&#8221; size=&#8221;1.1&#8243; size_unit=em] Sipa 200 \u00e9quip\u00e9 avec un r\u00e9acteur GE T-58 [svg-flag flag=&#8221;us&#8221; size=&#8221;1.1&#8243; size_unit=em] Il s&#8217;agit ici de pr\u00e9senter le Sipa 200 &#8211; T58, Minijet N\u00b05, qui a subit un chantier de modifications important par rapport \u00e0 l&#8217;original. Ces transformations ont pour origine les causes suivantes :\u00a0 Le r\u00e9acteur Turbom\u00e9ca Palas a \u00e9t\u00e9 [&hellip;]<\/p>\n<\/div>\n    <\/div>\n<\/div>\n\t\t\t\t\t\t\t\t<\/div>\n\t\t\t\t\t\t\t\t\t\t\t\t\t\t\t<div class='wp-block-getwid-custom-post-type__post'>\n\t\t\t\t\t\t\t\t\t\n<div class=\"wp-block-getwid-custom-post-type__post-wrapper\">\n            <div class=\"wp-block-getwid-custom-post-type__post-thumbnail\">\n            <a href=\"https:\/\/minijets.org\/fr\/300-500\/general-electric-t-58\/velocity-jet\/\"><img loading=\"lazy\" decoding=\"async\" width=\"500\" height=\"311\" src=\"https:\/\/minijets.org\/wp-content\/uploads\/2021\/02\/Velocity_Jet-03.jpg\" class=\"attachment-post-thumbnail size-post-thumbnail wp-post-image\" alt=\"\" srcset=\"https:\/\/minijets.org\/wp-content\/uploads\/2021\/02\/Velocity_Jet-03.jpg 500w, https:\/\/minijets.org\/wp-content\/uploads\/2021\/02\/Velocity_Jet-03-300x187.jpg 300w, https:\/\/minijets.org\/wp-content\/uploads\/2021\/02\/Velocity_Jet-03-18x12.jpg 18w\" sizes=\"auto, (max-width: 500px) 100vw, 500px\" \/><\/a>\n        <\/div>\n        <div class=\"wp-block-getwid-custom-post-type__content-wrapper\">\n        <div class=\"wp-block-getwid-custom-post-type__post-header\">\n            <h3 class=\"wp-block-getwid-custom-post-type__post-title\"><a href=\"https:\/\/minijets.org\/fr\/300-500\/general-electric-t-58\/velocity-jet\/\">Velocity Jet 900<\/a><\/h3>        <\/div>\n        <div class=\"wp-block-getwid-custom-post-type__post-excerpt \"><p>[svg-flag flag=&#8221;us&#8221; size=&#8221;1.1&#8243; size_unit=em]Velocity modified with a GE T58 Antonio Espinal built his Velocity Jet 900 aircraft (N289AE) with the help of x-jets. The first flight, in 2006, was successful, but the second flight landed short of the runway (accident), apparently because the pilot got behind the power curve and couldn&#8217;t get the engine to [&hellip;]<\/p>\n<\/div>\n    <\/div>\n<\/div>\n\t\t\t\t\t\t\t\t<\/div>\n\t\t\t\t\t\t\t            <\/div>\n\n                            <nav class=\"navigation pagination\" role=\"navigation\">\n                    <h2 class=\"screen-reader-text\"><\/h2>\n                    <div class=\"nav-links\">\n                                        <\/div>\n                <\/nav>\n                    <\/div>\n        ","protected":false},"excerpt":{"rendered":"<p>The&nbsp;General Electric GE T58&nbsp;is an American turboshaft engine developed for helicopter use. First run in 1955, it remained in production until&nbsp;1984, by which time some 6,300 units had been built. On July 1, 1959, it became the first turbine engine to gain FAA certification for civil helicopter use. After being converted to a turbojet, this [&hellip;]<\/p>\n","protected":false},"author":1,"featured_media":3570,"parent":623,"menu_order":0,"comment_status":"closed","ping_status":"closed","template":"","meta":{"_acf_changed":false,"cybocfi_hide_featured_image":"","footnotes":""},"categories":[15],"tags":[],"planes-000-100":[],"class_list":["post-4992","page","type-page","status-publish","has-post-thumbnail","hentry","category-jet-engine-300-500"],"blocksy_meta":[],"acf":[],"_links":{"self":[{"href":"https:\/\/minijets.org\/fr\/wp-json\/wp\/v2\/pages\/4992","targetHints":{"allow":["GET"]}}],"collection":[{"href":"https:\/\/minijets.org\/fr\/wp-json\/wp\/v2\/pages"}],"about":[{"href":"https:\/\/minijets.org\/fr\/wp-json\/wp\/v2\/types\/page"}],"author":[{"embeddable":true,"href":"https:\/\/minijets.org\/fr\/wp-json\/wp\/v2\/users\/1"}],"replies":[{"embeddable":true,"href":"https:\/\/minijets.org\/fr\/wp-json\/wp\/v2\/comments?post=4992"}],"version-history":[{"count":1,"href":"https:\/\/minijets.org\/fr\/wp-json\/wp\/v2\/pages\/4992\/revisions"}],"predecessor-version":[{"id":8484,"href":"https:\/\/minijets.org\/fr\/wp-json\/wp\/v2\/pages\/4992\/revisions\/8484"}],"up":[{"embeddable":true,"href":"https:\/\/minijets.org\/fr\/wp-json\/wp\/v2\/pages\/623"}],"wp:featuredmedia":[{"embeddable":true,"href":"https:\/\/minijets.org\/fr\/wp-json\/wp\/v2\/media\/3570"}],"wp:attachment":[{"href":"https:\/\/minijets.org\/fr\/wp-json\/wp\/v2\/media?parent=4992"}],"wp:term":[{"taxonomy":"category","embeddable":true,"href":"https:\/\/minijets.org\/fr\/wp-json\/wp\/v2\/categories?post=4992"},{"taxonomy":"post_tag","embeddable":true,"href":"https:\/\/minijets.org\/fr\/wp-json\/wp\/v2\/tags?post=4992"},{"taxonomy":"planes-000-100","embeddable":true,"href":"https:\/\/minijets.org\/fr\/wp-json\/wp\/v2\/planes-000-100?post=4992"}],"curies":[{"name":"wp","href":"https:\/\/api.w.org\/{rel}","templated":true}]}}