{"id":5010,"date":"2021-02-25T18:47:57","date_gmt":"2021-02-25T17:47:57","guid":{"rendered":"http:\/\/tst.minijets.org\/?page_id=5010"},"modified":"2022-10-24T17:12:17","modified_gmt":"2022-10-24T15:12:17","slug":"sipa-200","status":"publish","type":"page","link":"https:\/\/minijets.org\/fr\/300-500\/general-electric-t-58\/sipa-200\/","title":{"rendered":"Sipa 200 &#8211; T58"},"content":{"rendered":"\n<h2 class=\"wp-block-heading\">[svg-flag flag=&#8221;fr&#8221; size=&#8221;1.1&#8243; size_unit=em] Sipa 200 \u00e9quip\u00e9 avec un r\u00e9acteur GE T-58 [svg-flag flag=&#8221;us&#8221; size=&#8221;1.1&#8243; size_unit=em]<\/h2>\n\n\n\n<figure class=\"wp-block-image size-large\"><img loading=\"lazy\" decoding=\"async\" width=\"950\" height=\"221\" src=\"http:\/\/minijets.org\/wp-content\/uploads\/2021\/02\/sipa_200_top.jpg\" alt=\"Sipa 200 - T58\" class=\"wp-image-3608\" srcset=\"https:\/\/minijets.org\/wp-content\/uploads\/2021\/02\/sipa_200_top.jpg 950w, https:\/\/minijets.org\/wp-content\/uploads\/2021\/02\/sipa_200_top-300x70.jpg 300w, https:\/\/minijets.org\/wp-content\/uploads\/2021\/02\/sipa_200_top-768x179.jpg 768w, https:\/\/minijets.org\/wp-content\/uploads\/2021\/02\/sipa_200_top-18x4.jpg 18w\" sizes=\"auto, (max-width: 950px) 100vw, 950px\" \/><figcaption>Sipa 200 N917WJ de Randy Workman au d\u00e9collage. Source : avec la courtoisie de Randy<\/figcaption><\/figure>\n\n\n\n<p>Il s&#8217;agit ici de pr\u00e9senter le Sipa 200 &#8211; T58, Minijet N\u00b05, qui a subit un chantier de modifications important par rapport \u00e0 l&#8217;original. Ces transformations ont pour origine les causes suivantes :\u00a0<\/p>\n\n\n\n<ul class=\"wp-block-list\"><li>Le r\u00e9acteur Turbom\u00e9ca Palas a \u00e9t\u00e9 con\u00e7u en 1950 et produit entre 1951 et 1958. Il s&#8217;agit donc d&#8217;un moteur tr\u00e8s ancien, avec tout ce que cela peut comprendre : peu de comp\u00e9tence disponible pour l&#8217;entretenir, des pi\u00e8ces d\u00e9tach\u00e9es introuvables, &nbsp;un syst\u00e8me de r\u00e9gulation rudimentaire, une consommation excessive, &#8230;<\/li><li>Une faible pouss\u00e9e &nbsp;(160 kg), et l&#8217;absence d&#8217;une g\u00e9n\u00e9ratrice permettant d&#8217;assurer une production d&#8217;\u00e9nergie suffisante pour recharger la batterie ou asservir une pompe hydraulique g\u00e9rant le train d&#8217;atterrissage et les volets.<\/li><\/ul>\n\n\n\n<div class=\"wp-block-columns is-layout-flex wp-container-core-columns-is-layout-28f84493 wp-block-columns-is-layout-flex\">\n<div class=\"wp-block-column is-layout-flow wp-block-column-is-layout-flow\">\n<p>Une fois d\u00e9capot\u00e9, on constate que l&#8217;implantation du r\u00e9acteur GE T58 a compl\u00e8tement boulevers\u00e9 le compartiment moteur : Auparavant, le Turbom\u00e9ca Palas \u00e9tait pos\u00e9 sur les 2 logerons situ\u00e9s au fond du compartiment moteur, sans aucun b\u00e2ti. <\/p>\n\n\n\n<p>Le T58 est support\u00e9 par un b\u00e2ti, lui m\u00eame attach\u00e9 \u00e0 une nouvelle cloison cr\u00e9\u00e9e de toute pi\u00e8ce &nbsp;sur le dernier cadre du fuselage restant. <\/p>\n\n\n\n<p>On distingue toujours le r\u00e9servoir d&#8217;alimentation d&#8217;huile moteur et celui d&#8217;alimentation vol dos (en bleu), mais le r\u00e9servoir pour l&#8217;hydraulique du train d&#8217;atterrissage a \u00e9t\u00e9 remplac\u00e9 par une pompe hydraulique qui est aliment\u00e9e en \u00e9nergie par la g\u00e9n\u00e9ratrice du T58 (inexistante sur le Palas). &nbsp;<\/p>\n<\/div>\n\n\n\n<div class=\"wp-block-column is-layout-flow wp-block-column-is-layout-flow\">\n<figure class=\"wp-block-image size-large\"><img loading=\"lazy\" decoding=\"async\" width=\"500\" height=\"375\" src=\"http:\/\/minijets.org\/wp-content\/uploads\/2021\/02\/sipa_200_03.jpg\" alt=\"Sipa 200 - T58\" class=\"wp-image-3602\" srcset=\"https:\/\/minijets.org\/wp-content\/uploads\/2021\/02\/sipa_200_03.jpg 500w, https:\/\/minijets.org\/wp-content\/uploads\/2021\/02\/sipa_200_03-300x225.jpg 300w, https:\/\/minijets.org\/wp-content\/uploads\/2021\/02\/sipa_200_03-16x12.jpg 16w\" sizes=\"auto, (max-width: 500px) 100vw, 500px\" \/><figcaption>Photo du nouveau compartiment moteur. Source : avec la courtoisie de Randy Workman<\/figcaption><\/figure>\n<\/div>\n<\/div>\n\n\n\n<div class=\"wp-block-columns is-layout-flex wp-container-core-columns-is-layout-28f84493 wp-block-columns-is-layout-flex\">\n<div class=\"wp-block-column is-layout-flow wp-block-column-is-layout-flow\">\n<p>Du point de vue ext\u00e9rieur, outre une d\u00e9coration aux couleurs anglaise difficilement explicable, on notera :<\/p>\n\n\n\n<ul class=\"wp-block-list\"><li>Un nouveau dessin de l&#8217;arri\u00e8re du fuselage, avec un allongement du fuselage d&#8217;un bon m\u00e8tre.<\/li><li>L&#8217;absence de de b\u00e9quille de queue r\u00e9tractable (Randy est en train de regarder comment en ajouter une)<\/li><li>La pr\u00e9sence de feux de signalisation sur les faces ext\u00e9rieures des deux d\u00e9rives.<\/li><li>La pr\u00e9sence d&#8217;a\u00e9rations nouvelles, en particulier sur le nez, \u00e0 l&#8217;avant gauche.<\/li><li>La pr\u00e9sence de nouveau r\u00e9servoirs suppl\u00e9mentaires en bout d&#8217;ailes (Origine Navion)<\/li><\/ul>\n\n\n\n<p>&nbsp;Les derni\u00e8res modifications concernent l&#8217;avionique, avec l&#8217;adaptation d&#8217;un pilote automatique.<\/p>\n<\/div>\n\n\n\n<div class=\"wp-block-column is-layout-flow wp-block-column-is-layout-flow\">\n<figure class=\"wp-block-image size-large\"><img loading=\"lazy\" decoding=\"async\" width=\"500\" height=\"375\" src=\"http:\/\/minijets.org\/wp-content\/uploads\/2021\/02\/sipa_200_02.jpg\" alt=\"Sipa 200 - T58\" class=\"wp-image-3572\" srcset=\"https:\/\/minijets.org\/wp-content\/uploads\/2021\/02\/sipa_200_02.jpg 500w, https:\/\/minijets.org\/wp-content\/uploads\/2021\/02\/sipa_200_02-300x225.jpg 300w, https:\/\/minijets.org\/wp-content\/uploads\/2021\/02\/sipa_200_02-16x12.jpg 16w\" sizes=\"auto, (max-width: 500px) 100vw, 500px\" \/><figcaption>Randy Workman effectuant le plein de son avion. Source : avec la courtoisie de Randy<\/figcaption><\/figure>\n\n\n\n<p><\/p>\n<\/div>\n<\/div>\n\n\n\n<div class=\"wp-block-columns is-layout-flex wp-container-core-columns-is-layout-28f84493 wp-block-columns-is-layout-flex\">\n<div class=\"wp-block-column is-layout-flow wp-block-column-is-layout-flow\">\n<figure class=\"wp-block-image size-large\"><img loading=\"lazy\" decoding=\"async\" width=\"500\" height=\"375\" src=\"http:\/\/minijets.org\/wp-content\/uploads\/2021\/02\/sipa_200_01.jpg\" alt=\"Sipa 200 - T58\" class=\"wp-image-3599\" srcset=\"https:\/\/minijets.org\/wp-content\/uploads\/2021\/02\/sipa_200_01.jpg 500w, https:\/\/minijets.org\/wp-content\/uploads\/2021\/02\/sipa_200_01-300x225.jpg 300w, https:\/\/minijets.org\/wp-content\/uploads\/2021\/02\/sipa_200_01-16x12.jpg 16w\" sizes=\"auto, (max-width: 500px) 100vw, 500px\" \/><figcaption>Sipa 200 modifi\u00e9 avec un r\u00e9acteur GE T-58. Source : avec la courtoisie de Randy Workman<\/figcaption><\/figure>\n<\/div>\n\n\n\n<div class=\"wp-block-column is-layout-flow wp-block-column-is-layout-flow\">\n<figure class=\"wp-block-image size-large\"><img loading=\"lazy\" decoding=\"async\" width=\"500\" height=\"375\" src=\"http:\/\/minijets.org\/wp-content\/uploads\/2021\/02\/Sipa_200_owners.jpg\" alt=\"\" class=\"wp-image-3577\" srcset=\"https:\/\/minijets.org\/wp-content\/uploads\/2021\/02\/Sipa_200_owners.jpg 500w, https:\/\/minijets.org\/wp-content\/uploads\/2021\/02\/Sipa_200_owners-300x225.jpg 300w, https:\/\/minijets.org\/wp-content\/uploads\/2021\/02\/Sipa_200_owners-16x12.jpg 16w\" sizes=\"auto, (max-width: 500px) 100vw, 500px\" \/><figcaption>Heureux propri\u00e9taires : Betty et Randy Workman (Minijet N\u00b05, USA), Josiane et Philippe BEZARD (N\u00b07, France)<\/figcaption><\/figure>\n<\/div>\n<\/div>\n\n\n\n<figure class=\"wp-block-image size-large\"><img loading=\"lazy\" decoding=\"async\" width=\"1024\" height=\"373\" src=\"http:\/\/minijets.org\/wp-content\/uploads\/2021\/02\/sipa_200_04.jpg\" alt=\"Sipa 200 - T58\" class=\"wp-image-3606\" srcset=\"https:\/\/minijets.org\/wp-content\/uploads\/2021\/02\/sipa_200_04.jpg 1024w, https:\/\/minijets.org\/wp-content\/uploads\/2021\/02\/sipa_200_04-300x109.jpg 300w, https:\/\/minijets.org\/wp-content\/uploads\/2021\/02\/sipa_200_04-768x280.jpg 768w, https:\/\/minijets.org\/wp-content\/uploads\/2021\/02\/sipa_200_04-18x7.jpg 18w\" sizes=\"auto, (max-width: 1024px) 100vw, 1024px\" \/><figcaption>Sipa 200 modifi\u00e9 avec un r\u00e9acteur GE T-58. Source : avec la courtoisie de Randy Workman<\/figcaption><\/figure>\n\n\n\n<hr class=\"wp-block-separator has-css-opacity\"\/>\n\n\n\n<h3 class=\"wp-block-heading\">Configuration pr\u00e9c\u00e9dentes (avec un Turbomeca Palas)<\/h3>\n\n\n\n<div class=\"wp-block-columns is-layout-flex wp-container-core-columns-is-layout-28f84493 wp-block-columns-is-layout-flex\">\n<div class=\"wp-block-column is-layout-flow wp-block-column-is-layout-flow\">\n<figure class=\"wp-block-image size-large\"><img loading=\"lazy\" decoding=\"async\" width=\"700\" height=\"475\" src=\"http:\/\/minijets.org\/wp-content\/uploads\/2021\/02\/sipa_200_05.jpg\" alt=\"\" class=\"wp-image-3562\" srcset=\"https:\/\/minijets.org\/wp-content\/uploads\/2021\/02\/sipa_200_05.jpg 700w, https:\/\/minijets.org\/wp-content\/uploads\/2021\/02\/sipa_200_05-300x204.jpg 300w, https:\/\/minijets.org\/wp-content\/uploads\/2021\/02\/sipa_200_05-18x12.jpg 18w\" sizes=\"auto, (max-width: 700px) 100vw, 700px\" \/><figcaption>Le SIPA 200 N\u00b05 en provenance d&#8217;Argentine o\u00f9 il \u00e9tait stock\u00e9 depuis de nombreuses ann\u00e9es.<\/figcaption><\/figure>\n<\/div>\n\n\n\n<div class=\"wp-block-column is-layout-flow wp-block-column-is-layout-flow\">\n<figure class=\"wp-block-image size-large\"><img loading=\"lazy\" decoding=\"async\" width=\"700\" height=\"475\" src=\"http:\/\/minijets.org\/wp-content\/uploads\/2021\/02\/sipa_200_06.jpg\" alt=\"\" class=\"wp-image-3588\" srcset=\"https:\/\/minijets.org\/wp-content\/uploads\/2021\/02\/sipa_200_06.jpg 700w, https:\/\/minijets.org\/wp-content\/uploads\/2021\/02\/sipa_200_06-300x204.jpg 300w, https:\/\/minijets.org\/wp-content\/uploads\/2021\/02\/sipa_200_06-18x12.jpg 18w\" sizes=\"auto, (max-width: 700px) 100vw, 700px\" \/><figcaption>Le SIPA 200 N\u00b05, apr\u00e8s restauration et pr\u00e9sentation \u00e0 la presse. Source : Aeroplane Monthly, mars 1994<\/figcaption><\/figure>\n<\/div>\n<\/div>\n","protected":false},"excerpt":{"rendered":"<p>[svg-flag flag=&#8221;fr&#8221; size=&#8221;1.1&#8243; size_unit=em] Sipa 200 \u00e9quip\u00e9 avec un r\u00e9acteur GE T-58 [svg-flag flag=&#8221;us&#8221; size=&#8221;1.1&#8243; size_unit=em] Il s&#8217;agit ici de pr\u00e9senter le Sipa 200 &#8211; T58, Minijet N\u00b05, qui a subit un chantier de modifications important par rapport \u00e0 l&#8217;original. Ces transformations ont pour origine les causes suivantes :\u00a0 Le r\u00e9acteur Turbom\u00e9ca Palas a \u00e9t\u00e9 [&hellip;]<\/p>\n","protected":false},"author":1,"featured_media":3572,"parent":4992,"menu_order":0,"comment_status":"closed","ping_status":"closed","template":"","meta":{"_acf_changed":false,"cybocfi_hide_featured_image":"","footnotes":""},"categories":[20],"tags":[],"planes-000-100":[],"class_list":["post-5010","page","type-page","status-publish","has-post-thumbnail","hentry","category-plane-300-500"],"blocksy_meta":[],"acf":[],"_links":{"self":[{"href":"https:\/\/minijets.org\/fr\/wp-json\/wp\/v2\/pages\/5010","targetHints":{"allow":["GET"]}}],"collection":[{"href":"https:\/\/minijets.org\/fr\/wp-json\/wp\/v2\/pages"}],"about":[{"href":"https:\/\/minijets.org\/fr\/wp-json\/wp\/v2\/types\/page"}],"author":[{"embeddable":true,"href":"https:\/\/minijets.org\/fr\/wp-json\/wp\/v2\/users\/1"}],"replies":[{"embeddable":true,"href":"https:\/\/minijets.org\/fr\/wp-json\/wp\/v2\/comments?post=5010"}],"version-history":[{"count":0,"href":"https:\/\/minijets.org\/fr\/wp-json\/wp\/v2\/pages\/5010\/revisions"}],"up":[{"embeddable":true,"href":"https:\/\/minijets.org\/fr\/wp-json\/wp\/v2\/pages\/4992"}],"wp:featuredmedia":[{"embeddable":true,"href":"https:\/\/minijets.org\/fr\/wp-json\/wp\/v2\/media\/3572"}],"wp:attachment":[{"href":"https:\/\/minijets.org\/fr\/wp-json\/wp\/v2\/media?parent=5010"}],"wp:term":[{"taxonomy":"category","embeddable":true,"href":"https:\/\/minijets.org\/fr\/wp-json\/wp\/v2\/categories?post=5010"},{"taxonomy":"post_tag","embeddable":true,"href":"https:\/\/minijets.org\/fr\/wp-json\/wp\/v2\/tags?post=5010"},{"taxonomy":"planes-000-100","embeddable":true,"href":"https:\/\/minijets.org\/fr\/wp-json\/wp\/v2\/planes-000-100?post=5010"}],"curies":[{"name":"wp","href":"https:\/\/api.w.org\/{rel}","templated":true}]}}