{"id":5130,"date":"2022-01-31T12:05:40","date_gmt":"2022-01-31T11:05:40","guid":{"rendered":"http:\/\/tst.minijets.org\/?page_id=5130"},"modified":"2022-10-24T16:10:52","modified_gmt":"2022-10-24T14:10:52","slug":"cozyjet","status":"publish","type":"page","link":"https:\/\/minijets.org\/fr\/300-500\/general-electric-t-58\/cozyjet\/","title":{"rendered":"CozyJet"},"content":{"rendered":"\n<h2 class=\"wp-block-heading\" id=\"svg-flag-flag-us-size-1-1-size-unit-em-cozy-modified-with-a-ge-t58\">[svg-flag flag=&#8221;us&#8221; size=&#8221;1.1&#8243; size_unit=em]Cozy modified with a GE T58<\/h2>\n\n\n\n<figure class=\"wp-block-image size-full\"><img loading=\"lazy\" decoding=\"async\" width=\"950\" height=\"361\" src=\"http:\/\/minijets.org\/wp-content\/uploads\/2021\/02\/Cozyjet_top.jpg\" alt=\"\" class=\"wp-image-3615\" srcset=\"https:\/\/minijets.org\/wp-content\/uploads\/2021\/02\/Cozyjet_top.jpg 950w, https:\/\/minijets.org\/wp-content\/uploads\/2021\/02\/Cozyjet_top-300x114.jpg 300w, https:\/\/minijets.org\/wp-content\/uploads\/2021\/02\/Cozyjet_top-768x292.jpg 768w, https:\/\/minijets.org\/wp-content\/uploads\/2021\/02\/Cozyjet_top-18x7.jpg 18w\" sizes=\"auto, (max-width: 950px) 100vw, 950px\" \/><\/figure>\n\n\n\n<p>On doit ce CozyJet \u00e0 \u00a0<strong>Greg Richter<\/strong>, qui a fait transformer son Cozy III \u00e9quip\u00e9 d&#8217;un moteur de voiture MAZDA RX7 de 1991, avec une turbine GE -T58 convertie en turbor\u00e9acteur. La transformation a \u00e9t\u00e9 r\u00e9alis\u00e9e par\u00a0<strong>Robert et Valerie Harris<\/strong>\u00a0de chez EZJET \u00e0 \u00a0Covington, Tennessee.<\/p>\n\n\n\n<div class=\"wp-block-columns is-layout-flex wp-container-core-columns-is-layout-28f84493 wp-block-columns-is-layout-flex\">\n<div class=\"wp-block-column is-layout-flow wp-block-column-is-layout-flow\">\n<figure class=\"wp-block-image size-full\"><img loading=\"lazy\" decoding=\"async\" width=\"800\" height=\"600\" src=\"http:\/\/minijets.org\/wp-content\/uploads\/2022\/01\/Cozyjet_07.jpg\" alt=\"\" class=\"wp-image-5143\" srcset=\"https:\/\/minijets.org\/wp-content\/uploads\/2022\/01\/Cozyjet_07.jpg 800w, https:\/\/minijets.org\/wp-content\/uploads\/2022\/01\/Cozyjet_07-300x225.jpg 300w, https:\/\/minijets.org\/wp-content\/uploads\/2022\/01\/Cozyjet_07-768x576.jpg 768w, https:\/\/minijets.org\/wp-content\/uploads\/2022\/01\/Cozyjet_07-16x12.jpg 16w\" sizes=\"auto, (max-width: 800px) 100vw, 800px\" \/><figcaption>Cozyjet . Source : with courtesy of Greg Richter.<\/figcaption><\/figure>\n\n\n\n<figure class=\"wp-block-image size-full\"><img loading=\"lazy\" decoding=\"async\" width=\"500\" height=\"333\" src=\"http:\/\/minijets.org\/wp-content\/uploads\/2021\/02\/Cozyjet_04.jpg\" alt=\"Cozyjet 2004\" class=\"wp-image-3579\" srcset=\"https:\/\/minijets.org\/wp-content\/uploads\/2021\/02\/Cozyjet_04.jpg 500w, https:\/\/minijets.org\/wp-content\/uploads\/2021\/02\/Cozyjet_04-300x200.jpg 300w, https:\/\/minijets.org\/wp-content\/uploads\/2021\/02\/Cozyjet_04-18x12.jpg 18w\" sizes=\"auto, (max-width: 500px) 100vw, 500px\" \/><figcaption>Cozy Jet, 28th July 2004, Oshkosh (Wittman Regional), USA &#8211; Wisconsin, avec la courtoisie de Steve Homewood<\/figcaption><\/figure>\n<\/div>\n\n\n\n<div class=\"wp-block-column minijets_table is-layout-flow wp-block-column-is-layout-flow\">\n<h3 class=\"wp-block-heading\" id=\"cozyjet-characteristics\">Cozyjet characteristics<\/h3>\n\n\n\n<figure class=\"wp-block-table minijets_tab_top\"><table><tbody><tr><td>Manufacturer<\/td><td>EZJET<\/td><\/tr><tr><td>Designer<\/td><td>Nat Puffer.<\/td><\/tr><tr><td>Type<\/td><td>Single jet light aircraft<\/td><\/tr><tr><td>First flight<\/td><td>2004<\/td><\/tr><tr><td>Nb. Built<\/td><td>1<\/td><\/tr><tr><td>Crew<\/td><td>2<\/td><\/tr><\/tbody><\/table><\/figure>\n\n\n\n<h4 class=\"wp-block-heading\" id=\"power-plant\">Power plant<\/h4>\n\n\n\n<figure class=\"wp-block-table\"><table><tbody><tr><td>Engine<\/td><td>G.E<\/td><td>T.58<\/td><\/tr><tr><td>Count<\/td><td>1<\/td><td>&nbsp;<\/td><\/tr><tr><td>Type<\/td><td>Turbojet<\/td><td>&nbsp;<\/td><\/tr><tr><td>Max. ratings &nbsp;<\/td><td>334 kg<\/td><td>770 lbs<\/td><\/tr><\/tbody><\/table><\/figure>\n\n\n\n<h4 class=\"wp-block-heading\" id=\"dimensions\">Dimensions<\/h4>\n\n\n\n<figure class=\"wp-block-table\"><table><tbody><tr><td>Span<\/td><td>8,56 m<\/td><td>28 ft 1.2 in<\/td><\/tr><tr><td>Length<\/td><td>5,51 m<\/td><td>16 ft 10.8 in<\/td><\/tr><tr><td>Height<\/td><td>2,41 m<\/td><td>7 ft 10.8 in<\/td><\/tr><\/tbody><\/table><\/figure>\n\n\n\n<h4 class=\"wp-block-heading\" id=\"weights\">Weights<\/h4>\n\n\n\n<figure class=\"wp-block-table\"><table><tbody><tr><td>Empty<\/td><td>498 kg<\/td><td>1100 lbs<\/td><\/tr><tr><td>Max T.O<\/td><td>907 kg<\/td><td>2000 lbs<\/td><\/tr><tr><td>Engine weight<\/td><td>130<\/td><td>286 lbs<\/td><\/tr><\/tbody><\/table><\/figure>\n\n\n\n<h4 class=\"wp-block-heading\" id=\"performances\">Performances&nbsp;<\/h4>\n\n\n\n<figure class=\"wp-block-table\"><table><tbody><tr><td>Vne &#8211; Max speed<\/td><td>445 km\/h<\/td><td>240 kts<\/td><\/tr><tr><td>Vno &#8211; Max.crus. speed<\/td><td>370 km\/h<\/td><td>200 kts<\/td><\/tr><tr><td>Stalling speed<\/td><td><\/td><td>85 kts<\/td><\/tr><tr><td>Max. rate of climb (140\/160 kts)<\/td><td>1097 m\/min<\/td><td>3,600 ft\/min<\/td><\/tr><tr><td>Service ceiling<\/td><td> m<\/td><td> ft<\/td><\/tr><tr><td>Range<\/td><td> km<\/td><td> n miles<\/td><\/tr><tr><td>T.O distance to 50 ft<\/td><td>366 m<\/td><td>1,250 ft<\/td><\/tr><tr><td>Landing distance 110 kts <\/td><td>792 m<\/td><td>2600 ft<\/td><\/tr><\/tbody><\/table><\/figure>\n<\/div>\n<\/div>\n\n\n\n<div class=\"wp-block-columns is-layout-flex wp-container-core-columns-is-layout-28f84493 wp-block-columns-is-layout-flex\">\n<div class=\"wp-block-column is-layout-flow wp-block-column-is-layout-flow\">\n<figure class=\"wp-block-image size-full\"><img loading=\"lazy\" decoding=\"async\" width=\"500\" height=\"282\" src=\"http:\/\/minijets.org\/wp-content\/uploads\/2021\/02\/Cozyjet_02.jpg\" alt=\"\" class=\"wp-image-3583\" srcset=\"https:\/\/minijets.org\/wp-content\/uploads\/2021\/02\/Cozyjet_02.jpg 500w, https:\/\/minijets.org\/wp-content\/uploads\/2021\/02\/Cozyjet_02-300x169.jpg 300w, https:\/\/minijets.org\/wp-content\/uploads\/2021\/02\/Cozyjet_02-18x10.jpg 18w\" sizes=\"auto, (max-width: 500px) 100vw, 500px\" \/><figcaption>Cozyjet. Source : avec la courtoisie de Frank Dasmacci <\/figcaption><\/figure>\n<\/div>\n\n\n\n<div class=\"wp-block-column is-layout-flow wp-block-column-is-layout-flow\">\n<figure class=\"wp-block-image size-full\"><img loading=\"lazy\" decoding=\"async\" width=\"500\" height=\"282\" src=\"http:\/\/minijets.org\/wp-content\/uploads\/2021\/02\/Cozyjet_03.jpg\" alt=\"\" class=\"wp-image-3605\" srcset=\"https:\/\/minijets.org\/wp-content\/uploads\/2021\/02\/Cozyjet_03.jpg 500w, https:\/\/minijets.org\/wp-content\/uploads\/2021\/02\/Cozyjet_03-300x169.jpg 300w, https:\/\/minijets.org\/wp-content\/uploads\/2021\/02\/Cozyjet_03-18x10.jpg 18w\" sizes=\"auto, (max-width: 500px) 100vw, 500px\" \/><figcaption>Cozyjet. Source : avec la courtoisie de Frank Dasmacci <\/figcaption><\/figure>\n<\/div>\n<\/div>\n","protected":false},"excerpt":{"rendered":"<p>[svg-flag flag=&#8221;us&#8221; size=&#8221;1.1&#8243; size_unit=em]Cozy modified with a GE T58 On doit ce CozyJet \u00e0 \u00a0Greg Richter, qui a fait transformer son Cozy III \u00e9quip\u00e9 d&#8217;un moteur de voiture MAZDA RX7 de 1991, avec une turbine GE -T58 convertie en turbor\u00e9acteur. La transformation a \u00e9t\u00e9 r\u00e9alis\u00e9e par\u00a0Robert et Valerie Harris\u00a0de chez EZJET \u00e0 \u00a0Covington, Tennessee. Cozyjet [&hellip;]<\/p>\n","protected":false},"author":1,"featured_media":3611,"parent":4992,"menu_order":0,"comment_status":"closed","ping_status":"closed","template":"","meta":{"_acf_changed":false,"cybocfi_hide_featured_image":"","footnotes":""},"categories":[20],"tags":[],"planes-000-100":[],"class_list":["post-5130","page","type-page","status-publish","has-post-thumbnail","hentry","category-plane-300-500"],"blocksy_meta":[],"acf":[],"_links":{"self":[{"href":"https:\/\/minijets.org\/fr\/wp-json\/wp\/v2\/pages\/5130","targetHints":{"allow":["GET"]}}],"collection":[{"href":"https:\/\/minijets.org\/fr\/wp-json\/wp\/v2\/pages"}],"about":[{"href":"https:\/\/minijets.org\/fr\/wp-json\/wp\/v2\/types\/page"}],"author":[{"embeddable":true,"href":"https:\/\/minijets.org\/fr\/wp-json\/wp\/v2\/users\/1"}],"replies":[{"embeddable":true,"href":"https:\/\/minijets.org\/fr\/wp-json\/wp\/v2\/comments?post=5130"}],"version-history":[{"count":0,"href":"https:\/\/minijets.org\/fr\/wp-json\/wp\/v2\/pages\/5130\/revisions"}],"up":[{"embeddable":true,"href":"https:\/\/minijets.org\/fr\/wp-json\/wp\/v2\/pages\/4992"}],"wp:featuredmedia":[{"embeddable":true,"href":"https:\/\/minijets.org\/fr\/wp-json\/wp\/v2\/media\/3611"}],"wp:attachment":[{"href":"https:\/\/minijets.org\/fr\/wp-json\/wp\/v2\/media?parent=5130"}],"wp:term":[{"taxonomy":"category","embeddable":true,"href":"https:\/\/minijets.org\/fr\/wp-json\/wp\/v2\/categories?post=5130"},{"taxonomy":"post_tag","embeddable":true,"href":"https:\/\/minijets.org\/fr\/wp-json\/wp\/v2\/tags?post=5130"},{"taxonomy":"planes-000-100","embeddable":true,"href":"https:\/\/minijets.org\/fr\/wp-json\/wp\/v2\/planes-000-100?post=5130"}],"curies":[{"name":"wp","href":"https:\/\/api.w.org\/{rel}","templated":true}]}}