{"id":5188,"date":"2022-07-20T12:22:09","date_gmt":"2022-07-20T10:22:09","guid":{"rendered":"https:\/\/tst.minijets.org\/?page_id=5188"},"modified":"2022-10-25T15:53:06","modified_gmt":"2022-10-25T13:53:06","slug":"ne20","status":"publish","type":"page","link":"https:\/\/minijets.org\/fr\/300-500\/ne20\/","title":{"rendered":"Ishikawajima NE20"},"content":{"rendered":"\n<div class=\"wp-block-columns is-layout-flex wp-container-core-columns-is-layout-28f84493 wp-block-columns-is-layout-flex\">\n<div class=\"wp-block-column is-layout-flow wp-block-column-is-layout-flow\" style=\"flex-basis:60%\">\n<figure class=\"wp-block-image size-large\"><img loading=\"lazy\" decoding=\"async\" width=\"1024\" height=\"398\" src=\"http:\/\/minijets.org\/wp-content\/uploads\/2021\/02\/Ne20_03-1024x398.jpg\" alt=\"Ishikawajima NE20\" class=\"wp-image-3637\" srcset=\"https:\/\/minijets.org\/wp-content\/uploads\/2021\/02\/Ne20_03-1024x398.jpg 1024w, https:\/\/minijets.org\/wp-content\/uploads\/2021\/02\/Ne20_03-300x117.jpg 300w, https:\/\/minijets.org\/wp-content\/uploads\/2021\/02\/Ne20_03-768x298.jpg 768w, https:\/\/minijets.org\/wp-content\/uploads\/2021\/02\/Ne20_03-1536x597.jpg 1536w, https:\/\/minijets.org\/wp-content\/uploads\/2021\/02\/Ne20_03-2048x795.jpg 2048w, https:\/\/minijets.org\/wp-content\/uploads\/2021\/02\/Ne20_03-18x7.jpg 18w\" sizes=\"auto, (max-width: 1024px) 100vw, 1024px\" \/><\/figure>\n\n\n\n<figure class=\"wp-block-image size-full\"><img loading=\"lazy\" decoding=\"async\" width=\"387\" height=\"230\" src=\"http:\/\/minijets.org\/wp-content\/uploads\/2021\/02\/Ne20_04.jpg\" alt=\"Ishikawajima NE20\" class=\"wp-image-3632\" srcset=\"https:\/\/minijets.org\/wp-content\/uploads\/2021\/02\/Ne20_04.jpg 387w, https:\/\/minijets.org\/wp-content\/uploads\/2021\/02\/Ne20_04-300x178.jpg 300w, https:\/\/minijets.org\/wp-content\/uploads\/2021\/02\/Ne20_04-18x12.jpg 18w\" sizes=\"auto, (max-width: 387px) 100vw, 387px\" \/><figcaption>Turbor\u00e9acteur Ishikawajima NE20<\/figcaption><\/figure>\n<\/div>\n\n\n\n<div class=\"wp-block-column minijets_table is-layout-flow wp-block-column-is-layout-flow\" style=\"flex-basis:40%\">\n<p>Le Ishikawajima NE20 est un turbor\u00e9acteur Japonais, con\u00e7u durant la fin de la deuxi\u00e8me guerre mondiale pour propulser un avion bi-moteurs \u00e0 r\u00e9action : le Nakajima Kikka.<\/p>\n\n\n\n<p>Bien qu&#8217;il se soit inspir\u00e9 du BMW-003, dans son concept, il en reste assez diff\u00e9rent dans sa r\u00e9alisation, comme le montre le tableau ci-apr\u00e8s.<\/p>\n\n\n\n<div class=\"wp-block-getwid-table\"><table><tbody><tr><td><\/td><td><strong>BMW 003<\/strong><\/td><td><strong>NE20<\/strong><\/td><\/tr><tr><td><strong>Longueur<\/strong><\/td><td>3.62 m<\/td><td>2.40 m<\/td><\/tr><tr><td><strong>Poids<\/strong><\/td><td>625 kp<\/td><td>470 kg<\/td><\/tr><tr><td><strong>Puissance<\/strong><\/td><td>700 kgp<\/td><td>490 kgp<\/td><\/tr><tr><td><\/td><td><\/td><td><\/td><\/tr><\/tbody><\/table><\/div>\n<\/div>\n<\/div>\n\n\n\n<div class=\"wp-block-getwid-anchor\" id=\"TSU-11\"><\/div>\n\n\n\n<h2 class=\"wp-block-heading\">Premi\u00e8res exp\u00e9rimentations : le TSU-11<\/h2>\n\n\n\n<p>Les premi\u00e8res exp\u00e9rimentations des japonnais sur la propulsion \u00e0 r\u00e9action commenc\u00e8rent en 1941. Elles \u00e9taient men\u00e9es par le capitaine de la marine Japonaise&nbsp;<strong>Tokuyasu Tanegashima<\/strong>&nbsp;qui \u00e9tait motiv\u00e9 par les premi\u00e8res informations glan\u00e9es lors d&#8217;un voyage en Europe et aux Etats-Unis en 1940.&nbsp;<\/p>\n\n\n\n<div class=\"wp-block-columns is-layout-flex wp-container-core-columns-is-layout-28f84493 wp-block-columns-is-layout-flex\">\n<div class=\"wp-block-column is-layout-flow wp-block-column-is-layout-flow\">\n<p>Elles furent men\u00e9es avec l&#8217;accord de sa hi\u00e9rarchie, mais en l&#8217;absence d&#8217;accord formel du Minist\u00e8re des Arm\u00e9es.<\/p>\n\n\n\n<p>Elles d\u00e9marr\u00e8rent par l&#8217;\u00e9tude et la r\u00e9alisation de moteur s&#8217;appuyant sur le concept de &#8216;Moto-r\u00e9acteur&#8217; d\u00e9j\u00e0 &nbsp;d\u00e9velopp\u00e9 par Campini : le&nbsp;<strong>TSU-11<\/strong>. Il consistait en un moteur \u00e0 &nbsp;piston&nbsp;<strong>Hatsukaze HA-11<\/strong>&nbsp;de 130 Cv, refroidit par air, entra\u00eenant un compresseur axial au travers d&#8217;une boite \u00e0 &nbsp;engrenage d&#8217;un rapport 1\/3. Suivait ensuite une chambre \u00e0 &nbsp;combustion en amont de laquelle l&#8217;air du compresseur \u00e9tait canalis\u00e9 par des aubes avant que le carburant ne soit inject\u00e9. Le TSU-11 avait une pouss\u00e9e d&#8217;environ 200 Kp poids un poids d&#8217;environ 200 Kg.<\/p>\n<\/div>\n\n\n\n<div class=\"wp-block-column is-layout-flow wp-block-column-is-layout-flow\">\n<figure class=\"wp-block-image size-full\"><img loading=\"lazy\" decoding=\"async\" width=\"500\" height=\"348\" src=\"http:\/\/minijets.org\/wp-content\/uploads\/2021\/02\/TSU-11.jpg\" alt=\"\" class=\"wp-image-3639\" srcset=\"https:\/\/minijets.org\/wp-content\/uploads\/2021\/02\/TSU-11.jpg 500w, https:\/\/minijets.org\/wp-content\/uploads\/2021\/02\/TSU-11-300x209.jpg 300w, https:\/\/minijets.org\/wp-content\/uploads\/2021\/02\/TSU-11-18x12.jpg 18w\" sizes=\"auto, (max-width: 500px) 100vw, 500px\" \/><figcaption>TSU-11, photographi\u00e9 dans l&#8217;usine japonaise de CHIBA.<\/figcaption><\/figure>\n<\/div>\n<\/div>\n\n\n\n<div class=\"wp-block-getwid-anchor\" id=\"TR10\"><\/div>\n\n\n\n<h2 class=\"wp-block-heading\">Premiers turbor\u00e9acteurs : Les TR-10 et TR-12<\/h2>\n\n\n\n<div class=\"wp-block-columns is-layout-flex wp-container-core-columns-is-layout-28f84493 wp-block-columns-is-layout-flex\">\n<div class=\"wp-block-column is-layout-flow wp-block-column-is-layout-flow\">\n<p>Les premiers turbor\u00e9acteur Japonais furent d\u00e9sign\u00e9s TR-10 et TR12 (TR pour Turbine Rocket). La lign\u00e9e de TR sera par la suite rebaptis\u00e9e Ne (Nensho pour Combustion Rocket).<\/p>\n\n\n\n<p>Le premier moteur construit, le&nbsp;<strong>TR-10<\/strong>, tourna au banc en 1943. Il \u00e9tait \u00e9quip\u00e9 d&#8217;un compresseur centrifuge habituellement utilis\u00e9 pour la suralimentation des moteurs \u00e0 &nbsp;pistons. Les essais d\u00e9montr\u00e8rent des performances d\u00e9cevantes (50% de ce qui \u00e9tait attendu).<\/p>\n\n\n\n<p>Finalement une nouvelle \u00e9tude incorporant un compresseur axial \u00e0 &nbsp;4 \u00e9tages en amont du compresseur centrifuge fut entreprit. Le projet prit le nom de&nbsp;<strong>TR-12<\/strong>. Une fois compl\u00e9t\u00e9, le moteur s&#8217;av\u00e9ra trop lourd (350 Kg). Il fut r\u00e9-\u00e9tudi\u00e9 et all\u00e9g\u00e9 sous la d\u00e9signation TR-12b. Il produisait une pouss\u00e9e de 320 Kp \u00e0 &nbsp;15 000 tr\/m pour un poid de 315 Kg<\/p>\n\n\n\n<p>La consommation \u00e9tait de 510 Kg\/h.&nbsp;<\/p>\n<\/div>\n\n\n\n<div class=\"wp-block-column is-layout-flow wp-block-column-is-layout-flow\">\n<figure class=\"wp-block-image size-full\"><img loading=\"lazy\" decoding=\"async\" width=\"500\" height=\"251\" src=\"http:\/\/minijets.org\/wp-content\/uploads\/2021\/02\/ne12-01.jpg\" alt=\"\" class=\"wp-image-3626\" srcset=\"https:\/\/minijets.org\/wp-content\/uploads\/2021\/02\/ne12-01.jpg 500w, https:\/\/minijets.org\/wp-content\/uploads\/2021\/02\/ne12-01-300x151.jpg 300w, https:\/\/minijets.org\/wp-content\/uploads\/2021\/02\/ne12-01-18x9.jpg 18w\" sizes=\"auto, (max-width: 500px) 100vw, 500px\" \/><figcaption>Coupe du r\u00e9acteur Ne12 avec un compresseur axial \u00e0 4 \u00e9tages, un compresseur centrifuge et des chambres de combustion \u00e0 inversion de flux.<\/figcaption><\/figure>\n\n\n\n<p>Des essais devaient \u00eatre effectu\u00e9s sous un bombardier Mistubishi G4M2, mais aucune trace n&#8217;indique qu&#8217;ils aient \u00e9t\u00e9 r\u00e9alis\u00e9s.<\/p>\n\n\n\n<p>Les essais sur les TR se poursuivirent jusqu&#8217;au d\u00e9but 1945 pour finalement laisser la place \u00e0 la s\u00e9rie Ne, issue des concepts ramen\u00e9s d&#8217;Allemagne.<\/p>\n<\/div>\n<\/div>\n\n\n\n<div class=\"wp-block-getwid-anchor\" id=\"NE20\"><\/div>\n\n\n\n<h2 class=\"wp-block-heading\">Ishikawajima NE20<\/h2>\n\n\n\n<div class=\"wp-block-columns is-layout-flex wp-container-core-columns-is-layout-28f84493 wp-block-columns-is-layout-flex\">\n<div class=\"wp-block-column is-layout-flow wp-block-column-is-layout-flow\">\n<p>En&nbsp;<strong>juillet 1944<\/strong>, l&#8217;attach\u00e9 militaire Japonais en Allemagne r\u00e9ussi \u00e0 &nbsp;regagner son pays avec un certain nombre de photocopie de documents, incluant &nbsp;un plan de coupe du r\u00e9acteur BMW 19-003, ainsi que des informations plus g\u00e9n\u00e9rales concernant le chasseur Me-262 et l&#8217;intercepteur Me-163.<\/p>\n\n\n\n<p>Les \u00e9l\u00e9ments les plus importants, tels que des sch\u00e9mas techniques d\u00e9taill\u00e9s devaient suivre dans un sous-marin qui fut finalement coul\u00e9 avant d&#8217;arriver.<\/p>\n\n\n\n<figure class=\"wp-block-image size-full\"><img loading=\"lazy\" decoding=\"async\" width=\"500\" height=\"212\" src=\"http:\/\/minijets.org\/wp-content\/uploads\/2021\/02\/Ne20_01.jpg\" alt=\"\" class=\"wp-image-3620\" srcset=\"https:\/\/minijets.org\/wp-content\/uploads\/2021\/02\/Ne20_01.jpg 500w, https:\/\/minijets.org\/wp-content\/uploads\/2021\/02\/Ne20_01-300x127.jpg 300w, https:\/\/minijets.org\/wp-content\/uploads\/2021\/02\/Ne20_01-18x8.jpg 18w\" sizes=\"auto, (max-width: 500px) 100vw, 500px\" \/><\/figure>\n<\/div>\n\n\n\n<div class=\"wp-block-column is-layout-flow wp-block-column-is-layout-flow\">\n<p>When details, breaf as they were, of the&nbsp;<strong>BMW 19-003<\/strong>&nbsp;reached Japan, the Army and Navy held a joint conference (a rare event) at which it was decided that a Japanese version of this turbojet held more promise in the short term than Japanese work still in its early stage. this resulted in 4 projects.<\/p>\n\n\n\n<p>The Ne-20 was the navy Project headed by Osamu Nagano assisted by Tanegashima at Kugisho in Yokosuka. The Ne-20 was to became the Japan&#8217;s most successul turbojet and the other 3 projects were not fully developped in the time available.&nbsp;<\/p>\n\n\n\n<p>It was the Tokyo Ishikawajima Shipyards that was chosen by the navy to be in charge of trial-manufacture and mass production of jet engines (for commercial use also).&nbsp;<\/p>\n<\/div>\n<\/div>\n\n\n\n<h3 class=\"wp-block-heading\">Why was the Ne-20 made at Ishikawajima Shipyards?<\/h3>\n\n\n\n<p><strong>Koichi Ichida<\/strong>, chief of the Business Planning Department, National Aerospace Development Agency, says that Reciprocal engines were the main power during the war, but Ishikawajima made steam turbine engines for ships.&nbsp;<\/p>\n\n\n\n<p>It is close to a jet engine because of the rotating mechanism, which is different from a piston engine. That is why turbo engines were researched for automobile engines too.&nbsp;<\/p>\n\n\n\n<p>Indeed, Nakashima Aeroplane and Mitsubishi Heavy Industries also were directed to do trial-manufacture with the same one-page diagram from Germany, but both were unable to realize it.<\/p>\n\n\n\n<hr class=\"wp-block-separator has-alpha-channel-opacity\"\/>\n\n\n\n<h2 class=\"wp-block-heading\">Preserved NE-20<\/h2>\n\n\n\n<div class=\"wp-block-columns is-layout-flex wp-container-core-columns-is-layout-28f84493 wp-block-columns-is-layout-flex\">\n<div class=\"wp-block-column is-layout-flow wp-block-column-is-layout-flow\">\n<p>Three Ne-20s have been preserved to the present day :<\/p>\n\n\n\n<ul class=\"wp-block-list\"><li>One at Ishikawajima-Harima&#8217;s internal company museum in Tanashi ,<\/li><li>Two at the National Air and Space Museum in Washington, DC.<\/li><\/ul>\n\n\n\n<p>Everything concerning aircraft, including the Ne-20, was either destroyed by the Allied Powers or brought back to the United States.&nbsp;<\/p>\n\n\n\n<p>Then, for a seven-year period Japan was prohibited from anything related to aviation. Not only research and development, but the path to civil aviation also was c1osed.<\/p>\n<\/div>\n\n\n\n<div class=\"wp-block-column is-layout-flow wp-block-column-is-layout-flow\">\n<figure class=\"wp-block-image size-full\"><img loading=\"lazy\" decoding=\"async\" width=\"500\" height=\"375\" src=\"http:\/\/minijets.org\/wp-content\/uploads\/2021\/02\/Ne20_02.jpg\" alt=\"Ishikawajima NE20\" class=\"wp-image-3622\" srcset=\"https:\/\/minijets.org\/wp-content\/uploads\/2021\/02\/Ne20_02.jpg 500w, https:\/\/minijets.org\/wp-content\/uploads\/2021\/02\/Ne20_02-300x225.jpg 300w, https:\/\/minijets.org\/wp-content\/uploads\/2021\/02\/Ne20_02-16x12.jpg 16w\" sizes=\"auto, (max-width: 500px) 100vw, 500px\" \/><figcaption>NE-20 [Source : Tanabe ]<\/figcaption><\/figure>\n<\/div>\n<\/div>\n\n\n\n<h2 class=\"wp-block-heading\">Applications<\/h2>\n\n\n        <div class=\"wp-block-getwid-custom-post-type custom-post-type-page has-layout-list\">\n            <div class=\"wp-block-getwid-custom-post-type__wrapper\">\n                \t\t\t\t\t\t\t\t<div class='wp-block-getwid-custom-post-type__post'>\n\t\t\t\t\t\t\t\t\t\n<div class=\"wp-block-getwid-custom-post-type__post-wrapper\">\n            <div class=\"wp-block-getwid-custom-post-type__post-thumbnail\">\n            <a href=\"https:\/\/minijets.org\/fr\/300-500\/ne20\/nakajima-kikka\/\"><img loading=\"lazy\" decoding=\"async\" width=\"500\" height=\"345\" src=\"https:\/\/minijets.org\/wp-content\/uploads\/2021\/02\/Nakajima_Kikka_17.jpg\" class=\"attachment-post-thumbnail size-post-thumbnail wp-post-image\" alt=\"\" srcset=\"https:\/\/minijets.org\/wp-content\/uploads\/2021\/02\/Nakajima_Kikka_17.jpg 500w, https:\/\/minijets.org\/wp-content\/uploads\/2021\/02\/Nakajima_Kikka_17-300x207.jpg 300w, https:\/\/minijets.org\/wp-content\/uploads\/2021\/02\/Nakajima_Kikka_17-18x12.jpg 18w\" sizes=\"auto, (max-width: 500px) 100vw, 500px\" \/><\/a>\n        <\/div>\n        <div class=\"wp-block-getwid-custom-post-type__content-wrapper\">\n        <div class=\"wp-block-getwid-custom-post-type__post-header\">\n            <h3 class=\"wp-block-getwid-custom-post-type__post-title\"><a href=\"https:\/\/minijets.org\/fr\/300-500\/ne20\/nakajima-kikka\/\">Nakajima Kikka<\/a><\/h3>        <\/div>\n        <div class=\"wp-block-getwid-custom-post-type__post-excerpt \"><p>Le Nakajima Kikka \u00e9tait un chasseur \u00e0 r\u00e9action exp\u00e9rimental japonais, con\u00e7u, \u00e0 la fin de la Seconde Guerre mondiale, par Kazuo Ohno et Kenichi Matsumura. L&#8217;int\u00e9r\u00eat du Japon pour les avions \u00e0 r\u00e9action s&#8217;est accru en septembre 1944, lorsque l&#8217;attach\u00e9 de l&#8217;air japonais \u00e0 Berlin a envoy\u00e9 un grand nombre de rapports d\u00e9taill\u00e9s sur le [&hellip;]<\/p>\n<\/div>\n    <\/div>\n<\/div>\n\t\t\t\t\t\t\t\t<\/div>\n\t\t\t\t\t\t\t            <\/div>\n\n                    <\/div>\n        ","protected":false},"excerpt":{"rendered":"<p>Le Ishikawajima NE20 est un turbor\u00e9acteur Japonais, con\u00e7u durant la fin de la deuxi\u00e8me guerre mondiale pour propulser un avion bi-moteurs \u00e0 r\u00e9action : le Nakajima Kikka. Bien qu&#8217;il se soit inspir\u00e9 du BMW-003, dans son concept, il en reste assez diff\u00e9rent dans sa r\u00e9alisation, comme le montre le tableau ci-apr\u00e8s. Premi\u00e8res exp\u00e9rimentations : le [&hellip;]<\/p>\n","protected":false},"author":1,"featured_media":3632,"parent":623,"menu_order":0,"comment_status":"closed","ping_status":"closed","template":"","meta":{"_acf_changed":false,"cybocfi_hide_featured_image":"","footnotes":""},"categories":[15],"tags":[],"planes-000-100":[],"class_list":["post-5188","page","type-page","status-publish","has-post-thumbnail","hentry","category-jet-engine-300-500"],"blocksy_meta":[],"acf":[],"_links":{"self":[{"href":"https:\/\/minijets.org\/fr\/wp-json\/wp\/v2\/pages\/5188","targetHints":{"allow":["GET"]}}],"collection":[{"href":"https:\/\/minijets.org\/fr\/wp-json\/wp\/v2\/pages"}],"about":[{"href":"https:\/\/minijets.org\/fr\/wp-json\/wp\/v2\/types\/page"}],"author":[{"embeddable":true,"href":"https:\/\/minijets.org\/fr\/wp-json\/wp\/v2\/users\/1"}],"replies":[{"embeddable":true,"href":"https:\/\/minijets.org\/fr\/wp-json\/wp\/v2\/comments?post=5188"}],"version-history":[{"count":0,"href":"https:\/\/minijets.org\/fr\/wp-json\/wp\/v2\/pages\/5188\/revisions"}],"up":[{"embeddable":true,"href":"https:\/\/minijets.org\/fr\/wp-json\/wp\/v2\/pages\/623"}],"wp:featuredmedia":[{"embeddable":true,"href":"https:\/\/minijets.org\/fr\/wp-json\/wp\/v2\/media\/3632"}],"wp:attachment":[{"href":"https:\/\/minijets.org\/fr\/wp-json\/wp\/v2\/media?parent=5188"}],"wp:term":[{"taxonomy":"category","embeddable":true,"href":"https:\/\/minijets.org\/fr\/wp-json\/wp\/v2\/categories?post=5188"},{"taxonomy":"post_tag","embeddable":true,"href":"https:\/\/minijets.org\/fr\/wp-json\/wp\/v2\/tags?post=5188"},{"taxonomy":"planes-000-100","embeddable":true,"href":"https:\/\/minijets.org\/fr\/wp-json\/wp\/v2\/planes-000-100?post=5188"}],"curies":[{"name":"wp","href":"https:\/\/api.w.org\/{rel}","templated":true}]}}