{"id":5285,"date":"2022-07-19T22:00:55","date_gmt":"2022-07-19T20:00:55","guid":{"rendered":"http:\/\/tst.minijets.org\/?page_id=5285"},"modified":"2024-05-29T21:31:35","modified_gmt":"2024-05-29T19:31:35","slug":"bmw-8026","status":"publish","type":"page","link":"https:\/\/minijets.org\/fr\/0-100\/bmw-8026\/","title":{"rendered":"BMW 8026"},"content":{"rendered":"\n<p>Le&nbsp;turbor\u00e9acteur <strong>BMW 8026<\/strong>&nbsp;a \u00e9t\u00e9 con\u00e7u et produit  par <a href=\"https:\/\/www.mtu.de\/about-us\/history\/\" data-type=\"URL\" data-id=\"https:\/\/www.mtu.de\/about-us\/history\/\" target=\"_blank\" rel=\"noopener\">Bmw Triebwerkbau Gmbh<\/a> de Munchen-Allach. Directement issu du <a href=\"https:\/\/minijets.org\/0-100\/bmw8025\/\" data-type=\"page\" data-id=\"90\">BMW 802<\/a>5, il \u00e9tait pr\u00e9vu pour une utilisation sur drone, sur missile de courte port\u00e9e, ou comme moteur devant permettre le d\u00e9collage et l&#8217;ascension d&#8217;un planeur autonome. Dans ce dernier cas, il s&#8217;agissait avant tout de pouvoir se dispenser&nbsp;des treuils et autres remorqueurs.<\/p>\n\n\n\n<p>En d\u00e9cembre 1961, un BMW 8026 a \u00e9t\u00e9 soumis avec succ\u00e8s \u00e0 des essais, conform\u00e9ment aux sp\u00e9cifications de la <a href=\"http:\/\/www.stacheair.com\/data\/At%20Work%209B%20Repair%20Station%20CD\/Data%20Info\/CAR&#039;s\/CAR%20Part%20%2013\/PDF\/CAR-PART%2013.PDF\" data-type=\"URL\" data-id=\"http:\/\/www.stacheair.com\/data\/At%20Work%209B%20Repair%20Station%20CD\/Data%20Info\/CAR&#039;s\/CAR%20Part%20%2013\/PDF\/CAR-PART%2013.PDF\" target=\"_blank\" rel=\"noopener\">CAR PART 13<\/a>, et a \u00e9t\u00e9 autoris\u00e9 par la suite \u00e0 effectuer des essais en vol.<\/p>\n\n\n\n<div class=\"wp-block-columns is-layout-flex wp-container-core-columns-is-layout-28f84493 wp-block-columns-is-layout-flex\">\n<div class=\"wp-block-column is-layout-flow wp-block-column-is-layout-flow\" style=\"flex-basis:50%\">\n<figure class=\"wp-block-image size-full\"><img loading=\"lazy\" decoding=\"async\" width=\"500\" height=\"346\" src=\"http:\/\/minijets.org\/wp-content\/uploads\/2020\/12\/BMW_8026.jpg\" alt=\"BMW 8026\" class=\"wp-image-95\" srcset=\"https:\/\/minijets.org\/wp-content\/uploads\/2020\/12\/BMW_8026.jpg 500w, https:\/\/minijets.org\/wp-content\/uploads\/2020\/12\/BMW_8026-300x208.jpg 300w, https:\/\/minijets.org\/wp-content\/uploads\/2020\/12\/BMW_8026-18x12.jpg 18w\" sizes=\"auto, (max-width: 500px) 100vw, 500px\" \/><figcaption class=\"wp-element-caption\">Turbor\u00e9acteur BMW 8026<\/figcaption><\/figure>\n<\/div>\n\n\n\n<div class=\"wp-block-column is-layout-flow wp-block-column-is-layout-flow\" style=\"flex-basis:50%\">\n<h2 class=\"wp-block-heading\">BMW 8026 G\u00e9n\u00e9ralit\u00e9s<\/h2>\n\n\n\n<p>Il p\u00e8se 38 kg&nbsp;et consomme 18 litres de carburant diesel en 25 minutes.<\/p>\n\n\n\n<p>BMW pr\u00e9voyait&nbsp;que le d\u00e9collage et l&#8217;ascension \u00e0 6600 pieds se fasse en 15 minutes. Apr\u00e8s 10 minutes de mont\u00e9e&nbsp;\u00e0 pleine&nbsp;puissance, la pouss\u00e9e&nbsp;disponible devait toujours rester&nbsp;\u00e9lev\u00e9e.<\/p>\n\n\n\n<p>Le d\u00e9marrage s&#8217;effectuait \u00e0 l&#8217;aide d&#8217;un d\u00e9marreur \u00e9lectrique, le tout pilot\u00e9 depuis le cockpit. La lubrification s&#8217;effectuait en ajoutant de l&#8217;huile au carburant. <\/p>\n\n\n\n<p>BMW d\u00e9clarait qu&#8217;<em>aucun entretien n&#8217;\u00e9tait n\u00e9cessaire sauf le ravitaillement en carburant<\/em><\/p>\n<\/div>\n<\/div>\n\n\n\n<h2 class=\"wp-block-heading\">Utilisation(s)<\/h2>\n\n\n\n<p>Ce turbor\u00e9acteur a \u00e9t\u00e9 mont\u00e9 sur le planeur <a href=\"https:\/\/minijets.org\/0-100\/bmw8025\/hutter30ts\/\" data-type=\"page\" data-id=\"1054\">H\u00fctter H30 Ts<\/a> et sur le planeur <a href=\"https:\/\/minijets.org\/0-100\/bmw-8026\/heinkel-greif-1b\/\" data-type=\"page\" data-id=\"1067\">Heinkel Greif 1b<\/a><\/p>\n\n\n        <div class=\"wp-block-getwid-custom-post-type custom-post-type-page has-layout-list\">\n            <div class=\"wp-block-getwid-custom-post-type__wrapper\">\n                \t\t\t\t\t\t\t\t<div class='wp-block-getwid-custom-post-type__post'>\n\t\t\t\t\t\t\t\t\t\n<div class=\"wp-block-getwid-custom-post-type__post-wrapper\">\n            <div class=\"wp-block-getwid-custom-post-type__post-thumbnail\">\n            <a href=\"https:\/\/minijets.org\/fr\/0-100\/bmw-8026\/heinkel-greif-1b\/\"><img loading=\"lazy\" decoding=\"async\" width=\"729\" height=\"417\" src=\"https:\/\/minijets.org\/wp-content\/uploads\/2020\/12\/Greif_1b_04.jpg\" class=\"attachment-post-thumbnail size-post-thumbnail wp-post-image\" alt=\"\" srcset=\"https:\/\/minijets.org\/wp-content\/uploads\/2020\/12\/Greif_1b_04.jpg 729w, https:\/\/minijets.org\/wp-content\/uploads\/2020\/12\/Greif_1b_04-300x172.jpg 300w, https:\/\/minijets.org\/wp-content\/uploads\/2020\/12\/Greif_1b_04-18x10.jpg 18w\" sizes=\"auto, (max-width: 729px) 100vw, 729px\" \/><\/a>\n        <\/div>\n        <div class=\"wp-block-getwid-custom-post-type__content-wrapper\">\n        <div class=\"wp-block-getwid-custom-post-type__post-header\">\n            <h3 class=\"wp-block-getwid-custom-post-type__post-title\"><a href=\"https:\/\/minijets.org\/fr\/0-100\/bmw-8026\/heinkel-greif-1b\/\">Heinkel Greif 1b<\/a><\/h3>        <\/div>\n        <div class=\"wp-block-getwid-custom-post-type__post-excerpt \"><p>Le motoplaneur \u00e0 r\u00e9action Heinkel Greif 1b est une \u00e9volution du planeur Greif 1a, con\u00e7u en 1959 par un jeune \u00e9tudiant prometteur, Otto Funk. Bien qu&#8217;il ait pu logiquement porter le nom de FK1, il a \u00e9t\u00e9 construit pour le compte de la soci\u00e9t\u00e9 Heinkel \u00e0 Speyer, ce qui explique sa d\u00e9signation. Otto Funk, qui [&hellip;]<\/p>\n<\/div>\n    <\/div>\n<\/div>\n\t\t\t\t\t\t\t\t<\/div>\n\t\t\t\t\t\t\t            <\/div>\n\n                    <\/div>\n        \n\n\n<p><\/p>\n\n\n        <div class=\"wp-block-getwid-custom-post-type custom-post-type-page has-layout-list\">\n            <div class=\"wp-block-getwid-custom-post-type__wrapper\">\n                \t\t\t\t\t\t\t\t<div class='wp-block-getwid-custom-post-type__post'>\n\t\t\t\t\t\t\t\t\t\n<div class=\"wp-block-getwid-custom-post-type__post-wrapper\">\n            <div class=\"wp-block-getwid-custom-post-type__post-thumbnail\">\n            <a href=\"https:\/\/minijets.org\/fr\/0-100\/bmw8025\/hutter-h30-ts\/\"><img loading=\"lazy\" decoding=\"async\" width=\"800\" height=\"600\" src=\"https:\/\/minijets.org\/wp-content\/uploads\/2024\/11\/Hutter_30_TS_-_07.webp\" class=\"attachment-post-thumbnail size-post-thumbnail wp-post-image\" alt=\"Hutter H30 TS\" srcset=\"https:\/\/minijets.org\/wp-content\/uploads\/2024\/11\/Hutter_30_TS_-_07.webp 800w, https:\/\/minijets.org\/wp-content\/uploads\/2024\/11\/Hutter_30_TS_-_07-16x12.webp 16w, https:\/\/minijets.org\/wp-content\/uploads\/2024\/11\/Hutter_30_TS_-_07-300x225.webp 300w, https:\/\/minijets.org\/wp-content\/uploads\/2024\/11\/Hutter_30_TS_-_07-768x576.webp 768w\" sizes=\"auto, (max-width: 800px) 100vw, 800px\" \/><\/a>\n        <\/div>\n        <div class=\"wp-block-getwid-custom-post-type__content-wrapper\">\n        <div class=\"wp-block-getwid-custom-post-type__post-header\">\n            <h3 class=\"wp-block-getwid-custom-post-type__post-title\"><a href=\"https:\/\/minijets.org\/fr\/0-100\/bmw8025\/hutter-h30-ts\/\">Hutter H30 TS<\/a><\/h3>        <\/div>\n        <div class=\"wp-block-getwid-custom-post-type__post-excerpt \"><p>Pr\u00e9sentation g\u00e9n\u00e9rale du motoplaneur Hutter H30TS Le motoplaneur Hutter H30 TS se pr\u00e9sente sous un aspect assez classique, avec un empennage \u00ab papillon \u00bb et une voilure \u00e0 grand allongement et profil laminaire. On peut dire que son histoire d\u00e9marre en\u00a01954, \u00e9poque o\u00f9 commen\u00e7ait \u00e0 peine \u00e0 s&#8217;amorcer le prodigieux essor des plastiques stratifi\u00e9s.\u00a0Eugen H\u00e4nle\u00a0\u00e9tait [&hellip;]<\/p>\n<\/div>\n    <\/div>\n<\/div>\n\t\t\t\t\t\t\t\t<\/div>\n\t\t\t\t\t\t\t            <\/div>\n\n                    <\/div>\n        ","protected":false},"excerpt":{"rendered":"<p>Le&nbsp;turbor\u00e9acteur BMW 8026&nbsp;a \u00e9t\u00e9 con\u00e7u et produit par Bmw Triebwerkbau Gmbh de Munchen-Allach. Directement issu du BMW 8025, il \u00e9tait pr\u00e9vu pour une utilisation sur drone, sur missile de courte port\u00e9e, ou comme moteur devant permettre le d\u00e9collage et l&#8217;ascension d&#8217;un planeur autonome. Dans ce dernier cas, il s&#8217;agissait avant tout de pouvoir se dispenser&nbsp;des [&hellip;]<\/p>\n","protected":false},"author":1,"featured_media":95,"parent":15,"menu_order":0,"comment_status":"closed","ping_status":"closed","template":"","meta":{"_acf_changed":false,"cybocfi_hide_featured_image":"","footnotes":""},"categories":[12],"tags":[],"planes-000-100":[],"class_list":["post-5285","page","type-page","status-publish","has-post-thumbnail","hentry","category-jet-engine-000-100"],"blocksy_meta":[],"acf":[],"_links":{"self":[{"href":"https:\/\/minijets.org\/fr\/wp-json\/wp\/v2\/pages\/5285","targetHints":{"allow":["GET"]}}],"collection":[{"href":"https:\/\/minijets.org\/fr\/wp-json\/wp\/v2\/pages"}],"about":[{"href":"https:\/\/minijets.org\/fr\/wp-json\/wp\/v2\/types\/page"}],"author":[{"embeddable":true,"href":"https:\/\/minijets.org\/fr\/wp-json\/wp\/v2\/users\/1"}],"replies":[{"embeddable":true,"href":"https:\/\/minijets.org\/fr\/wp-json\/wp\/v2\/comments?post=5285"}],"version-history":[{"count":3,"href":"https:\/\/minijets.org\/fr\/wp-json\/wp\/v2\/pages\/5285\/revisions"}],"predecessor-version":[{"id":8815,"href":"https:\/\/minijets.org\/fr\/wp-json\/wp\/v2\/pages\/5285\/revisions\/8815"}],"up":[{"embeddable":true,"href":"https:\/\/minijets.org\/fr\/wp-json\/wp\/v2\/pages\/15"}],"wp:featuredmedia":[{"embeddable":true,"href":"https:\/\/minijets.org\/fr\/wp-json\/wp\/v2\/media\/95"}],"wp:attachment":[{"href":"https:\/\/minijets.org\/fr\/wp-json\/wp\/v2\/media?parent=5285"}],"wp:term":[{"taxonomy":"category","embeddable":true,"href":"https:\/\/minijets.org\/fr\/wp-json\/wp\/v2\/categories?post=5285"},{"taxonomy":"post_tag","embeddable":true,"href":"https:\/\/minijets.org\/fr\/wp-json\/wp\/v2\/tags?post=5285"},{"taxonomy":"planes-000-100","embeddable":true,"href":"https:\/\/minijets.org\/fr\/wp-json\/wp\/v2\/planes-000-100?post=5285"}],"curies":[{"name":"wp","href":"https:\/\/api.w.org\/{rel}","templated":true}]}}