{"id":6019,"date":"2022-08-21T18:07:13","date_gmt":"2022-08-21T16:07:13","guid":{"rendered":"http:\/\/tst.minijets.org\/?page_id=6019"},"modified":"2022-10-24T13:18:34","modified_gmt":"2022-10-24T11:18:34","slug":"bd5j","status":"publish","type":"page","link":"https:\/\/minijets.org\/fr\/300-500\/general-electric-t-58\/bd5j\/","title":{"rendered":"BD-5J GE T-58"},"content":{"rendered":"\n<p><\/p>\n\n\n\n<div class=\"wp-block-columns is-layout-flex wp-container-core-columns-is-layout-28f84493 wp-block-columns-is-layout-flex\">\n<div class=\"wp-block-column is-layout-flow wp-block-column-is-layout-flow\">\n<figure class=\"wp-block-image size-full\"><img loading=\"lazy\" decoding=\"async\" width=\"800\" height=\"450\" src=\"http:\/\/minijets.org\/wp-content\/uploads\/2021\/02\/BD-5J_GE_T58_01.jpg\" alt=\"BD-5J GE T-58\" class=\"wp-image-3610\" srcset=\"https:\/\/minijets.org\/wp-content\/uploads\/2021\/02\/BD-5J_GE_T58_01.jpg 800w, https:\/\/minijets.org\/wp-content\/uploads\/2021\/02\/BD-5J_GE_T58_01-300x169.jpg 300w, https:\/\/minijets.org\/wp-content\/uploads\/2021\/02\/BD-5J_GE_T58_01-768x432.jpg 768w, https:\/\/minijets.org\/wp-content\/uploads\/2021\/02\/BD-5J_GE_T58_01-18x10.jpg 18w\" sizes=\"auto, (max-width: 800px) 100vw, 800px\" \/><\/figure>\n<\/div>\n\n\n\n<div class=\"wp-block-column is-layout-flow wp-block-column-is-layout-flow\">\n<p>Ce BD-5J a \u00e9t\u00e9 obtenu par montage d&#8217;un r\u00e9acteur issu d&#8217;une transformation d&#8217;un GE T-58. Il est la propri\u00e9t\u00e9 de Douglas Medore, de Romoland en Californie.<\/p>\n\n\n\n<p>Nous ne poss\u00e9dons que peut d&#8217;information sur cet appareil. Il semblerait qu&#8217;il ait \u00e9t\u00e9 construit par Geoff Taylor.<\/p>\n\n\n\n<p>Il s&#8217;agit du projet de Rusty Skinner, constructeur d&#8217;un Viperjet, dont le Lt commander Doug &#8220;Bones&#8221; Medore a fait le premier vol le 30 mai 2013. <\/p>\n\n\n\n<p>Une photo de cet appareil avait \u00e9t\u00e9 publi\u00e9e dans le magazine Kitplanes du 18 septembre 2015<\/p>\n<\/div>\n<\/div>\n\n\n\n<div class=\"wp-block-columns is-layout-flex wp-container-core-columns-is-layout-28f84493 wp-block-columns-is-layout-flex\">\n<div class=\"wp-block-column is-layout-flow wp-block-column-is-layout-flow\">\n<figure class=\"wp-block-image size-full\"><img loading=\"lazy\" decoding=\"async\" width=\"960\" height=\"654\" src=\"http:\/\/minijets.org\/wp-content\/uploads\/2022\/08\/BD-5J_GE_T58_02.jpg\" alt=\"\" class=\"wp-image-6023\" srcset=\"https:\/\/minijets.org\/wp-content\/uploads\/2022\/08\/BD-5J_GE_T58_02.jpg 960w, https:\/\/minijets.org\/wp-content\/uploads\/2022\/08\/BD-5J_GE_T58_02-300x204.jpg 300w, https:\/\/minijets.org\/wp-content\/uploads\/2022\/08\/BD-5J_GE_T58_02-768x523.jpg 768w, https:\/\/minijets.org\/wp-content\/uploads\/2022\/08\/BD-5J_GE_T58_02-18x12.jpg 18w\" sizes=\"auto, (max-width: 960px) 100vw, 960px\" \/><\/figure>\n<\/div>\n\n\n\n<div class=\"wp-block-column is-layout-flow wp-block-column-is-layout-flow\">\n<figure class=\"wp-block-image size-full\"><img loading=\"lazy\" decoding=\"async\" width=\"960\" height=\"640\" src=\"http:\/\/minijets.org\/wp-content\/uploads\/2022\/08\/BD-5J_GE_T58_04.jpg\" alt=\"\" class=\"wp-image-6020\" srcset=\"https:\/\/minijets.org\/wp-content\/uploads\/2022\/08\/BD-5J_GE_T58_04.jpg 960w, https:\/\/minijets.org\/wp-content\/uploads\/2022\/08\/BD-5J_GE_T58_04-300x200.jpg 300w, https:\/\/minijets.org\/wp-content\/uploads\/2022\/08\/BD-5J_GE_T58_04-768x512.jpg 768w, https:\/\/minijets.org\/wp-content\/uploads\/2022\/08\/BD-5J_GE_T58_04-18x12.jpg 18w\" sizes=\"auto, (max-width: 960px) 100vw, 960px\" \/><\/figure>\n<\/div>\n<\/div>\n\n\n\n<div class=\"wp-block-columns is-layout-flex wp-container-core-columns-is-layout-28f84493 wp-block-columns-is-layout-flex\">\n<div class=\"wp-block-column is-layout-flow wp-block-column-is-layout-flow\">\n<figure class=\"wp-block-image size-full\"><img loading=\"lazy\" decoding=\"async\" width=\"960\" height=\"540\" src=\"http:\/\/minijets.org\/wp-content\/uploads\/2022\/08\/BD-5J_GE_T58_05.jpg\" alt=\"\" class=\"wp-image-6021\" srcset=\"https:\/\/minijets.org\/wp-content\/uploads\/2022\/08\/BD-5J_GE_T58_05.jpg 960w, https:\/\/minijets.org\/wp-content\/uploads\/2022\/08\/BD-5J_GE_T58_05-300x169.jpg 300w, https:\/\/minijets.org\/wp-content\/uploads\/2022\/08\/BD-5J_GE_T58_05-768x432.jpg 768w, https:\/\/minijets.org\/wp-content\/uploads\/2022\/08\/BD-5J_GE_T58_05-18x10.jpg 18w\" sizes=\"auto, (max-width: 960px) 100vw, 960px\" \/><\/figure>\n<\/div>\n\n\n\n<div class=\"wp-block-column is-layout-flow wp-block-column-is-layout-flow\">\n<figure class=\"wp-block-image size-full\"><img loading=\"lazy\" decoding=\"async\" width=\"900\" height=\"603\" src=\"http:\/\/minijets.org\/wp-content\/uploads\/2022\/08\/BD-5J_GE_T58_06.jpg\" alt=\"\" class=\"wp-image-6028\" srcset=\"https:\/\/minijets.org\/wp-content\/uploads\/2022\/08\/BD-5J_GE_T58_06.jpg 900w, https:\/\/minijets.org\/wp-content\/uploads\/2022\/08\/BD-5J_GE_T58_06-300x201.jpg 300w, https:\/\/minijets.org\/wp-content\/uploads\/2022\/08\/BD-5J_GE_T58_06-768x515.jpg 768w, https:\/\/minijets.org\/wp-content\/uploads\/2022\/08\/BD-5J_GE_T58_06-18x12.jpg 18w\" sizes=\"auto, (max-width: 900px) 100vw, 900px\" \/><figcaption>Projet de BD-5J, \u00e9quip\u00e9 d&#8217;un GE T-58, de Rusty Skinner. Photo prise \u00e0 Chino Airport en septembre 2015. Source : Kitplanes<\/figcaption><\/figure>\n<\/div>\n<\/div>\n","protected":false},"excerpt":{"rendered":"<p>Ce BD-5J a \u00e9t\u00e9 obtenu par montage d&#8217;un r\u00e9acteur issu d&#8217;une transformation d&#8217;un GE T-58. Il est la propri\u00e9t\u00e9 de Douglas Medore, de Romoland en Californie. Nous ne poss\u00e9dons que peut d&#8217;information sur cet appareil. Il semblerait qu&#8217;il ait \u00e9t\u00e9 construit par Geoff Taylor. Il s&#8217;agit du projet de Rusty Skinner, constructeur d&#8217;un Viperjet, dont [&hellip;]<\/p>\n","protected":false},"author":1,"featured_media":6023,"parent":4992,"menu_order":0,"comment_status":"closed","ping_status":"closed","template":"","meta":{"_acf_changed":false,"cybocfi_hide_featured_image":"","footnotes":""},"categories":[20],"tags":[],"planes-000-100":[],"class_list":["post-6019","page","type-page","status-publish","has-post-thumbnail","hentry","category-plane-300-500"],"blocksy_meta":[],"acf":[],"_links":{"self":[{"href":"https:\/\/minijets.org\/fr\/wp-json\/wp\/v2\/pages\/6019","targetHints":{"allow":["GET"]}}],"collection":[{"href":"https:\/\/minijets.org\/fr\/wp-json\/wp\/v2\/pages"}],"about":[{"href":"https:\/\/minijets.org\/fr\/wp-json\/wp\/v2\/types\/page"}],"author":[{"embeddable":true,"href":"https:\/\/minijets.org\/fr\/wp-json\/wp\/v2\/users\/1"}],"replies":[{"embeddable":true,"href":"https:\/\/minijets.org\/fr\/wp-json\/wp\/v2\/comments?post=6019"}],"version-history":[{"count":0,"href":"https:\/\/minijets.org\/fr\/wp-json\/wp\/v2\/pages\/6019\/revisions"}],"up":[{"embeddable":true,"href":"https:\/\/minijets.org\/fr\/wp-json\/wp\/v2\/pages\/4992"}],"wp:featuredmedia":[{"embeddable":true,"href":"https:\/\/minijets.org\/fr\/wp-json\/wp\/v2\/media\/6023"}],"wp:attachment":[{"href":"https:\/\/minijets.org\/fr\/wp-json\/wp\/v2\/media?parent=6019"}],"wp:term":[{"taxonomy":"category","embeddable":true,"href":"https:\/\/minijets.org\/fr\/wp-json\/wp\/v2\/categories?post=6019"},{"taxonomy":"post_tag","embeddable":true,"href":"https:\/\/minijets.org\/fr\/wp-json\/wp\/v2\/tags?post=6019"},{"taxonomy":"planes-000-100","embeddable":true,"href":"https:\/\/minijets.org\/fr\/wp-json\/wp\/v2\/planes-000-100?post=6019"}],"curies":[{"name":"wp","href":"https:\/\/api.w.org\/{rel}","templated":true}]}}