{"id":6042,"date":"2022-08-22T09:59:40","date_gmt":"2022-08-22T07:59:40","guid":{"rendered":"http:\/\/tst.minijets.org\/?page_id=6042"},"modified":"2022-10-28T10:28:36","modified_gmt":"2022-10-28T08:28:36","slug":"projet-foxjet-st600","status":"publish","type":"page","link":"https:\/\/minijets.org\/fr\/300-500\/williams-wr44\/projet-foxjet-st600\/","title":{"rendered":"Foxjet ST-600"},"content":{"rendered":"\n<p>En 1977, pour 350 000 dollars en version standard, prix pouvant atteindre 550 000 dollars avec quelques \u00e9quipements suppl\u00e9mentaires, on devait pouvoir s&#8217;offrir un bir\u00e9acteur d&#8217;affaires Foxjet ST-600 pour 4 \u00e0 \u00a05 occupants. C&#8217;est ce qu&#8217;annon\u00e7ait\u00a0<strong>Tony Fox<\/strong>, pr\u00e9sident de TONY TEAM INDUSTRIES (TTI), \u00e0 \u00a0propos de son \u00ab Foxjet \u00bb ST-600 dot\u00e9 de deux\u00a0<strong><a href=\"https:\/\/minijets.org\/300-500\/williams-wr44\/\" data-type=\"page\" data-id=\"6039\">Williams WR44<\/a><\/strong>\u00a0(initialement pr\u00e9vu avec des WR19-3 d\u00e9tar\u00e9s \u00e0 \u00a0258 kgp).<\/p>\n\n\n\n<figure class=\"wp-block-image size-full\"><img loading=\"lazy\" decoding=\"async\" width=\"950\" height=\"283\" src=\"http:\/\/minijets.org\/wp-content\/uploads\/2022\/08\/Foxjet_ST600_-_07.jpg\" alt=\"Foxjet ST-600\" class=\"wp-image-5736\" srcset=\"https:\/\/minijets.org\/wp-content\/uploads\/2022\/08\/Foxjet_ST600_-_07.jpg 950w, https:\/\/minijets.org\/wp-content\/uploads\/2022\/08\/Foxjet_ST600_-_07-300x89.jpg 300w, https:\/\/minijets.org\/wp-content\/uploads\/2022\/08\/Foxjet_ST600_-_07-768x229.jpg 768w, https:\/\/minijets.org\/wp-content\/uploads\/2022\/08\/Foxjet_ST600_-_07-18x5.jpg 18w\" sizes=\"auto, (max-width: 950px) 100vw, 950px\" \/><figcaption>Pr\u00e9sentation du Foxjet ST-600 (maquette \u00e0 l&#8217;\u00e9chelle 1). source : Aviation Week, juin 1978.<\/figcaption><\/figure>\n\n\n\n<div class=\"wp-block-columns is-layout-flex wp-container-core-columns-is-layout-28f84493 wp-block-columns-is-layout-flex\">\n<div class=\"wp-block-column is-layout-flow wp-block-column-is-layout-flow\">\n<figure class=\"wp-block-image size-full\"><img loading=\"lazy\" decoding=\"async\" width=\"500\" height=\"300\" src=\"http:\/\/minijets.org\/wp-content\/uploads\/2022\/08\/Foxjet_ST600_-_05.jpg\" alt=\"Foxjet ST-600\" class=\"wp-image-5734\" srcset=\"https:\/\/minijets.org\/wp-content\/uploads\/2022\/08\/Foxjet_ST600_-_05.jpg 500w, https:\/\/minijets.org\/wp-content\/uploads\/2022\/08\/Foxjet_ST600_-_05-300x180.jpg 300w, https:\/\/minijets.org\/wp-content\/uploads\/2022\/08\/Foxjet_ST600_-_05-18x12.jpg 18w\" sizes=\"auto, (max-width: 500px) 100vw, 500px\" \/><figcaption>Foxjet ST-600, premi\u00e8re maquette \u00e0 l&#8217;\u00e9chelle 1. On remarquera la pr\u00e9sence d&#8217;hublots rectangulaires et l&#8217;absence de bidons en bouts d&#8217;ailes. Source : Aviation week, mai 1977<\/figcaption><\/figure>\n<\/div>\n\n\n\n<div class=\"wp-block-column is-layout-flow wp-block-column-is-layout-flow\">\n<p>En&nbsp;<strong>1977<\/strong>, Le ST600, avec son&nbsp;aile basse, son empennage cruciforme, et ses moteurs mont\u00e9s pod sur la partie arri\u00e8re du fuselage,&nbsp;est un projet de VLJ avant l&#8217;heure<\/p>\n\n\n\n<p>Les intentions de Tony Fox \u00e9taient de cr\u00e9er un jet d&#8217;affaires pratique, assez petit et assez l\u00e9ger pour profiter de petits a\u00e9rodromes \u00e0 un co\u00fbt d&#8217;environ la moiti\u00e9 du prix des jets d&#8217;affaires les moins chers de l&#8217;\u00e9poque.&nbsp;<\/p>\n\n\n\n<p>A titre d&#8217;exemple, les co\u00fbts de carburant avaient \u00e9t\u00e9 calcul\u00e9 \u00e0 &nbsp;9 cents par mile (\u00e0 comparer \u00e0 50 cents par mile ou plus pour avions de l&#8217;\u00e9poque). &nbsp;&nbsp;<\/p>\n<\/div>\n<\/div>\n\n\n\n<div class=\"wp-block-columns is-layout-flex wp-container-core-columns-is-layout-28f84493 wp-block-columns-is-layout-flex\">\n<div class=\"wp-block-column is-layout-flow wp-block-column-is-layout-flow\">\n<figure class=\"wp-block-image size-full\"><img loading=\"lazy\" decoding=\"async\" width=\"500\" height=\"282\" src=\"http:\/\/minijets.org\/wp-content\/uploads\/2022\/08\/Foxjet_ST600_-_03.jpg\" alt=\"Foxjet ST-600\" class=\"wp-image-5740\" srcset=\"https:\/\/minijets.org\/wp-content\/uploads\/2022\/08\/Foxjet_ST600_-_03.jpg 500w, https:\/\/minijets.org\/wp-content\/uploads\/2022\/08\/Foxjet_ST600_-_03-300x169.jpg 300w, https:\/\/minijets.org\/wp-content\/uploads\/2022\/08\/Foxjet_ST600_-_03-18x10.jpg 18w\" sizes=\"auto, (max-width: 500px) 100vw, 500px\" \/><figcaption><em>Premi\u00e8re maquette \u00e0 l&#8217;\u00e9chelle 1 du Foxjet St-600<\/em><\/figcaption><\/figure>\n\n\n\n<figure class=\"wp-block-image size-full\"><img loading=\"lazy\" decoding=\"async\" width=\"500\" height=\"180\" src=\"http:\/\/minijets.org\/wp-content\/uploads\/2022\/08\/Foxjet_ST600_-_04.jpg\" alt=\"Foxjet ST-600\" class=\"wp-image-5741\" srcset=\"https:\/\/minijets.org\/wp-content\/uploads\/2022\/08\/Foxjet_ST600_-_04.jpg 500w, https:\/\/minijets.org\/wp-content\/uploads\/2022\/08\/Foxjet_ST600_-_04-300x108.jpg 300w, https:\/\/minijets.org\/wp-content\/uploads\/2022\/08\/Foxjet_ST600_-_04-18x6.jpg 18w\" sizes=\"auto, (max-width: 500px) 100vw, 500px\" \/><figcaption>Maquette \u00e0 l&#8217;\u00e9chelle 1 du Foxjet ST-600, dans une version pr\u00e9-production.<\/figcaption><\/figure>\n<\/div>\n\n\n\n<div class=\"wp-block-column is-layout-flow wp-block-column-is-layout-flow\">\n<p>73 commandes de l&#8217;appareil ont \u00e9t\u00e9 prises, sur la base du seul projet. Le premier exemplaire par&nbsp;<strong>Bill Lear&nbsp;<\/strong>lui m\u00eame !&nbsp;<\/p>\n\n\n\n<p>Foxjet avait contract\u00e9&nbsp;<strong>Aeronca<\/strong>&nbsp;pour construire le prototype., et une exclusivit\u00e9 avec <strong>Williams<\/strong> pour la fourniture du moteur.<\/p>\n\n\n\n<p>Cependant, la non disponibilit\u00e9 des moteurs s&#8217;est av\u00e9r\u00e9e un obstacle majeur.<\/p>\n\n\n\n<p>Le petit&nbsp;<strong>Williams WR44<\/strong>&nbsp;turbor\u00e9acteur \u00e0 &nbsp;double flux Williams Research devait \u00eatre certifier pour une utilisation comme moteur de transport de passagers,&nbsp; mais en raison de sa s\u00e9lection comme groupe motopropulseur pour les missiles de croisi\u00e8re, le gouvernement des Etats-Unis en bloqua toute utilisation non-militaire.&nbsp;<\/p>\n<\/div>\n<\/div>\n\n\n\n<div class=\"wp-block-columns is-layout-flex wp-container-core-columns-is-layout-28f84493 wp-block-columns-is-layout-flex\">\n<div class=\"wp-block-column is-layout-flow wp-block-column-is-layout-flow\">\n<figure class=\"wp-block-image size-full is-resized\"><img loading=\"lazy\" decoding=\"async\" src=\"http:\/\/minijets.org\/wp-content\/uploads\/2022\/08\/FoxJet_3_-_P3views_v1.jpg\" alt=\"Foxjet ST-600\" class=\"wp-image-6121\" width=\"496\" height=\"295\" srcset=\"https:\/\/minijets.org\/wp-content\/uploads\/2022\/08\/FoxJet_3_-_P3views_v1.jpg 1000w, https:\/\/minijets.org\/wp-content\/uploads\/2022\/08\/FoxJet_3_-_P3views_v1-300x179.jpg 300w, https:\/\/minijets.org\/wp-content\/uploads\/2022\/08\/FoxJet_3_-_P3views_v1-768x457.jpg 768w, https:\/\/minijets.org\/wp-content\/uploads\/2022\/08\/FoxJet_3_-_P3views_v1-18x12.jpg 18w\" sizes=\"auto, (max-width: 496px) 100vw, 496px\" \/><figcaption>Plan 3 vue du Foxjet ST-600, dans sa premi\u00e8re version<\/figcaption><\/figure>\n<\/div>\n\n\n\n<div class=\"wp-block-column is-layout-flow wp-block-column-is-layout-flow\">\n<figure class=\"wp-block-image size-full\"><img loading=\"lazy\" decoding=\"async\" width=\"1000\" height=\"595\" src=\"http:\/\/minijets.org\/wp-content\/uploads\/2022\/08\/Foxjet_ST600_P3view_v2-1.jpg\" alt=\"Foxjet ST-600\" class=\"wp-image-6125\" srcset=\"https:\/\/minijets.org\/wp-content\/uploads\/2022\/08\/Foxjet_ST600_P3view_v2-1.jpg 1000w, https:\/\/minijets.org\/wp-content\/uploads\/2022\/08\/Foxjet_ST600_P3view_v2-1-300x179.jpg 300w, https:\/\/minijets.org\/wp-content\/uploads\/2022\/08\/Foxjet_ST600_P3view_v2-1-768x457.jpg 768w, https:\/\/minijets.org\/wp-content\/uploads\/2022\/08\/Foxjet_ST600_P3view_v2-1-18x12.jpg 18w\" sizes=\"auto, (max-width: 1000px) 100vw, 1000px\" \/><figcaption><em>Plan 3 vue du Foxjet ST-600, dans sa derni\u00e8re version<\/em><\/figcaption><\/figure>\n<\/div>\n<\/div>\n\n\n\n<div class=\"wp-block-columns is-layout-flex wp-container-core-columns-is-layout-28f84493 wp-block-columns-is-layout-flex\">\n<div class=\"wp-block-column is-layout-flow wp-block-column-is-layout-flow\">\n<figure class=\"wp-block-image size-full\"><img loading=\"lazy\" decoding=\"async\" width=\"500\" height=\"201\" src=\"http:\/\/minijets.org\/wp-content\/uploads\/2022\/08\/Foxjet_ST600_-_02.jpg\" alt=\"Foxjet ST-600\" class=\"wp-image-5739\" srcset=\"https:\/\/minijets.org\/wp-content\/uploads\/2022\/08\/Foxjet_ST600_-_02.jpg 500w, https:\/\/minijets.org\/wp-content\/uploads\/2022\/08\/Foxjet_ST600_-_02-300x121.jpg 300w, https:\/\/minijets.org\/wp-content\/uploads\/2022\/08\/Foxjet_ST600_-_02-18x7.jpg 18w\" sizes=\"auto, (max-width: 500px) 100vw, 500px\" \/><figcaption>Maquette \u00e0 l&#8217;\u00e9chelle 1 du Foxjet ST-600<\/figcaption><\/figure>\n<\/div>\n\n\n\n<div class=\"wp-block-column is-layout-flow wp-block-column-is-layout-flow\">\n<figure class=\"wp-block-image size-full\"><img loading=\"lazy\" decoding=\"async\" width=\"500\" height=\"185\" src=\"http:\/\/minijets.org\/wp-content\/uploads\/2022\/08\/Foxjet_ST600_-_01.jpg\" alt=\"Foxjet ST-600\" class=\"wp-image-5738\" srcset=\"https:\/\/minijets.org\/wp-content\/uploads\/2022\/08\/Foxjet_ST600_-_01.jpg 500w, https:\/\/minijets.org\/wp-content\/uploads\/2022\/08\/Foxjet_ST600_-_01-300x111.jpg 300w, https:\/\/minijets.org\/wp-content\/uploads\/2022\/08\/Foxjet_ST600_-_01-18x7.jpg 18w\" sizes=\"auto, (max-width: 500px) 100vw, 500px\" \/><figcaption>Maquette \u00e0 l&#8217;\u00e9chelle 1 de l&#8217;avion d&#8217;affaires FoxJey ST-600. Source Aviation Magazine 1977<\/figcaption><\/figure>\n<\/div>\n<\/div>\n","protected":false},"excerpt":{"rendered":"<p>En 1977, pour 350 000 dollars en version standard, prix pouvant atteindre 550 000 dollars avec quelques \u00e9quipements suppl\u00e9mentaires, on devait pouvoir s&#8217;offrir un bir\u00e9acteur d&#8217;affaires Foxjet ST-600 pour 4 \u00e0 \u00a05 occupants. C&#8217;est ce qu&#8217;annon\u00e7ait\u00a0Tony Fox, pr\u00e9sident de TONY TEAM INDUSTRIES (TTI), \u00e0 \u00a0propos de son \u00ab Foxjet \u00bb ST-600 dot\u00e9 de deux\u00a0Williams WR44\u00a0(initialement [&hellip;]<\/p>\n","protected":false},"author":1,"featured_media":5735,"parent":6039,"menu_order":0,"comment_status":"closed","ping_status":"closed","template":"","meta":{"_acf_changed":false,"cybocfi_hide_featured_image":"","footnotes":""},"categories":[20],"tags":[],"planes-000-100":[],"class_list":["post-6042","page","type-page","status-publish","has-post-thumbnail","hentry","category-plane-300-500"],"blocksy_meta":[],"acf":[],"_links":{"self":[{"href":"https:\/\/minijets.org\/fr\/wp-json\/wp\/v2\/pages\/6042","targetHints":{"allow":["GET"]}}],"collection":[{"href":"https:\/\/minijets.org\/fr\/wp-json\/wp\/v2\/pages"}],"about":[{"href":"https:\/\/minijets.org\/fr\/wp-json\/wp\/v2\/types\/page"}],"author":[{"embeddable":true,"href":"https:\/\/minijets.org\/fr\/wp-json\/wp\/v2\/users\/1"}],"replies":[{"embeddable":true,"href":"https:\/\/minijets.org\/fr\/wp-json\/wp\/v2\/comments?post=6042"}],"version-history":[{"count":0,"href":"https:\/\/minijets.org\/fr\/wp-json\/wp\/v2\/pages\/6042\/revisions"}],"up":[{"embeddable":true,"href":"https:\/\/minijets.org\/fr\/wp-json\/wp\/v2\/pages\/6039"}],"wp:featuredmedia":[{"embeddable":true,"href":"https:\/\/minijets.org\/fr\/wp-json\/wp\/v2\/media\/5735"}],"wp:attachment":[{"href":"https:\/\/minijets.org\/fr\/wp-json\/wp\/v2\/media?parent=6042"}],"wp:term":[{"taxonomy":"category","embeddable":true,"href":"https:\/\/minijets.org\/fr\/wp-json\/wp\/v2\/categories?post=6042"},{"taxonomy":"post_tag","embeddable":true,"href":"https:\/\/minijets.org\/fr\/wp-json\/wp\/v2\/tags?post=6042"},{"taxonomy":"planes-000-100","embeddable":true,"href":"https:\/\/minijets.org\/fr\/wp-json\/wp\/v2\/planes-000-100?post=6042"}],"curies":[{"name":"wp","href":"https:\/\/api.w.org\/{rel}","templated":true}]}}