{"id":6141,"date":"2022-08-25T20:45:31","date_gmt":"2022-08-25T18:45:31","guid":{"rendered":"http:\/\/tst.minijets.org\/?page_id=6141"},"modified":"2022-10-24T23:25:33","modified_gmt":"2022-10-24T21:25:33","slug":"northrop-xp-79b","status":"publish","type":"page","link":"https:\/\/minijets.org\/fr\/300-500\/westinghouse-19b\/northrop-xp-79b\/","title":{"rendered":"Northrop XP-79B"},"content":{"rendered":"\n<div class=\"wp-block-columns is-layout-flex wp-container-core-columns-is-layout-28f84493 wp-block-columns-is-layout-flex\">\n<div class=\"wp-block-column is-layout-flow wp-block-column-is-layout-flow\">\n<figure class=\"wp-block-image size-full\"><img loading=\"lazy\" decoding=\"async\" width=\"500\" height=\"360\" src=\"http:\/\/minijets.org\/wp-content\/uploads\/2022\/08\/Northrop_XP79_01.jpg\" alt=\"\" class=\"wp-image-5706\" srcset=\"https:\/\/minijets.org\/wp-content\/uploads\/2022\/08\/Northrop_XP79_01.jpg 500w, https:\/\/minijets.org\/wp-content\/uploads\/2022\/08\/Northrop_XP79_01-300x216.jpg 300w, https:\/\/minijets.org\/wp-content\/uploads\/2022\/08\/Northrop_XP79_01-18x12.jpg 18w\" sizes=\"auto, (max-width: 500px) 100vw, 500px\" \/><figcaption>Northrop XP-79B vue de cot\u00e9. (photo U.S. Air Force)<\/figcaption><\/figure>\n<\/div>\n\n\n\n<div class=\"wp-block-column is-layout-flow wp-block-column-is-layout-flow\">\n<p>A l&#8217;origine, le&nbsp;<strong>Northrop XP-79<\/strong>&nbsp;r\u00e9pondait \u00e0 &nbsp;un contrat pass\u00e9 par l&#8217;Army Air Force, portant sur 3 exemplaires d&#8217;un intercepteur propuls\u00e9 par un moteur fus\u00e9e d&#8217;une puissance d&#8217;environ 900 kg (2000 lbs). Ce moteur \u00e9tait &nbsp;en cours de d\u00e9veloppement chez&nbsp;<strong>Aerojet Corporation<\/strong>. Les performances calcul\u00e9es, avec 2 fus\u00e9es JATO pour l&#8217;aide au d\u00e9collage, devaient permettre \u00e0 &nbsp;l&#8217;appareil d&#8217;atteindre 518 mph \u00e0 &nbsp;40.000 pieds avec une endurance de 31 minutes.<\/p>\n\n\n\n<p>Rapidement la mise au point du moteur fus\u00e9e par Aerojet s&#8217;av\u00e9ra probl\u00e9matique. Dans le m\u00eame temps, les tous premiers turbor\u00e9acteurs \u00e9taient disponibles, ce qui eu pour cons\u00e9quence un arr\u00eat du contrat pour les 2 premiers exemplaires et une demande faite pour la transformation du 3i\u00e8me en intercepteur dot\u00e9 de 2 turbor\u00e9acteurs\u00a0<strong>Westinghouse 19B<\/strong>\u00a0avec la nouvelle d\u00e9nomination\u00a0<strong>XP-79B<\/strong>.<\/p>\n<\/div>\n<\/div>\n\n\n\n<div class=\"wp-block-columns is-layout-flex wp-container-core-columns-is-layout-28f84493 wp-block-columns-is-layout-flex\">\n<div class=\"wp-block-column is-layout-flow wp-block-column-is-layout-flow\">\n<p>Il sera livr\u00e9 \u00e0 &nbsp;la base de Muroc en juin 1945, pour commencer les tests avec&nbsp;<strong>Harry Crosby<\/strong>&nbsp;comme pilote d&#8217;essai. Le&nbsp;<strong>12 septembre 1945<\/strong>, apr\u00e8s plusieurs jours de tests et roulages pr\u00e9liminaires Crosby lui fit faire son seul et unique vol.<\/p>\n\n\n\n<p>Un premier incident malencontreux marqua le d\u00e9but du vol, lorsqu&#8217;un camion de pompier de l&#8217;Army Air Force traversa le piste au moment o\u00f9 Crosby acc\u00e9l\u00e9rait.&nbsp;Crosby eu juste le temps de couper la puissance pour \u00e9viter la collision. Puis il r\u00e9-acc\u00e9l\u00e9ra et monta jusqu&#8217;\u00e0 &nbsp;10.000 pieds et revint vers son aire de d\u00e9collage en d\u00e9crivant un large cercle \u00e0 &nbsp;une vitesse particuli\u00e8rement \u00e9lev\u00e9e (\u00e9valu\u00e9e \u00e0 &nbsp;plus de 400 mph).<\/p>\n\n\n\n<p>A son second passage au dessus du lac sal\u00e9, Crosby amor\u00e7a un virage en mont\u00e9e qui se termina en tonneau avant que l&#8217;avion ne d\u00e9croche. Le XP-79B rentra alors dans une vrille dont il ne se sortit jamais. Des observateurs on vu Crosby sauter dans les derniers instant et \u00eatre heurt\u00e9 par une partie de l&#8217;avion en rotation. Son parachute ne s&#8217;ouvrit jamais.<\/p>\n<\/div>\n\n\n\n<div class=\"wp-block-column is-layout-flow wp-block-column-is-layout-flow\">\n<figure class=\"wp-block-image size-full\"><img loading=\"lazy\" decoding=\"async\" width=\"500\" height=\"314\" src=\"http:\/\/minijets.org\/wp-content\/uploads\/2022\/08\/Northrop_XP79_02.jpg\" alt=\"\" class=\"wp-image-5707\" srcset=\"https:\/\/minijets.org\/wp-content\/uploads\/2022\/08\/Northrop_XP79_02.jpg 500w, https:\/\/minijets.org\/wp-content\/uploads\/2022\/08\/Northrop_XP79_02-300x188.jpg 300w, https:\/\/minijets.org\/wp-content\/uploads\/2022\/08\/Northrop_XP79_02-18x12.jpg 18w\" sizes=\"auto, (max-width: 500px) 100vw, 500px\" \/><figcaption>Northrop XP-79B 3\/4 side view. (U.S. Air Force photo)<\/figcaption><\/figure>\n\n\n\n<figure class=\"wp-block-image size-full\"><img loading=\"lazy\" decoding=\"async\" width=\"500\" height=\"246\" src=\"http:\/\/minijets.org\/wp-content\/uploads\/2022\/08\/Northrop_XP79_04.jpg\" alt=\"\" class=\"wp-image-5709\" srcset=\"https:\/\/minijets.org\/wp-content\/uploads\/2022\/08\/Northrop_XP79_04.jpg 500w, https:\/\/minijets.org\/wp-content\/uploads\/2022\/08\/Northrop_XP79_04-300x148.jpg 300w, https:\/\/minijets.org\/wp-content\/uploads\/2022\/08\/Northrop_XP79_04-18x9.jpg 18w\" sizes=\"auto, (max-width: 500px) 100vw, 500px\" \/><\/figure>\n<\/div>\n<\/div>\n\n\n\n<div class=\"wp-block-columns is-layout-flex wp-container-core-columns-is-layout-28f84493 wp-block-columns-is-layout-flex\">\n<div class=\"wp-block-column is-layout-flow wp-block-column-is-layout-flow\">\n<figure class=\"wp-block-image size-full\"><img loading=\"lazy\" decoding=\"async\" width=\"500\" height=\"220\" src=\"http:\/\/minijets.org\/wp-content\/uploads\/2022\/08\/Northrop_XP79_03.jpg\" alt=\"\" class=\"wp-image-5708\" srcset=\"https:\/\/minijets.org\/wp-content\/uploads\/2022\/08\/Northrop_XP79_03.jpg 500w, https:\/\/minijets.org\/wp-content\/uploads\/2022\/08\/Northrop_XP79_03-300x132.jpg 300w, https:\/\/minijets.org\/wp-content\/uploads\/2022\/08\/Northrop_XP79_03-18x8.jpg 18w\" sizes=\"auto, (max-width: 500px) 100vw, 500px\" \/><\/figure>\n<\/div>\n\n\n\n<div class=\"wp-block-column is-layout-flow wp-block-column-is-layout-flow\">\n<figure class=\"wp-block-image size-full\"><img loading=\"lazy\" decoding=\"async\" width=\"500\" height=\"236\" src=\"http:\/\/minijets.org\/wp-content\/uploads\/2022\/08\/Northrop_XP79_013.jpg\" alt=\"\" class=\"wp-image-5711\" srcset=\"https:\/\/minijets.org\/wp-content\/uploads\/2022\/08\/Northrop_XP79_013.jpg 500w, https:\/\/minijets.org\/wp-content\/uploads\/2022\/08\/Northrop_XP79_013-300x142.jpg 300w, https:\/\/minijets.org\/wp-content\/uploads\/2022\/08\/Northrop_XP79_013-18x8.jpg 18w\" sizes=\"auto, (max-width: 500px) 100vw, 500px\" \/><figcaption><em>Northrop XP-79 Flying Ram, +500 mph. experimental fighter powered by two Westinghouse 19-B Yankee turbojets. Source : Aviation Week, June 1946<\/em><\/figcaption><\/figure>\n<\/div>\n<\/div>\n\n\n\n<figure class=\"wp-block-image size-full\"><img loading=\"lazy\" decoding=\"async\" width=\"950\" height=\"747\" src=\"http:\/\/minijets.org\/wp-content\/uploads\/2022\/08\/Northrop_XP79_P3view.jpg\" alt=\"\" class=\"wp-image-5705\" srcset=\"https:\/\/minijets.org\/wp-content\/uploads\/2022\/08\/Northrop_XP79_P3view.jpg 950w, https:\/\/minijets.org\/wp-content\/uploads\/2022\/08\/Northrop_XP79_P3view-300x236.jpg 300w, https:\/\/minijets.org\/wp-content\/uploads\/2022\/08\/Northrop_XP79_P3view-768x604.jpg 768w, https:\/\/minijets.org\/wp-content\/uploads\/2022\/08\/Northrop_XP79_P3view-15x12.jpg 15w\" sizes=\"auto, (max-width: 950px) 100vw, 950px\" \/><figcaption>Northrop XP-79, P3 views<\/figcaption><\/figure>\n","protected":false},"excerpt":{"rendered":"<p>A l&#8217;origine, le&nbsp;Northrop XP-79&nbsp;r\u00e9pondait \u00e0 &nbsp;un contrat pass\u00e9 par l&#8217;Army Air Force, portant sur 3 exemplaires d&#8217;un intercepteur propuls\u00e9 par un moteur fus\u00e9e d&#8217;une puissance d&#8217;environ 900 kg (2000 lbs). Ce moteur \u00e9tait &nbsp;en cours de d\u00e9veloppement chez&nbsp;Aerojet Corporation. Les performances calcul\u00e9es, avec 2 fus\u00e9es JATO pour l&#8217;aide au d\u00e9collage, devaient permettre \u00e0 &nbsp;l&#8217;appareil d&#8217;atteindre [&hellip;]<\/p>\n","protected":false},"author":1,"featured_media":5707,"parent":5692,"menu_order":0,"comment_status":"closed","ping_status":"closed","template":"","meta":{"_acf_changed":false,"cybocfi_hide_featured_image":"","footnotes":""},"categories":[20],"tags":[],"planes-000-100":[],"class_list":["post-6141","page","type-page","status-publish","has-post-thumbnail","hentry","category-plane-300-500"],"blocksy_meta":[],"acf":[],"_links":{"self":[{"href":"https:\/\/minijets.org\/fr\/wp-json\/wp\/v2\/pages\/6141","targetHints":{"allow":["GET"]}}],"collection":[{"href":"https:\/\/minijets.org\/fr\/wp-json\/wp\/v2\/pages"}],"about":[{"href":"https:\/\/minijets.org\/fr\/wp-json\/wp\/v2\/types\/page"}],"author":[{"embeddable":true,"href":"https:\/\/minijets.org\/fr\/wp-json\/wp\/v2\/users\/1"}],"replies":[{"embeddable":true,"href":"https:\/\/minijets.org\/fr\/wp-json\/wp\/v2\/comments?post=6141"}],"version-history":[{"count":0,"href":"https:\/\/minijets.org\/fr\/wp-json\/wp\/v2\/pages\/6141\/revisions"}],"up":[{"embeddable":true,"href":"https:\/\/minijets.org\/fr\/wp-json\/wp\/v2\/pages\/5692"}],"wp:featuredmedia":[{"embeddable":true,"href":"https:\/\/minijets.org\/fr\/wp-json\/wp\/v2\/media\/5707"}],"wp:attachment":[{"href":"https:\/\/minijets.org\/fr\/wp-json\/wp\/v2\/media?parent=6141"}],"wp:term":[{"taxonomy":"category","embeddable":true,"href":"https:\/\/minijets.org\/fr\/wp-json\/wp\/v2\/categories?post=6141"},{"taxonomy":"post_tag","embeddable":true,"href":"https:\/\/minijets.org\/fr\/wp-json\/wp\/v2\/tags?post=6141"},{"taxonomy":"planes-000-100","embeddable":true,"href":"https:\/\/minijets.org\/fr\/wp-json\/wp\/v2\/planes-000-100?post=6141"}],"curies":[{"name":"wp","href":"https:\/\/api.w.org\/{rel}","templated":true}]}}