{"id":6207,"date":"2022-08-26T18:46:37","date_gmt":"2022-08-26T16:46:37","guid":{"rendered":"http:\/\/tst.minijets.org\/?page_id=6207"},"modified":"2022-11-09T12:16:32","modified_gmt":"2022-11-09T11:16:32","slug":"gluhareff-pressure-jet","status":"publish","type":"page","link":"https:\/\/minijets.org\/fr\/pulse-jets\/gluhareff-pressure-jet\/","title":{"rendered":"Gluhareff Pressure Jet"},"content":{"rendered":"\n<h2 class=\"wp-block-heading\"><strong>EMG G8-2-130<\/strong> Gluhareff Pressure Jet<\/h2>\n\n\n\n<div class=\"wp-block-columns is-layout-flex wp-container-core-columns-is-layout-28f84493 wp-block-columns-is-layout-flex\">\n<div class=\"wp-block-column is-layout-flow wp-block-column-is-layout-flow\">\n<p>The&nbsp;<strong>Gluhareff Pressure Jet<\/strong>&nbsp;is a valveless pulse jet. It was invented by Eugene Michael Gluhareff, a Russian engineer who moved to the United States in the early 1920s.<\/p>\n\n\n\n<p>Eugene&nbsp;wanted to use it as a power plant for personal helicopters and light aircraft.<\/p>\n<\/div>\n\n\n\n<div class=\"wp-block-column is-layout-flow wp-block-column-is-layout-flow\">\n<figure class=\"wp-block-image size-full\"><img loading=\"lazy\" decoding=\"async\" width=\"345\" height=\"305\" src=\"http:\/\/minijets.org\/wp-content\/uploads\/2022\/08\/Eugene-Gluhareff.jpg\" alt=\"Gluhareff Pressure Jet\" class=\"wp-image-6168\" srcset=\"https:\/\/minijets.org\/wp-content\/uploads\/2022\/08\/Eugene-Gluhareff.jpg 345w, https:\/\/minijets.org\/wp-content\/uploads\/2022\/08\/Eugene-Gluhareff-300x265.jpg 300w, https:\/\/minijets.org\/wp-content\/uploads\/2022\/08\/Eugene-Gluhareff-14x12.jpg 14w\" sizes=\"auto, (max-width: 345px) 100vw, 345px\" \/><figcaption class=\"wp-element-caption\">Eugene Gluhareff<\/figcaption><\/figure>\n<\/div>\n<\/div>\n\n\n\n<h2 class=\"wp-block-heading\"><strong>Specifications<\/strong><\/h2>\n\n\n\n<p>Eugene&#8217;s Pulse jet was&nbsp;a fully throttleable jet engine available in 20-lb, 40-lb, 80-lb, and 130-lb thrust sizes.<sub><\/sub><sup><\/sup><\/p>\n\n\n\n<figure class=\"wp-block-table\"><table><tbody><tr><\/tr><tr><td><strong>Engine<\/strong><\/td><td><strong>G8-2-20<\/strong><\/td><td><\/td><td><strong>G8-2-40<\/strong><\/td><td><\/td><td><strong>G8-2-80<\/strong><\/td><td><\/td><td><strong>G8-2-130<\/strong><\/td><td><\/td><\/tr><tr><td><strong>Length<\/strong><br>(inches\/mm)<\/td><td>36.0<\/td><td>914.4<sub><\/sub><sup><\/sup><\/td><td>38.5<sub><\/sub><sup><\/sup><\/td><td>978<sub><\/sub><sup><\/sup><\/td><td>45<\/td><td>1143<\/td><td>48<\/td><td>1219<sub><\/sub><sup><\/sup><\/td><\/tr><tr><td><strong>Intake to CL Burner<br><\/strong>(inches\/mm)<\/td><td>25.5<\/td><td>647.7<sub><\/sub><sup><\/sup><\/td><td>27.5<sub><\/sub><sup><\/sup><\/td><td>698.5<sub><\/sub><sup><\/sup><\/td><td>36<\/td><td>914.4<\/td><td>37<\/td><td>939.8<sub><\/sub><sup><\/sup><\/td><\/tr><tr><td><strong>Weight<\/strong><br>(lbs\/kg)<\/td><td>5.5<\/td><td>2.5<sub><\/sub><sup><\/sup><\/td><td>5.5<sub><\/sub><sup><\/sup><\/td><td>2.5<sub><\/sub><sup><\/sup><\/td><td>21<\/td><td>9.53<\/td><td>21<\/td><td>9.53<sub><\/sub><sup><\/sup><\/td><\/tr><tr><td><strong>SFC Static<\/strong><br>(lbs fuel per lb thrust per hour)<\/td><td>4.8<\/td><td>0.77<sub><\/sub><sup><\/sup><\/td><td>4.6<\/td><td><\/td><td>4.6<\/td><td><\/td><td>*1.33<\/td><td>0.77<sub><\/sub><sup><\/sup><\/td><\/tr><tr><td><strong>SFC Dynamic<\/strong>**<br>(lbs fuel per lb thrust per hour)<\/td><td><sup>*<\/sup>1.33<\/td><td><\/td><td><\/td><td><\/td><td>N\/A<\/td><td>N\/A<\/td><td>N\/A<\/td><td><\/td><\/tr><\/tbody><\/table><figcaption class=\"wp-element-caption\"><sup>*&nbsp;<\/sup>Oval intake\/round intake<br><sup>**&nbsp;<\/sup>With ram air intake, SFC declines with increased speed. SFC at 293 ft\/sec (89.4 m\/sec) is approximately 1\/3 of static value.<\/figcaption><\/figure>\n\n\n\n<p>Source :&nbsp;<a href=\"https:\/\/www.rqriley.com\/gluharef.html\" target=\"_blank\" rel=\"noreferrer noopener\">https:\/\/www.rqriley.com\/gluharef.html<\/a><\/p>\n\n\n\n<h2 class=\"wp-block-heading\">Application<\/h2>\n\n\n        <div class=\"wp-block-getwid-custom-post-type custom-post-type-page has-layout-list\">\n            <div class=\"wp-block-getwid-custom-post-type__wrapper\">\n                \t\t\t\t\t\t\t\t<div class='wp-block-getwid-custom-post-type__post'>\n\t\t\t\t\t\t\t\t\t\n<div class=\"wp-block-getwid-custom-post-type__post-wrapper\">\n            <div class=\"wp-block-getwid-custom-post-type__post-thumbnail\">\n            <a href=\"https:\/\/minijets.org\/fr\/pulse-jets\/gluhareff-pressure-jet\/bd-5-gluhareff\/\"><img loading=\"lazy\" decoding=\"async\" width=\"252\" height=\"216\" src=\"https:\/\/minijets.org\/wp-content\/uploads\/2022\/08\/bd5-gu2.jpg\" class=\"attachment-post-thumbnail size-post-thumbnail wp-post-image\" alt=\"\" srcset=\"https:\/\/minijets.org\/wp-content\/uploads\/2022\/08\/bd5-gu2.jpg 252w, https:\/\/minijets.org\/wp-content\/uploads\/2022\/08\/bd5-gu2-14x12.jpg 14w\" sizes=\"auto, (max-width: 252px) 100vw, 252px\" \/><\/a>\n        <\/div>\n        <div class=\"wp-block-getwid-custom-post-type__content-wrapper\">\n        <div class=\"wp-block-getwid-custom-post-type__post-header\">\n            <h3 class=\"wp-block-getwid-custom-post-type__post-title\"><a href=\"https:\/\/minijets.org\/fr\/pulse-jets\/gluhareff-pressure-jet\/bd-5-gluhareff\/\">BD-5 Gluhareff<\/a><\/h3>        <\/div>\n        <div class=\"wp-block-getwid-custom-post-type__post-excerpt \"><p>Leolan Mcrorey\u00a0est le premier propri\u00e9taire de ce BD-5 Gluhareff \u00e0\u00a0 avoir \u00e9quip\u00e9 son appareil avec des pulsor\u00e9acteurs.Il s&#8217;agit de deux\u00a0Gluhareff EMG G8-2-130. Ces derniers sont mont\u00e9 en podes, sur une barre en acier de chaque cot\u00e9 \u00e0\u00a0\u00a0l&#8217;arri\u00e8re du fuselage. Cette configuration a \u00e9t\u00e9 retenue pour cr\u00e9er une s\u00e9paration entre les moteurs et la cellule en [&hellip;]<\/p>\n<\/div>\n    <\/div>\n<\/div>\n\t\t\t\t\t\t\t\t<\/div>\n\t\t\t\t\t\t\t\t\t\t\t\t\t\t\t<div class='wp-block-getwid-custom-post-type__post'>\n\t\t\t\t\t\t\t\t\t\n<div class=\"wp-block-getwid-custom-post-type__post-wrapper\">\n            <div class=\"wp-block-getwid-custom-post-type__post-thumbnail\">\n            <a href=\"https:\/\/minijets.org\/fr\/pulse-jets\/gluhareff-pressure-jet\/icarus-v-gluhareff\/\"><img loading=\"lazy\" decoding=\"async\" width=\"800\" height=\"457\" src=\"https:\/\/minijets.org\/wp-content\/uploads\/2022\/08\/Ikarus_V_gluhareff_01.jpg\" class=\"attachment-post-thumbnail size-post-thumbnail wp-post-image\" alt=\"\" srcset=\"https:\/\/minijets.org\/wp-content\/uploads\/2022\/08\/Ikarus_V_gluhareff_01.jpg 800w, https:\/\/minijets.org\/wp-content\/uploads\/2022\/08\/Ikarus_V_gluhareff_01-300x171.jpg 300w, https:\/\/minijets.org\/wp-content\/uploads\/2022\/08\/Ikarus_V_gluhareff_01-768x439.jpg 768w, https:\/\/minijets.org\/wp-content\/uploads\/2022\/08\/Ikarus_V_gluhareff_01-18x10.jpg 18w\" sizes=\"auto, (max-width: 800px) 100vw, 800px\" \/><\/a>\n        <\/div>\n        <div class=\"wp-block-getwid-custom-post-type__content-wrapper\">\n        <div class=\"wp-block-getwid-custom-post-type__post-header\">\n            <h3 class=\"wp-block-getwid-custom-post-type__post-title\"><a href=\"https:\/\/minijets.org\/fr\/pulse-jets\/gluhareff-pressure-jet\/icarus-v-gluhareff\/\">Icarus V Gluhareff<\/a><\/h3>        <\/div>\n        <div class=\"wp-block-getwid-custom-post-type__post-excerpt \"><p>L&#8217;Icarus V Gluhareff, avec lequel Ted Ancona a particip\u00e9 au Diamond Meet de 1979, pourrait bien \u00eatre le premier avion ultral\u00e9ger \u00e0 r\u00e9action au monde. Il \u00e9tait propuls\u00e9 par un pulsor\u00e9acteur Gulhareff EMG Beaucoup de bruit et une situation particuli\u00e8re pour un ULM puisqu&#8217;il consommait un demi-gallon de propane par minute !\u00a0 Ted a ensuite [&hellip;]<\/p>\n<\/div>\n    <\/div>\n<\/div>\n\t\t\t\t\t\t\t\t<\/div>\n\t\t\t\t\t\t\t\t\t\t\t\t\t\t\t<div class='wp-block-getwid-custom-post-type__post'>\n\t\t\t\t\t\t\t\t\t\n<div class=\"wp-block-getwid-custom-post-type__post-wrapper\">\n            <div class=\"wp-block-getwid-custom-post-type__post-thumbnail\">\n            <a href=\"https:\/\/minijets.org\/fr\/pulse-jets\/gluhareff-pressure-jet\/whilling-pj1\/\"><img loading=\"lazy\" decoding=\"async\" width=\"500\" height=\"178\" src=\"https:\/\/minijets.org\/wp-content\/uploads\/2022\/08\/Whilling-PJ1_01.jpg\" class=\"attachment-post-thumbnail size-post-thumbnail wp-post-image\" alt=\"\" srcset=\"https:\/\/minijets.org\/wp-content\/uploads\/2022\/08\/Whilling-PJ1_01.jpg 500w, https:\/\/minijets.org\/wp-content\/uploads\/2022\/08\/Whilling-PJ1_01-300x107.jpg 300w, https:\/\/minijets.org\/wp-content\/uploads\/2022\/08\/Whilling-PJ1_01-18x6.jpg 18w\" sizes=\"auto, (max-width: 500px) 100vw, 500px\" \/><\/a>\n        <\/div>\n        <div class=\"wp-block-getwid-custom-post-type__content-wrapper\">\n        <div class=\"wp-block-getwid-custom-post-type__post-header\">\n            <h3 class=\"wp-block-getwid-custom-post-type__post-title\"><a href=\"https:\/\/minijets.org\/fr\/pulse-jets\/gluhareff-pressure-jet\/whilling-pj1\/\">Whilling PJ1<\/a><\/h3>        <\/div>\n        <div class=\"wp-block-getwid-custom-post-type__post-excerpt \"><p>le Whilling PJ1 est propuls\u00e9 par 2 pulso-r\u00e9acteurs Gluhareff\u00a0 G8-2-130R. Il devait avoir une vitesse de 550 Km\/h pour un poids de 300 Kg. Les deux pulsor\u00e9acteurs \u00e9taient mont\u00e9s sur des pyl\u00f4nes positionn\u00e9s directement derri\u00e8re le pilote. Notes et r\u00e9f\u00e9rences Il existe un appareil de type PJ-1, construit par Douglas S Wheeling, qui a obtenu [&hellip;]<\/p>\n<\/div>\n    <\/div>\n<\/div>\n\t\t\t\t\t\t\t\t<\/div>\n\t\t\t\t\t\t\t            <\/div>\n\n                    <\/div>\n        ","protected":false},"excerpt":{"rendered":"<p>EMG G8-2-130 Gluhareff Pressure Jet The&nbsp;Gluhareff Pressure Jet&nbsp;is a valveless pulse jet. It was invented by Eugene Michael Gluhareff, a Russian engineer who moved to the United States in the early 1920s. Eugene&nbsp;wanted to use it as a power plant for personal helicopters and light aircraft. Specifications Eugene&#8217;s Pulse jet was&nbsp;a fully throttleable jet engine [&hellip;]<\/p>\n","protected":false},"author":1,"featured_media":6168,"parent":6181,"menu_order":0,"comment_status":"closed","ping_status":"closed","template":"","meta":{"_acf_changed":false,"cybocfi_hide_featured_image":"","footnotes":""},"categories":[],"tags":[],"planes-000-100":[],"class_list":["post-6207","page","type-page","status-publish","has-post-thumbnail","hentry"],"blocksy_meta":[],"acf":[],"_links":{"self":[{"href":"https:\/\/minijets.org\/fr\/wp-json\/wp\/v2\/pages\/6207","targetHints":{"allow":["GET"]}}],"collection":[{"href":"https:\/\/minijets.org\/fr\/wp-json\/wp\/v2\/pages"}],"about":[{"href":"https:\/\/minijets.org\/fr\/wp-json\/wp\/v2\/types\/page"}],"author":[{"embeddable":true,"href":"https:\/\/minijets.org\/fr\/wp-json\/wp\/v2\/users\/1"}],"replies":[{"embeddable":true,"href":"https:\/\/minijets.org\/fr\/wp-json\/wp\/v2\/comments?post=6207"}],"version-history":[{"count":0,"href":"https:\/\/minijets.org\/fr\/wp-json\/wp\/v2\/pages\/6207\/revisions"}],"up":[{"embeddable":true,"href":"https:\/\/minijets.org\/fr\/wp-json\/wp\/v2\/pages\/6181"}],"wp:featuredmedia":[{"embeddable":true,"href":"https:\/\/minijets.org\/fr\/wp-json\/wp\/v2\/media\/6168"}],"wp:attachment":[{"href":"https:\/\/minijets.org\/fr\/wp-json\/wp\/v2\/media?parent=6207"}],"wp:term":[{"taxonomy":"category","embeddable":true,"href":"https:\/\/minijets.org\/fr\/wp-json\/wp\/v2\/categories?post=6207"},{"taxonomy":"post_tag","embeddable":true,"href":"https:\/\/minijets.org\/fr\/wp-json\/wp\/v2\/tags?post=6207"},{"taxonomy":"planes-000-100","embeddable":true,"href":"https:\/\/minijets.org\/fr\/wp-json\/wp\/v2\/planes-000-100?post=6207"}],"curies":[{"name":"wp","href":"https:\/\/api.w.org\/{rel}","templated":true}]}}