{"id":6246,"date":"2022-08-27T12:21:04","date_gmt":"2022-08-27T10:21:04","guid":{"rendered":"http:\/\/tst.minijets.org\/?page_id=6246"},"modified":"2022-11-09T12:23:32","modified_gmt":"2022-11-09T11:23:32","slug":"snecma-escopette","status":"publish","type":"page","link":"https:\/\/minijets.org\/fr\/pulse-jets\/snecma-escopette\/","title":{"rendered":"SNECMA Escopette"},"content":{"rendered":"\n<figure class=\"wp-block-image size-full\"><img loading=\"lazy\" decoding=\"async\" width=\"1024\" height=\"112\" src=\"http:\/\/minijets.org\/wp-content\/uploads\/2022\/08\/SNECMA-Escopette-04.jpg\" alt=\"Le SNECMA Escopette\" class=\"wp-image-6160\" srcset=\"https:\/\/minijets.org\/wp-content\/uploads\/2022\/08\/SNECMA-Escopette-04.jpg 1024w, https:\/\/minijets.org\/wp-content\/uploads\/2022\/08\/SNECMA-Escopette-04-300x33.jpg 300w, https:\/\/minijets.org\/wp-content\/uploads\/2022\/08\/SNECMA-Escopette-04-768x84.jpg 768w, https:\/\/minijets.org\/wp-content\/uploads\/2022\/08\/SNECMA-Escopette-04-18x2.jpg 18w\" sizes=\"auto, (max-width: 1024px) 100vw, 1024px\" \/><figcaption class=\"wp-element-caption\">SNECMA Escopette. Source : Jane&#8217;s 1957-58<\/figcaption><\/figure>\n\n\n\n<p>Le SNECMA Escopette, et ses d\u00e9riv\u00e9es, a pour origine des travaux qui remonte \u00e0\u00a01943, date \u00e0\u00a0laquelle de premi\u00e8res recherches sont effectu\u00e9es par l&#8217;ing\u00e9nieur\u00a0<strong>Bertin.<\/strong>\u00a0Orient\u00e9es d\u00e8s l&#8217;origine vers un type de &#8220;pulso&#8221; sans organes mobiles,\u00a0 elles aboutissent en 1948 \u00e0\u00a0 un premier fonctionnement stable et en mars 1950 a la d\u00e9finition de la version &#8220;Escopette&#8221;.<\/p>\n\n\n\n<p>L&#8217;Escopette 3340 d\u00e9veloppe une pouss\u00e9e au sol de 10 kgp avec une consommation sp\u00e9cifique de 1,8 kg kgp\/h. (A l&#8217;\u00e9poque, la consommation des turbor\u00e9acteurs est de l&#8217;ordre de 1,3 kg\/kgp\/h.)<\/p>\n\n\n\n<p>La longueur totale est de 2 800 mm pour un diam\u00e8tre de tuy\u00e8re de 157 mm.<\/p>\n\n\n\n<figure class=\"wp-block-image size-large\"><img loading=\"lazy\" decoding=\"async\" width=\"1024\" height=\"407\" src=\"http:\/\/minijets.org\/wp-content\/uploads\/2022\/08\/Escopette-03-1024x407.jpg\" alt=\"\" class=\"wp-image-6167\" srcset=\"https:\/\/minijets.org\/wp-content\/uploads\/2022\/08\/Escopette-03-1024x407.jpg 1024w, https:\/\/minijets.org\/wp-content\/uploads\/2022\/08\/Escopette-03-300x119.jpg 300w, https:\/\/minijets.org\/wp-content\/uploads\/2022\/08\/Escopette-03-768x305.jpg 768w, https:\/\/minijets.org\/wp-content\/uploads\/2022\/08\/Escopette-03-1536x610.jpg 1536w, https:\/\/minijets.org\/wp-content\/uploads\/2022\/08\/Escopette-03-18x7.jpg 18w, https:\/\/minijets.org\/wp-content\/uploads\/2022\/08\/Escopette-03.jpg 2040w\" sizes=\"auto, (max-width: 1024px) 100vw, 1024px\" \/><\/figure>\n\n\n\n<h3 class=\"wp-block-heading\">L\u00e9gende<\/h3>\n\n\n\n<div class=\"wp-block-columns is-layout-flex wp-container-core-columns-is-layout-28f84493 wp-block-columns-is-layout-flex\">\n<div class=\"wp-block-column is-layout-flow wp-block-column-is-layout-flow\" style=\"flex-basis:25%\">\n<figure class=\"wp-block-table is-style-regular\"><table><tbody><tr><td>1<\/td><td>R\u00e9cup\u00e9rateur &nbsp;<\/td><\/tr><tr><td>2<\/td><td>D\u00e9tecteur<\/td><\/tr><tr><td>3<\/td><td>Bague mobile<\/td><\/tr><tr><td>4<\/td><td>Ressorts<\/td><\/tr><tr><td>5<\/td><td>Bague fixe<\/td><\/tr><\/tbody><\/table><\/figure>\n<\/div>\n\n\n\n<div class=\"wp-block-column is-layout-flow wp-block-column-is-layout-flow\" style=\"flex-basis:25%\">\n<figure class=\"wp-block-table is-style-regular\"><table><tbody><tr><td>6<\/td><td>Bougie &nbsp;<\/td><\/tr><tr><td>7<\/td><td>Injecteur&nbsp;<\/td><\/tr><tr><td>8<\/td><td>Chambre de combustion<\/td><\/tr><tr><td>9<\/td><td>Corps<\/td><\/tr><tr><td>10<\/td><td>Tuy\u00e8re d&#8217;\u00e9jection<\/td><\/tr><\/tbody><\/table><\/figure>\n<\/div>\n<\/div>\n\n\n\n<h2 class=\"wp-block-heading\">Application<\/h2>\n\n\n        <div class=\"wp-block-getwid-custom-post-type custom-post-type-page has-layout-list\">\n            <div class=\"wp-block-getwid-custom-post-type__wrapper\">\n                \t\t\t\t\t\t\t\t<div class='wp-block-getwid-custom-post-type__post'>\n\t\t\t\t\t\t\t\t\t\n<div class=\"wp-block-getwid-custom-post-type__post-wrapper\">\n            <div class=\"wp-block-getwid-custom-post-type__post-thumbnail\">\n            <a href=\"https:\/\/minijets.org\/fr\/pulse-jets\/snecma-escopette\/emouchet-escopette\/\"><img loading=\"lazy\" decoding=\"async\" width=\"1026\" height=\"991\" src=\"https:\/\/minijets.org\/wp-content\/uploads\/2022\/08\/Emouchet-Escopette_05-e1661772828310.jpg\" class=\"attachment-post-thumbnail size-post-thumbnail wp-post-image\" alt=\"\" srcset=\"https:\/\/minijets.org\/wp-content\/uploads\/2022\/08\/Emouchet-Escopette_05-e1661772828310.jpg 1026w, https:\/\/minijets.org\/wp-content\/uploads\/2022\/08\/Emouchet-Escopette_05-e1661772828310-300x290.jpg 300w, https:\/\/minijets.org\/wp-content\/uploads\/2022\/08\/Emouchet-Escopette_05-e1661772828310-1024x989.jpg 1024w, https:\/\/minijets.org\/wp-content\/uploads\/2022\/08\/Emouchet-Escopette_05-e1661772828310-768x742.jpg 768w, https:\/\/minijets.org\/wp-content\/uploads\/2022\/08\/Emouchet-Escopette_05-e1661772828310-12x12.jpg 12w\" sizes=\"auto, (max-width: 1026px) 100vw, 1026px\" \/><\/a>\n        <\/div>\n        <div class=\"wp-block-getwid-custom-post-type__content-wrapper\">\n        <div class=\"wp-block-getwid-custom-post-type__post-header\">\n            <h3 class=\"wp-block-getwid-custom-post-type__post-title\"><a href=\"https:\/\/minijets.org\/fr\/pulse-jets\/snecma-escopette\/emouchet-escopette\/\">EMOUCHET Escopette<\/a><\/h3>        <\/div>\n        <div class=\"wp-block-getwid-custom-post-type__post-excerpt \"><p>Pour les essais en vol de l&#8217;escopette, le Service Technique a mis \u00e0\u00a0la disposition de la\u00a0SNECMA\u00a0un planeur Emouchet\u00a0SA 104.\u00a0Il sera transform\u00e9 en banc d&#8217;essai volant par la\u00a0SEVIMIA\u00a0sous la direction de l&#8217;ing\u00e9nieur\u00a0Jarlaud.\u00a0 Chaque groupe de propulseurs est fix\u00e9 \u00e0&nbsp; l&#8217;aile, d&#8217;une part \u00e0&nbsp; l&#8217;avant par un m\u00e2t solidaire du longeron et une ferrure mont\u00e9e sur silentblocs, [&hellip;]<\/p>\n<\/div>\n    <\/div>\n<\/div>\n\t\t\t\t\t\t\t\t<\/div>\n\t\t\t\t\t\t\t            <\/div>\n\n                    <\/div>\n        ","protected":false},"excerpt":{"rendered":"<p>Le SNECMA Escopette, et ses d\u00e9riv\u00e9es, a pour origine des travaux qui remonte \u00e0\u00a01943, date \u00e0\u00a0laquelle de premi\u00e8res recherches sont effectu\u00e9es par l&#8217;ing\u00e9nieur\u00a0Bertin.\u00a0Orient\u00e9es d\u00e8s l&#8217;origine vers un type de &#8220;pulso&#8221; sans organes mobiles,\u00a0 elles aboutissent en 1948 \u00e0\u00a0 un premier fonctionnement stable et en mars 1950 a la d\u00e9finition de la version &#8220;Escopette&#8221;. L&#8217;Escopette 3340 [&hellip;]<\/p>\n","protected":false},"author":1,"featured_media":6166,"parent":6181,"menu_order":0,"comment_status":"closed","ping_status":"closed","template":"","meta":{"_acf_changed":false,"cybocfi_hide_featured_image":"","footnotes":""},"categories":[25],"tags":[],"planes-000-100":[],"class_list":["post-6246","page","type-page","status-publish","has-post-thumbnail","hentry","category-pulse-jet"],"blocksy_meta":[],"acf":[],"_links":{"self":[{"href":"https:\/\/minijets.org\/fr\/wp-json\/wp\/v2\/pages\/6246","targetHints":{"allow":["GET"]}}],"collection":[{"href":"https:\/\/minijets.org\/fr\/wp-json\/wp\/v2\/pages"}],"about":[{"href":"https:\/\/minijets.org\/fr\/wp-json\/wp\/v2\/types\/page"}],"author":[{"embeddable":true,"href":"https:\/\/minijets.org\/fr\/wp-json\/wp\/v2\/users\/1"}],"replies":[{"embeddable":true,"href":"https:\/\/minijets.org\/fr\/wp-json\/wp\/v2\/comments?post=6246"}],"version-history":[{"count":0,"href":"https:\/\/minijets.org\/fr\/wp-json\/wp\/v2\/pages\/6246\/revisions"}],"up":[{"embeddable":true,"href":"https:\/\/minijets.org\/fr\/wp-json\/wp\/v2\/pages\/6181"}],"wp:featuredmedia":[{"embeddable":true,"href":"https:\/\/minijets.org\/fr\/wp-json\/wp\/v2\/media\/6166"}],"wp:attachment":[{"href":"https:\/\/minijets.org\/fr\/wp-json\/wp\/v2\/media?parent=6246"}],"wp:term":[{"taxonomy":"category","embeddable":true,"href":"https:\/\/minijets.org\/fr\/wp-json\/wp\/v2\/categories?post=6246"},{"taxonomy":"post_tag","embeddable":true,"href":"https:\/\/minijets.org\/fr\/wp-json\/wp\/v2\/tags?post=6246"},{"taxonomy":"planes-000-100","embeddable":true,"href":"https:\/\/minijets.org\/fr\/wp-json\/wp\/v2\/planes-000-100?post=6246"}],"curies":[{"name":"wp","href":"https:\/\/api.w.org\/{rel}","templated":true}]}}